{"id":13880,"date":"2024-09-09T09:31:21","date_gmt":"2024-09-09T09:31:21","guid":{"rendered":"https:\/\/ihsproject.org\/?page_id=13880"},"modified":"2024-09-09T09:32:57","modified_gmt":"2024-09-09T09:32:57","slug":"september-09-2024","status":"publish","type":"page","link":"https:\/\/ihsproject.org\/sq\/september-09-2024\/","title":{"rendered":"Shtator 09, 2024"},"content":{"rendered":"<div data-elementor-type=\"wp-page\" data-elementor-id=\"13880\" class=\"elementor elementor-13880\">\n\t\t\t\t<div class=\"elementor-element elementor-element-c79a0e8 e-flex e-con-boxed e-con e-parent\" data-id=\"c79a0e8\" data-element_type=\"container\" data-core-v316-plus=\"true\">\n\t\t\t\t\t<div class=\"e-con-inner\">\n\t\t\t\t<div class=\"elementor-element elementor-element-e7cb2b0 elementor-widget elementor-widget-image\" data-id=\"e7cb2b0\" data-element_type=\"widget\" data-widget_type=\"image.default\">\n\t\t\t\t<div class=\"elementor-widget-container\">\n\t\t\t\t\t\t\t\t\t\t\t\t\t<img fetchpriority=\"high\" decoding=\"async\" width=\"1600\" height=\"900\" src=\"https:\/\/ihsproject.org\/wp-content\/uploads\/2024\/09\/Training-of-Trainers-Program-for-Clinical-Audit-Kicks-Off.jpg\" class=\"attachment-full size-full wp-image-13884\" alt=\"\" srcset=\"https:\/\/ihsproject.org\/wp-content\/uploads\/2024\/09\/Training-of-Trainers-Program-for-Clinical-Audit-Kicks-Off.jpg 1600w, https:\/\/ihsproject.org\/wp-content\/uploads\/2024\/09\/Training-of-Trainers-Program-for-Clinical-Audit-Kicks-Off-300x169.jpg 300w, https:\/\/ihsproject.org\/wp-content\/uploads\/2024\/09\/Training-of-Trainers-Program-for-Clinical-Audit-Kicks-Off-1024x576.jpg 1024w, https:\/\/ihsproject.org\/wp-content\/uploads\/2024\/09\/Training-of-Trainers-Program-for-Clinical-Audit-Kicks-Off-768x432.jpg 768w, https:\/\/ihsproject.org\/wp-content\/uploads\/2024\/09\/Training-of-Trainers-Program-for-Clinical-Audit-Kicks-Off-1536x864.jpg 1536w, https:\/\/ihsproject.org\/wp-content\/uploads\/2024\/09\/Training-of-Trainers-Program-for-Clinical-Audit-Kicks-Off-18x10.jpg 18w\" sizes=\"(max-width: 1600px) 100vw, 1600px\" \/>\t\t\t\t\t\t\t\t\t\t\t\t\t<\/div>\n\t\t\t\t<\/div>\n\t\t\t\t\t<\/div>\n\t\t\t\t<\/div>\n\t\t<div class=\"elementor-element elementor-element-0b1eaa7 e-flex e-con-boxed e-con e-parent\" data-id=\"0b1eaa7\" data-element_type=\"container\" data-core-v316-plus=\"true\">\n\t\t\t\t\t<div class=\"e-con-inner\">\n\t\t\t\t<div class=\"elementor-element elementor-element-8062b27 elementor-widget elementor-widget-heading\" data-id=\"8062b27\" data-element_type=\"widget\" data-widget_type=\"heading.default\">\n\t\t\t\t<div class=\"elementor-widget-container\">\n\t\t\t<h2 class=\"elementor-heading-title elementor-size-default\">Fillon programi i Trajnimit t\u00eb Trajner\u00ebve p\u00ebr Auditim Klinik<\/h2>\t\t<\/div>\n\t\t\t\t<\/div>\n\t\t\t\t<div class=\"elementor-element elementor-element-1d87fb7 elementor-widget elementor-widget-text-editor\" data-id=\"1d87fb7\" data-element_type=\"widget\" data-widget_type=\"text-editor.default\">\n\t\t\t\t<div class=\"elementor-widget-container\">\n\t\t\t\t\t\t\t<p>M\u00eb 9 shtator 2024 filloi programi pes\u00ebditor p\u00ebr Trajnimin e Trajner\u00ebve (TiT) p\u00ebr Auditim Klinik, i cili ka p\u00ebr q\u00ebllim p\u00ebrmir\u00ebsimin e cil\u00ebsis\u00eb s\u00eb sh\u00ebrbimeve t\u00eb kujdesit sh\u00ebndet\u00ebsor n\u00eb Kosov\u00eb. Pjes\u00ebmarr\u00ebs n\u00eb trajnim jan\u00eb stafi i spitaleve t\u00eb p\u00ebrgjithshme n\u00ebp\u00ebr Kosov\u00eb. Si aktivitet i p\u00ebrbashk\u00ebt i Ministris\u00eb s\u00eb Sh\u00ebndet\u00ebsis\u00eb (MSH), Sh\u00ebrbimit Spitalor dhe Klinik Universitar t\u00eb Kosov\u00ebs (SHSKUK) dhe Projektit \u201cSh\u00ebrbime Sh\u00ebndet\u00ebsore t\u00eb Integruara (IHS)\u201d, TiT ka p\u00ebr q\u00ebllim p\u00ebrmir\u00ebsimin e siguris\u00eb dhe efektivitetit t\u00eb kujdesit p\u00ebr pacient\u00ebt.<\/p><p>N\u00eb ceremonin\u00eb e hapjes, Dr. Naim Bardiqi, Sekretar i P\u00ebrgjithsh\u00ebm i MSH-s\u00eb, n\u00ebnvizoi r\u00ebnd\u00ebsin\u00eb e k\u00ebtij trajnimi. \u201cKy moment sh\u00ebnon nj\u00eb hap t\u00eb r\u00ebnd\u00ebsish\u00ebm p\u00ebrpara n\u00eb zotimin e vazhduesh\u00ebm p\u00ebr ngritjen e standardeve t\u00eb cil\u00ebsis\u00eb s\u00eb sh\u00ebrbimeve t\u00eb kujdesit sh\u00ebndet\u00ebsor n\u00eb vendin ton\u00eb,\u201d theksoi ai. \u201cAuditimi klinik \u00ebsht\u00eb m\u00eb shum\u00eb se nj\u00eb proces; \u00ebsht\u00eb mjet i fuqish\u00ebm q\u00eb na mund\u00ebson t\u2019i reflektojm\u00eb praktikat tona, t\u2019i identifikojm\u00eb fushat q\u00eb duhet t\u00eb p\u00ebrmir\u00ebsohen dhe p\u00ebrfundimisht t\u00eb sigurojm\u00eb kujdes t\u00eb standardit m\u00eb t\u00eb lart\u00eb p\u00ebr pacient\u00ebt tan\u00eb\u201d. Dr. Bardiqi theksoi rolin e r\u00ebnd\u00ebsish\u00ebm q\u00eb do t\u00eb luajn\u00eb profesionist\u00ebt e trajnuar rishtazi si trajner\u00eb t\u00eb ardhsh\u00ebm, duke i udh\u00ebzuar koleg\u00ebt e tyre n\u00eb zbatimin me efikasitet t\u00eb auditimeve klinike brenda institucioneve t\u00eb kujdesit sh\u00ebndet\u00ebsor.<\/p><p>Dr. Ilir Mecini shtoi se \u201ckjo nism\u00eb ka p\u00ebr q\u00ebllim zhvillimin dhe fuqizimin e kapaciteteve lokale n\u00eb fush\u00ebn e auditimit klinik, duke i pajisur pjes\u00ebmarr\u00ebsit me njohurit\u00eb dhe shkatht\u00ebsit\u00eb e nevojshme p\u00ebr zbatim efikas t\u00eb auditimeve klinike n\u00eb praktik\u00eb, duke siguruar k\u00ebshtu q\u00eb institucionet tona ofrojn\u00eb kujdes t\u00eb standardit m\u00eb t\u00eb lart\u00eb\u201d.<span class=\"Apple-converted-space\">\u00a0<\/span><\/p><p>Trajnimi fasilitohet nga eksperti nd\u00ebrkomb\u00ebtar, Dr. Mihai Negrea, i cili sjell me vete p\u00ebrvoj\u00eb t\u00eb gjer\u00eb n\u00eb menaxhimin e kujdesit sh\u00ebndet\u00ebsor. Gjat\u00eb programit pes\u00ebditor, pjes\u00ebmarr\u00ebsit do t\u00eb fitojn\u00eb njohuri t\u00eb thella p\u00ebr proceset e auditimit klinik, me fokus n\u00eb krijimin e kultur\u00ebs s\u00eb p\u00ebrmir\u00ebsimit t\u00eb vazhduesh\u00ebm t\u00eb cil\u00ebsis\u00eb brenda institucioneve t\u00eb kujdesit sh\u00ebndet\u00ebsor n\u00eb Kosov\u00eb.<\/p>\t\t\t\t\t\t<\/div>\n\t\t\t\t<\/div>\n\t\t\t\t\t<\/div>\n\t\t\t\t<\/div>\n\t\t\t\t<\/div>","protected":false},"excerpt":{"rendered":"<p>Training of Trainers Program for Clinical Audit Kicks Off On 9 September 2024, the five-day Training of Trainers (ToT) program on Clinical Audit aimed at enhancing the quality of healthcare services in Kosovo kicked off. Training participants include staff from the general hospitals across Kosovo. As a joint activity of the Ministry of Health (MOH), [&hellip;]<\/p>","protected":false},"author":1,"featured_media":0,"parent":0,"menu_order":0,"comment_status":"closed","ping_status":"closed","template":"","meta":[],"_links":{"self":[{"href":"https:\/\/ihsproject.org\/sq\/wp-json\/wp\/v2\/pages\/13880"}],"collection":[{"href":"https:\/\/ihsproject.org\/sq\/wp-json\/wp\/v2\/pages"}],"about":[{"href":"https:\/\/ihsproject.org\/sq\/wp-json\/wp\/v2\/types\/page"}],"author":[{"embeddable":true,"href":"https:\/\/ihsproject.org\/sq\/wp-json\/wp\/v2\/users\/1"}],"replies":[{"embeddable":true,"href":"https:\/\/ihsproject.org\/sq\/wp-json\/wp\/v2\/comments?post=13880"}],"version-history":[{"count":4,"href":"https:\/\/ihsproject.org\/sq\/wp-json\/wp\/v2\/pages\/13880\/revisions"}],"predecessor-version":[{"id":13887,"href":"https:\/\/ihsproject.org\/sq\/wp-json\/wp\/v2\/pages\/13880\/revisions\/13887"}],"wp:attachment":[{"href":"https:\/\/ihsproject.org\/sq\/wp-json\/wp\/v2\/media?parent=13880"}],"curies":[{"name":"wp","href":"https:\/\/api.w.org\/{rel}","templated":true}]}}