{"id":13802,"date":"2024-08-01T13:21:59","date_gmt":"2024-08-01T13:21:59","guid":{"rendered":"https:\/\/ihsproject.org\/?page_id=13802"},"modified":"2024-08-01T13:35:49","modified_gmt":"2024-08-01T13:35:49","slug":"august-01-2024","status":"publish","type":"page","link":"https:\/\/ihsproject.org\/sq\/august-01-2024\/","title":{"rendered":"Gusht 01, 2024"},"content":{"rendered":"<div data-elementor-type=\"wp-page\" data-elementor-id=\"13802\" class=\"elementor elementor-13802\">\n\t\t\t\t<div class=\"elementor-element elementor-element-270ff1c e-flex e-con-boxed e-con e-parent\" data-id=\"270ff1c\" data-element_type=\"container\" data-core-v316-plus=\"true\">\n\t\t\t\t\t<div class=\"e-con-inner\">\n\t\t\t\t<div class=\"elementor-element elementor-element-d116cb7 elementor-widget elementor-widget-image\" data-id=\"d116cb7\" data-element_type=\"widget\" data-widget_type=\"image.default\">\n\t\t\t\t<div class=\"elementor-widget-container\">\n\t\t\t\t\t\t\t\t\t\t\t\t\t<img fetchpriority=\"high\" decoding=\"async\" width=\"1600\" height=\"900\" src=\"https:\/\/ihsproject.org\/wp-content\/uploads\/2024\/08\/Experts-Convene-to-Revise-Duties-for-Hospital-Quality-Coordination-Functions.jpg\" class=\"attachment-full size-full wp-image-13801\" alt=\"\" srcset=\"https:\/\/ihsproject.org\/wp-content\/uploads\/2024\/08\/Experts-Convene-to-Revise-Duties-for-Hospital-Quality-Coordination-Functions.jpg 1600w, https:\/\/ihsproject.org\/wp-content\/uploads\/2024\/08\/Experts-Convene-to-Revise-Duties-for-Hospital-Quality-Coordination-Functions-300x169.jpg 300w, https:\/\/ihsproject.org\/wp-content\/uploads\/2024\/08\/Experts-Convene-to-Revise-Duties-for-Hospital-Quality-Coordination-Functions-1024x576.jpg 1024w, https:\/\/ihsproject.org\/wp-content\/uploads\/2024\/08\/Experts-Convene-to-Revise-Duties-for-Hospital-Quality-Coordination-Functions-768x432.jpg 768w, https:\/\/ihsproject.org\/wp-content\/uploads\/2024\/08\/Experts-Convene-to-Revise-Duties-for-Hospital-Quality-Coordination-Functions-1536x864.jpg 1536w, https:\/\/ihsproject.org\/wp-content\/uploads\/2024\/08\/Experts-Convene-to-Revise-Duties-for-Hospital-Quality-Coordination-Functions-18x10.jpg 18w\" sizes=\"(max-width: 1600px) 100vw, 1600px\" \/>\t\t\t\t\t\t\t\t\t\t\t\t\t<\/div>\n\t\t\t\t<\/div>\n\t\t\t\t\t<\/div>\n\t\t\t\t<\/div>\n\t\t<div class=\"elementor-element elementor-element-7c56a99 e-flex e-con-boxed e-con e-parent\" data-id=\"7c56a99\" data-element_type=\"container\" data-core-v316-plus=\"true\">\n\t\t\t\t\t<div class=\"e-con-inner\">\n\t\t\t\t<div class=\"elementor-element elementor-element-56dd6b3 elementor-widget elementor-widget-heading\" data-id=\"56dd6b3\" data-element_type=\"widget\" data-widget_type=\"heading.default\">\n\t\t\t\t<div class=\"elementor-widget-container\">\n\t\t\t<h2 class=\"elementor-heading-title elementor-size-default\">Ekspert\u00ebt mblidhen p\u00ebr t\u00eb rishikuar detyrat p\u00ebr funksionet e koordinimit t\u00eb cil\u00ebsis\u00eb s\u00eb\nInstitucioneve sh\u00ebndet\u00ebsore<\/h2>\t\t<\/div>\n\t\t\t\t<\/div>\n\t\t\t\t<div class=\"elementor-element elementor-element-e38d21c elementor-widget elementor-widget-text-editor\" data-id=\"e38d21c\" data-element_type=\"widget\" data-widget_type=\"text-editor.default\">\n\t\t\t\t<div class=\"elementor-widget-container\">\n\t\t\t\t\t\t\t<p>M\u00eb 1 gusht 2024, grupi punues i ekspert\u00ebve i ngarkuar me rishikimin dhe p\u00ebrdit\u00ebsimin e\nTermave t\u00eb Referenc\u00ebs (TR) p\u00ebr pozit\u00ebn e koordinatorit t\u00eb cil\u00ebsis\u00eb dhe komitetit p\u00ebr cil\u00ebsi p\u00ebr\ninstitucionet sh\u00ebndet\u00ebsore paten nj\u00eb takim me r\u00ebnd\u00ebsi. Kryesuar nga Niman Bardhi, Ministria e Sh\u00ebndet\u00ebsis\u00eb s\u00eb Kosov\u00ebs, sesioni u fokusua n\u00eb shtjellimin e m\u00ebtejsh\u00ebm t\u00eb draftit\nfillestar dhe dokumentacionit p\u00ebrkat\u00ebs, p\u00ebrfshir\u00eb statutet institucionale.<\/p><p>Pikat kryesore t\u00eb agjend\u00ebs p\u00ebrfshinin analiz\u00eb t\u00eb plot\u00eb t\u00eb TeR-ve, modelit t\u00eb raportimit dhe\nroleve dhe p\u00ebrgjegj\u00ebsive t\u00eb koordinatorit dhe komiteteve t\u00eb cil\u00ebsis\u00eb. \u201cRoli i koordinator\u00ebve t\u00eb\ncil\u00ebsis\u00eb \u00ebsht\u00eb par\u00ebsor n\u00eb garantimin e efektivitetit t\u00eb sistemit ton\u00eb sh\u00ebndet\u00ebsor dhe p\u00ebrmir\u00ebsimin e sh\u00ebrbimeve dhe sh\u00ebndetit t\u00eb p\u00ebrgjithsh\u00ebm t\u00eb popullat\u00ebs son\u00eb\u201d, theksoi Bardhi gjat\u00eb takimit.<\/p><p>Rishikimi dhe p\u00ebrdit\u00ebsimi i k\u00ebtyre TeR-ve \u00ebsht\u00eb pjes\u00eb e nj\u00eb iniciative m\u00eb t\u00eb gjer\u00eb p\u00ebr t\u00eb\np\u00ebrmir\u00ebsuar cil\u00ebsin\u00eb e sh\u00ebrbimeve t\u00eb kujdesit sh\u00ebndet\u00ebsor n\u00eb Kosov\u00eb. \u201cKoordinator\u00ebt e cil\u00ebsis\u00eb luajn\u00eb rol ky\u00e7 n\u00eb monitorimin dhe promovimin e praktikave m\u00eb t\u00eb mira n\u00eb kuad\u00ebr t\u00eb \u00e7do institucioni sh\u00ebndet\u00ebsor, duke siguruar respektimin e rregulloreve sh\u00ebndet\u00ebsore dhe duke nxitur kultur\u00eb t\u00eb p\u00ebrmir\u00ebsimit t\u00eb vazhduesh\u00ebm\u201d, tha Dr. Ilir Mecini, Z\u00ebvend\u00ebs Udh\u00ebheq\u00ebs i Ekipit t\u00eb projektit Sh\u00ebrbimet Sh\u00ebndet\u00ebsore t\u00eb Integruara (IHS), q\u00eb po e mb\u00ebshtet procesin.<\/p><p>Grupi punues u p\u00ebrqendrua ve\u00e7an\u00ebrisht n\u00eb m\u00ebnyr\u00ebn se si t\u00eb p\u00ebrmir\u00ebsohen TeR-t\u00eb p\u00ebr t\u2019i\nharmonizuar m\u00eb mir\u00eb nevojat dhe standardet aktuale t\u00eb kujdesit sh\u00ebndet\u00ebsor. Rezultatet e k\u00ebtij takimi pritet t\u00eb kontribuojn\u00eb ndjesh\u00ebm n\u00eb p\u00ebrpjekjet e vazhdueshme p\u00ebr t\u00eb ngritur standardet e kujdesit sh\u00ebndet\u00ebsor dhe sigurin\u00eb e pacient\u00ebve n\u00eb t\u00eb gjith\u00eb vendin.<\/p>\t\t\t\t\t\t<\/div>\n\t\t\t\t<\/div>\n\t\t\t\t\t<\/div>\n\t\t\t\t<\/div>\n\t\t\t\t<\/div>","protected":false},"excerpt":{"rendered":"<p>Experts Convene to Revise Duties for Health Institution Quality Coordination Functions On 1 August 2024, the expert working group tasked with revising and updating the Terms of Reference (TORs) for the position of quality coordinator and the quality committee for healthcare institutions convened for a critical meeting. Chaired by Niman Bardhi from the Ministry of [&hellip;]<\/p>","protected":false},"author":1,"featured_media":0,"parent":0,"menu_order":0,"comment_status":"closed","ping_status":"closed","template":"","meta":[],"_links":{"self":[{"href":"https:\/\/ihsproject.org\/sq\/wp-json\/wp\/v2\/pages\/13802"}],"collection":[{"href":"https:\/\/ihsproject.org\/sq\/wp-json\/wp\/v2\/pages"}],"about":[{"href":"https:\/\/ihsproject.org\/sq\/wp-json\/wp\/v2\/types\/page"}],"author":[{"embeddable":true,"href":"https:\/\/ihsproject.org\/sq\/wp-json\/wp\/v2\/users\/1"}],"replies":[{"embeddable":true,"href":"https:\/\/ihsproject.org\/sq\/wp-json\/wp\/v2\/comments?post=13802"}],"version-history":[{"count":7,"href":"https:\/\/ihsproject.org\/sq\/wp-json\/wp\/v2\/pages\/13802\/revisions"}],"predecessor-version":[{"id":13816,"href":"https:\/\/ihsproject.org\/sq\/wp-json\/wp\/v2\/pages\/13802\/revisions\/13816"}],"wp:attachment":[{"href":"https:\/\/ihsproject.org\/sq\/wp-json\/wp\/v2\/media?parent=13802"}],"curies":[{"name":"wp","href":"https:\/\/api.w.org\/{rel}","templated":true}]}}