{"id":13779,"date":"2024-07-11T14:35:27","date_gmt":"2024-07-11T14:35:27","guid":{"rendered":"https:\/\/ihsproject.org\/?page_id=13779"},"modified":"2024-07-11T14:37:08","modified_gmt":"2024-07-11T14:37:08","slug":"july-11-2024","status":"publish","type":"page","link":"https:\/\/ihsproject.org\/sq\/july-11-2024\/","title":{"rendered":"Korrik 11, 2024"},"content":{"rendered":"<div data-elementor-type=\"wp-page\" data-elementor-id=\"13779\" class=\"elementor elementor-13779\">\n\t\t\t\t<div class=\"elementor-element elementor-element-2e0f5453 e-flex e-con-boxed e-con e-parent\" data-id=\"2e0f5453\" data-element_type=\"container\" data-core-v316-plus=\"true\">\n\t\t\t\t\t<div class=\"e-con-inner\">\n\t\t\t\t<div class=\"elementor-element elementor-element-6e645180 elementor-widget elementor-widget-image\" data-id=\"6e645180\" data-element_type=\"widget\" data-widget_type=\"image.default\">\n\t\t\t\t<div class=\"elementor-widget-container\">\n\t\t\t\t\t\t\t\t\t\t\t\t\t<img fetchpriority=\"high\" decoding=\"async\" width=\"2560\" height=\"1440\" src=\"https:\/\/ihsproject.org\/wp-content\/uploads\/2024\/07\/20240711-scaled.jpeg\" class=\"attachment-full size-full wp-image-13781\" alt=\"\" srcset=\"https:\/\/ihsproject.org\/wp-content\/uploads\/2024\/07\/20240711-scaled.jpeg 2560w, https:\/\/ihsproject.org\/wp-content\/uploads\/2024\/07\/20240711-300x169.jpeg 300w, https:\/\/ihsproject.org\/wp-content\/uploads\/2024\/07\/20240711-1024x576.jpeg 1024w, https:\/\/ihsproject.org\/wp-content\/uploads\/2024\/07\/20240711-768x432.jpeg 768w, https:\/\/ihsproject.org\/wp-content\/uploads\/2024\/07\/20240711-1536x864.jpeg 1536w, https:\/\/ihsproject.org\/wp-content\/uploads\/2024\/07\/20240711-2048x1152.jpeg 2048w, https:\/\/ihsproject.org\/wp-content\/uploads\/2024\/07\/20240711-18x10.jpeg 18w\" sizes=\"(max-width: 2560px) 100vw, 2560px\" \/>\t\t\t\t\t\t\t\t\t\t\t\t\t<\/div>\n\t\t\t\t<\/div>\n\t\t\t\t\t<\/div>\n\t\t\t\t<\/div>\n\t\t<div class=\"elementor-element elementor-element-4d680e51 e-flex e-con-boxed e-con e-parent\" data-id=\"4d680e51\" data-element_type=\"container\" data-core-v316-plus=\"true\">\n\t\t\t\t\t<div class=\"e-con-inner\">\n\t\t\t\t<div class=\"elementor-element elementor-element-57d3925b elementor-widget elementor-widget-heading\" data-id=\"57d3925b\" data-element_type=\"widget\" data-widget_type=\"heading.default\">\n\t\t\t\t<div class=\"elementor-widget-container\">\n\t\t\t<h2 class=\"elementor-heading-title elementor-size-default\">Z\u00ebri i pacient\u00ebve i jep form\u00ebn softuerin t\u00eb ri p\u00ebr menaxhimin e diabetit<\/h2>\t\t<\/div>\n\t\t\t\t<\/div>\n\t\t\t\t<div class=\"elementor-element elementor-element-7e8bcaf4 elementor-widget elementor-widget-text-editor\" data-id=\"7e8bcaf4\" data-element_type=\"widget\" data-widget_type=\"text-editor.default\">\n\t\t\t\t<div class=\"elementor-widget-container\">\n\t\t\t\t\t\t\t<p><span style=\"font-weight: 400;\">N\u00eb nj\u00eb pun\u00ebtori interaktive t\u00eb mbajtur n\u00eb Pej\u00eb m\u00eb 11 korrik 2024, nj\u00eb grup pacient\u00ebsh me diabet dhe kujdestar\u00ebt e tyre nga zonat urbane dhe rurale t\u00eb Pej\u00ebs u mblodh\u00ebn me ekspert\u00eb nga Swiss TPH, projekti i Sh\u00ebrbimeve Sh\u00ebndet\u00ebsore t\u00eb Integruara (IHS) dhe Global CT Digital Kosova. Q\u00ebllimi i pun\u00ebtoris\u00eb ishte t\u00eb nxirrte informacion t\u00eb dor\u00ebs s\u00eb par\u00eb nga ky grup p\u00ebrdoruesish fundor\u00eb t\u00eb nj\u00eb softueri q\u00eb do t\u00eb zhvillohej p\u00ebr vet\u00eb-menaxhimin e diabetit dhe hipertensionit.\u00a0<\/span><\/p><p><span style=\"font-weight: 400;\">\u201cKy mjet inovativ synon t\u00eb transformoj\u00eb m\u00ebnyr\u00ebn se si pacient\u00ebt menaxhojn\u00eb gjendjen e tyre, n\u00eb fund t\u00eb fundit duke p\u00ebrmir\u00ebsuar cil\u00ebsin\u00eb e kujdesit, duke reduktuar ripranimet n\u00eb spital dhe duke leht\u00ebsuar barr\u00ebn e menaxhimit t\u00eb s\u00ebmundjeve,\u201d tha Dr. Ilir Mecini, Z\u00ebvend\u00ebs Drejtues i Ekipit t\u00eb Projektit IHS.<\/span><\/p><p><span style=\"font-weight: 400;\">Pun\u00ebtoria ishte nj\u00eb hap kritik n\u00eb integrimin e perspektivave t\u00eb vlefshme t\u00eb pacientit dhe kujdestarit n\u00eb softuer.  K\u00ebto njohuri t\u00eb dor\u00ebs s\u00eb par\u00eb jan\u00eb thelb\u00ebsore p\u00ebr zhvillimin e nj\u00eb mjeti miq\u00ebsor p\u00ebr p\u00ebrdoruesit, i p\u00ebrshtatur p\u00ebr nevojat e bot\u00ebs reale t\u00eb p\u00ebrdoruesve t\u00eb tij. Pjes\u00ebmarr\u00ebsit m\u00ebsuan rreth arkitektur\u00ebs aktuale t\u00eb softuerit, duke ofruar komente konstruktive dhe rekomandime p\u00ebr p\u00ebrsosje.<\/span><\/p><p><span style=\"font-weight: 400;\">Kjo qasje n\u00ebnvizon r\u00ebnd\u00ebsin\u00eb e dizajnit me n\u00eb qend\u00ebr njeriun, n\u00eb m\u00ebnyr\u00eb q\u00eb produkti p\u00ebrfundimtar t\u00eb rezonoj\u00eb v\u00ebrtet me p\u00ebrdoruesit e tij fundor\u00eb. Ekspertiza e Nj\u00ebsis\u00eb s\u00eb Sh\u00ebndetit Digjital t\u00eb Swiss TPH siguron q\u00eb softueri t\u00eb p\u00ebrputhet n\u00eb m\u00ebnyr\u00eb t\u00eb p\u00ebrsosur me nevojat dhe pritshm\u00ebrit\u00eb e pacient\u00ebve, p\u00ebr t\u00eb avancuar ndjesh\u00ebm menaxhimin e kujdesit p\u00ebr diabetin.<\/span><\/p>\t\t\t\t\t\t<\/div>\n\t\t\t\t<\/div>\n\t\t\t\t\t<\/div>\n\t\t\t\t<\/div>\n\t\t\t\t<\/div>","protected":false},"excerpt":{"rendered":"<p>Patients&#8217; Voices Shape New Diabetes Management Software In an interactive workshop held in Peja on 11 July 2024, a group of diabetes patients and their caregivers from both urban and rural areas of Peja gathered with experts from Swiss TPH, the Integrated Health Services (IHS) project, and Global CT Digital Kosovo. The purpose of the [&hellip;]<\/p>","protected":false},"author":1,"featured_media":0,"parent":0,"menu_order":0,"comment_status":"closed","ping_status":"closed","template":"","meta":[],"_links":{"self":[{"href":"https:\/\/ihsproject.org\/sq\/wp-json\/wp\/v2\/pages\/13779"}],"collection":[{"href":"https:\/\/ihsproject.org\/sq\/wp-json\/wp\/v2\/pages"}],"about":[{"href":"https:\/\/ihsproject.org\/sq\/wp-json\/wp\/v2\/types\/page"}],"author":[{"embeddable":true,"href":"https:\/\/ihsproject.org\/sq\/wp-json\/wp\/v2\/users\/1"}],"replies":[{"embeddable":true,"href":"https:\/\/ihsproject.org\/sq\/wp-json\/wp\/v2\/comments?post=13779"}],"version-history":[{"count":4,"href":"https:\/\/ihsproject.org\/sq\/wp-json\/wp\/v2\/pages\/13779\/revisions"}],"predecessor-version":[{"id":13786,"href":"https:\/\/ihsproject.org\/sq\/wp-json\/wp\/v2\/pages\/13779\/revisions\/13786"}],"wp:attachment":[{"href":"https:\/\/ihsproject.org\/sq\/wp-json\/wp\/v2\/media?parent=13779"}],"curies":[{"name":"wp","href":"https:\/\/api.w.org\/{rel}","templated":true}]}}