{"id":13767,"date":"2024-07-09T14:21:50","date_gmt":"2024-07-09T14:21:50","guid":{"rendered":"https:\/\/ihsproject.org\/?page_id=13767"},"modified":"2024-07-09T14:23:06","modified_gmt":"2024-07-09T14:23:06","slug":"july-09-2024","status":"publish","type":"page","link":"https:\/\/ihsproject.org\/sq\/july-09-2024\/","title":{"rendered":"Korrik 09, 2024"},"content":{"rendered":"<div data-elementor-type=\"wp-page\" data-elementor-id=\"13767\" class=\"elementor elementor-13767\">\n\t\t\t\t<div class=\"elementor-element elementor-element-8ff05f2 e-flex e-con-boxed e-con e-parent\" data-id=\"8ff05f2\" data-element_type=\"container\" data-core-v316-plus=\"true\">\n\t\t\t\t\t<div class=\"e-con-inner\">\n\t\t\t\t<div class=\"elementor-element elementor-element-29d0cd5 elementor-widget elementor-widget-image\" data-id=\"29d0cd5\" data-element_type=\"widget\" data-widget_type=\"image.default\">\n\t\t\t\t<div class=\"elementor-widget-container\">\n\t\t\t\t\t\t\t\t\t\t\t\t\t<img fetchpriority=\"high\" decoding=\"async\" width=\"1600\" height=\"900\" src=\"https:\/\/ihsproject.org\/wp-content\/uploads\/2024\/07\/Health-Professionals-Give-Input-for-Software-that-Improves-the-Level-of-Care.jpg\" class=\"attachment-full size-full wp-image-13766\" alt=\"\" srcset=\"https:\/\/ihsproject.org\/wp-content\/uploads\/2024\/07\/Health-Professionals-Give-Input-for-Software-that-Improves-the-Level-of-Care.jpg 1600w, https:\/\/ihsproject.org\/wp-content\/uploads\/2024\/07\/Health-Professionals-Give-Input-for-Software-that-Improves-the-Level-of-Care-300x169.jpg 300w, https:\/\/ihsproject.org\/wp-content\/uploads\/2024\/07\/Health-Professionals-Give-Input-for-Software-that-Improves-the-Level-of-Care-1024x576.jpg 1024w, https:\/\/ihsproject.org\/wp-content\/uploads\/2024\/07\/Health-Professionals-Give-Input-for-Software-that-Improves-the-Level-of-Care-768x432.jpg 768w, https:\/\/ihsproject.org\/wp-content\/uploads\/2024\/07\/Health-Professionals-Give-Input-for-Software-that-Improves-the-Level-of-Care-1536x864.jpg 1536w, https:\/\/ihsproject.org\/wp-content\/uploads\/2024\/07\/Health-Professionals-Give-Input-for-Software-that-Improves-the-Level-of-Care-18x10.jpg 18w\" sizes=\"(max-width: 1600px) 100vw, 1600px\" \/>\t\t\t\t\t\t\t\t\t\t\t\t\t<\/div>\n\t\t\t\t<\/div>\n\t\t\t\t\t<\/div>\n\t\t\t\t<\/div>\n\t\t<div class=\"elementor-element elementor-element-9c0ac12 e-flex e-con-boxed e-con e-parent\" data-id=\"9c0ac12\" data-element_type=\"container\" data-core-v316-plus=\"true\">\n\t\t\t\t\t<div class=\"e-con-inner\">\n\t\t\t\t<div class=\"elementor-element elementor-element-344f769 elementor-widget elementor-widget-heading\" data-id=\"344f769\" data-element_type=\"widget\" data-widget_type=\"heading.default\">\n\t\t\t\t<div class=\"elementor-widget-container\">\n\t\t\t<h2 class=\"elementor-heading-title elementor-size-default\">Profesionist\u00ebt sh\u00ebndet\u00ebsor\u00eb japin inpute p\u00ebr softuerin q\u00eb p\u00ebrmir\u00ebson nivelin e kujdesit<\/h2>\t\t<\/div>\n\t\t\t\t<\/div>\n\t\t\t\t<div class=\"elementor-element elementor-element-a13a051 elementor-widget elementor-widget-text-editor\" data-id=\"a13a051\" data-element_type=\"widget\" data-widget_type=\"text-editor.default\">\n\t\t\t\t<div class=\"elementor-widget-container\">\n\t\t\t\t\t\t\t<p>Nj\u00eb grup profesionist\u00ebsh sh\u00ebndet\u00ebsor\u00eb nga spitalet dhe qendrat kryesore t\u00eb mjek\u00ebsis\u00eb familjare n\u00eb Gjakov\u00eb dhe Pej\u00eb i jan\u00eb bashkuar sot nj\u00eb pun\u00ebtorie dinamike rreth dizajnimit t\u00eb nj\u00eb softueri t\u00eb ri p\u00ebr vetmenaxhim t\u00eb diabetit dhe hipertensionit. Q\u00ebllimi final i softuerit \u00ebsht\u00eb ta p\u00ebrmir\u00ebsoj\u00eb nivelin e kujdesit, t'i reduktoj\u00eb ripranimet n\u00eb spital dhe ta reduktoj\u00eb barr\u00ebn e ofrimit t\u00eb kujdesit.<span class=\"Apple-converted-space\">\u00a0<\/span><\/p><p>Niman Bardhi, nga Ministria e Sh\u00ebndet\u00ebsis\u00eb, hapi sesionin duke theksuar se kjo nism\u00eb\ninovative e leht\u00ebsuar nga projekti i Sh\u00ebrbimeve Sh\u00ebndet\u00ebsore t\u00eb Integruara (IHS) \u00ebsht\u00eb e\nzbatueshme n\u00eb t\u00eb gjitha nivelet e kujdesit ndaj pacient\u00ebve. Dr. Lia Tavadze, Udh\u00ebheq\u00ebse e\nEkipit t\u00eb IHS-s\u00eb, tha se ky aktivitet sjell zgjidhje inovative p\u00ebr pacient\u00ebt dhe ofruesit e\nkujdesit sh\u00ebndet\u00ebsor p\u00ebr t&#039;i menaxhuar m\u00eb mir\u00eb kushtet p\u00ebr diabetin dhe hipertensionin.<\/p><p>Fasilituar nga Global CT Digital Kosovo, kompania q\u00eb po e zhvillon softuerin, pun\u00ebtoria mblodhi inpute rreth asaj se \u00e7far\u00eb informatash nevojiten, si duhet t\u00eb mblidhen dhe t\u00eb futen n\u00eb softuer, dhe si t\u00eb menaxhohen, n\u00eb m\u00ebnyr\u00eb q\u00eb mjetet digjitale t\u00eb sapozhvilluara t'i mb\u00ebshtesin p\u00ebrvojat e pacientit dhe t\u00eb rezultojn\u00eb n\u00eb nj\u00eb produkt q\u00eb \u00ebsht\u00eb i dobish\u00ebm. Pjes\u00ebmarr\u00ebsit analizuan arkitektur\u00ebn e softuerit t\u00eb zhvilluar deri m\u00eb tani dhe dhan\u00eb sugjerime p\u00ebr p\u00ebrmir\u00ebsimin e m\u00ebtejsh\u00ebm t\u00eb tij.<span class=\"Apple-converted-space\">\u00a0<\/span><\/p><p>Inputet nga perspektiva e tyre ofruan nj\u00eb qasje t\u00eb dizajnimit e cila ka njeriun n\u00eb qend\u00ebr, duke siguruar q\u00eb softueri t'i p\u00ebrmbush\u00eb nevojat dhe pritshm\u00ebrit\u00eb e p\u00ebrdoruesve fundor\u00eb n\u00eb m\u00ebnyr\u00eb efektive. Procesi po mb\u00ebshtetet nga ekspert\u00eb t\u00eb Swiss TPH nga Nj\u00ebsia e Sh\u00ebndetit Digjital.<span class=\"Apple-converted-space\">\u00a0<\/span><\/p>\t\t\t\t\t\t<\/div>\n\t\t\t\t<\/div>\n\t\t\t\t\t<\/div>\n\t\t\t\t<\/div>\n\t\t\t\t<\/div>","protected":false},"excerpt":{"rendered":"<p>Health Professionals Give Input for Software that Improves the Level of Care A group of health professionals from the hospitals and main family medicine centres in Gjakova and Peja joined today a dynamic workshop about the design of a new software for self-management of diabetes and hypertension. The end-goal of the software of is to [&hellip;]<\/p>","protected":false},"author":1,"featured_media":0,"parent":0,"menu_order":0,"comment_status":"closed","ping_status":"closed","template":"","meta":[],"_links":{"self":[{"href":"https:\/\/ihsproject.org\/sq\/wp-json\/wp\/v2\/pages\/13767"}],"collection":[{"href":"https:\/\/ihsproject.org\/sq\/wp-json\/wp\/v2\/pages"}],"about":[{"href":"https:\/\/ihsproject.org\/sq\/wp-json\/wp\/v2\/types\/page"}],"author":[{"embeddable":true,"href":"https:\/\/ihsproject.org\/sq\/wp-json\/wp\/v2\/users\/1"}],"replies":[{"embeddable":true,"href":"https:\/\/ihsproject.org\/sq\/wp-json\/wp\/v2\/comments?post=13767"}],"version-history":[{"count":4,"href":"https:\/\/ihsproject.org\/sq\/wp-json\/wp\/v2\/pages\/13767\/revisions"}],"predecessor-version":[{"id":13772,"href":"https:\/\/ihsproject.org\/sq\/wp-json\/wp\/v2\/pages\/13767\/revisions\/13772"}],"wp:attachment":[{"href":"https:\/\/ihsproject.org\/sq\/wp-json\/wp\/v2\/media?parent=13767"}],"curies":[{"name":"wp","href":"https:\/\/api.w.org\/{rel}","templated":true}]}}