{"id":13731,"date":"2024-07-04T11:51:32","date_gmt":"2024-07-04T11:51:32","guid":{"rendered":"https:\/\/ihsproject.org\/?page_id=13731"},"modified":"2024-07-04T11:53:42","modified_gmt":"2024-07-04T11:53:42","slug":"july-04-2024","status":"publish","type":"page","link":"https:\/\/ihsproject.org\/sq\/july-04-2024\/","title":{"rendered":"Korrik 04, 2024"},"content":{"rendered":"<div data-elementor-type=\"wp-page\" data-elementor-id=\"13731\" class=\"elementor elementor-13731\">\n\t\t\t\t<div class=\"elementor-element elementor-element-ce0f102 e-flex e-con-boxed e-con e-parent\" data-id=\"ce0f102\" data-element_type=\"container\" data-core-v316-plus=\"true\">\n\t\t\t\t\t<div class=\"e-con-inner\">\n\t\t\t\t<div class=\"elementor-element elementor-element-eb0c34b elementor-widget elementor-widget-image\" data-id=\"eb0c34b\" data-element_type=\"widget\" data-widget_type=\"image.default\">\n\t\t\t\t<div class=\"elementor-widget-container\">\n\t\t\t\t\t\t\t\t\t\t\t\t\t<img fetchpriority=\"high\" decoding=\"async\" width=\"1600\" height=\"900\" src=\"https:\/\/ihsproject.org\/wp-content\/uploads\/2024\/07\/Collaborative-Efforts-Highlighted-in-IHS-Team-Visits-to-Peja-and-Gjakova-Hospitals.jpg\" class=\"attachment-full size-full wp-image-13730\" alt=\"\" srcset=\"https:\/\/ihsproject.org\/wp-content\/uploads\/2024\/07\/Collaborative-Efforts-Highlighted-in-IHS-Team-Visits-to-Peja-and-Gjakova-Hospitals.jpg 1600w, https:\/\/ihsproject.org\/wp-content\/uploads\/2024\/07\/Collaborative-Efforts-Highlighted-in-IHS-Team-Visits-to-Peja-and-Gjakova-Hospitals-300x169.jpg 300w, https:\/\/ihsproject.org\/wp-content\/uploads\/2024\/07\/Collaborative-Efforts-Highlighted-in-IHS-Team-Visits-to-Peja-and-Gjakova-Hospitals-1024x576.jpg 1024w, https:\/\/ihsproject.org\/wp-content\/uploads\/2024\/07\/Collaborative-Efforts-Highlighted-in-IHS-Team-Visits-to-Peja-and-Gjakova-Hospitals-768x432.jpg 768w, https:\/\/ihsproject.org\/wp-content\/uploads\/2024\/07\/Collaborative-Efforts-Highlighted-in-IHS-Team-Visits-to-Peja-and-Gjakova-Hospitals-1536x864.jpg 1536w, https:\/\/ihsproject.org\/wp-content\/uploads\/2024\/07\/Collaborative-Efforts-Highlighted-in-IHS-Team-Visits-to-Peja-and-Gjakova-Hospitals-18x10.jpg 18w\" sizes=\"(max-width: 1600px) 100vw, 1600px\" \/>\t\t\t\t\t\t\t\t\t\t\t\t\t<\/div>\n\t\t\t\t<\/div>\n\t\t\t\t\t<\/div>\n\t\t\t\t<\/div>\n\t\t<div class=\"elementor-element elementor-element-a9cf69d e-flex e-con-boxed e-con e-parent\" data-id=\"a9cf69d\" data-element_type=\"container\" data-core-v316-plus=\"true\">\n\t\t\t\t\t<div class=\"e-con-inner\">\n\t\t\t\t<div class=\"elementor-element elementor-element-f0c6369 elementor-widget elementor-widget-heading\" data-id=\"f0c6369\" data-element_type=\"widget\" data-widget_type=\"heading.default\">\n\t\t\t\t<div class=\"elementor-widget-container\">\n\t\t\t<h2 class=\"elementor-heading-title elementor-size-default\">Theksohen p\u00ebrpjekjet bashk\u00ebpunuese gjat\u00eb vizitave t\u00eb ekipit t\u00eb IHS n\u00eb spitalet e Pej\u00ebs dhe Gjakov\u00ebs<\/h2>\t\t<\/div>\n\t\t\t\t<\/div>\n\t\t\t\t<div class=\"elementor-element elementor-element-160777c elementor-widget elementor-widget-text-editor\" data-id=\"160777c\" data-element_type=\"widget\" data-widget_type=\"text-editor.default\">\n\t\t\t\t<div class=\"elementor-widget-container\">\n\t\t\t\t\t\t\t<p>Ekipi teknik i Projektit Sh\u00ebrbime Sh\u00ebndet\u00ebsore t\u00eb Integruara (IHS), i drejtuar nga Udh\u00ebheq\u00ebsja e Ekipit, Dr. Lia Tavadze, vizitoi k\u00ebtgo dit\u00eb spitalet e p\u00ebrgjithshme t\u00eb Pej\u00ebs dhe Gjakov\u00ebs, q\u00eb jan\u00eb partnere t\u00eb projektit. Vizitat kishin p\u00ebr q\u00ebllim shk\u00ebmbimin e rezultateve t\u00eb aktiviteteve q\u00eb kan\u00eb p\u00ebrfunduar, t\u00eb p\u00ebrdit\u00ebsimit p\u00ebr aktivitetet n\u00eb vazhdim e sip\u00ebr dhe diskutimin e planeve p\u00ebr t\u00eb ardhmen, q\u00eb synojn\u00eb t\u2019i \u00e7ojn\u00eb p\u00ebrpara sh\u00ebrbimet sh\u00ebndet\u00ebsore p\u00ebr pacient\u00ebt.<span class=\"Apple-converted-space\">\u00a0<\/span><\/p><p>T\u00eb pritur ngroht\u00ebsisht si nga drejtor\u00ebt ekzekutiv\u00eb, ashtu edhe nga p\u00ebrfaq\u00ebsuesit e ekipit drejtues t\u00eb spitaleve, gjat\u00eb vizitave pal\u00ebt theksuan r\u00ebnd\u00ebsin\u00eb e kuptimit t\u00eb nevojave t\u00eb profesionist\u00ebve sh\u00ebndet\u00ebsor\u00eb dhe bashk\u00ebpunimit. Dr. Tavadze theksoi r\u00ebnd\u00ebsin\u00eb e p\u00ebrpjekjeve t\u00eb p\u00ebrbashk\u00ebta p\u00ebr inicimin, zbatimin dhe integrimin e sh\u00ebrbimeve sh\u00ebndet\u00ebsore t\u00eb p\u00ebrmir\u00ebsuara. T\u00eb dyja pal\u00ebt n\u00ebnvizuan zotimin e tyre p\u00ebr t\u00eb \u00e7uar p\u00ebrpara kujdesin ndaj pacient\u00ebve dhe arritjen e p\u00ebrsosm\u00ebris\u00eb n\u00eb sh\u00ebrbimet sh\u00ebndet\u00ebsore.<\/p>\t\t\t\t\t\t<\/div>\n\t\t\t\t<\/div>\n\t\t\t\t\t<\/div>\n\t\t\t\t<\/div>\n\t\t\t\t<\/div>","protected":false},"excerpt":{"rendered":"<p>Collaborative Efforts Highlighted in IHS Team Visits to Peja and Gjakova Hospitals The technical team of the Integrated Health Services (HIS) Project, led by Team Leader Dr. Lia Tavadze, recently visited the general hospitals in Peja and Gjakova, which are the two partner hospitals of the project. The purpose of the visits was to share [&hellip;]<\/p>","protected":false},"author":1,"featured_media":0,"parent":0,"menu_order":0,"comment_status":"closed","ping_status":"closed","template":"","meta":[],"_links":{"self":[{"href":"https:\/\/ihsproject.org\/sq\/wp-json\/wp\/v2\/pages\/13731"}],"collection":[{"href":"https:\/\/ihsproject.org\/sq\/wp-json\/wp\/v2\/pages"}],"about":[{"href":"https:\/\/ihsproject.org\/sq\/wp-json\/wp\/v2\/types\/page"}],"author":[{"embeddable":true,"href":"https:\/\/ihsproject.org\/sq\/wp-json\/wp\/v2\/users\/1"}],"replies":[{"embeddable":true,"href":"https:\/\/ihsproject.org\/sq\/wp-json\/wp\/v2\/comments?post=13731"}],"version-history":[{"count":4,"href":"https:\/\/ihsproject.org\/sq\/wp-json\/wp\/v2\/pages\/13731\/revisions"}],"predecessor-version":[{"id":13736,"href":"https:\/\/ihsproject.org\/sq\/wp-json\/wp\/v2\/pages\/13731\/revisions\/13736"}],"wp:attachment":[{"href":"https:\/\/ihsproject.org\/sq\/wp-json\/wp\/v2\/media?parent=13731"}],"curies":[{"name":"wp","href":"https:\/\/api.w.org\/{rel}","templated":true}]}}