{"id":13694,"date":"2024-06-19T12:05:35","date_gmt":"2024-06-19T12:05:35","guid":{"rendered":"https:\/\/ihsproject.org\/?page_id=13694"},"modified":"2024-06-19T12:05:50","modified_gmt":"2024-06-19T12:05:50","slug":"june-19-2024","status":"publish","type":"page","link":"https:\/\/ihsproject.org\/sq\/june-19-2024\/","title":{"rendered":"Qershor 19, 2024"},"content":{"rendered":"<div data-elementor-type=\"wp-page\" data-elementor-id=\"13694\" class=\"elementor elementor-13694\">\n\t\t\t\t<div class=\"elementor-element elementor-element-2187a5e2 e-flex e-con-boxed e-con e-parent\" data-id=\"2187a5e2\" data-element_type=\"container\" data-core-v316-plus=\"true\">\n\t\t\t\t\t<div class=\"e-con-inner\">\n\t\t\t\t<div class=\"elementor-element elementor-element-735d7860 elementor-widget elementor-widget-image\" data-id=\"735d7860\" data-element_type=\"widget\" data-widget_type=\"image.default\">\n\t\t\t\t<div class=\"elementor-widget-container\">\n\t\t\t\t\t\t\t\t\t\t\t\t\t<img fetchpriority=\"high\" decoding=\"async\" width=\"1600\" height=\"1200\" src=\"https:\/\/ihsproject.org\/wp-content\/uploads\/2024\/06\/2024-06-19-web.jpg\" class=\"attachment-full size-full wp-image-13692\" alt=\"\" srcset=\"https:\/\/ihsproject.org\/wp-content\/uploads\/2024\/06\/2024-06-19-web.jpg 1600w, https:\/\/ihsproject.org\/wp-content\/uploads\/2024\/06\/2024-06-19-web-300x225.jpg 300w, https:\/\/ihsproject.org\/wp-content\/uploads\/2024\/06\/2024-06-19-web-1024x768.jpg 1024w, https:\/\/ihsproject.org\/wp-content\/uploads\/2024\/06\/2024-06-19-web-768x576.jpg 768w, https:\/\/ihsproject.org\/wp-content\/uploads\/2024\/06\/2024-06-19-web-1536x1152.jpg 1536w, https:\/\/ihsproject.org\/wp-content\/uploads\/2024\/06\/2024-06-19-web-16x12.jpg 16w\" sizes=\"(max-width: 1600px) 100vw, 1600px\" \/>\t\t\t\t\t\t\t\t\t\t\t\t\t<\/div>\n\t\t\t\t<\/div>\n\t\t\t\t\t<\/div>\n\t\t\t\t<\/div>\n\t\t<div class=\"elementor-element elementor-element-761d428c e-flex e-con-boxed e-con e-parent\" data-id=\"761d428c\" data-element_type=\"container\" data-core-v316-plus=\"true\">\n\t\t\t\t\t<div class=\"e-con-inner\">\n\t\t\t\t<div class=\"elementor-element elementor-element-535ec66 elementor-widget elementor-widget-heading\" data-id=\"535ec66\" data-element_type=\"widget\" data-widget_type=\"heading.default\">\n\t\t\t\t<div class=\"elementor-widget-container\">\n\t\t\t<h2 class=\"elementor-heading-title elementor-size-default\">Komunikimi efektiv p\u00ebr p\u00ebrmir\u00ebsimin e kujdesit sh\u00ebndet\u00ebsor<\/h2>\t\t<\/div>\n\t\t\t\t<\/div>\n\t\t\t\t<div class=\"elementor-element elementor-element-27d28897 elementor-widget elementor-widget-text-editor\" data-id=\"27d28897\" data-element_type=\"widget\" data-widget_type=\"text-editor.default\">\n\t\t\t\t<div class=\"elementor-widget-container\">\n\t\t\t\t\t\t\t<p><span style=\"font-weight: 400;\">Aft\u00ebsit\u00eb komunikuese t\u00eb infermier\u00ebve jan\u00eb thelb\u00ebsore p\u00ebr kujdesin efektiv ndaj pacient\u00ebve. Kjo ishte tema kryesore e sesionit t\u00eb trajnimit t\u00eb udh\u00ebhequr nga Asistent Profesor Rukije Mehmeti m\u00eb 19 qershor 2024.<\/span><\/p><p><span style=\"font-weight: 400;\">Trajnimi kishte p\u00ebr q\u00ebllim t\u00eb thellonte t\u00eb kuptuarit e koncepteve t\u00eb komunikimit nga pjes\u00ebmarr\u00ebsit dhe t\u00eb n\u00ebnvizonte rolin e tyre n\u00eb p\u00ebrmir\u00ebsimin e praktikave t\u00eb kujdesit sh\u00ebndet\u00ebsor. U theksua r\u00ebnd\u00ebsia e ndarjes s\u00eb informacioneve sh\u00ebndet\u00ebsore leht\u00ebsisht t\u00eb kuptueshme, duke p\u00ebrfshir\u00eb shembuj nga jeta reale, loj\u00eb me role dhe fokusimin n\u00eb d\u00ebgjimin aktiv.<\/span><\/p><p><span style=\"font-weight: 400;\">P\u00ebr Asistent Profesor Mehmetin, komunikimi cil\u00ebsor \u00ebsht\u00eb gurthemeli i artit dhe shkenc\u00ebs s\u00eb infermieris\u00eb. Duke rritur aft\u00ebsit\u00eb e komunikimit, profesionist\u00ebt e kujdesit sh\u00ebndet\u00ebsor mund t\u00eb p\u00ebrmir\u00ebsojn\u00eb ndjesh\u00ebm rezultatet e pacient\u00ebve si dhe cil\u00ebsin\u00eb e p\u00ebrgjithshme t\u00eb kujdesit sh\u00ebndet\u00ebsor.<\/span><\/p><p><span style=\"font-weight: 400;\">Ky sesion \u00ebsht\u00eb pjes\u00eb e programit t\u00eb akredituar t\u00eb trajnimit t\u00eb infermier\u00ebve t\u00eb ofruar nga IHS-ja n\u00eb bashk\u00ebpunim me Spitalet e P\u00ebrgjithshme t\u00eb Pej\u00ebs dhe t\u00eb Gjakov\u00ebs. Programi, i zhvilluar n\u00eb baz\u00eb t\u00eb vler\u00ebsimit t\u00eb nevojave p\u00ebr trajnim p\u00ebr profesionist\u00ebt sh\u00ebndet\u00ebsor\u00eb, \u00ebsht\u00eb i akredituar nga Oda e Infermier\u00ebve t\u00eb Kosov\u00ebs.<\/span><\/p>\t\t\t\t\t\t<\/div>\n\t\t\t\t<\/div>\n\t\t\t\t\t<\/div>\n\t\t\t\t<\/div>\n\t\t\t\t<\/div>","protected":false},"excerpt":{"rendered":"<p>Effective Communication to Enhance Healthcare The communication skills of nursing staff are crucial for effective patient care. This was the central theme of a training session led by Professor Assistant Rukije Mehmeti on 19 June 2024. The training aimed to deepen participants&#8217; understanding of communication concepts and highlight their role in improving healthcare practices. It [&hellip;]<\/p>","protected":false},"author":1,"featured_media":0,"parent":0,"menu_order":0,"comment_status":"closed","ping_status":"closed","template":"","meta":[],"_links":{"self":[{"href":"https:\/\/ihsproject.org\/sq\/wp-json\/wp\/v2\/pages\/13694"}],"collection":[{"href":"https:\/\/ihsproject.org\/sq\/wp-json\/wp\/v2\/pages"}],"about":[{"href":"https:\/\/ihsproject.org\/sq\/wp-json\/wp\/v2\/types\/page"}],"author":[{"embeddable":true,"href":"https:\/\/ihsproject.org\/sq\/wp-json\/wp\/v2\/users\/1"}],"replies":[{"embeddable":true,"href":"https:\/\/ihsproject.org\/sq\/wp-json\/wp\/v2\/comments?post=13694"}],"version-history":[{"count":4,"href":"https:\/\/ihsproject.org\/sq\/wp-json\/wp\/v2\/pages\/13694\/revisions"}],"predecessor-version":[{"id":13699,"href":"https:\/\/ihsproject.org\/sq\/wp-json\/wp\/v2\/pages\/13694\/revisions\/13699"}],"wp:attachment":[{"href":"https:\/\/ihsproject.org\/sq\/wp-json\/wp\/v2\/media?parent=13694"}],"curies":[{"name":"wp","href":"https:\/\/api.w.org\/{rel}","templated":true}]}}