{"id":13678,"date":"2024-06-13T10:29:40","date_gmt":"2024-06-13T10:29:40","guid":{"rendered":"https:\/\/ihsproject.org\/?page_id=13678"},"modified":"2024-06-13T10:31:27","modified_gmt":"2024-06-13T10:31:27","slug":"june-13-2024","status":"publish","type":"page","link":"https:\/\/ihsproject.org\/sq\/june-13-2024\/","title":{"rendered":"Qershor 13, 2024"},"content":{"rendered":"<div data-elementor-type=\"wp-page\" data-elementor-id=\"13678\" class=\"elementor elementor-13678\">\n\t\t\t\t<div class=\"elementor-element elementor-element-1dfd5c2 e-flex e-con-boxed e-con e-parent\" data-id=\"1dfd5c2\" data-element_type=\"container\" data-core-v316-plus=\"true\">\n\t\t\t\t\t<div class=\"e-con-inner\">\n\t\t\t\t<div class=\"elementor-element elementor-element-8934093 elementor-widget elementor-widget-image\" data-id=\"8934093\" data-element_type=\"widget\" data-widget_type=\"image.default\">\n\t\t\t\t<div class=\"elementor-widget-container\">\n\t\t\t\t\t\t\t\t\t\t\t\t\t<img fetchpriority=\"high\" decoding=\"async\" width=\"2048\" height=\"1536\" src=\"https:\/\/ihsproject.org\/wp-content\/uploads\/2024\/06\/Trajnim1.jpg\" class=\"attachment-full size-full wp-image-13680\" alt=\"\" srcset=\"https:\/\/ihsproject.org\/wp-content\/uploads\/2024\/06\/Trajnim1.jpg 2048w, https:\/\/ihsproject.org\/wp-content\/uploads\/2024\/06\/Trajnim1-300x225.jpg 300w, https:\/\/ihsproject.org\/wp-content\/uploads\/2024\/06\/Trajnim1-1024x768.jpg 1024w, https:\/\/ihsproject.org\/wp-content\/uploads\/2024\/06\/Trajnim1-768x576.jpg 768w, https:\/\/ihsproject.org\/wp-content\/uploads\/2024\/06\/Trajnim1-1536x1152.jpg 1536w, https:\/\/ihsproject.org\/wp-content\/uploads\/2024\/06\/Trajnim1-16x12.jpg 16w\" sizes=\"(max-width: 2048px) 100vw, 2048px\" \/>\t\t\t\t\t\t\t\t\t\t\t\t\t<\/div>\n\t\t\t\t<\/div>\n\t\t\t\t\t<\/div>\n\t\t\t\t<\/div>\n\t\t<div class=\"elementor-element elementor-element-49d0d1ed e-flex e-con-boxed e-con e-parent\" data-id=\"49d0d1ed\" data-element_type=\"container\" data-core-v316-plus=\"true\">\n\t\t\t\t\t<div class=\"e-con-inner\">\n\t\t\t\t<div class=\"elementor-element elementor-element-68fd0129 elementor-widget elementor-widget-heading\" data-id=\"68fd0129\" data-element_type=\"widget\" data-widget_type=\"heading.default\">\n\t\t\t\t<div class=\"elementor-widget-container\">\n\t\t\t<h2 class=\"elementor-heading-title elementor-size-default\">Trajnimi i trajner\u00ebve n\u00eb lidhje me praktikat m\u00eb t\u00eb mira p\u00ebr menaxhimin e diabetit <\/h2>\t\t<\/div>\n\t\t\t\t<\/div>\n\t\t\t\t<div class=\"elementor-element elementor-element-b74d695 elementor-widget elementor-widget-text-editor\" data-id=\"b74d695\" data-element_type=\"widget\" data-widget_type=\"text-editor.default\">\n\t\t\t\t<div class=\"elementor-widget-container\">\n\t\t\t\t\t\t\t<p><span style=\"font-weight: 400;\">Trajnimi pes\u00eb-ditor i trajner\u00ebve p\u00ebr menaxhim t\u00eb diabetit mellitus p\u00ebr t\u00eb rriturit filloi sot me nj\u00eb sesion interesant q\u00eb fokusohet n\u00eb parimet e t\u00eb nx\u00ebnit t\u00eb t\u00eb rriturve, diagnostikimin dhe dallimin midis llojeve t\u00eb diabetit, promovimin dhe edukimin, si dhe monitorimin dhe vet\u00eb-menaxhimin. I udh\u00ebhequr nga Dr. Merita Emini-Sadiku dhe ekipi i saj, trajnimi synon t\u00eb pajis\u00eb profesionist\u00ebt sh\u00ebndet\u00ebsor\u00eb me shkatht\u00ebsit\u00eb e nevojshme p\u00ebr t\u00eb rritur nd\u00ebrgjegj\u00ebsimin p\u00ebr diabetin dhe p\u00ebr t\u00eb trajnuar koleg\u00ebt e tyre, t\u00eb cil\u00ebt pastaj do t\u00eb trajnojn\u00eb profesionist\u00ebt e tjer\u00eb n\u00eb t\u00eb ardhmen.<\/span><\/p><p><span style=\"font-weight: 400;\">Adelina Puka, infermiere dhe pjes\u00ebmarr\u00ebse n\u00eb trajnim, komentoi: \u201cM\u00eb p\u00eblqeu shembulli i menus\u00eb, i bazuar dhe i llogaritur rreth vlerave ushqyese. Materiali i trajnimit ishte i leht\u00eb p\u00ebr t'u kuptuar, si\u00e7 ishte edhe trajnerja.\u201d<\/span><\/p><p><span style=\"font-weight: 400;\">Ky kurs trajnimi bazohet n\u00eb praktikat m\u00eb t\u00eb mira t\u00eb edukimit dhe menaxhimit t\u00eb diabetit p\u00ebr t\u00eb rritur, i p\u00ebrshtatur me nevojat specifike t\u00eb profesionist\u00ebve n\u00eb Kosov\u00eb. Trajnimi \u00ebsht\u00eb gjithashtu n\u00eb p\u00ebrputhje me udh\u00ebzimet dhe protokollet e p\u00ebrdit\u00ebsuara p\u00ebr menaxhimin e diabetit.<\/span><\/p>\t\t\t\t\t\t<\/div>\n\t\t\t\t<\/div>\n\t\t\t\t\t<\/div>\n\t\t\t\t<\/div>\n\t\t\t\t<\/div>","protected":false},"excerpt":{"rendered":"<p>Training of Trainers on Best Practices of Diabetes Management The five-day Training of Trainers on the Management of Diabetes Mellitus for Adults kicked off today with an engaging session focusing on adult learning principles, diagnosing, and differentiating between types of diabetes, promotion and education, and monitoring and self-management. Led by Dr. Merita Emini-Sadiku and her [&hellip;]<\/p>","protected":false},"author":1,"featured_media":0,"parent":0,"menu_order":0,"comment_status":"closed","ping_status":"closed","template":"","meta":[],"_links":{"self":[{"href":"https:\/\/ihsproject.org\/sq\/wp-json\/wp\/v2\/pages\/13678"}],"collection":[{"href":"https:\/\/ihsproject.org\/sq\/wp-json\/wp\/v2\/pages"}],"about":[{"href":"https:\/\/ihsproject.org\/sq\/wp-json\/wp\/v2\/types\/page"}],"author":[{"embeddable":true,"href":"https:\/\/ihsproject.org\/sq\/wp-json\/wp\/v2\/users\/1"}],"replies":[{"embeddable":true,"href":"https:\/\/ihsproject.org\/sq\/wp-json\/wp\/v2\/comments?post=13678"}],"version-history":[{"count":4,"href":"https:\/\/ihsproject.org\/sq\/wp-json\/wp\/v2\/pages\/13678\/revisions"}],"predecessor-version":[{"id":13685,"href":"https:\/\/ihsproject.org\/sq\/wp-json\/wp\/v2\/pages\/13678\/revisions\/13685"}],"wp:attachment":[{"href":"https:\/\/ihsproject.org\/sq\/wp-json\/wp\/v2\/media?parent=13678"}],"curies":[{"name":"wp","href":"https:\/\/api.w.org\/{rel}","templated":true}]}}