{"id":13662,"date":"2024-06-10T11:10:58","date_gmt":"2024-06-10T11:10:58","guid":{"rendered":"https:\/\/ihsproject.org\/?page_id=13662"},"modified":"2024-06-10T11:11:48","modified_gmt":"2024-06-10T11:11:48","slug":"june-10-2024","status":"publish","type":"page","link":"https:\/\/ihsproject.org\/sq\/june-10-2024\/","title":{"rendered":"Qershor 10, 2024"},"content":{"rendered":"<div data-elementor-type=\"wp-page\" data-elementor-id=\"13662\" class=\"elementor elementor-13662\">\n\t\t\t\t<div class=\"elementor-element elementor-element-10cf561a e-flex e-con-boxed e-con e-parent\" data-id=\"10cf561a\" data-element_type=\"container\" data-core-v316-plus=\"true\">\n\t\t\t\t\t<div class=\"e-con-inner\">\n\t\t\t\t<div class=\"elementor-element elementor-element-3bc12283 elementor-widget elementor-widget-image\" data-id=\"3bc12283\" data-element_type=\"widget\" data-widget_type=\"image.default\">\n\t\t\t\t<div class=\"elementor-widget-container\">\n\t\t\t\t\t\t\t\t\t\t\t\t\t<img fetchpriority=\"high\" decoding=\"async\" width=\"2560\" height=\"1440\" src=\"https:\/\/ihsproject.org\/wp-content\/uploads\/2024\/06\/2024-06-10-news-scaled.jpg\" class=\"attachment-full size-full wp-image-13660\" alt=\"\" srcset=\"https:\/\/ihsproject.org\/wp-content\/uploads\/2024\/06\/2024-06-10-news-scaled.jpg 2560w, https:\/\/ihsproject.org\/wp-content\/uploads\/2024\/06\/2024-06-10-news-300x169.jpg 300w, https:\/\/ihsproject.org\/wp-content\/uploads\/2024\/06\/2024-06-10-news-1024x576.jpg 1024w, https:\/\/ihsproject.org\/wp-content\/uploads\/2024\/06\/2024-06-10-news-768x432.jpg 768w, https:\/\/ihsproject.org\/wp-content\/uploads\/2024\/06\/2024-06-10-news-1536x864.jpg 1536w, https:\/\/ihsproject.org\/wp-content\/uploads\/2024\/06\/2024-06-10-news-2048x1152.jpg 2048w, https:\/\/ihsproject.org\/wp-content\/uploads\/2024\/06\/2024-06-10-news-18x10.jpg 18w\" sizes=\"(max-width: 2560px) 100vw, 2560px\" \/>\t\t\t\t\t\t\t\t\t\t\t\t\t<\/div>\n\t\t\t\t<\/div>\n\t\t\t\t\t<\/div>\n\t\t\t\t<\/div>\n\t\t<div class=\"elementor-element elementor-element-71a8bdc7 e-flex e-con-boxed e-con e-parent\" data-id=\"71a8bdc7\" data-element_type=\"container\" data-core-v316-plus=\"true\">\n\t\t\t\t\t<div class=\"e-con-inner\">\n\t\t\t\t<div class=\"elementor-element elementor-element-2ae1c4df elementor-widget elementor-widget-heading\" data-id=\"2ae1c4df\" data-element_type=\"widget\" data-widget_type=\"heading.default\">\n\t\t\t\t<div class=\"elementor-widget-container\">\n\t\t\t<h2 class=\"elementor-heading-title elementor-size-default\">Profesionist\u00ebt sh\u00ebndet\u00ebsor\u00eb t\u00eb spitaleve luftojn\u00eb dezinformimin <\/h2>\t\t<\/div>\n\t\t\t\t<\/div>\n\t\t\t\t<div class=\"elementor-element elementor-element-484b4f50 elementor-widget elementor-widget-text-editor\" data-id=\"484b4f50\" data-element_type=\"widget\" data-widget_type=\"text-editor.default\">\n\t\t\t\t<div class=\"elementor-widget-container\">\n\t\t\t\t\t\t\t<p><span style=\"font-weight: 400;\">M\u00eb 5 dhe 6 qershor 2024, profesionist\u00ebt e kujdesit sh\u00ebndet\u00ebsor n\u00eb Spitalet e P\u00ebrgjithshme t\u00eb Gjakov\u00ebs dhe t\u00eb Pej\u00ebs mor\u00ebn pjes\u00eb n\u00eb sesione trajnuese dinamike me tem\u00ebn luftimi i dezinformimit dhe keqinformimit sh\u00ebndet\u00ebsor. Objektivi kryesor i sesioneve ishte t\u2019i pajiste pjes\u00ebmarr\u00ebsit me veglat e nevojshme p\u00ebr t\u00eb identifikuar dhe luftuar informacionet e rreme, duke p\u00ebrmir\u00ebsuar k\u00ebshtu rezultatet sh\u00ebndet\u00ebsore brenda komunitetit.<\/span><\/p><p><span style=\"font-weight: 400;\">Sesionet u fokusuan n\u00eb shk\u00ebmbimin e strategjive efektive p\u00ebr dallimin dhe sfidimin e dezinformimit, ndikimin e dezinformimit n\u00eb pun\u00ebn e tyre, integritetin institucional dhe sh\u00ebndetin publik. Duke i pajisur m\u00eb tej pacient\u00ebt dhe an\u00ebtar\u00ebt e komunitetit me k\u00ebto teknika, ofruesit e kujdesit sh\u00ebndet\u00ebsor synojn\u00eb t\u00eb promovojn\u00eb nj\u00eb publik m\u00eb t\u00eb informuar dhe m\u00eb t\u00eb nd\u00ebrgjegjsh\u00ebm p\u00ebr sh\u00ebndetin.<\/span><\/p><p><span style=\"font-weight: 400;\">Vjosa Rama, nj\u00ebra nga pjes\u00ebmarr\u00ebset, theksoi aspektin praktik t\u00eb sesionit, duke theksuar se: \u201cSesioni shtjelloi m\u00ebnyr\u00ebn e identifikimit t\u00eb dezinformimit n\u00eb media dhe n\u00eb mediat sociale si dhe hapat q\u00eb mund t\u00eb nd\u00ebrmerren p\u00ebr t\u00eb qen\u00eb t\u00eb sigurt gjat\u00eb marrjes s\u00eb informacioneve\u201d.<\/span><\/p>\t\t\t\t\t\t<\/div>\n\t\t\t\t<\/div>\n\t\t\t\t\t<\/div>\n\t\t\t\t<\/div>\n\t\t\t\t<\/div>","protected":false},"excerpt":{"rendered":"<p>Hospital Health Professionals Countering Disinformation On 5 and 6 June 2024, healthcare professionals at the General Hospitals of Gjakova and Peja participated in engaging training sessions on the topic of countering health-related disinformation and misinformation. The primary goal of the sessions was to provide participants with the tools necessary to identify and counter false information, [&hellip;]<\/p>","protected":false},"author":1,"featured_media":0,"parent":0,"menu_order":0,"comment_status":"closed","ping_status":"closed","template":"","meta":[],"_links":{"self":[{"href":"https:\/\/ihsproject.org\/sq\/wp-json\/wp\/v2\/pages\/13662"}],"collection":[{"href":"https:\/\/ihsproject.org\/sq\/wp-json\/wp\/v2\/pages"}],"about":[{"href":"https:\/\/ihsproject.org\/sq\/wp-json\/wp\/v2\/types\/page"}],"author":[{"embeddable":true,"href":"https:\/\/ihsproject.org\/sq\/wp-json\/wp\/v2\/users\/1"}],"replies":[{"embeddable":true,"href":"https:\/\/ihsproject.org\/sq\/wp-json\/wp\/v2\/comments?post=13662"}],"version-history":[{"count":4,"href":"https:\/\/ihsproject.org\/sq\/wp-json\/wp\/v2\/pages\/13662\/revisions"}],"predecessor-version":[{"id":13667,"href":"https:\/\/ihsproject.org\/sq\/wp-json\/wp\/v2\/pages\/13662\/revisions\/13667"}],"wp:attachment":[{"href":"https:\/\/ihsproject.org\/sq\/wp-json\/wp\/v2\/media?parent=13662"}],"curies":[{"name":"wp","href":"https:\/\/api.w.org\/{rel}","templated":true}]}}