{"id":13600,"date":"2024-05-27T13:27:24","date_gmt":"2024-05-27T13:27:24","guid":{"rendered":"https:\/\/ihsproject.org\/?page_id=13600"},"modified":"2024-05-27T13:28:55","modified_gmt":"2024-05-27T13:28:55","slug":"may-27-2024","status":"publish","type":"page","link":"https:\/\/ihsproject.org\/sq\/may-27-2024\/","title":{"rendered":"Maj 27, 2024"},"content":{"rendered":"<div data-elementor-type=\"wp-page\" data-elementor-id=\"13600\" class=\"elementor elementor-13600\">\n\t\t\t\t<div class=\"elementor-element elementor-element-634e9a85 e-flex e-con-boxed e-con e-parent\" data-id=\"634e9a85\" data-element_type=\"container\" data-core-v316-plus=\"true\">\n\t\t\t\t\t<div class=\"e-con-inner\">\n\t\t\t\t<div class=\"elementor-element elementor-element-55048df8 elementor-widget elementor-widget-image\" data-id=\"55048df8\" data-element_type=\"widget\" data-widget_type=\"image.default\">\n\t\t\t\t<div class=\"elementor-widget-container\">\n\t\t\t\t\t\t\t\t\t\t\t\t\t<img fetchpriority=\"high\" decoding=\"async\" width=\"2560\" height=\"1440\" src=\"https:\/\/ihsproject.org\/wp-content\/uploads\/2024\/05\/20240523_094141-scaled.jpg\" class=\"attachment-full size-full wp-image-13603\" alt=\"\" srcset=\"https:\/\/ihsproject.org\/wp-content\/uploads\/2024\/05\/20240523_094141-scaled.jpg 2560w, https:\/\/ihsproject.org\/wp-content\/uploads\/2024\/05\/20240523_094141-300x169.jpg 300w, https:\/\/ihsproject.org\/wp-content\/uploads\/2024\/05\/20240523_094141-1024x576.jpg 1024w, https:\/\/ihsproject.org\/wp-content\/uploads\/2024\/05\/20240523_094141-768x432.jpg 768w, https:\/\/ihsproject.org\/wp-content\/uploads\/2024\/05\/20240523_094141-1536x864.jpg 1536w, https:\/\/ihsproject.org\/wp-content\/uploads\/2024\/05\/20240523_094141-2048x1152.jpg 2048w, https:\/\/ihsproject.org\/wp-content\/uploads\/2024\/05\/20240523_094141-18x10.jpg 18w\" sizes=\"(max-width: 2560px) 100vw, 2560px\" \/>\t\t\t\t\t\t\t\t\t\t\t\t\t<\/div>\n\t\t\t\t<\/div>\n\t\t\t\t\t<\/div>\n\t\t\t\t<\/div>\n\t\t<div class=\"elementor-element elementor-element-7934b597 e-flex e-con-boxed e-con e-parent\" data-id=\"7934b597\" data-element_type=\"container\" data-core-v316-plus=\"true\">\n\t\t\t\t\t<div class=\"e-con-inner\">\n\t\t\t\t<div class=\"elementor-element elementor-element-3e19a69 elementor-widget elementor-widget-heading\" data-id=\"3e19a69\" data-element_type=\"widget\" data-widget_type=\"heading.default\">\n\t\t\t\t<div class=\"elementor-widget-container\">\n\t\t\t<h2 class=\"elementor-heading-title elementor-size-default\">Konferenca OTT 2024 n\u00eb Barcelon\u00eb: Think Tanks n\u00eb sh\u00ebrbim t\u00eb komuniteteve <\/h2>\t\t<\/div>\n\t\t\t\t<\/div>\n\t\t\t\t<div class=\"elementor-element elementor-element-7d3822db elementor-widget elementor-widget-text-editor\" data-id=\"7d3822db\" data-element_type=\"widget\" data-widget_type=\"text-editor.default\">\n\t\t\t\t<div class=\"elementor-widget-container\">\n\t\t\t\t\t\t\t<p><span style=\"font-weight: 400;\">P\u00ebrfaq\u00ebsuesit e projektit Sh\u00ebrbime Sh\u00ebndet\u00ebsore t\u00eb Integruara (IHS) n\u00eb Kosov\u00eb mor\u00ebn pjes\u00eb n\u00eb konferenc\u00ebn \"Think Tanks dhe komunitetet e tyre\" n\u00eb Barcelon\u00eb nga 21-23 maj 2024. Ngjarja, e organizuar nga On Think Tanks, ndezi diskutime t\u00eb gjalla mbi rolet n\u00eb zhvillim t\u00eb ekipeve t\u00eb ekspert\u00ebve (think tanks) n\u00eb nd\u00ebrtimin dhe nxitjen e komuniteteve, duke eksploruar se si ata mund t\u00eb mbushin hendekun mes hulumtimit, politikave dhe publikut.<\/span><\/p><p><span style=\"font-weight: 400;\">Konferenca theksoi nevoj\u00ebn q\u00eb grupet e ekspert\u00ebve t\u00eb shihen si an\u00ebtar\u00eb t\u00eb besuar t\u00eb komunitetit, jo vet\u00ebm si institucione elitare. Fjal\u00ebt e rastit, sesionet e ndryshme dhe diskutimet n\u00ebnvizuan domosdoshm\u00ebrin\u00eb e integrimit t\u00eb disiplinave t\u00eb ndryshme dhe t\u00eb p\u00ebrfshirjes s\u00eb perspektivave nga komunitete t\u00eb shumta. U theksua se progresi i v\u00ebrtet\u00eb vjen kur grupet e ekspert\u00ebve p\u00ebrqafojn\u00eb rolet e tyre si fasilitator\u00eb dhe bashk\u00ebpun\u00ebtor\u00eb, duke punuar s\u00eb bashku me komunitetet p\u00ebr t\u00eb mbushur hendekun mes hulumtimit dhe politikave.<\/span><\/p><p><span style=\"font-weight: 400;\">\"Konferenca e OTT ishte nj\u00eb mund\u00ebsi e shk\u00eblqyer p\u00ebr t\u00eb fituar njohuri nga ekspert\u00ebt global\u00eb n\u00eb fush\u00ebn e think tanks. Q\u00ebllimi yn\u00eb \u00ebsht\u00eb t\u2019i aplikojm\u00eb k\u00ebto njohuri n\u00eb sektorin e kujdesit sh\u00ebndet\u00ebsor n\u00eb Kosov\u00eb duke nxitur bashk\u00ebpunimin e komunitetit dhe duke u angazhuar drejtp\u00ebrdrejt me komunitetet t\u00eb cilave u sh\u00ebrbejm\u00eb. Ne synojm\u00eb t\u00eb krijojm\u00eb nj\u00eb sistem sh\u00ebndet\u00ebsor m\u00eb gjith\u00ebp\u00ebrfshir\u00ebs dhe m\u00eb t\u00eb integruar n\u00eb Kosov\u00eb\u201d, tha Linda Baleta, Zyrtare e Lart\u00eb p\u00ebr Avokim n\u00eb projektin IHS.<\/span><\/p>\t\t\t\t\t\t<\/div>\n\t\t\t\t<\/div>\n\t\t\t\t\t<\/div>\n\t\t\t\t<\/div>\n\t\t\t\t<\/div>","protected":false},"excerpt":{"rendered":"<p>OTT Conference 2024 in Barcelona: Thinks Tanks Serving Communities Representatives of the Integrated Health Services (IHS) project in Kosovo attended the &#8220;Think Tanks and Their Communities&#8221; conference in Barcelona from 21-23 May 2024. Organized by On Think Tanks, the event sparked vibrant discussions on the evolving roles of think tanks in building and fostering communities, [&hellip;]<\/p>","protected":false},"author":1,"featured_media":0,"parent":0,"menu_order":0,"comment_status":"closed","ping_status":"closed","template":"","meta":[],"_links":{"self":[{"href":"https:\/\/ihsproject.org\/sq\/wp-json\/wp\/v2\/pages\/13600"}],"collection":[{"href":"https:\/\/ihsproject.org\/sq\/wp-json\/wp\/v2\/pages"}],"about":[{"href":"https:\/\/ihsproject.org\/sq\/wp-json\/wp\/v2\/types\/page"}],"author":[{"embeddable":true,"href":"https:\/\/ihsproject.org\/sq\/wp-json\/wp\/v2\/users\/1"}],"replies":[{"embeddable":true,"href":"https:\/\/ihsproject.org\/sq\/wp-json\/wp\/v2\/comments?post=13600"}],"version-history":[{"count":4,"href":"https:\/\/ihsproject.org\/sq\/wp-json\/wp\/v2\/pages\/13600\/revisions"}],"predecessor-version":[{"id":13607,"href":"https:\/\/ihsproject.org\/sq\/wp-json\/wp\/v2\/pages\/13600\/revisions\/13607"}],"wp:attachment":[{"href":"https:\/\/ihsproject.org\/sq\/wp-json\/wp\/v2\/media?parent=13600"}],"curies":[{"name":"wp","href":"https:\/\/api.w.org\/{rel}","templated":true}]}}