{"id":13583,"date":"2024-05-27T13:19:01","date_gmt":"2024-05-27T13:19:01","guid":{"rendered":"https:\/\/ihsproject.org\/?page_id=13583"},"modified":"2024-05-27T13:20:03","modified_gmt":"2024-05-27T13:20:03","slug":"may-24-2024-2","status":"publish","type":"page","link":"https:\/\/ihsproject.org\/sq\/may-24-2024-2\/","title":{"rendered":"Maj 24, 2024"},"content":{"rendered":"<div data-elementor-type=\"wp-page\" data-elementor-id=\"13583\" class=\"elementor elementor-13583\">\n\t\t\t\t<div class=\"elementor-element elementor-element-3058fa23 e-flex e-con-boxed e-con e-parent\" data-id=\"3058fa23\" data-element_type=\"container\" data-core-v316-plus=\"true\">\n\t\t\t\t\t<div class=\"e-con-inner\">\n\t\t\t\t<div class=\"elementor-element elementor-element-311cfca8 elementor-widget elementor-widget-image\" data-id=\"311cfca8\" data-element_type=\"widget\" data-widget_type=\"image.default\">\n\t\t\t\t<div class=\"elementor-widget-container\">\n\t\t\t\t\t\t\t\t\t\t\t\t\t<img fetchpriority=\"high\" decoding=\"async\" width=\"1600\" height=\"1120\" src=\"https:\/\/ihsproject.org\/wp-content\/uploads\/2024\/05\/IMG-45063860cf53e1644a4fcda90d98bb7f-V.jpg\" class=\"attachment-full size-full wp-image-13586\" alt=\"\" srcset=\"https:\/\/ihsproject.org\/wp-content\/uploads\/2024\/05\/IMG-45063860cf53e1644a4fcda90d98bb7f-V.jpg 1600w, https:\/\/ihsproject.org\/wp-content\/uploads\/2024\/05\/IMG-45063860cf53e1644a4fcda90d98bb7f-V-300x210.jpg 300w, https:\/\/ihsproject.org\/wp-content\/uploads\/2024\/05\/IMG-45063860cf53e1644a4fcda90d98bb7f-V-1024x717.jpg 1024w, https:\/\/ihsproject.org\/wp-content\/uploads\/2024\/05\/IMG-45063860cf53e1644a4fcda90d98bb7f-V-768x538.jpg 768w, https:\/\/ihsproject.org\/wp-content\/uploads\/2024\/05\/IMG-45063860cf53e1644a4fcda90d98bb7f-V-1536x1075.jpg 1536w, https:\/\/ihsproject.org\/wp-content\/uploads\/2024\/05\/IMG-45063860cf53e1644a4fcda90d98bb7f-V-18x12.jpg 18w\" sizes=\"(max-width: 1600px) 100vw, 1600px\" \/>\t\t\t\t\t\t\t\t\t\t\t\t\t<\/div>\n\t\t\t\t<\/div>\n\t\t\t\t\t<\/div>\n\t\t\t\t<\/div>\n\t\t<div class=\"elementor-element elementor-element-7cbe1e38 e-flex e-con-boxed e-con e-parent\" data-id=\"7cbe1e38\" data-element_type=\"container\" data-core-v316-plus=\"true\">\n\t\t\t\t\t<div class=\"e-con-inner\">\n\t\t\t\t<div class=\"elementor-element elementor-element-5df26fb8 elementor-widget elementor-widget-heading\" data-id=\"5df26fb8\" data-element_type=\"widget\" data-widget_type=\"heading.default\">\n\t\t\t\t<div class=\"elementor-widget-container\">\n\t\t\t<h2 class=\"elementor-heading-title elementor-size-default\">Seria e pun\u00ebtorive p\u00ebr menaxhimin e cil\u00ebsis\u00eb dhe p\u00ebr auditimet klinike<\/h2>\t\t<\/div>\n\t\t\t\t<\/div>\n\t\t\t\t<div class=\"elementor-element elementor-element-1e8b9bae elementor-widget elementor-widget-text-editor\" data-id=\"1e8b9bae\" data-element_type=\"widget\" data-widget_type=\"text-editor.default\">\n\t\t\t\t<div class=\"elementor-widget-container\">\n\t\t\t\t\t\t\t<p><span style=\"font-weight: 400;\">Nga 20-24 maj 2024 u mbajt\u00ebn nj\u00eb seri vizitash spitalore dhe pun\u00ebtorish me fokus n\u00eb p\u00ebrmir\u00ebsimin e menaxhimit t\u00eb cil\u00ebsis\u00eb s\u00eb kujdesit sh\u00ebndet\u00ebsor dhe t\u00eb auditimeve klinike. Mor\u00ebn pjes\u00eb menaxhmenti i lart\u00eb dhe stafi klinik nga Spitalet e P\u00ebrgjithshme t\u00eb Gjakov\u00ebs dhe t\u00eb Pej\u00ebs, p\u00ebrfaq\u00ebsues nga Ministria e Sh\u00ebndet\u00ebsis\u00eb (MSH) dhe kujdesi par\u00ebsor sh\u00ebndet\u00ebsor.<\/span><\/p><p><span style=\"font-weight: 400;\">T\u00eb udh\u00ebhequra nga eksperti teknik Mihai Negrea, vizitat n\u00eb t\u00eb dy spitalet kishin nj\u00eb fokus t\u00eb qart\u00eb. Ato rishikuan korniz\u00ebn e Sistemit p\u00ebr Menaxhimin e Cil\u00ebsis\u00eb (SMC) dhe planin e veprimit, vler\u00ebsuan progresin dhe arritjet dhe organizuan diskutime gjith\u00ebp\u00ebrfshir\u00ebse p\u00ebr identifikimin e fushave p\u00ebr p\u00ebrmir\u00ebsim dhe p\u00ebr ndarjen e praktikave m\u00eb t\u00eb mira.<\/span><\/p><p><span style=\"font-weight: 400;\">Pun\u00ebtorit\u00eb n\u00eb Prishtin\u00eb mbuluan tema thelb\u00ebsore si\u00e7 jan\u00eb r\u00ebnd\u00ebsia e auditimeve klinike p\u00ebr p\u00ebrmir\u00ebsimin e cil\u00ebsis\u00eb s\u00eb kujdesit sh\u00ebndet\u00ebsor, planifikimi dhe kryerja e auditimeve klinike, zhvillimi i nj\u00eb pakete trajnimi p\u00ebr menaxhimin sh\u00ebndet\u00ebsor, identifikimi i objektivave t\u00eb t\u00eb  nx\u00ebnit dhe strukturimi i modulit t\u00eb trajnimit.<\/span><\/p><p><span style=\"font-weight: 400;\">Mesazhet kryesore nga k\u00ebto takime dhe pun\u00ebtori p\u00ebrfshijn\u00eb nj\u00eb plan t\u00eb qart\u00eb p\u00ebr veprimet dhe p\u00ebrmir\u00ebsimet e ardhshme. Kjo p\u00ebrpjekje bashk\u00ebpunuese jo vet\u00ebm q\u00eb siguroi nj\u00eb platform\u00eb jetike p\u00ebr shk\u00ebmbimin e njohurive, por gjithashtu hodhi bazat p\u00ebr p\u00ebrmir\u00ebsime t\u00eb q\u00ebndrueshme n\u00eb menaxhimin e cil\u00ebsis\u00eb s\u00eb kujdesit sh\u00ebndet\u00ebsor dhe n\u00eb praktikat klinike n\u00eb Kosov\u00eb, duke premtuar rezultate m\u00eb t\u00eb mira t\u00eb kujdesit sh\u00ebndet\u00ebsor p\u00ebr t\u00eb ardhmen.<\/span><\/p>\t\t\t\t\t\t<\/div>\n\t\t\t\t<\/div>\n\t\t\t\t\t<\/div>\n\t\t\t\t<\/div>\n\t\t\t\t<\/div>","protected":false},"excerpt":{"rendered":"<p>Workshop Series on Quality Management and Clinical Audits A series of hospital visits and workshops focusing on enhancing healthcare quality management and clinical audits were held from 20-24 May 2024. Senior management and clinical staff from the General Hospitals of Gjakova and Peja, representatives from the Ministry of Health (MoH), and primary healthcare. Led by [&hellip;]<\/p>","protected":false},"author":1,"featured_media":0,"parent":0,"menu_order":0,"comment_status":"closed","ping_status":"closed","template":"","meta":[],"_links":{"self":[{"href":"https:\/\/ihsproject.org\/sq\/wp-json\/wp\/v2\/pages\/13583"}],"collection":[{"href":"https:\/\/ihsproject.org\/sq\/wp-json\/wp\/v2\/pages"}],"about":[{"href":"https:\/\/ihsproject.org\/sq\/wp-json\/wp\/v2\/types\/page"}],"author":[{"embeddable":true,"href":"https:\/\/ihsproject.org\/sq\/wp-json\/wp\/v2\/users\/1"}],"replies":[{"embeddable":true,"href":"https:\/\/ihsproject.org\/sq\/wp-json\/wp\/v2\/comments?post=13583"}],"version-history":[{"count":4,"href":"https:\/\/ihsproject.org\/sq\/wp-json\/wp\/v2\/pages\/13583\/revisions"}],"predecessor-version":[{"id":13590,"href":"https:\/\/ihsproject.org\/sq\/wp-json\/wp\/v2\/pages\/13583\/revisions\/13590"}],"wp:attachment":[{"href":"https:\/\/ihsproject.org\/sq\/wp-json\/wp\/v2\/media?parent=13583"}],"curies":[{"name":"wp","href":"https:\/\/api.w.org\/{rel}","templated":true}]}}