{"id":13564,"date":"2024-05-27T13:08:56","date_gmt":"2024-05-27T13:08:56","guid":{"rendered":"https:\/\/ihsproject.org\/?page_id=13564"},"modified":"2024-05-27T13:16:44","modified_gmt":"2024-05-27T13:16:44","slug":"may-24-2024","status":"publish","type":"page","link":"https:\/\/ihsproject.org\/sq\/may-24-2024\/","title":{"rendered":"Maj 24, 2024"},"content":{"rendered":"<div data-elementor-type=\"wp-page\" data-elementor-id=\"13564\" class=\"elementor elementor-13564\">\n\t\t\t\t<div class=\"elementor-element elementor-element-5c024ddd e-flex e-con-boxed e-con e-parent\" data-id=\"5c024ddd\" data-element_type=\"container\" data-core-v316-plus=\"true\">\n\t\t\t\t\t<div class=\"e-con-inner\">\n\t\t\t\t<div class=\"elementor-element elementor-element-3010aa48 elementor-widget elementor-widget-image\" data-id=\"3010aa48\" data-element_type=\"widget\" data-widget_type=\"image.default\">\n\t\t\t\t<div class=\"elementor-widget-container\">\n\t\t\t\t\t\t\t\t\t\t\t\t\t<img fetchpriority=\"high\" decoding=\"async\" width=\"2048\" height=\"1365\" src=\"https:\/\/ihsproject.org\/wp-content\/uploads\/2024\/05\/2024-05-27-PRAK-Poland.jpg\" class=\"attachment-full size-full wp-image-13567\" alt=\"\" srcset=\"https:\/\/ihsproject.org\/wp-content\/uploads\/2024\/05\/2024-05-27-PRAK-Poland.jpg 2048w, https:\/\/ihsproject.org\/wp-content\/uploads\/2024\/05\/2024-05-27-PRAK-Poland-300x200.jpg 300w, https:\/\/ihsproject.org\/wp-content\/uploads\/2024\/05\/2024-05-27-PRAK-Poland-1024x683.jpg 1024w, https:\/\/ihsproject.org\/wp-content\/uploads\/2024\/05\/2024-05-27-PRAK-Poland-768x512.jpg 768w, https:\/\/ihsproject.org\/wp-content\/uploads\/2024\/05\/2024-05-27-PRAK-Poland-1536x1024.jpg 1536w, https:\/\/ihsproject.org\/wp-content\/uploads\/2024\/05\/2024-05-27-PRAK-Poland-18x12.jpg 18w\" sizes=\"(max-width: 2048px) 100vw, 2048px\" \/>\t\t\t\t\t\t\t\t\t\t\t\t\t<\/div>\n\t\t\t\t<\/div>\n\t\t\t\t\t<\/div>\n\t\t\t\t<\/div>\n\t\t<div class=\"elementor-element elementor-element-1cbce5b e-flex e-con-boxed e-con e-parent\" data-id=\"1cbce5b\" data-element_type=\"container\" data-core-v316-plus=\"true\">\n\t\t\t\t\t<div class=\"e-con-inner\">\n\t\t\t\t<div class=\"elementor-element elementor-element-6dbc6656 elementor-widget elementor-widget-heading\" data-id=\"6dbc6656\" data-element_type=\"widget\" data-widget_type=\"heading.default\">\n\t\t\t\t<div class=\"elementor-widget-container\">\n\t\t\t<h2 class=\"elementor-heading-title elementor-size-default\">Shoqata e t\u00eb Drejtave t\u00eb Pacient\u00ebve t\u00eb Kosov\u00ebs viziton Polonin\u00eb p\u00ebr shk\u00ebmbim t\u00eb praktikave m\u00eb t\u00eb mira<\/h2>\t\t<\/div>\n\t\t\t\t<\/div>\n\t\t\t\t<div class=\"elementor-element elementor-element-2f2eb682 elementor-widget elementor-widget-text-editor\" data-id=\"2f2eb682\" data-element_type=\"widget\" data-widget_type=\"text-editor.default\">\n\t\t\t\t<div class=\"elementor-widget-container\">\n\t\t\t\t\t\t\t<p><span style=\"font-weight: 400;\">N\u00eb maj t\u00eb vitit 2024, p\u00ebrfaq\u00ebsuesit e Shoqat\u00ebs s\u00eb t\u00eb Drejtave t\u00eb Pacient\u00ebve n\u00eb Kosov\u00eb (PRAK), bashke me Shoqat\u00ebn e Diabetit t\u00eb Pej\u00ebs dhe Shoqat\u00ebn e Hemofilis\u00eb s\u00eb Kosov\u00ebs, vizituan Polonin\u00eb p\u00ebr t\u00eb shk\u00ebmbyer njohuri dhe praktika t\u00eb mira mbi t\u00eb drejtat e pacient\u00ebve dhe menaxhimin e kujdesit sh\u00ebndet\u00ebsor. Kjo vizit\u00eb, e mund\u00ebsuar nga Projekti IHS, synon t\u00eb zgjeroj\u00eb kapacitetet e organizatave t\u00eb pacient\u00ebve n\u00eb Kosov\u00eb dhe t\u00eb forcoj\u00eb bashk\u00ebpunimin e tyre.<\/span><\/p><p><span style=\"font-weight: 400;\">N\u00eb dit\u00ebn e par\u00eb, delegacioni u prit nga Z\u00ebvend\u00ebsministri i Sh\u00ebndet\u00ebsis\u00eb s\u00eb Polonis\u00eb, z. Marek Kos, p\u00ebr t\u00eb diskutuar bashk\u00ebpunimin me organizatat e pacient\u00ebve. Vizita p\u00ebrfshiu edhe nj\u00eb takim me K\u00ebshillin e Organizatave t\u00eb Pacient\u00ebve, i krijuar nga Ministria e Sh\u00ebndet\u00ebsis\u00eb s\u00eb Polonis\u00eb, ku delegacioni v\u00ebzhgoi nismat p\u00ebr fuqizimin e pacient\u00ebve polak\u00eb n\u00eb sh\u00ebrbimet sh\u00ebndet\u00ebsore.<\/span><\/p><p><span style=\"font-weight: 400;\">P\u00ebrfaq\u00ebsuesit nga Kosova u takuan me Avokatin e t\u00eb Drejtave t\u00eb Pacient\u00ebve n\u00eb Poloni, z. Jaros\u0142aw Fiks, dhe eksploruan mekanizmat e vendosur p\u00ebr monitorimin e t\u00eb drejtave t\u00eb pacient\u00ebve. Z. Jakub Adamski, Drejtor i Departamentit t\u00eb Bashk\u00ebpunimit, theksoi r\u00ebnd\u00ebsin\u00eb e partneriteteve me OJQ-t\u00eb dhe prezantoi rolin e Avokatit n\u00eb ndihm\u00eb t\u00eb pacient\u00ebve.<\/span><\/p><p><span style=\"font-weight: 400;\">Dita e tret\u00eb p\u00ebrfshiu nj\u00eb takim me Shoqat\u00ebn e Diabetit t\u00eb Polonis\u00eb dhe nj\u00eb vizit\u00eb n\u00eb nj\u00eb Qend\u00ebr Azili. K\u00ebto angazhime ofruan njohuri mbi metodat organizative dhe fushatat e vet\u00ebdij\u00ebsimit t\u00eb komunitetit, duke ofruar mund\u00ebsi t\u00eb vlefshme p\u00ebr t\u00eb shk\u00ebmbyer p\u00ebrvoja dhe p\u00ebr t\u00eb p\u00ebrmir\u00ebsuar aktivitetet n\u00eb komunitet.<\/span><\/p><p><span style=\"font-weight: 400;\">\"Vizita n\u00eb Poloni ishte shum\u00eb e vlefshme p\u00ebr organizatat tona. Na mund\u00ebsoi t\u00eb shk\u00ebmbenim njohuri kritike dhe praktika t\u00eb mira me koleg\u00ebt tan\u00eb polak\u00eb, duke p\u00ebrmir\u00ebsuar aft\u00ebsin\u00eb ton\u00eb p\u00ebr t\u00eb mbrojtur t\u00eb drejtat e pacient\u00ebve dhe p\u00ebr t\u00eb p\u00ebrmir\u00ebsuar sh\u00ebrbimet sh\u00ebndet\u00ebsore n\u00eb Kosov\u00eb. Njohurit\u00eb e fituara dhe marr\u00ebdh\u00ebniet e nd\u00ebrtuara k\u00ebtu pa dyshim do t\u00eb forcojn\u00eb p\u00ebrpjekjet tona p\u00ebr t\u00eb fuqizuar pacient\u00ebt dhe p\u00ebr t\u00eb siguruar q\u00eb z\u00ebrat e tyre t\u00eb d\u00ebgjohen n\u00eb sistemin sh\u00ebndet\u00ebsor,\" tha Agron Bytyqi, nga Bordi i PRAK.\u00a0<\/span><\/p><p><span style=\"font-weight: 400;\">Kjo vizit\u00eb sh\u00ebnon nj\u00eb hap t\u00eb r\u00ebnd\u00ebsish\u00ebm n\u00eb forcimin e bashk\u00ebpunimit nd\u00ebrkomb\u00ebtar dhe p\u00ebrmir\u00ebsimin e avokimit p\u00ebr t\u00eb drejtat e pacient\u00ebve p\u00ebr organizatat e Kosov\u00ebs. <\/span><\/p>\t\t\t\t\t\t<\/div>\n\t\t\t\t<\/div>\n\t\t\t\t\t<\/div>\n\t\t\t\t<\/div>\n\t\t\t\t<\/div>","protected":false},"excerpt":{"rendered":"<p>Patient Rights Association of Kosovo Visits Poland to Exchange Best Practices In May 2024, representatives from the Patient Rights Association in Kosovo (PRAK), along with the Diabetes Association of Peja and the Hemophilia Association of Kosovo, visited Poland to exchange knowledge and best practices on patient rights and healthcare management. This visit, facilitated by the [&hellip;]<\/p>","protected":false},"author":1,"featured_media":0,"parent":0,"menu_order":0,"comment_status":"closed","ping_status":"closed","template":"","meta":[],"_links":{"self":[{"href":"https:\/\/ihsproject.org\/sq\/wp-json\/wp\/v2\/pages\/13564"}],"collection":[{"href":"https:\/\/ihsproject.org\/sq\/wp-json\/wp\/v2\/pages"}],"about":[{"href":"https:\/\/ihsproject.org\/sq\/wp-json\/wp\/v2\/types\/page"}],"author":[{"embeddable":true,"href":"https:\/\/ihsproject.org\/sq\/wp-json\/wp\/v2\/users\/1"}],"replies":[{"embeddable":true,"href":"https:\/\/ihsproject.org\/sq\/wp-json\/wp\/v2\/comments?post=13564"}],"version-history":[{"count":6,"href":"https:\/\/ihsproject.org\/sq\/wp-json\/wp\/v2\/pages\/13564\/revisions"}],"predecessor-version":[{"id":13582,"href":"https:\/\/ihsproject.org\/sq\/wp-json\/wp\/v2\/pages\/13564\/revisions\/13582"}],"wp:attachment":[{"href":"https:\/\/ihsproject.org\/sq\/wp-json\/wp\/v2\/media?parent=13564"}],"curies":[{"name":"wp","href":"https:\/\/api.w.org\/{rel}","templated":true}]}}