{"id":13535,"date":"2024-05-13T14:04:32","date_gmt":"2024-05-13T14:04:32","guid":{"rendered":"https:\/\/ihsproject.org\/?page_id=13535"},"modified":"2024-05-13T14:05:37","modified_gmt":"2024-05-13T14:05:37","slug":"may-13-2024","status":"publish","type":"page","link":"https:\/\/ihsproject.org\/sq\/may-13-2024\/","title":{"rendered":"Maj 13, 2024"},"content":{"rendered":"<div data-elementor-type=\"wp-page\" data-elementor-id=\"13535\" class=\"elementor elementor-13535\">\n\t\t\t\t<div class=\"elementor-element elementor-element-c420edf e-flex e-con-boxed e-con e-parent\" data-id=\"c420edf\" data-element_type=\"container\" data-core-v316-plus=\"true\">\n\t\t\t\t\t<div class=\"e-con-inner\">\n\t\t\t\t<div class=\"elementor-element elementor-element-86bebed elementor-widget elementor-widget-image\" data-id=\"86bebed\" data-element_type=\"widget\" data-widget_type=\"image.default\">\n\t\t\t\t<div class=\"elementor-widget-container\">\n\t\t\t\t\t\t\t\t\t\t\t\t\t<img fetchpriority=\"high\" decoding=\"async\" width=\"1600\" height=\"900\" src=\"https:\/\/ihsproject.org\/wp-content\/uploads\/2024\/05\/IHS-and-PRAK-Sign-Institutional-Grant-Agreement.jpg\" class=\"attachment-full size-full wp-image-13533\" alt=\"\" srcset=\"https:\/\/ihsproject.org\/wp-content\/uploads\/2024\/05\/IHS-and-PRAK-Sign-Institutional-Grant-Agreement.jpg 1600w, https:\/\/ihsproject.org\/wp-content\/uploads\/2024\/05\/IHS-and-PRAK-Sign-Institutional-Grant-Agreement-300x169.jpg 300w, https:\/\/ihsproject.org\/wp-content\/uploads\/2024\/05\/IHS-and-PRAK-Sign-Institutional-Grant-Agreement-1024x576.jpg 1024w, https:\/\/ihsproject.org\/wp-content\/uploads\/2024\/05\/IHS-and-PRAK-Sign-Institutional-Grant-Agreement-768x432.jpg 768w, https:\/\/ihsproject.org\/wp-content\/uploads\/2024\/05\/IHS-and-PRAK-Sign-Institutional-Grant-Agreement-1536x864.jpg 1536w, https:\/\/ihsproject.org\/wp-content\/uploads\/2024\/05\/IHS-and-PRAK-Sign-Institutional-Grant-Agreement-18x10.jpg 18w\" sizes=\"(max-width: 1600px) 100vw, 1600px\" \/>\t\t\t\t\t\t\t\t\t\t\t\t\t<\/div>\n\t\t\t\t<\/div>\n\t\t\t\t\t<\/div>\n\t\t\t\t<\/div>\n\t\t<div class=\"elementor-element elementor-element-d088f4c e-flex e-con-boxed e-con e-parent\" data-id=\"d088f4c\" data-element_type=\"container\" data-core-v316-plus=\"true\">\n\t\t\t\t\t<div class=\"e-con-inner\">\n\t\t\t\t<div class=\"elementor-element elementor-element-301d66d elementor-widget elementor-widget-heading\" data-id=\"301d66d\" data-element_type=\"widget\" data-widget_type=\"heading.default\">\n\t\t\t\t<div class=\"elementor-widget-container\">\n\t\t\t<h2 class=\"elementor-heading-title elementor-size-default\">IHS dhe PRAK n\u00ebnshkruajn\u00eb marr\u00ebveshje p\u00ebr grant institucional <\/h2>\t\t<\/div>\n\t\t\t\t<\/div>\n\t\t\t\t<div class=\"elementor-element elementor-element-2dd94a6 elementor-widget elementor-widget-text-editor\" data-id=\"2dd94a6\" data-element_type=\"widget\" data-widget_type=\"text-editor.default\">\n\t\t\t\t<div class=\"elementor-widget-container\">\n\t\t\t\t\t\t\t<p>M\u00eb 13 maj 2024, projekti Sh\u00ebrbimet Sh\u00ebndet\u00ebsore t\u00eb Integruara (IHS) dhe Shoqata p\u00ebr t\u00eb Drejtat e Pacient\u00ebve n\u00eb Kosov\u00eb (PRAK) n\u00ebnshkruan nj\u00eb grant institucional q\u00eb synon transformimin e PRAK-ut n\u00eb nj\u00eb organizat\u00eb t\u00eb q\u00ebndrueshme dhe m\u00eb gjith\u00ebp\u00ebrfshir\u00ebse.<span class=\"Apple-converted-space\">\u00a0<\/span><\/p><p>Granti do t'i siguroj\u00eb PRAK-ut burimet e nevojshme p\u00ebr t\u00eb zbatuar ristrukturimin organizativ, p\u00ebr t\u00eb zgjeruar kapacitetet dhe p\u00ebr t\u00eb rritur m\u00eb tej profilin e tij publik dhe rrjet\u00ebzimin. Nj\u00eb transformim i till\u00eb synon t\u00eb mb\u00ebshtes\u00eb PRAK-un n\u00eb misionin e tij t\u00eb kujdesit ku pacienti, n\u00eb sistemin sh\u00ebndet\u00ebsor t\u00eb Kosov\u00ebs, \u00ebsht\u00eb n\u00eb qend\u00ebr.<\/p><p>\u201cSot sh\u00ebnon nj\u00eb moment ky\u00e7 p\u00ebr PRAK-un, pasi ne po nisim nj\u00eb udh\u00ebtim transformues drejt q\u00ebndrueshm\u00ebris\u00eb dhe ndikimit m\u00eb t\u00eb madh\u201d, tha Besim Kodra, Menaxher i Programit t\u00eb PRAK-ut. \u201cMe mb\u00ebshtetjen e IHS-s\u00eb, jemi t\u00eb vendosur t\u00eb p\u00ebrmir\u00ebsojm\u00eb struktur\u00ebn dhe programet tona, duke siguruar q\u00eb angazhimi yn\u00eb p\u00ebr mbrojtjen e t\u00eb drejtave t\u00eb pacient\u00ebve t\u00eb mbetet i fort\u00eb\u201d.<\/p><p>IHS-ja \u00ebsht\u00eb e p\u00ebrkushtuar t\u00eb mb\u00ebshtes\u00eb PRAK-un p\u00ebrmes hapave t\u00eb qart\u00eb dhe t\u00eb matsh\u00ebm t\u00eb projektuar p\u00ebr t\u00eb rritur efikasitetin dhe transparenc\u00ebn operacionale. Kjo p\u00ebrfshin nxitjen e partneriteteve me organizata t\u00eb tjera p\u00ebr t\u00eb shfryt\u00ebzuar burimet dhe ekspertiz\u00ebn, p\u00ebr t\u00eb diversifikuar z\u00ebrat e pacient\u00ebve dhe p\u00ebr t\u00eb p\u00ebrforcuar p\u00ebrpjekjet p\u00ebr avokim.<\/p><p>Kjo marr\u00ebveshje n\u00ebnkupton nj\u00eb l\u00ebvizje strategjike drejt p\u00ebrforcimit t\u00eb m\u00ebtejsh\u00ebm t\u00eb PRAK-ut, ku fokusi mbetet n\u00eb p\u00ebrmir\u00ebsimin e rezultateve t\u00eb kujdesit sh\u00ebndet\u00ebsor dhe n\u00eb avokimin p\u00ebr t\u00eb drejtat dhe nevojat e pacient\u00ebve n\u00eb t\u00eb gjith\u00eb vendin\u201d, tha Dr. Ilir Mecini, Z\u00ebvend\u00ebs Drejtues i Ekipit t\u00eb IHS-s\u00eb.<span class=\"Apple-converted-space\">\u00a0<\/span><\/p>\t\t\t\t\t\t<\/div>\n\t\t\t\t<\/div>\n\t\t\t\t\t<\/div>\n\t\t\t\t<\/div>\n\t\t\t\t<\/div>","protected":false},"excerpt":{"rendered":"<p>IHS and PRAK Sign Institutional Grant Agreement On 13 May 2024, the Integrated Health Services (IHS) project and the Patients\u2019 Rights Association of Kosovo (PRAK) signed an institutional grant aimed at transforming PRAK into a sustainable and more inclusive organization.\u00a0 The grant will provide PRAK with the necessary resources to implement organizational restructuring, expand capacities, [&hellip;]<\/p>","protected":false},"author":1,"featured_media":0,"parent":0,"menu_order":0,"comment_status":"closed","ping_status":"closed","template":"","meta":[],"_links":{"self":[{"href":"https:\/\/ihsproject.org\/sq\/wp-json\/wp\/v2\/pages\/13535"}],"collection":[{"href":"https:\/\/ihsproject.org\/sq\/wp-json\/wp\/v2\/pages"}],"about":[{"href":"https:\/\/ihsproject.org\/sq\/wp-json\/wp\/v2\/types\/page"}],"author":[{"embeddable":true,"href":"https:\/\/ihsproject.org\/sq\/wp-json\/wp\/v2\/users\/1"}],"replies":[{"embeddable":true,"href":"https:\/\/ihsproject.org\/sq\/wp-json\/wp\/v2\/comments?post=13535"}],"version-history":[{"count":4,"href":"https:\/\/ihsproject.org\/sq\/wp-json\/wp\/v2\/pages\/13535\/revisions"}],"predecessor-version":[{"id":13540,"href":"https:\/\/ihsproject.org\/sq\/wp-json\/wp\/v2\/pages\/13535\/revisions\/13540"}],"wp:attachment":[{"href":"https:\/\/ihsproject.org\/sq\/wp-json\/wp\/v2\/media?parent=13535"}],"curies":[{"name":"wp","href":"https:\/\/api.w.org\/{rel}","templated":true}]}}