{"id":13486,"date":"2024-04-23T16:15:06","date_gmt":"2024-04-23T16:15:06","guid":{"rendered":"https:\/\/ihsproject.org\/?page_id=13486"},"modified":"2024-04-23T16:16:52","modified_gmt":"2024-04-23T16:16:52","slug":"april-23-2024","status":"publish","type":"page","link":"https:\/\/ihsproject.org\/sq\/april-23-2024\/","title":{"rendered":"Prill 23, 2024"},"content":{"rendered":"<div data-elementor-type=\"wp-page\" data-elementor-id=\"13486\" class=\"elementor elementor-13486\">\n\t\t\t\t<div class=\"elementor-element elementor-element-2384261 e-flex e-con-boxed e-con e-parent\" data-id=\"2384261\" data-element_type=\"container\" data-core-v316-plus=\"true\">\n\t\t\t\t\t<div class=\"e-con-inner\">\n\t\t\t\t<div class=\"elementor-element elementor-element-e6e78f3 elementor-widget elementor-widget-image\" data-id=\"e6e78f3\" data-element_type=\"widget\" data-widget_type=\"image.default\">\n\t\t\t\t<div class=\"elementor-widget-container\">\n\t\t\t\t\t\t\t\t\t\t\t\t\t<img fetchpriority=\"high\" decoding=\"async\" width=\"1600\" height=\"900\" src=\"https:\/\/ihsproject.org\/wp-content\/uploads\/2024\/04\/IHS_Launches_Package_of_Specialized_Nurse_Training_Programs_to_Enhance_Clinical_Supervision.jpg\" class=\"attachment-full size-full wp-image-13490\" alt=\"\" srcset=\"https:\/\/ihsproject.org\/wp-content\/uploads\/2024\/04\/IHS_Launches_Package_of_Specialized_Nurse_Training_Programs_to_Enhance_Clinical_Supervision.jpg 1600w, https:\/\/ihsproject.org\/wp-content\/uploads\/2024\/04\/IHS_Launches_Package_of_Specialized_Nurse_Training_Programs_to_Enhance_Clinical_Supervision-300x169.jpg 300w, https:\/\/ihsproject.org\/wp-content\/uploads\/2024\/04\/IHS_Launches_Package_of_Specialized_Nurse_Training_Programs_to_Enhance_Clinical_Supervision-1024x576.jpg 1024w, https:\/\/ihsproject.org\/wp-content\/uploads\/2024\/04\/IHS_Launches_Package_of_Specialized_Nurse_Training_Programs_to_Enhance_Clinical_Supervision-768x432.jpg 768w, https:\/\/ihsproject.org\/wp-content\/uploads\/2024\/04\/IHS_Launches_Package_of_Specialized_Nurse_Training_Programs_to_Enhance_Clinical_Supervision-1536x864.jpg 1536w, https:\/\/ihsproject.org\/wp-content\/uploads\/2024\/04\/IHS_Launches_Package_of_Specialized_Nurse_Training_Programs_to_Enhance_Clinical_Supervision-18x10.jpg 18w\" sizes=\"(max-width: 1600px) 100vw, 1600px\" \/>\t\t\t\t\t\t\t\t\t\t\t\t\t<\/div>\n\t\t\t\t<\/div>\n\t\t\t\t\t<\/div>\n\t\t\t\t<\/div>\n\t\t<div class=\"elementor-element elementor-element-8effdc1 e-flex e-con-boxed e-con e-parent\" data-id=\"8effdc1\" data-element_type=\"container\" data-core-v316-plus=\"true\">\n\t\t\t\t\t<div class=\"e-con-inner\">\n\t\t\t\t<div class=\"elementor-element elementor-element-c75d870 elementor-widget elementor-widget-heading\" data-id=\"c75d870\" data-element_type=\"widget\" data-widget_type=\"heading.default\">\n\t\t\t\t<div class=\"elementor-widget-container\">\n\t\t\t<h2 class=\"elementor-heading-title elementor-size-default\">IHS lanson paket\u00ebn e programeve t\u00eb specializuara t\u00eb trajnimit t\u00eb infermier\u00ebve p\u00ebr t\u00eb rritur mbik\u00ebqyrjen klinike<\/h2>\t\t<\/div>\n\t\t\t\t<\/div>\n\t\t\t\t<div class=\"elementor-element elementor-element-6902e96 elementor-widget elementor-widget-text-editor\" data-id=\"6902e96\" data-element_type=\"widget\" data-widget_type=\"text-editor.default\">\n\t\t\t\t<div class=\"elementor-widget-container\">\n\t\t\t\t\t\t\t<p>K\u00ebt\u00eb jav\u00eb, IHS lansoi n\u00eb bashk\u00ebpunim me Spitalin e P\u00ebrgjithsh\u00ebm t\u00eb Pej\u00ebs dhe Gjakov\u00ebs nj\u00eb paket\u00eb t\u00eb akredituar t\u00eb programeve t\u00eb trajnimit t\u00eb infermier\u00ebve q\u00eb synojn\u00eb rritjen e mbik\u00ebqyrjes klinike n\u00eb kujdesin sh\u00ebndet\u00ebsor. T\u00eb zhvilluara n\u00eb baz\u00eb t\u00eb Vler\u00ebsimit t\u00eb Nevojave p\u00ebr Trajnim p\u00ebr profesionist\u00ebt sh\u00ebndet\u00ebsor\u00eb dhe t\u00eb akredituara nga Oda e Infermier\u00ebve t\u00eb Kosov\u00ebs, k\u00ebto programe ofrojn\u00eb 10 pik\u00eb krediti secili, duke siguruar rritje t\u00eb njohurive dhe shkatht\u00ebsiv\u00eb.<\/p><p>Kurrikula e programeve \u00ebsht\u00eb krijuar p\u00ebr t\u00eb p\u00ebrmir\u00ebsuar standardet e infermieris\u00eb. Faza fillestare synon af\u00ebrsisht 400 infermier\u00eb nga spitalet e p\u00ebrgjithshme t\u00eb Pej\u00ebs dhe Gjakov\u00ebs. K\u00ebto sesione, q\u00eb zgjasin deri n\u00eb fund t\u00eb vitit, p\u00ebrputhen me udh\u00ebzimet e akreditimit dhe synojn\u00eb t\u00eb fuqizojn\u00eb infermier\u00ebt me njohuri praktike. N\u00eb Gjakov\u00eb fokusi \u00ebsht\u00eb n\u00eb mbik\u00ebqyrjen klinike, nd\u00ebrsa n\u00eb Pej\u00eb fokusi \u00ebsht\u00eb n\u00eb kujdesin infermieror p\u00ebr pacient\u00ebt me s\u00ebmundje kronike (diabet dhe hipertension), dhe kujdesi infermieror p\u00ebr pacient\u00ebt me k\u00ebmb\u00eb diabetike.<\/p><p>Duke nxitur m\u00ebsimin e vazhduesh\u00ebm dhe zhvillimin profesional, IHS dhe menaxhmenti i spitaleve shtyjn\u00eb p\u00ebrpara praktik\u00ebn infermierore, duke rritur rezultatet p\u00ebr pacient\u00eb.<\/p>\t\t\t\t\t\t<\/div>\n\t\t\t\t<\/div>\n\t\t\t\t\t<\/div>\n\t\t\t\t<\/div>\n\t\t\t\t<\/div>","protected":false},"excerpt":{"rendered":"<p>IHS Launches Package of Specialized Nurse Training Programs to Enhance Clinical Supervision This week, IHS launched in collaboration with the General Hospitals of Peja and Gjakova an accredited package of nurse training programs aimed at enhancing clinical supervision in healthcare. Developed on basis of the Training Needs Assessment for health professionals and accredited by the [&hellip;]<\/p>","protected":false},"author":1,"featured_media":0,"parent":0,"menu_order":0,"comment_status":"closed","ping_status":"closed","template":"","meta":[],"_links":{"self":[{"href":"https:\/\/ihsproject.org\/sq\/wp-json\/wp\/v2\/pages\/13486"}],"collection":[{"href":"https:\/\/ihsproject.org\/sq\/wp-json\/wp\/v2\/pages"}],"about":[{"href":"https:\/\/ihsproject.org\/sq\/wp-json\/wp\/v2\/types\/page"}],"author":[{"embeddable":true,"href":"https:\/\/ihsproject.org\/sq\/wp-json\/wp\/v2\/users\/1"}],"replies":[{"embeddable":true,"href":"https:\/\/ihsproject.org\/sq\/wp-json\/wp\/v2\/comments?post=13486"}],"version-history":[{"count":4,"href":"https:\/\/ihsproject.org\/sq\/wp-json\/wp\/v2\/pages\/13486\/revisions"}],"predecessor-version":[{"id":13493,"href":"https:\/\/ihsproject.org\/sq\/wp-json\/wp\/v2\/pages\/13486\/revisions\/13493"}],"wp:attachment":[{"href":"https:\/\/ihsproject.org\/sq\/wp-json\/wp\/v2\/media?parent=13486"}],"curies":[{"name":"wp","href":"https:\/\/api.w.org\/{rel}","templated":true}]}}