{"id":13472,"date":"2024-04-22T19:39:51","date_gmt":"2024-04-22T19:39:51","guid":{"rendered":"https:\/\/ihsproject.org\/?page_id=13472"},"modified":"2024-04-22T19:42:09","modified_gmt":"2024-04-22T19:42:09","slug":"april-18-2024","status":"publish","type":"page","link":"https:\/\/ihsproject.org\/sq\/april-18-2024\/","title":{"rendered":"Prill 18, 2024"},"content":{"rendered":"<div data-elementor-type=\"wp-page\" data-elementor-id=\"13472\" class=\"elementor elementor-13472\">\n\t\t\t\t<div class=\"elementor-element elementor-element-9ec6fbf e-flex e-con-boxed e-con e-parent\" data-id=\"9ec6fbf\" data-element_type=\"container\" data-core-v316-plus=\"true\">\n\t\t\t\t\t<div class=\"e-con-inner\">\n\t\t\t\t<div class=\"elementor-element elementor-element-f752670 elementor-widget elementor-widget-image\" data-id=\"f752670\" data-element_type=\"widget\" data-widget_type=\"image.default\">\n\t\t\t\t<div class=\"elementor-widget-container\">\n\t\t\t\t\t\t\t\t\t\t\t\t\t<img fetchpriority=\"high\" decoding=\"async\" width=\"1600\" height=\"900\" src=\"https:\/\/ihsproject.org\/wp-content\/uploads\/2024\/04\/Marking_European_Patients_Rights_Day.jpg\" class=\"attachment-full size-full wp-image-13476\" alt=\"\" srcset=\"https:\/\/ihsproject.org\/wp-content\/uploads\/2024\/04\/Marking_European_Patients_Rights_Day.jpg 1600w, https:\/\/ihsproject.org\/wp-content\/uploads\/2024\/04\/Marking_European_Patients_Rights_Day-300x169.jpg 300w, https:\/\/ihsproject.org\/wp-content\/uploads\/2024\/04\/Marking_European_Patients_Rights_Day-1024x576.jpg 1024w, https:\/\/ihsproject.org\/wp-content\/uploads\/2024\/04\/Marking_European_Patients_Rights_Day-768x432.jpg 768w, https:\/\/ihsproject.org\/wp-content\/uploads\/2024\/04\/Marking_European_Patients_Rights_Day-1536x864.jpg 1536w, https:\/\/ihsproject.org\/wp-content\/uploads\/2024\/04\/Marking_European_Patients_Rights_Day-18x10.jpg 18w\" sizes=\"(max-width: 1600px) 100vw, 1600px\" \/>\t\t\t\t\t\t\t\t\t\t\t\t\t<\/div>\n\t\t\t\t<\/div>\n\t\t\t\t\t<\/div>\n\t\t\t\t<\/div>\n\t\t<div class=\"elementor-element elementor-element-db6d5f1 e-flex e-con-boxed e-con e-parent\" data-id=\"db6d5f1\" data-element_type=\"container\" data-core-v316-plus=\"true\">\n\t\t\t\t\t<div class=\"e-con-inner\">\n\t\t\t\t<div class=\"elementor-element elementor-element-b609396 elementor-widget elementor-widget-heading\" data-id=\"b609396\" data-element_type=\"widget\" data-widget_type=\"heading.default\">\n\t\t\t\t<div class=\"elementor-widget-container\">\n\t\t\t<h2 class=\"elementor-heading-title elementor-size-default\">Sh\u00ebnimi i Dit\u00ebs Evropiane t\u00eb t\u00eb Drejtave t\u00eb Pacient\u00ebve<\/h2>\t\t<\/div>\n\t\t\t\t<\/div>\n\t\t\t\t<div class=\"elementor-element elementor-element-60abab4 elementor-widget elementor-widget-text-editor\" data-id=\"60abab4\" data-element_type=\"widget\" data-widget_type=\"text-editor.default\">\n\t\t\t\t<div class=\"elementor-widget-container\">\n\t\t\t\t\t\t\t<p>Me tem\u00ebn \u201cZgjedhja e mjekut, e drejta e t\u00eb gjith\u00ebve\u201d, Shoqata p\u00ebr t\u00eb Drejtat e Pacient\u00ebve t\u00eb Kosov\u00ebs (PRAK) sh\u00ebnoi Dit\u00ebn Evropiane t\u00eb t\u00eb Drejtave t\u00eb Pacient\u00ebve me nj\u00eb tryez\u00eb t\u00eb rrumbullak\u00ebt n\u00eb Prishtin\u00eb. PRAK prezantoi edhe gjetjet e anket\u00ebs p\u00ebr p\u00ebrzgjedhjen e procesit t\u00eb mjekut t\u00eb familjes n\u00eb Kosov\u00eb.<span class=\"Apple-converted-space\">\u00a0<\/span><\/p><p>\u201cZgjedhja e mjekut \u00ebsht\u00eb e r\u00ebnd\u00ebsishme p\u00ebr pacientin. Mjeku i familjes trajton pacientin, monitoron gjendjen e tij sh\u00ebndet\u00ebsore, vendos n\u00ebse ka nevoj\u00eb p\u00ebr trajtim t\u00eb m\u00ebtejsh\u00ebm dhe e drejton pacientin n\u00eb nivelet m\u00eb t\u00eb larta t\u00eb kujdesit sh\u00ebndet\u00ebsor\u201d, tha Fatmire Koll\u00e7aku, Kryesuese e Komisionit t\u00eb Kuvendit p\u00ebr Sh\u00ebndet\u00ebsi dhe Mir\u00ebqenie Sociale.<\/p><p>P\u00ebr Z\u00ebvend\u00ebsministrin e Sh\u00ebndet\u00ebsis\u00eb Dr. Arsim Berisha, fakti q\u00eb t\u00eb gjith\u00eb aktor\u00ebt ishin t\u00eb pranish\u00ebm n\u00eb tryez\u00eb \u00ebsht\u00eb nj\u00eb tregues i mir\u00eb se t\u00eb drejtat e pacient\u00ebve jan\u00eb nj\u00eb synim i p\u00ebrbashk\u00ebt. \u201cRespektimi dhe fuqizimi i rolit t\u00eb pacient\u00ebve p\u00ebr t'u b\u00ebr\u00eb vendimmarr\u00ebs n\u00eb politikat sh\u00ebndet\u00ebsore por edhe brenda kujdesit sh\u00ebndet\u00ebsor \u00ebsht\u00eb jasht\u00ebzakonisht i r\u00ebnd\u00ebsish\u00ebm, mbi t\u00eb gjitha r\u00ebnd\u00ebsi par\u00ebsore ka komunikimi i mir\u00eb nd\u00ebrmjet punonj\u00ebsve sh\u00ebndet\u00ebsor\u00eb dhe pacient\u00ebve\u201d, tha ai.<span class=\"Apple-converted-space\">\u00a0<\/span><\/p><p>Tryeza u mb\u00ebshtet nga projektet e IHS dhe AQH si pjes\u00eb e mb\u00ebshtetjes s\u00eb tyre p\u00ebr iniciativat p\u00ebr fuqizimin e pacient\u00ebve n\u00eb Kosov\u00eb. <a href=\"https:\/\/tinyurl.com\/ypdv7b2b\">https:\/\/tinyurl.com\/ypdv7b2b<\/a><span class=\"Apple-converted-space\">\u00a0<\/span><\/p>\t\t\t\t\t\t<\/div>\n\t\t\t\t<\/div>\n\t\t\t\t\t<\/div>\n\t\t\t\t<\/div>\n\t\t\t\t<\/div>","protected":false},"excerpt":{"rendered":"<p>Marking European Patients\u2019 Rights Day With the theme \u201cChoosing Your Doctor, Everyone\u2019s Right\u201d, the Patients\u2019 Rights Association of Kosovo (PRAK) marked the European Patients\u2019 Rights Day with a roundtable discussion in Prishtina. PRAK also presented its findings of the survey on the selection of the family doctor process in Kosovo.\u00a0 \u201cThe choice of doctor is [&hellip;]<\/p>","protected":false},"author":1,"featured_media":0,"parent":0,"menu_order":0,"comment_status":"closed","ping_status":"closed","template":"","meta":[],"_links":{"self":[{"href":"https:\/\/ihsproject.org\/sq\/wp-json\/wp\/v2\/pages\/13472"}],"collection":[{"href":"https:\/\/ihsproject.org\/sq\/wp-json\/wp\/v2\/pages"}],"about":[{"href":"https:\/\/ihsproject.org\/sq\/wp-json\/wp\/v2\/types\/page"}],"author":[{"embeddable":true,"href":"https:\/\/ihsproject.org\/sq\/wp-json\/wp\/v2\/users\/1"}],"replies":[{"embeddable":true,"href":"https:\/\/ihsproject.org\/sq\/wp-json\/wp\/v2\/comments?post=13472"}],"version-history":[{"count":4,"href":"https:\/\/ihsproject.org\/sq\/wp-json\/wp\/v2\/pages\/13472\/revisions"}],"predecessor-version":[{"id":13479,"href":"https:\/\/ihsproject.org\/sq\/wp-json\/wp\/v2\/pages\/13472\/revisions\/13479"}],"wp:attachment":[{"href":"https:\/\/ihsproject.org\/sq\/wp-json\/wp\/v2\/media?parent=13472"}],"curies":[{"name":"wp","href":"https:\/\/api.w.org\/{rel}","templated":true}]}}