{"id":13457,"date":"2024-04-22T11:24:00","date_gmt":"2024-04-22T11:24:00","guid":{"rendered":"https:\/\/ihsproject.org\/?page_id=13457"},"modified":"2024-04-22T11:29:57","modified_gmt":"2024-04-22T11:29:57","slug":"april-22-2024","status":"publish","type":"page","link":"https:\/\/ihsproject.org\/sq\/april-22-2024\/","title":{"rendered":"Prill 22, 2024"},"content":{"rendered":"<div data-elementor-type=\"wp-page\" data-elementor-id=\"13457\" class=\"elementor elementor-13457\">\n\t\t\t\t<div class=\"elementor-element elementor-element-47e8bb8 e-flex e-con-boxed e-con e-parent\" data-id=\"47e8bb8\" data-element_type=\"container\" data-core-v316-plus=\"true\">\n\t\t\t\t\t<div class=\"e-con-inner\">\n\t\t\t\t<div class=\"elementor-element elementor-element-40e4329 elementor-widget elementor-widget-image\" data-id=\"40e4329\" data-element_type=\"widget\" data-widget_type=\"image.default\">\n\t\t\t\t<div class=\"elementor-widget-container\">\n\t\t\t\t\t\t\t\t\t\t\t\t\t<img fetchpriority=\"high\" decoding=\"async\" width=\"1600\" height=\"900\" src=\"https:\/\/ihsproject.org\/wp-content\/uploads\/2024\/04\/Journalists_to_Foster_Informed_Public_Discourse_on_Diabetes.jpg\" class=\"attachment-full size-full wp-image-13462\" alt=\"\" srcset=\"https:\/\/ihsproject.org\/wp-content\/uploads\/2024\/04\/Journalists_to_Foster_Informed_Public_Discourse_on_Diabetes.jpg 1600w, https:\/\/ihsproject.org\/wp-content\/uploads\/2024\/04\/Journalists_to_Foster_Informed_Public_Discourse_on_Diabetes-300x169.jpg 300w, https:\/\/ihsproject.org\/wp-content\/uploads\/2024\/04\/Journalists_to_Foster_Informed_Public_Discourse_on_Diabetes-1024x576.jpg 1024w, https:\/\/ihsproject.org\/wp-content\/uploads\/2024\/04\/Journalists_to_Foster_Informed_Public_Discourse_on_Diabetes-768x432.jpg 768w, https:\/\/ihsproject.org\/wp-content\/uploads\/2024\/04\/Journalists_to_Foster_Informed_Public_Discourse_on_Diabetes-1536x864.jpg 1536w, https:\/\/ihsproject.org\/wp-content\/uploads\/2024\/04\/Journalists_to_Foster_Informed_Public_Discourse_on_Diabetes-18x10.jpg 18w\" sizes=\"(max-width: 1600px) 100vw, 1600px\" \/>\t\t\t\t\t\t\t\t\t\t\t\t\t<\/div>\n\t\t\t\t<\/div>\n\t\t\t\t\t<\/div>\n\t\t\t\t<\/div>\n\t\t<div class=\"elementor-element elementor-element-f2369c0 e-flex e-con-boxed e-con e-parent\" data-id=\"f2369c0\" data-element_type=\"container\" data-core-v316-plus=\"true\">\n\t\t\t\t\t<div class=\"e-con-inner\">\n\t\t\t\t<div class=\"elementor-element elementor-element-5176048 elementor-widget elementor-widget-heading\" data-id=\"5176048\" data-element_type=\"widget\" data-widget_type=\"heading.default\">\n\t\t\t\t<div class=\"elementor-widget-container\">\n\t\t\t<h2 class=\"elementor-heading-title elementor-size-default\">Gazetar\u00ebt do t\u00eb nxisin diskutimin publik t\u00eb informuar p\u00ebr diabetin<\/h2>\t\t<\/div>\n\t\t\t\t<\/div>\n\t\t\t\t<div class=\"elementor-element elementor-element-5688311 elementor-widget elementor-widget-text-editor\" data-id=\"5688311\" data-element_type=\"widget\" data-widget_type=\"text-editor.default\">\n\t\t\t\t<div class=\"elementor-widget-container\">\n\t\t\t\t\t\t\t<p>M\u00eb datat 19 \u2013 20 prill 2024, mbi nj\u00ebzet e tre gazetar\u00eb ndoq\u00ebn nj\u00eb trajnim gjith\u00ebp\u00ebrfshir\u00ebs dy-ditor q\u00eb synonte rritjen e kapaciteteve t\u00eb tyre p\u00ebr raportim t\u00eb p\u00ebrgjegjsh\u00ebm p\u00ebr \u00e7\u00ebshtjet sh\u00ebndet\u00ebsore, ve\u00e7an\u00ebrisht p\u00ebr diabetin.<span class=\"Apple-converted-space\">\u00a0<\/span><\/p><p>\"Gazetar\u00ebt sh\u00ebrbejn\u00eb si ura jetike mes informacioneve komplekse t\u00eb kujdesit sh\u00ebndet\u00ebsor dhe publikut t\u00eb gjer\u00eb. Roli i tyre n\u00eb dh\u00ebnien e raportimeve t\u00eb sakta dhe t\u00eb detajuara p\u00ebr \u00e7\u00ebshtjet sh\u00ebndet\u00ebsore \u00ebsht\u00eb shum\u00eb i r\u00ebnd\u00ebsish\u00ebm\", tha Laurent Torche nga Agjencia Zvicerane p\u00ebr Zhvillim dhe Bashk\u00ebpunim n\u00eb Kosov\u00eb gjat\u00eb fjalimit t\u00eb tij hap\u00ebs n\u00eb programin e trajnimit.<\/p><p>Trajnimin e udh\u00ebhoqi nga gazetari me p\u00ebrvoj\u00eb dhe eksperti i komunikimit sh\u00ebndet\u00ebsor Sokol Shameti, ku u mbuluan tema t\u00eb ndryshme duke p\u00ebrfshir\u00eb p\u00ebrkthimin e zhargonit mjek\u00ebsor n\u00eb lajme t\u00eb kuptueshme, ruajtjen e sakt\u00ebsis\u00eb dhe besueshm\u00ebris\u00eb n\u00eb raportimin sh\u00ebndet\u00ebsor, vler\u00ebsimin e burimeve dhe kuptimin e aspekteve etike t\u00eb gazetaris\u00eb sh\u00ebndet\u00ebsore. Pjes\u00ebmarr\u00ebsit ndan\u00eb p\u00ebrvojat e tyre n\u00eb raportimin e temave sh\u00ebndet\u00ebsore, duke hedhur drit\u00eb mbi lajmet q\u00eb fshihen pas titujve.<\/p><p>\u201cTrajnimi do t\u00eb pasohet me tre \u00e7mime q\u00eb do t\u00eb shp\u00ebrndahen m\u00eb 14 n\u00ebntor 2024, n\u00eb Dit\u00ebn Bot\u00ebrore t\u00eb Diabetit, p\u00ebr t\u00eb vler\u00ebsuar raportimet m\u00eb t\u00eb mira p\u00ebr diabetin\u201d, tha Getoarb\u00eb Mulliqi nga Asociacioni i Gazetar\u00ebve t\u00eb Kosov\u00ebs. Q\u00ebllimi i trajnimit edhe i \u00e7mimit \u00ebsht\u00eb fuqizimi i gazetar\u00ebve q\u00eb t\u00eb p\u00ebrdorin platformat e tyre me p\u00ebrgjegj\u00ebsi, duke p\u00ebrdorur gazetarin\u00eb si nj\u00eb mjet p\u00ebr t\u00eb informuar dhe edukuar publikun rreth diabetit dhe \u00e7\u00ebshtjeve t\u00eb tjera sh\u00ebndet\u00ebsore.<\/p><p>Programi i trajnimit dhe i ndarjes s\u00eb \u00e7mimeve u organizua nga projektet Sh\u00ebrbimet Sh\u00ebndet\u00ebsore t\u00eb Integruara (IHS) dhe Kujdesi Sh\u00ebndet\u00ebsor i Qassh\u00ebm dhe Cil\u00ebsor (AQH), t\u00eb dyja k\u00ebto isma t\u00eb p\u00ebrbashk\u00ebta t\u00eb Agjencis\u00eb Zvicerane p\u00ebr Zhvillim dhe Bashk\u00ebpunim (SDC) dhe Ministris\u00eb s\u00eb Sh\u00ebndet\u00ebsis\u00eb s\u00eb Kosov\u00ebs. Trajnimi \u00ebsht\u00eb organizuar n\u00eb bashk\u00ebpunim me Asociacionin e Gazetar\u00ebve t\u00eb Kosov\u00ebs.<span class=\"Apple-converted-space\">\u00a0<\/span><\/p>\t\t\t\t\t\t<\/div>\n\t\t\t\t<\/div>\n\t\t\t\t\t<\/div>\n\t\t\t\t<\/div>\n\t\t\t\t<\/div>","protected":false},"excerpt":{"rendered":"<p>Journalists to Foster Informed Public Discourse on Diabetes On 19 \u2013 20 April 2024, over twenty-three journalists engaged in a comprehensive two-day training session aimed at enhancing their capacity for responsible reporting on health issues, particularly diabetes.\u00a0 &#8220;Journalists serve as vital bridges between complex healthcare information and the general public. Their role in delivering accurate [&hellip;]<\/p>","protected":false},"author":1,"featured_media":0,"parent":0,"menu_order":0,"comment_status":"closed","ping_status":"closed","template":"","meta":[],"_links":{"self":[{"href":"https:\/\/ihsproject.org\/sq\/wp-json\/wp\/v2\/pages\/13457"}],"collection":[{"href":"https:\/\/ihsproject.org\/sq\/wp-json\/wp\/v2\/pages"}],"about":[{"href":"https:\/\/ihsproject.org\/sq\/wp-json\/wp\/v2\/types\/page"}],"author":[{"embeddable":true,"href":"https:\/\/ihsproject.org\/sq\/wp-json\/wp\/v2\/users\/1"}],"replies":[{"embeddable":true,"href":"https:\/\/ihsproject.org\/sq\/wp-json\/wp\/v2\/comments?post=13457"}],"version-history":[{"count":4,"href":"https:\/\/ihsproject.org\/sq\/wp-json\/wp\/v2\/pages\/13457\/revisions"}],"predecessor-version":[{"id":13465,"href":"https:\/\/ihsproject.org\/sq\/wp-json\/wp\/v2\/pages\/13457\/revisions\/13465"}],"wp:attachment":[{"href":"https:\/\/ihsproject.org\/sq\/wp-json\/wp\/v2\/media?parent=13457"}],"curies":[{"name":"wp","href":"https:\/\/api.w.org\/{rel}","templated":true}]}}