{"id":13420,"date":"2024-04-02T12:11:07","date_gmt":"2024-04-02T12:11:07","guid":{"rendered":"https:\/\/ihsproject.org\/?page_id=13420"},"modified":"2025-02-21T11:08:54","modified_gmt":"2025-02-21T11:08:54","slug":"april-02-2024","status":"publish","type":"page","link":"https:\/\/ihsproject.org\/sq\/april-02-2024\/","title":{"rendered":"Prill 02, 2024"},"content":{"rendered":"<div data-elementor-type=\"wp-page\" data-elementor-id=\"13420\" class=\"elementor elementor-13420\">\n\t\t\t\t<div class=\"elementor-element elementor-element-4434771e e-flex e-con-boxed e-con e-parent\" data-id=\"4434771e\" data-element_type=\"container\" data-core-v316-plus=\"true\">\n\t\t\t\t\t<div class=\"e-con-inner\">\n\t\t\t\t<div class=\"elementor-element elementor-element-3533e095 elementor-widget elementor-widget-image\" data-id=\"3533e095\" data-element_type=\"widget\" data-widget_type=\"image.default\">\n\t\t\t\t<div class=\"elementor-widget-container\">\n\t\t\t\t\t\t\t\t\t\t\t\t\t<img fetchpriority=\"high\" decoding=\"async\" width=\"2560\" height=\"1440\" src=\"https:\/\/ihsproject.org\/wp-content\/uploads\/2024\/04\/IMG-dca7656748673d49c7771d864c13fc1b-V-scaled.jpg\" class=\"attachment-full size-full wp-image-13423\" alt=\"\" srcset=\"https:\/\/ihsproject.org\/wp-content\/uploads\/2024\/04\/IMG-dca7656748673d49c7771d864c13fc1b-V-scaled.jpg 2560w, https:\/\/ihsproject.org\/wp-content\/uploads\/2024\/04\/IMG-dca7656748673d49c7771d864c13fc1b-V-300x169.jpg 300w, https:\/\/ihsproject.org\/wp-content\/uploads\/2024\/04\/IMG-dca7656748673d49c7771d864c13fc1b-V-1024x576.jpg 1024w, https:\/\/ihsproject.org\/wp-content\/uploads\/2024\/04\/IMG-dca7656748673d49c7771d864c13fc1b-V-768x432.jpg 768w, https:\/\/ihsproject.org\/wp-content\/uploads\/2024\/04\/IMG-dca7656748673d49c7771d864c13fc1b-V-1536x864.jpg 1536w, https:\/\/ihsproject.org\/wp-content\/uploads\/2024\/04\/IMG-dca7656748673d49c7771d864c13fc1b-V-2048x1152.jpg 2048w, https:\/\/ihsproject.org\/wp-content\/uploads\/2024\/04\/IMG-dca7656748673d49c7771d864c13fc1b-V-18x10.jpg 18w\" sizes=\"(max-width: 2560px) 100vw, 2560px\" \/>\t\t\t\t\t\t\t\t\t\t\t\t\t<\/div>\n\t\t\t\t<\/div>\n\t\t\t\t\t<\/div>\n\t\t\t\t<\/div>\n\t\t<div class=\"elementor-element elementor-element-353776b9 e-flex e-con-boxed e-con e-parent\" data-id=\"353776b9\" data-element_type=\"container\" data-core-v316-plus=\"true\">\n\t\t\t\t\t<div class=\"e-con-inner\">\n\t\t\t\t<div class=\"elementor-element elementor-element-5c11acf9 elementor-widget elementor-widget-heading\" data-id=\"5c11acf9\" data-element_type=\"widget\" data-widget_type=\"heading.default\">\n\t\t\t\t<div class=\"elementor-widget-container\">\n\t\t\t<h2 class=\"elementor-heading-title elementor-size-default\">P\u00ebrfundon rishikimi i librezave t\u00eb pacient\u00ebve p\u00ebr menaxhimin e diabetit dhe hipertensionit<\/h2>\t\t<\/div>\n\t\t\t\t<\/div>\n\t\t\t\t<div class=\"elementor-element elementor-element-50fc632c elementor-widget elementor-widget-text-editor\" data-id=\"50fc632c\" data-element_type=\"widget\" data-widget_type=\"text-editor.default\">\n\t\t\t\t<div class=\"elementor-widget-container\">\n\t\t\t\t\t\t\t<p><span style=\"font-weight: 400;\">N\u00eb takimin q\u00eb u mbajt jav\u00ebn e kaluar, grupi punues q\u00eb mbik\u00ebqyr zhvillimin e librezave t\u00eb pacient\u00ebve p\u00ebr pacient\u00ebt me diabet mellitus dhe hipertension p\u00ebrfundoi rishikimin e librezave. Dr. Merita Emini-Sadiku, kryesuese e grupit punues, theksoi r\u00ebnd\u00ebsin\u00eb e k\u00ebtyre burimeve n\u00eb fuqizimin e pacient\u00ebve p\u00ebr t\u00eb menaxhuar m\u00eb mir\u00eb gjendjet e tyre.<\/span><\/p><p><span style=\"font-weight: 400;\">\u201cDuke pasur parasysh se diabeti dhe hipertensioni jan\u00eb s\u00ebmundje kronike, monitorimi dhe vizitat specialistike p\u00ebr vler\u00ebsimin e gjendjes s\u00eb tyre sh\u00ebndet\u00ebsore dhe t\u00eb komplikimeve kronike \u00ebsht\u00eb thelb\u00ebsor\u201d<\/span><\/p><p><span style=\"font-weight: 400;\">P\u00ebrmbajtja e rishikuar e librezave synon t\u00eb ofroj\u00eb udh\u00ebzime gjith\u00ebp\u00ebrfshir\u00ebse p\u00ebr pacient\u00ebt. Respektimi i rekomandimeve t\u00eb p\u00ebrdit\u00ebsuara \u00ebsht\u00eb optimal p\u00ebr kontrollin e s\u00ebmundjes.<\/span><\/p><p><span style=\"font-weight: 400;\">Dr. Emini-Sadiku foli p\u00ebr ndikimin m\u00eb t\u00eb gjer\u00eb t\u00eb k\u00ebtyre nismave n\u00eb standardet e kujdesit sh\u00ebndet\u00ebsor brenda vendit. \u201cPresim q\u00eb s\u00eb shpejti librezat t\u00eb vihen n\u00eb p\u00ebrdorim p\u00ebr pacient\u00ebt, duke krijuar nj\u00eb standard t\u00eb ri dhe bashk\u00ebkohor n\u00eb nivel vendi p\u00ebr kontrollin e s\u00ebmundjeve kronike m\u00eb t\u00eb shpeshta n\u00eb vend, si\u00e7 jan\u00eb diabeti dhe hipertensioni\u201d, theksoi ajo.<\/span><\/p><p><span style=\"font-weight: 400;\">K\u00ebto libreza p\u00ebr pacient\u00eb promovojn\u00eb menaxhimin proaktiv t\u00eb s\u00ebmundjeve kronike si dhe p\u00ebrfaq\u00ebsojn\u00eb nj\u00eb hap t\u00eb r\u00ebnd\u00ebsish\u00ebm p\u00ebrpara n\u00eb kujdesin me pacientin n\u00eb qend\u00ebr. Grupi punues \u00ebsht\u00eb themeluar nga Ministria e Sh\u00ebndet\u00ebsis\u00eb.<\/span><\/p>\t\t\t\t\t\t<\/div>\n\t\t\t\t<\/div>\n\t\t\t\t\t<\/div>\n\t\t\t\t<\/div>\n\t\t\t\t<\/div>","protected":false},"excerpt":{"rendered":"<p>Review of Patient Booklets for Diabetes and Hypertension Management Concluded At its meeting last week, the Working Group overseeing the development of patient booklets for diabetes mellitus and hypertension concluded its review. Dr. Merita Emini-Sadiku, the chairperson of the working group, highlighted the importance of these resources in empowering patients to better manage their conditions. [&hellip;]<\/p>","protected":false},"author":1,"featured_media":0,"parent":0,"menu_order":0,"comment_status":"closed","ping_status":"closed","template":"","meta":[],"_links":{"self":[{"href":"https:\/\/ihsproject.org\/sq\/wp-json\/wp\/v2\/pages\/13420"}],"collection":[{"href":"https:\/\/ihsproject.org\/sq\/wp-json\/wp\/v2\/pages"}],"about":[{"href":"https:\/\/ihsproject.org\/sq\/wp-json\/wp\/v2\/types\/page"}],"author":[{"embeddable":true,"href":"https:\/\/ihsproject.org\/sq\/wp-json\/wp\/v2\/users\/1"}],"replies":[{"embeddable":true,"href":"https:\/\/ihsproject.org\/sq\/wp-json\/wp\/v2\/comments?post=13420"}],"version-history":[{"count":10,"href":"https:\/\/ihsproject.org\/sq\/wp-json\/wp\/v2\/pages\/13420\/revisions"}],"predecessor-version":[{"id":14471,"href":"https:\/\/ihsproject.org\/sq\/wp-json\/wp\/v2\/pages\/13420\/revisions\/14471"}],"wp:attachment":[{"href":"https:\/\/ihsproject.org\/sq\/wp-json\/wp\/v2\/media?parent=13420"}],"curies":[{"name":"wp","href":"https:\/\/api.w.org\/{rel}","templated":true}]}}