{"id":13400,"date":"2024-03-28T14:07:31","date_gmt":"2024-03-28T14:07:31","guid":{"rendered":"https:\/\/ihsproject.org\/?page_id=13400"},"modified":"2024-03-28T14:08:15","modified_gmt":"2024-03-28T14:08:15","slug":"march-28-2024","status":"publish","type":"page","link":"https:\/\/ihsproject.org\/sq\/march-28-2024\/","title":{"rendered":"Mars 28, 2024"},"content":{"rendered":"<div data-elementor-type=\"wp-page\" data-elementor-id=\"13400\" class=\"elementor elementor-13400\">\n\t\t\t\t<div class=\"elementor-element elementor-element-1d455da5 e-flex e-con-boxed e-con e-parent\" data-id=\"1d455da5\" data-element_type=\"container\" data-core-v316-plus=\"true\">\n\t\t\t\t\t<div class=\"e-con-inner\">\n\t\t\t\t<div class=\"elementor-element elementor-element-433f6808 elementor-widget elementor-widget-image\" data-id=\"433f6808\" data-element_type=\"widget\" data-widget_type=\"image.default\">\n\t\t\t\t<div class=\"elementor-widget-container\">\n\t\t\t\t\t\t\t\t\t\t\t\t\t<img fetchpriority=\"high\" decoding=\"async\" width=\"1600\" height=\"900\" src=\"https:\/\/ihsproject.org\/wp-content\/uploads\/2024\/03\/IMG-017b2e917e086ab9955458b2325f7663-V.jpg\" class=\"attachment-full size-full wp-image-13403\" alt=\"\" srcset=\"https:\/\/ihsproject.org\/wp-content\/uploads\/2024\/03\/IMG-017b2e917e086ab9955458b2325f7663-V.jpg 1600w, https:\/\/ihsproject.org\/wp-content\/uploads\/2024\/03\/IMG-017b2e917e086ab9955458b2325f7663-V-300x169.jpg 300w, https:\/\/ihsproject.org\/wp-content\/uploads\/2024\/03\/IMG-017b2e917e086ab9955458b2325f7663-V-1024x576.jpg 1024w, https:\/\/ihsproject.org\/wp-content\/uploads\/2024\/03\/IMG-017b2e917e086ab9955458b2325f7663-V-768x432.jpg 768w, https:\/\/ihsproject.org\/wp-content\/uploads\/2024\/03\/IMG-017b2e917e086ab9955458b2325f7663-V-1536x864.jpg 1536w, https:\/\/ihsproject.org\/wp-content\/uploads\/2024\/03\/IMG-017b2e917e086ab9955458b2325f7663-V-18x10.jpg 18w\" sizes=\"(max-width: 1600px) 100vw, 1600px\" \/>\t\t\t\t\t\t\t\t\t\t\t\t\t<\/div>\n\t\t\t\t<\/div>\n\t\t\t\t\t<\/div>\n\t\t\t\t<\/div>\n\t\t<div class=\"elementor-element elementor-element-72e359ad e-flex e-con-boxed e-con e-parent\" data-id=\"72e359ad\" data-element_type=\"container\" data-core-v316-plus=\"true\">\n\t\t\t\t\t<div class=\"e-con-inner\">\n\t\t\t\t<div class=\"elementor-element elementor-element-32d5f35a elementor-widget elementor-widget-heading\" data-id=\"32d5f35a\" data-element_type=\"widget\" data-widget_type=\"heading.default\">\n\t\t\t\t<div class=\"elementor-widget-container\">\n\t\t\t<h2 class=\"elementor-heading-title elementor-size-default\">Menaxhimi i cil\u00ebsis\u00eb s\u00eb kujdesit sh\u00ebndet\u00ebsor bashkon grupet punuese<\/h2>\t\t<\/div>\n\t\t\t\t<\/div>\n\t\t\t\t<div class=\"elementor-element elementor-element-79bb12e elementor-widget elementor-widget-text-editor\" data-id=\"79bb12e\" data-element_type=\"widget\" data-widget_type=\"text-editor.default\">\n\t\t\t\t<div class=\"elementor-widget-container\">\n\t\t\t\t\t\t\t<p><span style=\"font-weight: 400;\">K\u00ebt\u00eb jav\u00eb, projekti Sh\u00ebrbime Sh\u00ebndet\u00ebsore t\u00eb Integruara (IHS) fasilitoi dy takime t\u00eb grupeve punuese t\u00eb cil\u00ebt jan\u00eb themeluar nga Ministria e Sh\u00ebndet\u00ebsis\u00eb p\u00ebr t'u marr\u00eb me sistemet e menaxhimit t\u00eb cil\u00ebsis\u00eb brenda institucioneve t\u00eb kujdesit sh\u00ebndet\u00ebsor.<\/span><\/p><p><span style=\"font-weight: 400;\">Diskutimet n\u00eb k\u00ebto takime u p\u00ebrqendruan rreth planeve vjetore t\u00eb veprimit institucional q\u00eb synojn\u00eb p\u00ebrmir\u00ebsimin e korniz\u00ebs s\u00eb menaxhimit t\u00eb cil\u00ebsis\u00eb. Pjes\u00ebmarr\u00ebsit analizuan instrumentet e p\u00ebrdorura n\u00eb k\u00ebt\u00eb aspekt, b\u00ebn\u00eb nj\u00eb vler\u00ebsim gjith\u00ebp\u00ebrfshir\u00ebs t\u00eb Termave t\u00eb Referenc\u00ebs (TeR) p\u00ebr koordinator\u00ebt e cil\u00ebsis\u00eb dhe analizuan dokumentet dhe statutet institucionale, duke siguruar pajtueshm\u00ebri me standardet dhe rregulloret e kujdesit sh\u00ebndet\u00ebsor. M\u00eb tej, pjes\u00ebmarr\u00ebsit diskutuan p\u00ebr p\u00ebrcaktimin e roleve dhe p\u00ebrgjegj\u00ebsive t\u00eb an\u00ebtar\u00ebve t\u00eb grupit.<\/span><\/p><p><span style=\"font-weight: 400;\">Aktivitetet e t\u00eb dy grupeve punuese sh\u00ebrbejn\u00eb p\u00ebr t\u00eb modernizuar proceset e koordinimit dhe mbik\u00ebqyrjes n\u00eb lidhje me menaxhimin e cil\u00ebsis\u00eb n\u00eb kujdesin par\u00ebsor dhe dyt\u00ebsor sh\u00ebndet\u00ebsor n\u00eb Kosov\u00eb.<\/span><\/p>\t\t\t\t\t\t<\/div>\n\t\t\t\t<\/div>\n\t\t\t\t\t<\/div>\n\t\t\t\t<\/div>\n\t\t\t\t<\/div>","protected":false},"excerpt":{"rendered":"<p>Healthcare Quality Management Brings Working Groups Together This week, the Integrated Health Services (IHS) project facilitated two meetings of the working groups established by the Ministry of Health to dealt with quality management systems within healthcare institutions. Discussions at these meetings centered around the annual institutional action plans aimed at enhancing the quality management framework. [&hellip;]<\/p>","protected":false},"author":1,"featured_media":0,"parent":0,"menu_order":0,"comment_status":"closed","ping_status":"closed","template":"","meta":[],"_links":{"self":[{"href":"https:\/\/ihsproject.org\/sq\/wp-json\/wp\/v2\/pages\/13400"}],"collection":[{"href":"https:\/\/ihsproject.org\/sq\/wp-json\/wp\/v2\/pages"}],"about":[{"href":"https:\/\/ihsproject.org\/sq\/wp-json\/wp\/v2\/types\/page"}],"author":[{"embeddable":true,"href":"https:\/\/ihsproject.org\/sq\/wp-json\/wp\/v2\/users\/1"}],"replies":[{"embeddable":true,"href":"https:\/\/ihsproject.org\/sq\/wp-json\/wp\/v2\/comments?post=13400"}],"version-history":[{"count":4,"href":"https:\/\/ihsproject.org\/sq\/wp-json\/wp\/v2\/pages\/13400\/revisions"}],"predecessor-version":[{"id":13407,"href":"https:\/\/ihsproject.org\/sq\/wp-json\/wp\/v2\/pages\/13400\/revisions\/13407"}],"wp:attachment":[{"href":"https:\/\/ihsproject.org\/sq\/wp-json\/wp\/v2\/media?parent=13400"}],"curies":[{"name":"wp","href":"https:\/\/api.w.org\/{rel}","templated":true}]}}