{"id":13387,"date":"2024-03-28T13:50:49","date_gmt":"2024-03-28T13:50:49","guid":{"rendered":"https:\/\/ihsproject.org\/?page_id=13387"},"modified":"2024-03-28T13:53:01","modified_gmt":"2024-03-28T13:53:01","slug":"march-28-2024-impact-story","status":"publish","type":"page","link":"https:\/\/ihsproject.org\/sq\/march-28-2024-impact-story\/","title":{"rendered":"March 28, 2024 &#8211; Impact Story"},"content":{"rendered":"<div data-elementor-type=\"wp-page\" data-elementor-id=\"13387\" class=\"elementor elementor-13387\">\n\t\t\t\t<div class=\"elementor-element elementor-element-420bf038 e-flex e-con-boxed e-con e-parent\" data-id=\"420bf038\" data-element_type=\"container\" data-core-v316-plus=\"true\">\n\t\t\t\t\t<div class=\"e-con-inner\">\n\t\t\t\t<div class=\"elementor-element elementor-element-190f9f1c elementor-widget elementor-widget-image\" data-id=\"190f9f1c\" data-element_type=\"widget\" data-widget_type=\"image.default\">\n\t\t\t\t<div class=\"elementor-widget-container\">\n\t\t\t\t\t\t\t\t\t\t\t\t\t<img fetchpriority=\"high\" decoding=\"async\" width=\"2560\" height=\"1920\" src=\"https:\/\/ihsproject.org\/wp-content\/uploads\/2024\/03\/20240305_093956-scaled.jpg\" class=\"attachment-full size-full wp-image-13389\" alt=\"\" srcset=\"https:\/\/ihsproject.org\/wp-content\/uploads\/2024\/03\/20240305_093956-scaled.jpg 2560w, https:\/\/ihsproject.org\/wp-content\/uploads\/2024\/03\/20240305_093956-300x225.jpg 300w, https:\/\/ihsproject.org\/wp-content\/uploads\/2024\/03\/20240305_093956-1024x768.jpg 1024w, https:\/\/ihsproject.org\/wp-content\/uploads\/2024\/03\/20240305_093956-768x576.jpg 768w, https:\/\/ihsproject.org\/wp-content\/uploads\/2024\/03\/20240305_093956-1536x1152.jpg 1536w, https:\/\/ihsproject.org\/wp-content\/uploads\/2024\/03\/20240305_093956-2048x1536.jpg 2048w, https:\/\/ihsproject.org\/wp-content\/uploads\/2024\/03\/20240305_093956-16x12.jpg 16w\" sizes=\"(max-width: 2560px) 100vw, 2560px\" \/>\t\t\t\t\t\t\t\t\t\t\t\t\t<\/div>\n\t\t\t\t<\/div>\n\t\t\t\t\t<\/div>\n\t\t\t\t<\/div>\n\t\t<div class=\"elementor-element elementor-element-3f8d326a e-flex e-con-boxed e-con e-parent\" data-id=\"3f8d326a\" data-element_type=\"container\" data-core-v316-plus=\"true\">\n\t\t\t\t\t<div class=\"e-con-inner\">\n\t\t\t\t<div class=\"elementor-element elementor-element-514e887 elementor-widget elementor-widget-heading\" data-id=\"514e887\" data-element_type=\"widget\" data-widget_type=\"heading.default\">\n\t\t\t\t<div class=\"elementor-widget-container\">\n\t\t\t<h2 class=\"elementor-heading-title elementor-size-default\">Dy spitale t\u00eb Kosov\u00ebs u an\u00ebtar\u00ebsuan n\u00eb Rrjetin Nd\u00ebrkomb\u00ebtar <\/h2>\t\t<\/div>\n\t\t\t\t<\/div>\n\t\t\t\t<div class=\"elementor-element elementor-element-562f0d44 elementor-widget elementor-widget-text-editor\" data-id=\"562f0d44\" data-element_type=\"widget\" data-widget_type=\"text-editor.default\">\n\t\t\t\t<div class=\"elementor-widget-container\">\n\t\t\t\t\t\t\t<p><span style=\"font-weight: 400;\">N\u00eb mars t\u00eb vitit 2024, Spitali i P\u00ebrgjithsh\u00ebm i Pej\u00ebs dhe ai i Gjakov\u00ebs, dy rajone t\u00eb m\u00ebdha n\u00eb Kosov\u00eb, u b\u00ebn\u00eb an\u00ebtare t\u00eb Rrjetit Nd\u00ebrkomb\u00ebtar t\u00eb Spitaleve Promovuese t\u00eb Sh\u00ebndetit. Certifikatat q\u00eb iu ndan\u00eb drejtor\u00ebve t\u00eb spitaleve, vler\u00ebsuan p\u00ebrkushtimin e p\u00ebrbashk\u00ebt institucional p\u00ebr t\u00eb adoptuar nj\u00eb qasje me pacientin n\u00eb qend\u00ebr, n\u00eb mesin e standardeve t\u00eb tjera t\u00eb p\u00ebrmbushura. An\u00ebtar\u00ebsimi n\u00eb k\u00ebt\u00eb rrjet ofron edhe qasje n\u00eb databaz\u00ebn e njohurive nd\u00ebrkomb\u00ebtare dhe mund\u00ebsi shk\u00ebmbimi. Ky zhvillim n\u00ebnkupton nj\u00eb ndryshim t\u00eb madh n\u00eb peizazhin e kujdesit sh\u00ebndet\u00ebsor n\u00eb vend<\/span><\/p><p><span style=\"font-weight: 400;\">Qasja e Spitaleve Promovuese t\u00eb Sh\u00ebndetit (HPH), e konceptuar p\u00ebr ta riform\u00ebsuar peizazhin e kujdesit sh\u00ebndet\u00ebsor t\u00eb Kosov\u00ebs, i jep p\u00ebrpar\u00ebsi mir\u00ebqenies s\u00eb pacient\u00ebve p\u00ebrmes edukimit, parandalimit, kujdesit sh\u00ebndet\u00ebsor t\u00eb integruar, praktikave t\u00eb bazuara n\u00eb d\u00ebshmi dhe angazhimit t\u00eb komunitetit. Ajo sjell ndryshim t\u00eb q\u00ebndruesh\u00ebm n\u00eb ofrimin e kujdesit sh\u00ebndet\u00ebsor duke fuqizuar pacient\u00ebt q\u00eb ta vet\u00ebmenaxhojn\u00eb sh\u00ebndetin e tyre.\u00a0<\/span><\/p><p><span style=\"font-weight: 400;\">N\u00eb muajin mars 2024, dy spitalet e p\u00ebrgjithshme n\u00eb Kosov\u00eb, ai i Pej\u00ebs dhe i Gjakov\u00ebs, mor\u00ebn certifikatat e an\u00ebtar\u00ebsimit nga Rrjeti Nd\u00ebrkomb\u00ebtar i Spitaleve Promovuese t\u00eb Sh\u00ebndetit dhe Sh\u00ebrbimeve Sh\u00ebndet\u00ebsore. P\u00ebrve\u00e7 fillimit t\u00eb bashk\u00ebpunimit me institucionet sh\u00ebndet\u00ebsore n\u00eb mbar\u00eb bot\u00ebn dhe ngritjes s\u00eb nivelit t\u00eb ofrimit t\u00eb sh\u00ebrbimeve, certifikatat tregojn\u00eb se disa procese dhe standarde jan\u00eb ndjekur dhe p\u00ebrmbushur.\u00a0\u00a0\u00a0\u00a0<\/span><\/p><p><span style=\"font-weight: 400;\">Procesi rigoroz i vet\u00ebvler\u00ebsimit dhe vendosjes s\u00eb standardeve, q\u00eb b\u00ebri q\u00eb spitalet e p\u00ebrgjithshme t\u00eb Pej\u00ebs dhe Gjakov\u00ebs t\u00eb fitojn\u00eb an\u00ebtar\u00ebsim n\u00eb rrjetin e HPH, filloi n\u00eb korrik t\u00eb vitit 2023 me themelimin e nj\u00eb Grupi Punues t\u00eb bashk\u00ebkryesuar nga Ministria e Sh\u00ebndet\u00ebsis\u00eb dhe Instituti Komb\u00ebtar i Sh\u00ebndet\u00ebsis\u00eb Publike i Kosov\u00ebs. Grupi Punues ka zhvilluar nj\u00eb program spitalor bazuar n\u00eb Standardet e Spitaleve p\u00ebr Promovim t\u00eb Sh\u00ebndetit 2020, n\u00eb p\u00ebrputhje t\u00eb plot\u00eb me Planin Komb\u00ebtar t\u00eb Veprimit t\u00eb Kosov\u00ebs p\u00ebr Edukimin Sh\u00ebndet\u00ebsor dhe Promovimin Sh\u00ebndet\u00ebsor dhe nevojat specifike t\u00eb vendit<\/span><\/p>\t\t\t\t\t\t<\/div>\n\t\t\t\t<\/div>\n\t\t\t\t\t<\/div>\n\t\t\t\t<\/div>\n\t\t<div class=\"elementor-element elementor-element-59d31f9 e-flex e-con-boxed e-con e-parent\" data-id=\"59d31f9\" data-element_type=\"container\" data-core-v316-plus=\"true\">\n\t\t\t\t\t<div class=\"e-con-inner\">\n\t\t\t\t<div class=\"elementor-element elementor-element-6790b289 elementor-widget elementor-widget-image\" data-id=\"6790b289\" data-element_type=\"widget\" data-widget_type=\"image.default\">\n\t\t\t\t<div class=\"elementor-widget-container\">\n\t\t\t\t\t\t\t\t\t\t\t\t\t<img decoding=\"async\" width=\"2560\" height=\"1920\" src=\"https:\/\/ihsproject.org\/wp-content\/uploads\/2024\/03\/20240305_095123-scaled.jpg\" class=\"attachment-full size-full wp-image-13390\" alt=\"\" srcset=\"https:\/\/ihsproject.org\/wp-content\/uploads\/2024\/03\/20240305_095123-scaled.jpg 2560w, https:\/\/ihsproject.org\/wp-content\/uploads\/2024\/03\/20240305_095123-300x225.jpg 300w, https:\/\/ihsproject.org\/wp-content\/uploads\/2024\/03\/20240305_095123-1024x768.jpg 1024w, https:\/\/ihsproject.org\/wp-content\/uploads\/2024\/03\/20240305_095123-768x576.jpg 768w, https:\/\/ihsproject.org\/wp-content\/uploads\/2024\/03\/20240305_095123-1536x1152.jpg 1536w, https:\/\/ihsproject.org\/wp-content\/uploads\/2024\/03\/20240305_095123-2048x1536.jpg 2048w, https:\/\/ihsproject.org\/wp-content\/uploads\/2024\/03\/20240305_095123-16x12.jpg 16w\" sizes=\"(max-width: 2560px) 100vw, 2560px\" \/>\t\t\t\t\t\t\t\t\t\t\t\t\t<\/div>\n\t\t\t\t<\/div>\n\t\t\t\t\t<\/div>\n\t\t\t\t<\/div>\n\t\t<div class=\"elementor-element elementor-element-7a9cf67f e-flex e-con-boxed e-con e-parent\" data-id=\"7a9cf67f\" data-element_type=\"container\" data-core-v316-plus=\"true\">\n\t\t\t\t\t<div class=\"e-con-inner\">\n\t\t\t\t<div class=\"elementor-element elementor-element-5ef0c27a elementor-widget elementor-widget-text-editor\" data-id=\"5ef0c27a\" data-element_type=\"widget\" data-widget_type=\"text-editor.default\">\n\t\t\t\t<div class=\"elementor-widget-container\">\n\t\t\t\t\t\t\t<p><span style=\"font-weight: 400;\">N\u00eb qend\u00ebr t\u00eb k\u00ebsaj pune ishin vler\u00ebsimet baz\u00eb n\u00eb secilin spital p\u00ebr t'i identifikuar fushat dhe prioritetet kryesore q\u00eb do t\u00eb sh\u00ebrbejn\u00eb si baz\u00eb p\u00ebr strategjit\u00eb p\u00ebr ta integruar edukimin sh\u00ebndet\u00ebsor n\u00eb praktik\u00ebn dhe rrjedh\u00ebn e pun\u00ebs s\u00eb kujdesit, p\u00ebr t\u00eb zhvilluar programe t\u00eb trajnimit p\u00ebr stafin spitalor dhe p\u00ebr t\u00eb krijuar mekanizma monitorues dhe vler\u00ebsues.\u00a0<\/span><\/p><p><span style=\"font-weight: 400;\">Duke qen\u00eb se s\u00ebmundjet kronike jongjit\u00ebse k\u00ebrkojn\u00eb kontribut dhe angazhim t\u00eb pacientit \u2013 q\u00eb nuk \u00ebsht\u00eb m\u00eb pak e r\u00ebnd\u00ebsishme se protokollet mjek\u00ebsore p\u00ebr trajtimin e tyre \u2013 kjo qasje rrit efikasitetin e \u00e7do protokolli mjek\u00ebsor q\u00eb zbatohet. Prandaj, qasja e HPH-s\u00eb po hap rrug\u00ebn drejt nj\u00eb mend\u00ebsie t\u00eb re n\u00eb ofrimin e kujdesit sh\u00ebndet\u00ebsor.\u00a0<\/span><\/p><p><span style=\"font-weight: 400;\">Gjat\u00eb fjalimit n\u00eb ceremonin\u00eb e ndarjes s\u00eb certifikatave, Dr. Naim Bardiqi, Sekretar i P\u00ebrgjithsh\u00ebm i Ministris\u00eb s\u00eb Sh\u00ebndet\u00ebsis\u00eb s\u00eb Kosov\u00ebs, e konsideroi an\u00ebtar\u00ebsimin n\u00eb rrjetin nd\u00ebrkomb\u00ebtar t\u00eb HPH-s\u00eb si nj\u00eb piket\u00eb t\u00eb r\u00ebnd\u00ebsishme.<\/span><\/p>\t\t\t\t\t\t<\/div>\n\t\t\t\t<\/div>\n\t\t\t\t\t<\/div>\n\t\t\t\t<\/div>\n\t\t<div class=\"elementor-element elementor-element-63e89cda e-flex e-con-boxed e-con e-parent\" data-id=\"63e89cda\" data-element_type=\"container\" data-core-v316-plus=\"true\">\n\t\t\t\t\t<div class=\"e-con-inner\">\n\t\t\t\t<div class=\"elementor-element elementor-element-435ac535 elementor-widget elementor-widget-heading\" data-id=\"435ac535\" data-element_type=\"widget\" data-widget_type=\"heading.default\">\n\t\t\t\t<div class=\"elementor-widget-container\">\n\t\t\t<h4 class=\"elementor-heading-title elementor-size-default\">\u201cKjo arritje \u00ebsht\u00eb d\u00ebshmi e p\u00ebrpjekjeve dhe p\u00ebrkushtimit t\u00eb menaxhmentit dhe stafit t\u00eb spitalit me fokus pacient\u00ebt, duke e \u00e7uar spitalin n\u00eb nivele t\u00eb reja n\u00eb ofrimin e sh\u00ebrbimeve sh\u00ebndet\u00ebsore\u201d, tha Dr. Bardiqi. <\/h4>\t\t<\/div>\n\t\t\t\t<\/div>\n\t\t\t\t\t<\/div>\n\t\t\t\t<\/div>\n\t\t<div class=\"elementor-element elementor-element-3cdba6f2 e-flex e-con-boxed e-con e-parent\" data-id=\"3cdba6f2\" data-element_type=\"container\" data-core-v316-plus=\"true\">\n\t\t\t\t\t<div class=\"e-con-inner\">\n\t\t\t\t<div class=\"elementor-element elementor-element-20e044ed elementor-widget elementor-widget-image\" data-id=\"20e044ed\" data-element_type=\"widget\" data-widget_type=\"image.default\">\n\t\t\t\t<div class=\"elementor-widget-container\">\n\t\t\t\t\t\t\t\t\t\t\t\t\t<img decoding=\"async\" width=\"2560\" height=\"1920\" src=\"https:\/\/ihsproject.org\/wp-content\/uploads\/2024\/03\/20240305_095915-scaled.jpg\" class=\"attachment-full size-full wp-image-13391\" alt=\"\" srcset=\"https:\/\/ihsproject.org\/wp-content\/uploads\/2024\/03\/20240305_095915-scaled.jpg 2560w, https:\/\/ihsproject.org\/wp-content\/uploads\/2024\/03\/20240305_095915-300x225.jpg 300w, https:\/\/ihsproject.org\/wp-content\/uploads\/2024\/03\/20240305_095915-1024x768.jpg 1024w, https:\/\/ihsproject.org\/wp-content\/uploads\/2024\/03\/20240305_095915-768x576.jpg 768w, https:\/\/ihsproject.org\/wp-content\/uploads\/2024\/03\/20240305_095915-1536x1152.jpg 1536w, https:\/\/ihsproject.org\/wp-content\/uploads\/2024\/03\/20240305_095915-2048x1536.jpg 2048w, https:\/\/ihsproject.org\/wp-content\/uploads\/2024\/03\/20240305_095915-16x12.jpg 16w\" sizes=\"(max-width: 2560px) 100vw, 2560px\" \/>\t\t\t\t\t\t\t\t\t\t\t\t\t<\/div>\n\t\t\t\t<\/div>\n\t\t\t\t\t<\/div>\n\t\t\t\t<\/div>\n\t\t<div class=\"elementor-element elementor-element-758a598 e-flex e-con-boxed e-con e-parent\" data-id=\"758a598\" data-element_type=\"container\" data-core-v316-plus=\"true\">\n\t\t\t\t\t<div class=\"e-con-inner\">\n\t\t\t\t<div class=\"elementor-element elementor-element-238f3da5 elementor-widget elementor-widget-text-editor\" data-id=\"238f3da5\" data-element_type=\"widget\" data-widget_type=\"text-editor.default\">\n\t\t\t\t<div class=\"elementor-widget-container\">\n\t\t\t\t\t\t\t<p><span style=\"font-weight: 400;\">Dr. Bardiqi theksoi ndikimin transformues t\u00eb rrug\u00ebtimit drejt HPH-s\u00eb dhe dimensioneve t\u00eb tij t\u00eb ndryshme, si projektet e p\u00ebrmir\u00ebsimit t\u00eb cil\u00ebsis\u00eb t\u00eb identifikuara p\u00ebr t\u00eb dy spitalet, forcimi i m\u00ebtejsh\u00ebm i kapaciteteve t\u00eb punonj\u00ebsve sh\u00ebndet\u00ebsor\u00eb, p\u00ebrfshirja e tyre aktive n\u00eb hartimin dhe zbatimin e planeve t\u00eb veprimit dhe edukimit sh\u00ebndet\u00ebsor, dhe iniciativa t\u00eb tjera p\u00ebr digjitalizimin e t\u00eb dh\u00ebnave t\u00eb pacient\u00ebve, rregullimin e fluksit t\u00eb pacient\u00ebve dhe anketat e pacient\u00ebve.<\/span><\/p>\t\t\t\t\t\t<\/div>\n\t\t\t\t<\/div>\n\t\t\t\t\t<\/div>\n\t\t\t\t<\/div>\n\t\t<div class=\"elementor-element elementor-element-9ef7ba e-flex e-con-boxed e-con e-parent\" data-id=\"9ef7ba\" data-element_type=\"container\" data-core-v316-plus=\"true\">\n\t\t\t\t\t<div class=\"e-con-inner\">\n\t\t\t\t<div class=\"elementor-element elementor-element-2f4c256a elementor-widget elementor-widget-heading\" data-id=\"2f4c256a\" data-element_type=\"widget\" data-widget_type=\"heading.default\">\n\t\t\t\t<div class=\"elementor-widget-container\">\n\t\t\t<h4 class=\"elementor-heading-title elementor-size-default\">\u201cMinistria e Sh\u00ebndet\u00ebsis\u00eb zotohet se do t'i mb\u00ebshtes\u00eb vazhdimisht nismat e reja dhe inovative q\u00eb i hapin rrug\u00ebn zhvillimit dhe zbatimit t\u00eb programeve t\u00eb vet\u00ebkujdesit p\u00ebr pacient\u00ebt me hipertension dhe diabet. Duke i fuqizuar pacient\u00ebt q\u00eb ta marrin sh\u00ebndetin dhe mir\u00ebqenien e tyre n\u00ebn kontroll, ne jo vet\u00ebm q\u00eb po e p\u00ebrmir\u00ebsojm\u00eb cil\u00ebsin\u00eb e jet\u00ebs s\u00eb tyre, por edhe po e pak\u00ebsojm\u00eb barr\u00ebn n\u00eb sistemin ton\u00eb sh\u00ebndet\u00ebsor\u201d, tha Dr. Bardiqi n\u00eb ceremoni.<\/h4>\t\t<\/div>\n\t\t\t\t<\/div>\n\t\t\t\t\t<\/div>\n\t\t\t\t<\/div>\n\t\t<div class=\"elementor-element elementor-element-1f0efb22 e-flex e-con-boxed e-con e-parent\" data-id=\"1f0efb22\" data-element_type=\"container\" data-core-v316-plus=\"true\">\n\t\t\t\t\t<div class=\"e-con-inner\">\n\t\t\t\t<div class=\"elementor-element elementor-element-7627156d elementor-widget elementor-widget-text-editor\" data-id=\"7627156d\" data-element_type=\"widget\" data-widget_type=\"text-editor.default\">\n\t\t\t\t<div class=\"elementor-widget-container\">\n\t\t\t\t\t\t\t<p><span style=\"font-weight: 400;\">P\u00ebrfundimisht, an\u00ebtar\u00ebsimi i Spitaleve t\u00eb P\u00ebrgjithshme t\u00eb Pej\u00ebs dhe Gjakov\u00ebs n\u00eb Rrjetin Nd\u00ebrkomb\u00ebtar t\u00eb Spitaleve Promovuese t\u00eb Sh\u00ebndetit sh\u00ebnon nj\u00eb hap t\u00eb r\u00ebnd\u00ebsish\u00ebm drejt frym\u00ebzimit t\u00eb nj\u00eb t\u00eb ardhmeje m\u00eb t\u00eb sh\u00ebndetshme p\u00ebr t\u00eb gjith\u00eb n\u00eb Kosov\u00eb.<\/span><\/p><p><span style=\"font-weight: 400;\">Mund\u00ebsuar p\u00ebrmes projektit t\u00eb Sh\u00ebrbimeve Sh\u00ebndet\u00ebsore t\u00eb Integruara n\u00eb bashk\u00ebpunim me OptiMedis AG dhe ekspert\u00ebt e tyre, qasja e HPH-s\u00eb bazohet n\u00eb objektivat strategjike t\u00eb Ministris\u00eb me fokus t\u00eb ve\u00e7ant\u00eb n\u00eb s\u00ebmundjet kronike jongjit\u00ebse, ve\u00e7an\u00ebrisht diabetin dhe hipertensionin.<\/span><\/p>\t\t\t\t\t\t<\/div>\n\t\t\t\t<\/div>\n\t\t\t\t\t<\/div>\n\t\t\t\t<\/div>\n\t\t<div class=\"elementor-element elementor-element-b5f0ef2 e-flex e-con-boxed e-con e-parent\" data-id=\"b5f0ef2\" data-element_type=\"container\" data-core-v316-plus=\"true\">\n\t\t\t\t\t<div class=\"e-con-inner\">\n\t\t\t\t<div class=\"elementor-element elementor-element-4918ef4 elementor-widget elementor-widget-image\" data-id=\"4918ef4\" data-element_type=\"widget\" data-widget_type=\"image.default\">\n\t\t\t\t<div class=\"elementor-widget-container\">\n\t\t\t\t\t\t\t\t\t\t\t\t\t<img loading=\"lazy\" decoding=\"async\" width=\"2560\" height=\"1920\" src=\"https:\/\/ihsproject.org\/wp-content\/uploads\/2024\/03\/20240306_154438-scaled.jpg\" class=\"attachment-full size-full wp-image-13392\" alt=\"\" srcset=\"https:\/\/ihsproject.org\/wp-content\/uploads\/2024\/03\/20240306_154438-scaled.jpg 2560w, https:\/\/ihsproject.org\/wp-content\/uploads\/2024\/03\/20240306_154438-300x225.jpg 300w, https:\/\/ihsproject.org\/wp-content\/uploads\/2024\/03\/20240306_154438-1024x768.jpg 1024w, https:\/\/ihsproject.org\/wp-content\/uploads\/2024\/03\/20240306_154438-768x576.jpg 768w, https:\/\/ihsproject.org\/wp-content\/uploads\/2024\/03\/20240306_154438-1536x1152.jpg 1536w, https:\/\/ihsproject.org\/wp-content\/uploads\/2024\/03\/20240306_154438-2048x1536.jpg 2048w, https:\/\/ihsproject.org\/wp-content\/uploads\/2024\/03\/20240306_154438-16x12.jpg 16w\" sizes=\"(max-width: 2560px) 100vw, 2560px\" \/>\t\t\t\t\t\t\t\t\t\t\t\t\t<\/div>\n\t\t\t\t<\/div>\n\t\t\t\t\t<\/div>\n\t\t\t\t<\/div>\n\t\t<div class=\"elementor-element elementor-element-3b1e0832 e-flex e-con-boxed e-con e-parent\" data-id=\"3b1e0832\" data-element_type=\"container\" data-core-v316-plus=\"true\">\n\t\t\t\t\t<div class=\"e-con-inner\">\n\t\t\t\t<div class=\"elementor-element elementor-element-66a2bcbd elementor-widget elementor-widget-text-editor\" data-id=\"66a2bcbd\" data-element_type=\"widget\" data-widget_type=\"text-editor.default\">\n\t\t\t\t<div class=\"elementor-widget-container\">\n\t\t\t\t\t\t\t<p><span style=\"font-weight: 400;\">Projekti i IHS-s\u00eb \u00ebsht\u00eb nj\u00eb nism\u00eb e p\u00ebrbashk\u00ebt 4-vje\u00e7are nd\u00ebrmjet Ministris\u00eb s\u00eb Sh\u00ebndet\u00ebsis\u00eb s\u00eb Kosov\u00ebs dhe Agjencis\u00eb Zvicerane p\u00ebr Zhvillim dhe Bashk\u00ebpunim, e fasilituar nga Instituti Zviceran i Sh\u00ebndetit Publik dhe Mjek\u00ebsis\u00eb Tropikale. <strong>Swiss Tropical and Public Health Institute.<\/strong><\/span><\/p>\t\t\t\t\t\t<\/div>\n\t\t\t\t<\/div>\n\t\t\t\t<div class=\"elementor-element elementor-element-1d14ed7 elementor-widget elementor-widget-video\" data-id=\"1d14ed7\" data-element_type=\"widget\" data-settings=\"{&quot;youtube_url&quot;:&quot;https:\\\/\\\/www.youtube.com\\\/watch?v=WBnK-nI8Ppk&amp;list=PLA-klFjsFBfYVX2tABGcBNnxSRfCmmYTJ&amp;index=9&quot;,&quot;video_type&quot;:&quot;youtube&quot;,&quot;controls&quot;:&quot;yes&quot;}\" data-widget_type=\"video.default\">\n\t\t\t\t<div class=\"elementor-widget-container\">\n\t\t\t\t\t<div class=\"elementor-wrapper elementor-open-inline\">\n\t\t\t<div class=\"elementor-video\"><\/div>\t\t<\/div>\n\t\t\t\t<\/div>\n\t\t\t\t<\/div>\n\t\t\t\t\t<\/div>\n\t\t\t\t<\/div>\n\t\t\t\t<\/div>","protected":false},"excerpt":{"rendered":"<p>Two Kosovo Hospitals Awarded Membership to International Network In March 2024, the General Hospitals of Peja and Gjakova, two large regions in Kosovo, became members of the International Network of Health Promoting Hospitals. Certificates that were awarded to the hospitals&#8217; directors, acknowledged the joint institutional dedication to adopting a patient-centred approach, among fulfilling other standards. [&hellip;]<\/p>","protected":false},"author":1,"featured_media":0,"parent":0,"menu_order":0,"comment_status":"closed","ping_status":"closed","template":"","meta":[],"_links":{"self":[{"href":"https:\/\/ihsproject.org\/sq\/wp-json\/wp\/v2\/pages\/13387"}],"collection":[{"href":"https:\/\/ihsproject.org\/sq\/wp-json\/wp\/v2\/pages"}],"about":[{"href":"https:\/\/ihsproject.org\/sq\/wp-json\/wp\/v2\/types\/page"}],"author":[{"embeddable":true,"href":"https:\/\/ihsproject.org\/sq\/wp-json\/wp\/v2\/users\/1"}],"replies":[{"embeddable":true,"href":"https:\/\/ihsproject.org\/sq\/wp-json\/wp\/v2\/comments?post=13387"}],"version-history":[{"count":4,"href":"https:\/\/ihsproject.org\/sq\/wp-json\/wp\/v2\/pages\/13387\/revisions"}],"predecessor-version":[{"id":13396,"href":"https:\/\/ihsproject.org\/sq\/wp-json\/wp\/v2\/pages\/13387\/revisions\/13396"}],"wp:attachment":[{"href":"https:\/\/ihsproject.org\/sq\/wp-json\/wp\/v2\/media?parent=13387"}],"curies":[{"name":"wp","href":"https:\/\/api.w.org\/{rel}","templated":true}]}}