{"id":13369,"date":"2024-03-27T14:59:59","date_gmt":"2024-03-27T14:59:59","guid":{"rendered":"https:\/\/ihsproject.org\/?page_id=13369"},"modified":"2024-03-27T15:01:51","modified_gmt":"2024-03-27T15:01:51","slug":"march-27-2024","status":"publish","type":"page","link":"https:\/\/ihsproject.org\/sq\/march-27-2024\/","title":{"rendered":"Mars 27, 2024"},"content":{"rendered":"<div data-elementor-type=\"wp-page\" data-elementor-id=\"13369\" class=\"elementor elementor-13369\">\n\t\t\t\t<div class=\"elementor-element elementor-element-2e887b8a e-flex e-con-boxed e-con e-parent\" data-id=\"2e887b8a\" data-element_type=\"container\" data-core-v316-plus=\"true\">\n\t\t\t\t\t<div class=\"e-con-inner\">\n\t\t\t\t<div class=\"elementor-element elementor-element-61a3134a elementor-widget elementor-widget-image\" data-id=\"61a3134a\" data-element_type=\"widget\" data-widget_type=\"image.default\">\n\t\t\t\t<div class=\"elementor-widget-container\">\n\t\t\t\t\t\t\t\t\t\t\t\t\t<img fetchpriority=\"high\" decoding=\"async\" width=\"1800\" height=\"1350\" src=\"https:\/\/ihsproject.org\/wp-content\/uploads\/2024\/03\/2024-03-27.jpg\" class=\"attachment-full size-full wp-image-13376\" alt=\"\" srcset=\"https:\/\/ihsproject.org\/wp-content\/uploads\/2024\/03\/2024-03-27.jpg 1800w, https:\/\/ihsproject.org\/wp-content\/uploads\/2024\/03\/2024-03-27-300x225.jpg 300w, https:\/\/ihsproject.org\/wp-content\/uploads\/2024\/03\/2024-03-27-1024x768.jpg 1024w, https:\/\/ihsproject.org\/wp-content\/uploads\/2024\/03\/2024-03-27-768x576.jpg 768w, https:\/\/ihsproject.org\/wp-content\/uploads\/2024\/03\/2024-03-27-1536x1152.jpg 1536w, https:\/\/ihsproject.org\/wp-content\/uploads\/2024\/03\/2024-03-27-16x12.jpg 16w\" sizes=\"(max-width: 1800px) 100vw, 1800px\" \/>\t\t\t\t\t\t\t\t\t\t\t\t\t<\/div>\n\t\t\t\t<\/div>\n\t\t\t\t\t<\/div>\n\t\t\t\t<\/div>\n\t\t<div class=\"elementor-element elementor-element-1ba0b7c5 e-flex e-con-boxed e-con e-parent\" data-id=\"1ba0b7c5\" data-element_type=\"container\" data-core-v316-plus=\"true\">\n\t\t\t\t\t<div class=\"e-con-inner\">\n\t\t\t\t<div class=\"elementor-element elementor-element-23f7213 elementor-widget elementor-widget-heading\" data-id=\"23f7213\" data-element_type=\"widget\" data-widget_type=\"heading.default\">\n\t\t\t\t<div class=\"elementor-widget-container\">\n\t\t\t<h2 class=\"elementor-heading-title elementor-size-default\">Shk\u00ebmbimi Kosov\u00eb \u2013 Slloveni p\u00ebr organizatat e pacient\u00ebve me diabet <\/h2>\t\t<\/div>\n\t\t\t\t<\/div>\n\t\t\t\t<div class=\"elementor-element elementor-element-2cb73f29 elementor-widget elementor-widget-text-editor\" data-id=\"2cb73f29\" data-element_type=\"widget\" data-widget_type=\"text-editor.default\">\n\t\t\t\t<div class=\"elementor-widget-container\">\n\t\t\t\t\t\t\t<p><span style=\"font-weight: 400;\">Para disa ditsh, projekti Sh\u00ebrbimet Sh\u00ebndet\u00ebsore t\u00eb Integruara organizoi nj\u00eb pun\u00ebtori praktike t\u00eb titulluar \"Fuqizimi i pacient\u00ebve me diabet - M\u00ebsime nga Sllovenia dhe hapat e ardhsh\u00ebm p\u00ebr Kosov\u00ebn\" t\u00eb fasilituar nga Dr. Samo Fakin nga Sllovenia.<\/span><\/p><p><span style=\"font-weight: 400;\">Pun\u00ebtoria ofroi hap\u00ebsir\u00eb p\u00ebr diskutim t\u00eb hapur dhe bashk\u00ebpunues midis pacient\u00ebve me diabet, organizatave t\u00eb shoq\u00ebris\u00eb civile dhe mjek\u00ebve e infermier\u00ebve nga niveli dyt\u00ebsor dhe par\u00ebsor. Diskutimet u p\u00ebrqendruan n\u00eb strategjit\u00eb p\u00ebr fuqizimin e shoqatave t\u00eb pacient\u00ebve me diabet dhe rritjen e ndikimit t\u00eb tyre n\u00eb Kosov\u00eb. Seancat interaktive n\u00eb grup nxor\u00ebn nj\u00eb s\u00ebr\u00eb propozimesh novatore, nga programet ushqimore deri tek nd\u00ebrhyrjet e avancuara mjek\u00ebsore.<\/span><\/p><p><span style=\"font-weight: 400;\">\u201cPun\u00ebtori shum\u00eb praktike, q\u00eb ofroi udh\u00ebzime p\u00ebr pacient\u00ebt dhe prezantoi praktika t\u00eb reja p\u00ebr punonj\u00ebsit sh\u00ebndet\u00ebsor\u00eb dhe organizatat joqeveritare se si t'i qasen pun\u00ebs me pacient\u00ebt me diabet\u201d, tha Idriz Ethemi nga Shoqata e Pacient\u00ebve me Diabet n\u00eb Pej\u00eb.<\/span><\/p><p><span style=\"font-weight: 400;\">Ngjarja p\u00ebrfundoi me nj\u00eb list\u00eb t\u00eb porosive p\u00ebr hapa t\u00eb m\u00ebtejsh\u00ebm.<\/span><\/p>\t\t\t\t\t\t<\/div>\n\t\t\t\t<\/div>\n\t\t\t\t\t<\/div>\n\t\t\t\t<\/div>\n\t\t\t\t<\/div>","protected":false},"excerpt":{"rendered":"<p>Kosovo \u2013 Slovenia Exchange on Diabetes Patients Organizations Recently, the Integrated Health Services project organized a hands-on workshop titled &#8220;Empowerment of Patients with Diabetes &#8211; Lessons from Slovenia and Next Steps for Kosovo&#8221; facilitated by Dr. Samo Fakin from Slovenia. The workshop provided a space for open and collaborative discussion between diabetes patients, civil society [&hellip;]<\/p>","protected":false},"author":1,"featured_media":0,"parent":0,"menu_order":0,"comment_status":"closed","ping_status":"closed","template":"","meta":[],"_links":{"self":[{"href":"https:\/\/ihsproject.org\/sq\/wp-json\/wp\/v2\/pages\/13369"}],"collection":[{"href":"https:\/\/ihsproject.org\/sq\/wp-json\/wp\/v2\/pages"}],"about":[{"href":"https:\/\/ihsproject.org\/sq\/wp-json\/wp\/v2\/types\/page"}],"author":[{"embeddable":true,"href":"https:\/\/ihsproject.org\/sq\/wp-json\/wp\/v2\/users\/1"}],"replies":[{"embeddable":true,"href":"https:\/\/ihsproject.org\/sq\/wp-json\/wp\/v2\/comments?post=13369"}],"version-history":[{"count":7,"href":"https:\/\/ihsproject.org\/sq\/wp-json\/wp\/v2\/pages\/13369\/revisions"}],"predecessor-version":[{"id":13379,"href":"https:\/\/ihsproject.org\/sq\/wp-json\/wp\/v2\/pages\/13369\/revisions\/13379"}],"wp:attachment":[{"href":"https:\/\/ihsproject.org\/sq\/wp-json\/wp\/v2\/media?parent=13369"}],"curies":[{"name":"wp","href":"https:\/\/api.w.org\/{rel}","templated":true}]}}