{"id":13321,"date":"2024-03-11T19:17:46","date_gmt":"2024-03-11T19:17:46","guid":{"rendered":"https:\/\/ihsproject.org\/?page_id=13321"},"modified":"2024-03-11T19:21:44","modified_gmt":"2024-03-11T19:21:44","slug":"march-11-2024","status":"publish","type":"page","link":"https:\/\/ihsproject.org\/sq\/march-11-2024\/","title":{"rendered":"Mars 11, 2024"},"content":{"rendered":"<div data-elementor-type=\"wp-page\" data-elementor-id=\"13321\" class=\"elementor elementor-13321\">\n\t\t\t\t<div class=\"elementor-element elementor-element-b30e50e e-flex e-con-boxed e-con e-parent\" data-id=\"b30e50e\" data-element_type=\"container\" data-core-v316-plus=\"true\">\n\t\t\t\t\t<div class=\"e-con-inner\">\n\t\t\t\t<div class=\"elementor-element elementor-element-d985971 elementor-widget elementor-widget-image\" data-id=\"d985971\" data-element_type=\"widget\" data-widget_type=\"image.default\">\n\t\t\t\t<div class=\"elementor-widget-container\">\n\t\t\t\t\t\t\t\t\t\t\t\t\t<img fetchpriority=\"high\" decoding=\"async\" width=\"1600\" height=\"900\" src=\"https:\/\/ihsproject.org\/wp-content\/uploads\/2024\/03\/Workshops_to_Explore_Comprehensive_Health_Promotion_and_Patient_Empowerment.jpg\" class=\"attachment-full size-full wp-image-13319\" alt=\"\" srcset=\"https:\/\/ihsproject.org\/wp-content\/uploads\/2024\/03\/Workshops_to_Explore_Comprehensive_Health_Promotion_and_Patient_Empowerment.jpg 1600w, https:\/\/ihsproject.org\/wp-content\/uploads\/2024\/03\/Workshops_to_Explore_Comprehensive_Health_Promotion_and_Patient_Empowerment-300x169.jpg 300w, https:\/\/ihsproject.org\/wp-content\/uploads\/2024\/03\/Workshops_to_Explore_Comprehensive_Health_Promotion_and_Patient_Empowerment-1024x576.jpg 1024w, https:\/\/ihsproject.org\/wp-content\/uploads\/2024\/03\/Workshops_to_Explore_Comprehensive_Health_Promotion_and_Patient_Empowerment-768x432.jpg 768w, https:\/\/ihsproject.org\/wp-content\/uploads\/2024\/03\/Workshops_to_Explore_Comprehensive_Health_Promotion_and_Patient_Empowerment-1536x864.jpg 1536w, https:\/\/ihsproject.org\/wp-content\/uploads\/2024\/03\/Workshops_to_Explore_Comprehensive_Health_Promotion_and_Patient_Empowerment-18x10.jpg 18w\" sizes=\"(max-width: 1600px) 100vw, 1600px\" \/>\t\t\t\t\t\t\t\t\t\t\t\t\t<\/div>\n\t\t\t\t<\/div>\n\t\t\t\t\t<\/div>\n\t\t\t\t<\/div>\n\t\t<div class=\"elementor-element elementor-element-b0d53e8 e-flex e-con-boxed e-con e-parent\" data-id=\"b0d53e8\" data-element_type=\"container\" data-core-v316-plus=\"true\">\n\t\t\t\t\t<div class=\"e-con-inner\">\n\t\t\t\t<div class=\"elementor-element elementor-element-26d12e8 elementor-widget elementor-widget-heading\" data-id=\"26d12e8\" data-element_type=\"widget\" data-widget_type=\"heading.default\">\n\t\t\t\t<div class=\"elementor-widget-container\">\n\t\t\t<h2 class=\"elementor-heading-title elementor-size-default\">Pun\u00ebtori p\u00ebr t\u00eb eksploruar Promovimin Gjith\u00ebp\u00ebrfshir\u00ebs t\u00eb Sh\u00ebndetit dhe Fuqizimin e Pacientit<\/h2>\t\t<\/div>\n\t\t\t\t<\/div>\n\t\t\t\t<div class=\"elementor-element elementor-element-3b327e3 elementor-widget elementor-widget-text-editor\" data-id=\"3b327e3\" data-element_type=\"widget\" data-widget_type=\"text-editor.default\">\n\t\t\t\t<div class=\"elementor-widget-container\">\n\t\t\t\t\t\t\t<p>Jav\u00ebn e kaluar, projekti IHS ka realizuar dy pun\u00ebtori me stafin nga spitalet e p\u00ebrgjithshme n\u00eb Pej\u00eb dhe n\u00eb Gjakov\u00eb me fokus n\u00eb promovimin e sh\u00ebndetit dhe fuqizimin e pacient\u00ebve.<span class=\"Apple-converted-space\">\u00a0<\/span><\/p><p>T\u00eb fasilituara nga Oliver Gr\u00f6ne, PhD, Kryeshef Ekzekutiv i Sekretariatit t\u00eb Rrjetit Nd\u00ebrkomb\u00ebtar t\u00eb Spitaleve Promovuese t\u00eb Sh\u00ebndetit dhe Sh\u00ebrbimeve Sh\u00ebndet\u00ebsore, t\u00eb dyja pun\u00ebtorit\u00eb synonin pajisjen e profesionist\u00ebve t\u00eb kujdesit sh\u00ebndet\u00ebsor me mjetet dhe njohurit\u00eb e nevojshme p\u00ebr t\u00eb nxitur nj\u00eb qasje e cila ka pacientin n\u00eb qend\u00ebr dhe p\u00ebr t\u00eb promovuar mir\u00ebqenien e komunitetit.<\/p><p>Pjes\u00ebmarr\u00ebsit eksploruan komponent\u00ebt e ndrysh\u00ebm t\u00eb konceptit dhe ndikimin e tij t\u00eb thell\u00eb n\u00eb mir\u00ebqenien individuale dhe t\u00eb komunitetit, reflektuan n\u00eb fushat ky\u00e7e p\u00ebr promovimin e sh\u00ebndetit brenda mjediseve spitalore n\u00eb Kosov\u00eb, shk\u00ebmbyen ide dhe m\u00ebsuan nga rastet e suksesshme studimore t\u00eb iniciativave p\u00ebr promovimin gjith\u00ebp\u00ebrfshir\u00ebs t\u00eb sh\u00ebndetit. Seancat n\u00ebnvizuan r\u00ebnd\u00ebsin\u00eb e fuqizimit t\u00eb pacientit n\u00eb kujdesin sh\u00ebndet\u00ebsor dhe rolin q\u00eb kjo ka n\u00eb arritjen e rezultateve m\u00eb t\u00eb mira sh\u00ebndet\u00ebsore.<span class=\"Apple-converted-space\">\u00a0<\/span><\/p><p>Pun\u00ebtoria u p\u00ebrmbyll me skenar\u00eb real\u00eb dhe qasje praktike t\u00eb p\u00ebrzgjedhura p\u00ebr t\u00eb p\u00ebrmir\u00ebsuar njohurit\u00eb dhe shkatht\u00ebsit\u00eb n\u00eb lidhje me integrimin e strategjive p\u00ebr fuqizimin e pacient\u00ebve n\u00eb praktikat e tyre t\u00eb p\u00ebrditshme. P\u00ebrve\u00e7 stafit t\u00eb spitalit, pjes\u00ebmarr\u00ebs n\u00eb pun\u00ebtori ishin edhe p\u00ebrfaq\u00ebsues nga Instituti Komb\u00ebtar i Sh\u00ebndetit Publik, kujdesi sh\u00ebndet\u00ebsor par\u00ebsor dhe p\u00ebrfaq\u00ebsues t\u00eb pacient\u00ebve.<\/p>\t\t\t\t\t\t<\/div>\n\t\t\t\t<\/div>\n\t\t\t\t\t<\/div>\n\t\t\t\t<\/div>\n\t\t\t\t<\/div>","protected":false},"excerpt":{"rendered":"<p>Workshops to Explore Comprehensive Health Promotion and Patient Empowerment Last week, the IHS project conducted two workshops with staff from the general hospitals of Peja and Gjakova with a focus on health promotion and patient empowerment.\u00a0 Facilitated by Oliver Gr\u00f6ne, PhD, CEO of the Secretariat of International Network of Health Promoting Hospitals &amp; Health Services, [&hellip;]<\/p>","protected":false},"author":1,"featured_media":0,"parent":0,"menu_order":0,"comment_status":"closed","ping_status":"closed","template":"","meta":[],"_links":{"self":[{"href":"https:\/\/ihsproject.org\/sq\/wp-json\/wp\/v2\/pages\/13321"}],"collection":[{"href":"https:\/\/ihsproject.org\/sq\/wp-json\/wp\/v2\/pages"}],"about":[{"href":"https:\/\/ihsproject.org\/sq\/wp-json\/wp\/v2\/types\/page"}],"author":[{"embeddable":true,"href":"https:\/\/ihsproject.org\/sq\/wp-json\/wp\/v2\/users\/1"}],"replies":[{"embeddable":true,"href":"https:\/\/ihsproject.org\/sq\/wp-json\/wp\/v2\/comments?post=13321"}],"version-history":[{"count":4,"href":"https:\/\/ihsproject.org\/sq\/wp-json\/wp\/v2\/pages\/13321\/revisions"}],"predecessor-version":[{"id":13328,"href":"https:\/\/ihsproject.org\/sq\/wp-json\/wp\/v2\/pages\/13321\/revisions\/13328"}],"wp:attachment":[{"href":"https:\/\/ihsproject.org\/sq\/wp-json\/wp\/v2\/media?parent=13321"}],"curies":[{"name":"wp","href":"https:\/\/api.w.org\/{rel}","templated":true}]}}