{"id":13290,"date":"2024-03-06T11:50:36","date_gmt":"2024-03-06T11:50:36","guid":{"rendered":"https:\/\/ihsproject.org\/?page_id=13290"},"modified":"2024-03-06T11:58:21","modified_gmt":"2024-03-06T11:58:21","slug":"march-06-2024","status":"publish","type":"page","link":"https:\/\/ihsproject.org\/sq\/march-06-2024\/","title":{"rendered":"Mars 06, 2024"},"content":{"rendered":"<div data-elementor-type=\"wp-page\" data-elementor-id=\"13290\" class=\"elementor elementor-13290\">\n\t\t\t\t<div class=\"elementor-element elementor-element-4d1dadc9 e-flex e-con-boxed e-con e-parent\" data-id=\"4d1dadc9\" data-element_type=\"container\" data-core-v316-plus=\"true\">\n\t\t\t\t\t<div class=\"e-con-inner\">\n\t\t\t\t<div class=\"elementor-element elementor-element-2debacb4 elementor-widget elementor-widget-image\" data-id=\"2debacb4\" data-element_type=\"widget\" data-widget_type=\"image.default\">\n\t\t\t\t<div class=\"elementor-widget-container\">\n\t\t\t\t\t\t\t\t\t\t\t\t\t<img fetchpriority=\"high\" decoding=\"async\" width=\"2560\" height=\"1920\" src=\"https:\/\/ihsproject.org\/wp-content\/uploads\/2024\/03\/2024-03-06-HPH-Gjakova-1-scaled.jpg\" class=\"attachment-full size-full wp-image-13292\" alt=\"\" srcset=\"https:\/\/ihsproject.org\/wp-content\/uploads\/2024\/03\/2024-03-06-HPH-Gjakova-1-scaled.jpg 2560w, https:\/\/ihsproject.org\/wp-content\/uploads\/2024\/03\/2024-03-06-HPH-Gjakova-1-300x225.jpg 300w, https:\/\/ihsproject.org\/wp-content\/uploads\/2024\/03\/2024-03-06-HPH-Gjakova-1-1024x768.jpg 1024w, https:\/\/ihsproject.org\/wp-content\/uploads\/2024\/03\/2024-03-06-HPH-Gjakova-1-768x576.jpg 768w, https:\/\/ihsproject.org\/wp-content\/uploads\/2024\/03\/2024-03-06-HPH-Gjakova-1-1536x1152.jpg 1536w, https:\/\/ihsproject.org\/wp-content\/uploads\/2024\/03\/2024-03-06-HPH-Gjakova-1-2048x1536.jpg 2048w, https:\/\/ihsproject.org\/wp-content\/uploads\/2024\/03\/2024-03-06-HPH-Gjakova-1-16x12.jpg 16w\" sizes=\"(max-width: 2560px) 100vw, 2560px\" \/>\t\t\t\t\t\t\t\t\t\t\t\t\t<\/div>\n\t\t\t\t<\/div>\n\t\t\t\t\t<\/div>\n\t\t\t\t<\/div>\n\t\t<div class=\"elementor-element elementor-element-1fb15d0d e-flex e-con-boxed e-con e-parent\" data-id=\"1fb15d0d\" data-element_type=\"container\" data-core-v316-plus=\"true\">\n\t\t\t\t\t<div class=\"e-con-inner\">\n\t\t\t\t<div class=\"elementor-element elementor-element-26764423 elementor-widget elementor-widget-heading\" data-id=\"26764423\" data-element_type=\"widget\" data-widget_type=\"heading.default\">\n\t\t\t\t<div class=\"elementor-widget-container\">\n\t\t\t<h2 class=\"elementor-heading-title elementor-size-default\">Spitali i P\u00ebrgjithsh\u00ebm i Gjakov\u00ebs i bashkohet Rrjetit Nd\u00ebrkomb\u00ebtar t\u00eb Spitaleve me Fokus tek promovimi i sh\u00ebndetit <\/h2>\t\t<\/div>\n\t\t\t\t<\/div>\n\t\t\t\t<div class=\"elementor-element elementor-element-1eb12d8a elementor-widget elementor-widget-text-editor\" data-id=\"1eb12d8a\" data-element_type=\"widget\" data-widget_type=\"text-editor.default\">\n\t\t\t\t<div class=\"elementor-widget-container\">\n\t\t\t\t\t\t\t<p><span style=\"font-weight: 400;\">M\u00eb 6 mars 2024, n\u00eb nj\u00eb ceremoni t\u00eb organizuar n\u00eb ambientet e Spitalit t\u00eb P\u00ebrgjithsh\u00ebm t\u00eb Gjakov\u00ebs, drejtori Hilmi Shala pranoi certifikat\u00ebn si Spital Promovues i Sh\u00ebndetit, duke u b\u00ebr\u00eb k\u00ebshtu an\u00ebtar i rrjetit global. Ky an\u00ebtar\u00ebsim hap mund\u00ebsi t\u00eb reja p\u00ebr SP t\u00eb Gjakov\u00ebs p\u00ebr t\u00eb shk\u00ebmbyer p\u00ebrvoja n\u00eb nivel nd\u00ebrkomb\u00ebtar. Certifikat\u00ebn e prezantoi Prof. Dr. Oliver Gr\u00f6ne, Kryeshefi Ekzekutiv i Sekretariatit Nd\u00ebrkomb\u00ebtar t\u00eb HPH-s\u00eb.\u00a0<\/span><\/p><p><span style=\"font-weight: 400;\">\u201cKjo \u00ebsht\u00eb nj\u00eb nga dit\u00ebt m\u00eb t\u00eb r\u00ebnd\u00ebsishme q\u00eb nga themelimi i institucionit ton\u00eb\u201d, tha drejtori i spitalit z. Hilmi Shala. \u201cBashkimi me Rrjetin Nd\u00ebrkomb\u00ebtar t\u00eb Spitaleve Promovuese t\u00eb Sh\u00ebndetit forcon bashk\u00ebpunimin ton\u00eb me institucionet sh\u00ebndet\u00ebsore globale dhe mb\u00ebshtet progresin ton\u00eb t\u00eb q\u00ebndruesh\u00ebm n\u00eb ofrimin e kujdesit cil\u00ebsor p\u00ebr komunitetin ton\u00eb.\u201d<\/span><\/p><p><span style=\"font-weight: 400;\">Duke folur n\u00eb em\u00ebr t\u00eb projektit t\u00eb Sh\u00ebrbimeve t\u00eb Integruara Sh\u00ebndet\u00ebsore (IHS), Dr. Ilir Mecini tha: \u201cKjo certifikat\u00eb \u00ebsht\u00eb d\u00ebshmi e m\u00ebtejshme e p\u00ebrkushtimit dhe p\u00ebrpjekjeve t\u00eb vazhdueshme t\u00eb SHP Gjakov\u00ebs drejt ofrimit t\u00eb sh\u00ebrbimeve cil\u00ebsore sh\u00ebndet\u00ebsore me n\u00eb qend\u00ebr pacientin\u201d.\u00a0<\/span><\/p><p><span style=\"font-weight: 400;\">IHS, nj\u00eb iniciativ\u00eb e p\u00ebrbashk\u00ebt n\u00eb mes t\u00eb Ministris\u00eb s\u00eb Sh\u00ebndet\u00ebsis\u00eb dhe Agjencis\u00eb Zvicerane p\u00ebr Zhvillim dhe Bashk\u00ebpunim (SDC) n\u00eb Kosov\u00eb, ka leht\u00ebsuar procesin e an\u00ebtar\u00ebsimit t\u00eb SP t\u00eb Gjakov\u00ebs n\u00eb rrjetin e Spitaleve Promovuese t\u00eb Sh\u00ebndetit.<\/span><\/p>\t\t\t\t\t\t<\/div>\n\t\t\t\t<\/div>\n\t\t\t\t\t<\/div>\n\t\t\t\t<\/div>\n\t\t\t\t<\/div>","protected":false},"excerpt":{"rendered":"<p>General Hospital of Gjakova Joins International Network of Peer Hospitals On 6 March 2024, at a ceremony organized in the premises of the General Hospital of Gjakova, Director Hilmi Shala received the certificate as a Health Promotion Hospital, thus becoming member of the global network. This membership opens new opportunities for the GH of Gjakova [&hellip;]<\/p>","protected":false},"author":1,"featured_media":0,"parent":0,"menu_order":0,"comment_status":"closed","ping_status":"closed","template":"","meta":[],"_links":{"self":[{"href":"https:\/\/ihsproject.org\/sq\/wp-json\/wp\/v2\/pages\/13290"}],"collection":[{"href":"https:\/\/ihsproject.org\/sq\/wp-json\/wp\/v2\/pages"}],"about":[{"href":"https:\/\/ihsproject.org\/sq\/wp-json\/wp\/v2\/types\/page"}],"author":[{"embeddable":true,"href":"https:\/\/ihsproject.org\/sq\/wp-json\/wp\/v2\/users\/1"}],"replies":[{"embeddable":true,"href":"https:\/\/ihsproject.org\/sq\/wp-json\/wp\/v2\/comments?post=13290"}],"version-history":[{"count":4,"href":"https:\/\/ihsproject.org\/sq\/wp-json\/wp\/v2\/pages\/13290\/revisions"}],"predecessor-version":[{"id":13296,"href":"https:\/\/ihsproject.org\/sq\/wp-json\/wp\/v2\/pages\/13290\/revisions\/13296"}],"wp:attachment":[{"href":"https:\/\/ihsproject.org\/sq\/wp-json\/wp\/v2\/media?parent=13290"}],"curies":[{"name":"wp","href":"https:\/\/api.w.org\/{rel}","templated":true}]}}