{"id":13276,"date":"2024-03-05T12:23:20","date_gmt":"2024-03-05T12:23:20","guid":{"rendered":"https:\/\/ihsproject.org\/?page_id=13276"},"modified":"2024-03-05T12:29:23","modified_gmt":"2024-03-05T12:29:23","slug":"march-05-2024","status":"publish","type":"page","link":"https:\/\/ihsproject.org\/sq\/march-05-2024\/","title":{"rendered":"Mars 05, 2024"},"content":{"rendered":"<div data-elementor-type=\"wp-page\" data-elementor-id=\"13276\" class=\"elementor elementor-13276\">\n\t\t\t\t<div class=\"elementor-element elementor-element-30eba55c e-flex e-con-boxed e-con e-parent\" data-id=\"30eba55c\" data-element_type=\"container\" data-core-v316-plus=\"true\">\n\t\t\t\t\t<div class=\"e-con-inner\">\n\t\t\t\t<div class=\"elementor-element elementor-element-5102c3df elementor-widget elementor-widget-image\" data-id=\"5102c3df\" data-element_type=\"widget\" data-widget_type=\"image.default\">\n\t\t\t\t<div class=\"elementor-widget-container\">\n\t\t\t\t\t\t\t\t\t\t\t\t\t<img fetchpriority=\"high\" decoding=\"async\" width=\"2000\" height=\"1500\" src=\"https:\/\/ihsproject.org\/wp-content\/uploads\/2024\/03\/2024-03-05-Ceremonia-ne-Peje-_2_-_1_.jpeg\" class=\"attachment-full size-full wp-image-13278\" alt=\"\" srcset=\"https:\/\/ihsproject.org\/wp-content\/uploads\/2024\/03\/2024-03-05-Ceremonia-ne-Peje-_2_-_1_.jpeg 2000w, https:\/\/ihsproject.org\/wp-content\/uploads\/2024\/03\/2024-03-05-Ceremonia-ne-Peje-_2_-_1_-300x225.jpeg 300w, https:\/\/ihsproject.org\/wp-content\/uploads\/2024\/03\/2024-03-05-Ceremonia-ne-Peje-_2_-_1_-1024x768.jpeg 1024w, https:\/\/ihsproject.org\/wp-content\/uploads\/2024\/03\/2024-03-05-Ceremonia-ne-Peje-_2_-_1_-768x576.jpeg 768w, https:\/\/ihsproject.org\/wp-content\/uploads\/2024\/03\/2024-03-05-Ceremonia-ne-Peje-_2_-_1_-1536x1152.jpeg 1536w, https:\/\/ihsproject.org\/wp-content\/uploads\/2024\/03\/2024-03-05-Ceremonia-ne-Peje-_2_-_1_-16x12.jpeg 16w\" sizes=\"(max-width: 2000px) 100vw, 2000px\" \/>\t\t\t\t\t\t\t\t\t\t\t\t\t<\/div>\n\t\t\t\t<\/div>\n\t\t\t\t\t<\/div>\n\t\t\t\t<\/div>\n\t\t<div class=\"elementor-element elementor-element-1f72b00c e-flex e-con-boxed e-con e-parent\" data-id=\"1f72b00c\" data-element_type=\"container\" data-core-v316-plus=\"true\">\n\t\t\t\t\t<div class=\"e-con-inner\">\n\t\t\t\t<div class=\"elementor-element elementor-element-30a7940 elementor-widget elementor-widget-heading\" data-id=\"30a7940\" data-element_type=\"widget\" data-widget_type=\"heading.default\">\n\t\t\t\t<div class=\"elementor-widget-container\">\n\t\t\t<h2 class=\"elementor-heading-title elementor-size-default\">Spitali i P\u00ebrgjithsh\u00ebm i Pej\u00ebs an\u00ebtar\u00ebsohet n\u00eb Rrjetin e Spitaleve Promovuese t\u00eb Sh\u00ebndetit <\/h2>\t\t<\/div>\n\t\t\t\t<\/div>\n\t\t\t\t<div class=\"elementor-element elementor-element-181dcea1 elementor-widget elementor-widget-text-editor\" data-id=\"181dcea1\" data-element_type=\"widget\" data-widget_type=\"text-editor.default\">\n\t\t\t\t<div class=\"elementor-widget-container\">\n\t\t\t\t\t\t\t<p class=\"p1\">Spitali i P\u00ebrgjithsh\u00ebm i Pej\u00ebs tashm\u00eb i \u00ebsht\u00eb bashkuar komunitetit bot\u00ebror t\u00eb spitaleve promovuese t\u00eb sh\u00ebndetit (HPH). N\u00eb nj\u00eb ceremoni t\u00eb organizuar n\u00eb Pej\u00eb m\u00eb 5 mars 2024, Prof. Dr. Oliver Gr\u00f6ne, Kryeshefi Ekzekutiv i Sekretariatit Nd\u00ebrkomb\u00ebtar t\u00eb HPH-s\u00eb i ndau certifikat\u00ebn drejtorit t\u00eb spitalit, Dr. Fazli Shala. Certifikata \u00ebsht\u00eb rezultat i angazhimit intensiv t\u00eb drejtuesve dhe stafit t\u00eb spitalit p\u00ebr t\u00eb p\u00ebrmbushur standardet e spitaleve promovuese t\u00eb sh\u00ebndetit.<\/p><p class=\"p1\">Duke folur n\u00eb ceremoni, Sekretari i P\u00ebrgjithsh\u00ebm i Ministris\u00eb s\u00eb Sh\u00ebndet\u00ebsis\u00eb s\u00eb Kosov\u00ebs, Dr. Naim Bardiqi, tha: \u201cSot, ne jemi k\u00ebtu p\u00ebr t\u00eb p\u00ebrg\u00ebzuar Spitalin e P\u00ebrgjithsh\u00ebm t\u00eb Pej\u00ebs p\u00ebr arritjen e madhe n\u00eb pranimin e certifikat\u00ebs nd\u00ebrkomb\u00ebtare t\u00eb Spitaleve Promovuese t\u00eb Sh\u00ebndetit. Duke u b\u00ebr\u00eb pjes\u00eb e barabart\u00eb e rrjetit global e sjell spitalin n\u00eb nivele t\u00eb reja n\u00eb ofrimin e sh\u00ebrbimeve sh\u00ebndet\u00ebsore\u201d.<\/p><p class=\"p1\">Spitalet promovuese t\u00eb sh\u00ebndetit (HPH) jan\u00eb institucione t\u00eb kujdesit sh\u00ebndet\u00ebsor q\u00eb kan\u00eb prioritet promovimin e sh\u00ebndetit dhe mir\u00ebqenies krahas kujdesit tradicional mjek\u00ebsor. Procesi i an\u00ebtar\u00ebsimit t\u00eb SP t\u00eb Pej\u00ebs n\u00eb rrjetin e HPH \u00ebsht\u00eb fasilituar p\u00ebrmes projektit Sh\u00ebrbimet Sh\u00ebndet\u00ebsore t\u00eb Integruara (IHS), nj\u00eb projekt i Agjencis\u00eb Zvicerane p\u00ebr Zhvillim dhe Bashk\u00ebpunim (SDC) n\u00eb Kosov\u00eb.<\/p><p class=\"p1\">\u201cKjo certifikat\u00eb q\u00ebndron si d\u00ebshmi e p\u00ebrkushtimit t\u00eb Spitalit t\u00eb P\u00ebrgjithsh\u00ebm t\u00eb Pej\u00ebs p\u00ebr p\u00ebrmir\u00ebsim t\u00eb vazhduesh\u00ebm me pacientin n\u00eb qend\u00ebr\u201d, tha Merita Mustafa nga SDC, e cila theksoi se ky angazhim vjen n\u00eb kuad\u00ebr t\u00eb mb\u00ebshtetjes s\u00eb SDC-s\u00eb p\u00ebr zhvillimin e sektorit t\u00eb sh\u00ebndet\u00ebsis\u00eb n\u00eb Kosov\u00eb.<\/p><p class=\"p1\">Takimi vazhdoi me prezantimin nga Prof. Dr. Oliver Gr\u00f6ne p\u00ebr r\u00ebnd\u00ebsin\u00eb e promovimit gjith\u00ebp\u00ebrfshir\u00ebs t\u00eb sh\u00ebndetit, duke eksploruar konceptin e promovimit gjith\u00ebp\u00ebrfshir\u00ebs t\u00eb sh\u00ebndetit, komponent\u00ebt e tij dhe ndikimin n\u00eb mir\u00ebqenien e individit dhe komunitetit.<\/p>\t\t\t\t\t\t<\/div>\n\t\t\t\t<\/div>\n\t\t\t\t\t<\/div>\n\t\t\t\t<\/div>\n\t\t\t\t<\/div>","protected":false},"excerpt":{"rendered":"<p>General Hospital of Peja Becomes Member of Health Promoting Hospitals Network General Hospital of Peja has now joined the worldwide community of health promoting hospitals. At a ceremony organized in Peja on 5 March 2024, Prof. Dr. Oliver Gr\u00f6ne, CEO of the International HPH Secretariat awarded the certificate to the hospital director, Dr. Fazli Shala. [&hellip;]<\/p>","protected":false},"author":1,"featured_media":0,"parent":0,"menu_order":0,"comment_status":"closed","ping_status":"closed","template":"","meta":[],"_links":{"self":[{"href":"https:\/\/ihsproject.org\/sq\/wp-json\/wp\/v2\/pages\/13276"}],"collection":[{"href":"https:\/\/ihsproject.org\/sq\/wp-json\/wp\/v2\/pages"}],"about":[{"href":"https:\/\/ihsproject.org\/sq\/wp-json\/wp\/v2\/types\/page"}],"author":[{"embeddable":true,"href":"https:\/\/ihsproject.org\/sq\/wp-json\/wp\/v2\/users\/1"}],"replies":[{"embeddable":true,"href":"https:\/\/ihsproject.org\/sq\/wp-json\/wp\/v2\/comments?post=13276"}],"version-history":[{"count":4,"href":"https:\/\/ihsproject.org\/sq\/wp-json\/wp\/v2\/pages\/13276\/revisions"}],"predecessor-version":[{"id":13283,"href":"https:\/\/ihsproject.org\/sq\/wp-json\/wp\/v2\/pages\/13276\/revisions\/13283"}],"wp:attachment":[{"href":"https:\/\/ihsproject.org\/sq\/wp-json\/wp\/v2\/media?parent=13276"}],"curies":[{"name":"wp","href":"https:\/\/api.w.org\/{rel}","templated":true}]}}