{"id":13239,"date":"2024-03-01T10:00:16","date_gmt":"2024-03-01T10:00:16","guid":{"rendered":"https:\/\/ihsproject.org\/?page_id=13239"},"modified":"2024-03-01T10:06:23","modified_gmt":"2024-03-01T10:06:23","slug":"march-01-2024","status":"publish","type":"page","link":"https:\/\/ihsproject.org\/sq\/march-01-2024\/","title":{"rendered":"Mars 01, 2024"},"content":{"rendered":"<div data-elementor-type=\"wp-page\" data-elementor-id=\"13239\" class=\"elementor elementor-13239\">\n\t\t\t\t<div class=\"elementor-element elementor-element-3fb96a0 e-flex e-con-boxed e-con e-parent\" data-id=\"3fb96a0\" data-element_type=\"container\" data-core-v316-plus=\"true\">\n\t\t\t\t\t<div class=\"e-con-inner\">\n\t\t\t\t<div class=\"elementor-element elementor-element-2f34079 elementor-widget elementor-widget-image\" data-id=\"2f34079\" data-element_type=\"widget\" data-widget_type=\"image.default\">\n\t\t\t\t<div class=\"elementor-widget-container\">\n\t\t\t\t\t\t\t\t\t\t\t\t\t<img fetchpriority=\"high\" decoding=\"async\" width=\"1600\" height=\"900\" src=\"https:\/\/ihsproject.org\/wp-content\/uploads\/2024\/03\/Two-Day_Training_to_Enhance_Healthcare_Communication.jpg\" class=\"attachment-full size-full wp-image-13244\" alt=\"\" srcset=\"https:\/\/ihsproject.org\/wp-content\/uploads\/2024\/03\/Two-Day_Training_to_Enhance_Healthcare_Communication.jpg 1600w, https:\/\/ihsproject.org\/wp-content\/uploads\/2024\/03\/Two-Day_Training_to_Enhance_Healthcare_Communication-300x169.jpg 300w, https:\/\/ihsproject.org\/wp-content\/uploads\/2024\/03\/Two-Day_Training_to_Enhance_Healthcare_Communication-1024x576.jpg 1024w, https:\/\/ihsproject.org\/wp-content\/uploads\/2024\/03\/Two-Day_Training_to_Enhance_Healthcare_Communication-768x432.jpg 768w, https:\/\/ihsproject.org\/wp-content\/uploads\/2024\/03\/Two-Day_Training_to_Enhance_Healthcare_Communication-1536x864.jpg 1536w, https:\/\/ihsproject.org\/wp-content\/uploads\/2024\/03\/Two-Day_Training_to_Enhance_Healthcare_Communication-18x10.jpg 18w\" sizes=\"(max-width: 1600px) 100vw, 1600px\" \/>\t\t\t\t\t\t\t\t\t\t\t\t\t<\/div>\n\t\t\t\t<\/div>\n\t\t\t\t\t<\/div>\n\t\t\t\t<\/div>\n\t\t<div class=\"elementor-element elementor-element-2cb1414 e-flex e-con-boxed e-con e-parent\" data-id=\"2cb1414\" data-element_type=\"container\" data-core-v316-plus=\"true\">\n\t\t\t\t\t<div class=\"e-con-inner\">\n\t\t\t\t<div class=\"elementor-element elementor-element-6d65d53 elementor-widget elementor-widget-heading\" data-id=\"6d65d53\" data-element_type=\"widget\" data-widget_type=\"heading.default\">\n\t\t\t\t<div class=\"elementor-widget-container\">\n\t\t\t<h2 class=\"elementor-heading-title elementor-size-default\">Trajnim dy-ditor p\u00ebr t\u00eb p\u00ebrmir\u00ebsuar komunikimin e kujdesit sh\u00ebndet\u00ebsor<\/h2>\t\t<\/div>\n\t\t\t\t<\/div>\n\t\t\t\t<div class=\"elementor-element elementor-element-c17d01b elementor-widget elementor-widget-text-editor\" data-id=\"c17d01b\" data-element_type=\"widget\" data-widget_type=\"text-editor.default\">\n\t\t\t\t<div class=\"elementor-widget-container\">\n\t\t\t\t\t\t\t<p>N\u00eb datat 27-28 shkurt 2024, p\u00ebrfaq\u00ebsues t\u00eb institucioneve t\u00eb ndryshme t\u00eb sektorit t\u00eb kujdesit sh\u00ebndet\u00ebsor mor\u00ebn pjes\u00eb n\u00eb nj\u00eb trajnim q\u00eb synonte hulumtimin e teknikave t\u00eb avancuara t\u00eb komunikimit efektiv dhe strategjik publik, angazhimit publik dhe komunikimit n\u00eb koh\u00eb krize.<\/p><p>Fasilituar nga projektet AQH dhe IHS, trajnimi mblodhi s\u00eb bashku p\u00ebrfaq\u00ebsues nga Ministria e Sh\u00ebndet\u00ebsis\u00eb, spitalet publike, komunat dhe organizatat e shoq\u00ebris\u00eb civile. Trajnimi n\u00ebnvizoi rolin jetik q\u00eb ka komunikimi i qart\u00eb dhe transparent n\u00eb nxitjen e besimit t\u00eb publikut, arritjen e objektivave t\u00eb politikave dhe navigimin e sfidave n\u00eb kuad\u00ebr t\u00eb peizazhit dinamik t\u00eb ofrimit t\u00eb kujdesit sh\u00ebndet\u00ebsor. Pjes\u00ebmarr\u00ebsit hulumtuan praktikat m\u00eb t\u00eb mira t\u00eb komunikimit institucional strategjik dhe teknikat p\u00ebr shfryt\u00ebzimin e fuqis\u00eb s\u00eb mediave sociale p\u00ebr t\u00eb p\u00ebrcjell\u00eb mesazhe me ndikim.<span class=\"Apple-converted-space\">\u00a0<\/span><\/p><p>Duke komentuar r\u00ebnd\u00ebsin\u00eb e trajnimit, Naim Sahiti, zyrtar p\u00ebr informim publik n\u00eb Spitalin e P\u00ebrgjithsh\u00ebm t\u00eb Pej\u00ebs, theksoi se: \u201cTrajnimi ishte i organizuar n\u00eb m\u00ebnyr\u00eb t\u00eb p\u00ebrsosur. Seanca mbi rrjetet sociale ishte ve\u00e7an\u00ebrisht me ndikim, duke ofruar njohuri t\u00eb vlefshme. Fal\u00eb trajnimit, un\u00eb tashm\u00eb kam propozuar nj\u00eb plan gjith\u00ebp\u00ebrfshir\u00ebs t\u00eb komunikimit digjital p\u00ebr vitin 2024, duke integruar fushat kryesore t\u00eb theksuara gjat\u00eb sesionit\u201d.<\/p><p>P\u00ebrmes nismave t\u00eb bashk\u00ebrenduara si k\u00ebto, projektet IHS dhe AQH jan\u00eb t\u00eb p\u00ebrkushtuara p\u00ebr t\u00eb avancuar qasjen, cil\u00ebsin\u00eb dhe integrimin e sh\u00ebrbimeve t\u00eb kujdesit sh\u00ebndet\u00ebsor p\u00ebr t\u00eb gjith\u00eb.<\/p>\t\t\t\t\t\t<\/div>\n\t\t\t\t<\/div>\n\t\t\t\t\t<\/div>\n\t\t\t\t<\/div>\n\t\t\t\t<\/div>","protected":false},"excerpt":{"rendered":"<p>Two-Day Training to Enhance Healthcare Communication On 27-28 February 2024, representatives of various healthcare sector institutions participated at a training aimed at exploring advanced techniques of effective and strategic public communication, public engagement, and crisis communications. Facilitated by AQH and IHS projects, the training brought together representatives from the Ministry of Health, public hospitals, municipalities, [&hellip;]<\/p>","protected":false},"author":1,"featured_media":0,"parent":0,"menu_order":0,"comment_status":"closed","ping_status":"closed","template":"","meta":[],"_links":{"self":[{"href":"https:\/\/ihsproject.org\/sq\/wp-json\/wp\/v2\/pages\/13239"}],"collection":[{"href":"https:\/\/ihsproject.org\/sq\/wp-json\/wp\/v2\/pages"}],"about":[{"href":"https:\/\/ihsproject.org\/sq\/wp-json\/wp\/v2\/types\/page"}],"author":[{"embeddable":true,"href":"https:\/\/ihsproject.org\/sq\/wp-json\/wp\/v2\/users\/1"}],"replies":[{"embeddable":true,"href":"https:\/\/ihsproject.org\/sq\/wp-json\/wp\/v2\/comments?post=13239"}],"version-history":[{"count":4,"href":"https:\/\/ihsproject.org\/sq\/wp-json\/wp\/v2\/pages\/13239\/revisions"}],"predecessor-version":[{"id":13247,"href":"https:\/\/ihsproject.org\/sq\/wp-json\/wp\/v2\/pages\/13239\/revisions\/13247"}],"wp:attachment":[{"href":"https:\/\/ihsproject.org\/sq\/wp-json\/wp\/v2\/media?parent=13239"}],"curies":[{"name":"wp","href":"https:\/\/api.w.org\/{rel}","templated":true}]}}