{"id":13200,"date":"2024-02-21T14:49:34","date_gmt":"2024-02-21T14:49:34","guid":{"rendered":"https:\/\/ihsproject.org\/?page_id=13200"},"modified":"2024-02-21T16:14:20","modified_gmt":"2024-02-21T16:14:20","slug":"february-21-2024","status":"publish","type":"page","link":"https:\/\/ihsproject.org\/sq\/february-21-2024\/","title":{"rendered":"Shkurt 21, 2024"},"content":{"rendered":"<div data-elementor-type=\"wp-page\" data-elementor-id=\"13200\" class=\"elementor elementor-13200\">\n\t\t\t\t<div class=\"elementor-element elementor-element-660f85aa e-flex e-con-boxed e-con e-parent\" data-id=\"660f85aa\" data-element_type=\"container\" data-core-v316-plus=\"true\">\n\t\t\t\t\t<div class=\"e-con-inner\">\n\t\t\t\t<div class=\"elementor-element elementor-element-673b9355 elementor-widget elementor-widget-image\" data-id=\"673b9355\" data-element_type=\"widget\" data-widget_type=\"image.default\">\n\t\t\t\t<div class=\"elementor-widget-container\">\n\t\t\t\t\t\t\t\t\t\t\t\t\t<img fetchpriority=\"high\" decoding=\"async\" width=\"800\" height=\"600\" src=\"https:\/\/ihsproject.org\/wp-content\/uploads\/2024\/02\/20240221-GH-Gjakova-QIPs-1024x768.jpg\" class=\"attachment-large size-large wp-image-13203\" alt=\"\" srcset=\"https:\/\/ihsproject.org\/wp-content\/uploads\/2024\/02\/20240221-GH-Gjakova-QIPs-1024x768.jpg 1024w, https:\/\/ihsproject.org\/wp-content\/uploads\/2024\/02\/20240221-GH-Gjakova-QIPs-300x225.jpg 300w, https:\/\/ihsproject.org\/wp-content\/uploads\/2024\/02\/20240221-GH-Gjakova-QIPs-768x576.jpg 768w, https:\/\/ihsproject.org\/wp-content\/uploads\/2024\/02\/20240221-GH-Gjakova-QIPs-1536x1152.jpg 1536w, https:\/\/ihsproject.org\/wp-content\/uploads\/2024\/02\/20240221-GH-Gjakova-QIPs-2048x1536.jpg 2048w, https:\/\/ihsproject.org\/wp-content\/uploads\/2024\/02\/20240221-GH-Gjakova-QIPs-16x12.jpg 16w\" sizes=\"(max-width: 800px) 100vw, 800px\" \/>\t\t\t\t\t\t\t\t\t\t\t\t\t<\/div>\n\t\t\t\t<\/div>\n\t\t\t\t\t<\/div>\n\t\t\t\t<\/div>\n\t\t<div class=\"elementor-element elementor-element-115d5365 e-flex e-con-boxed e-con e-parent\" data-id=\"115d5365\" data-element_type=\"container\" data-core-v316-plus=\"true\">\n\t\t\t\t\t<div class=\"e-con-inner\">\n\t\t\t\t<div class=\"elementor-element elementor-element-54bbcb96 elementor-widget elementor-widget-heading\" data-id=\"54bbcb96\" data-element_type=\"widget\" data-widget_type=\"heading.default\">\n\t\t\t\t<div class=\"elementor-widget-container\">\n\t\t\t<h2 class=\"elementor-heading-title elementor-size-default\">Projekte p\u00ebr P\u00ebrmir\u00ebsimin e Cil\u00ebsis\u00eb q\u00eb forcojn\u00eb dinamizmin e spitalit <\/h2>\t\t<\/div>\n\t\t\t\t<\/div>\n\t\t\t\t<div class=\"elementor-element elementor-element-2234dda1 elementor-widget elementor-widget-text-editor\" data-id=\"2234dda1\" data-element_type=\"widget\" data-widget_type=\"text-editor.default\">\n\t\t\t\t<div class=\"elementor-widget-container\">\n\t\t\t\t\t\t\t<p><span style=\"font-weight: 400;\">N\u00eb seanc\u00ebn e mbajtur n\u00eb Spitalin e P\u00ebrgjithsh\u00ebm t\u00eb Gjakov\u00ebs m\u00eb datat 20-21 shkurt 2024, tema kryesore ishte Projektet p\u00ebr P\u00ebrmir\u00ebsimin e Cil\u00ebsis\u00eb (PPC-t\u00eb), si mekaniz\u00ebm q\u00eb mb\u00ebshtet rrug\u00ebtimin e spitaleve drejt p\u00ebrmir\u00ebsimit t\u00eb vazhduesh\u00ebm.\u00a0<\/span><\/p><p><span style=\"font-weight: 400;\">Duke iu drejtuar profesionist\u00ebve t\u00eb kujdesit sh\u00ebndet\u00ebsor q\u00eb p\u00ebrb\u00ebjn\u00eb ekipin e em\u00ebruar p\u00ebr t\u00eb punuar n\u00eb PPC, Manfred Zahorka, nga Optimedis, ekspert n\u00eb standardet e cil\u00ebsis\u00eb, n\u00ebnvizoi parimin themelor q\u00eb udh\u00ebheq PPC-t\u00eb: \"\u00c7do PPC gjithmon\u00eb niset nga nj\u00eb standard ose situat\u00eb ekzistuese\". <\/span><\/p><p><span style=\"font-weight: 400;\">Ai theksoi natyr\u00ebn ciklike t\u00eb p\u00ebrmir\u00ebsimit, duke shpjeguar se procesi p\u00ebrfshin p\u00ebrs\u00ebritjen p\u00ebrmes ndryshimeve derisa \u00e7do p\u00ebrs\u00ebritje t\u00eb tejkaloj\u00eb standardin e m\u00ebparsh\u00ebm. \"Sapo ndryshimi b\u00ebhet standard, ju filloni nga e para. K\u00ebshtu funksionon p\u00ebrmir\u00ebsimi,\" shtoi ai, duke theksuar rrug\u00ebtimin e p\u00ebrhersh\u00ebm drejt p\u00ebrsosm\u00ebris\u00eb.<\/span><\/p><p><span style=\"font-weight: 400;\">N\u00eb qend\u00ebr t\u00eb mb\u00ebshtetjes s\u00eb ofruar nga projekti IHS \u00ebsht\u00eb edhe forcimi i kapaciteteve t\u00eb stafit t\u00eb spitalit p\u00ebr zhvillimin e projekt propozimeve t\u00eb fuqishme. Duke fuqizuar profesionist\u00ebt e kujdesit sh\u00ebndet\u00ebsor me k\u00ebto shkatht\u00ebsi, q\u00ebllimi \u00ebsht\u00eb t\u00eb promovohet nj\u00eb kultur\u00eb e inovacionit dhe p\u00ebrmir\u00ebsimit t\u00eb vazhduesh\u00ebm brenda Spitalit t\u00eb P\u00ebrgjithsh\u00ebm t\u00eb Gjakov\u00ebs.<\/span><\/p><p><span style=\"font-weight: 400;\">Nj\u00eb nga projektet fillestare \u00ebsht\u00eb nd\u00ebrtimi i nj\u00eb recepsioni shum\u00ebfunksional n\u00eb spital, q\u00eb p\u00ebrputhet me q\u00ebllimin p\u00ebr t\u00eb p\u00ebrmir\u00ebsuar p\u00ebrvoj\u00ebn e pacientit dhe efikasitetin operacional, si dhe p\u00ebr t\u00eb ngritur standardin e kujdesit q\u00eb u ofrohet pacient\u00ebve.<\/span><\/p><p><span style=\"font-weight: 400;\">\u00c7ka \u00ebsht\u00eb me r\u00ebnd\u00ebsi, kjo nism\u00eb \u00ebsht\u00eb n\u00eb p\u00ebrputhje edhe me parimet e spitaleve promovuese t\u00eb sh\u00ebndetit, duke synuar q\u00eb t\u00eb krijohen mjedise q\u00eb promovojn\u00eb sh\u00ebndetin dhe mir\u00ebqenien p\u00ebrtej trajtimit klinik.<\/span><\/p>\t\t\t\t\t\t<\/div>\n\t\t\t\t<\/div>\n\t\t\t\t\t<\/div>\n\t\t\t\t<\/div>\n\t\t\t\t<\/div>","protected":false},"excerpt":{"rendered":"<p>Quality Improvement Projects to Bolster Hospital Dynamism In session held at the General Hospital of Gjakova on 20-21 February 2024, the key topic was Quality Improvement Projects (QIPs), as a tool that supports the hospitals\u2019 journey towards continuous improvement.\u00a0 Addressing the healthcare professionals who comprise the assigned team to work on QIPs, Manfred Zahorka, from [&hellip;]<\/p>","protected":false},"author":1,"featured_media":0,"parent":0,"menu_order":0,"comment_status":"closed","ping_status":"closed","template":"","meta":[],"_links":{"self":[{"href":"https:\/\/ihsproject.org\/sq\/wp-json\/wp\/v2\/pages\/13200"}],"collection":[{"href":"https:\/\/ihsproject.org\/sq\/wp-json\/wp\/v2\/pages"}],"about":[{"href":"https:\/\/ihsproject.org\/sq\/wp-json\/wp\/v2\/types\/page"}],"author":[{"embeddable":true,"href":"https:\/\/ihsproject.org\/sq\/wp-json\/wp\/v2\/users\/1"}],"replies":[{"embeddable":true,"href":"https:\/\/ihsproject.org\/sq\/wp-json\/wp\/v2\/comments?post=13200"}],"version-history":[{"count":7,"href":"https:\/\/ihsproject.org\/sq\/wp-json\/wp\/v2\/pages\/13200\/revisions"}],"predecessor-version":[{"id":13216,"href":"https:\/\/ihsproject.org\/sq\/wp-json\/wp\/v2\/pages\/13200\/revisions\/13216"}],"wp:attachment":[{"href":"https:\/\/ihsproject.org\/sq\/wp-json\/wp\/v2\/media?parent=13200"}],"curies":[{"name":"wp","href":"https:\/\/api.w.org\/{rel}","templated":true}]}}