{"id":13026,"date":"2023-12-22T14:59:56","date_gmt":"2023-12-22T14:59:56","guid":{"rendered":"https:\/\/ihsproject.org\/?page_id=13026"},"modified":"2023-12-22T15:01:17","modified_gmt":"2023-12-22T15:01:17","slug":"december-21-2023","status":"publish","type":"page","link":"https:\/\/ihsproject.org\/sq\/december-21-2023\/","title":{"rendered":"Dhjetor\u00eb 21, 2023"},"content":{"rendered":"<div data-elementor-type=\"wp-page\" data-elementor-id=\"13026\" class=\"elementor elementor-13026\">\n\t\t\t\t<div class=\"elementor-element elementor-element-2b3fb4ca e-flex e-con-boxed e-con e-parent\" data-id=\"2b3fb4ca\" data-element_type=\"container\" data-core-v316-plus=\"true\">\n\t\t\t\t\t<div class=\"e-con-inner\">\n\t\t\t\t<div class=\"elementor-element elementor-element-4b9d6575 elementor-widget elementor-widget-image\" data-id=\"4b9d6575\" data-element_type=\"widget\" data-widget_type=\"image.default\">\n\t\t\t\t<div class=\"elementor-widget-container\">\n\t\t\t\t\t\t\t\t\t\t\t\t\t<img fetchpriority=\"high\" decoding=\"async\" width=\"1600\" height=\"800\" src=\"https:\/\/ihsproject.org\/wp-content\/uploads\/2023\/12\/IMG_6618-1.jpg\" class=\"attachment-full size-full wp-image-13029\" alt=\"\" srcset=\"https:\/\/ihsproject.org\/wp-content\/uploads\/2023\/12\/IMG_6618-1.jpg 1600w, https:\/\/ihsproject.org\/wp-content\/uploads\/2023\/12\/IMG_6618-1-300x150.jpg 300w, https:\/\/ihsproject.org\/wp-content\/uploads\/2023\/12\/IMG_6618-1-1024x512.jpg 1024w, https:\/\/ihsproject.org\/wp-content\/uploads\/2023\/12\/IMG_6618-1-768x384.jpg 768w, https:\/\/ihsproject.org\/wp-content\/uploads\/2023\/12\/IMG_6618-1-1536x768.jpg 1536w, https:\/\/ihsproject.org\/wp-content\/uploads\/2023\/12\/IMG_6618-1-18x9.jpg 18w\" sizes=\"(max-width: 1600px) 100vw, 1600px\" \/>\t\t\t\t\t\t\t\t\t\t\t\t\t<\/div>\n\t\t\t\t<\/div>\n\t\t\t\t\t<\/div>\n\t\t\t\t<\/div>\n\t\t<div class=\"elementor-element elementor-element-3675cb9b e-flex e-con-boxed e-con e-parent\" data-id=\"3675cb9b\" data-element_type=\"container\" data-core-v316-plus=\"true\">\n\t\t\t\t\t<div class=\"e-con-inner\">\n\t\t\t\t<div class=\"elementor-element elementor-element-392d80f2 elementor-widget elementor-widget-heading\" data-id=\"392d80f2\" data-element_type=\"widget\" data-widget_type=\"heading.default\">\n\t\t\t\t<div class=\"elementor-widget-container\">\n\t\t\t<h2 class=\"elementor-heading-title elementor-size-default\">Avancimi i zhvillimit institucional p\u00ebrmes partneriteteve <\/h2>\t\t<\/div>\n\t\t\t\t<\/div>\n\t\t\t\t<div class=\"elementor-element elementor-element-47fee0bf elementor-widget elementor-widget-text-editor\" data-id=\"47fee0bf\" data-element_type=\"widget\" data-widget_type=\"text-editor.default\">\n\t\t\t\t<div class=\"elementor-widget-container\">\n\t\t\t\t\t\t\t<p><span style=\"font-weight: 400;\">M\u00eb 20 dhjetor 2023, projekti IHS n\u00ebnshkroi memorandum mir\u00ebkuptimi (MM) me Od\u00ebn e Infermier\u00ebve, Mamive dhe Profesionist\u00ebve t\u00eb tjer\u00eb t\u00eb Kujdesit Sh\u00ebndet\u00ebsor n\u00eb Kosov\u00eb (OIK). Ky MM udh\u00ebheq partneritetin institucional nd\u00ebrmjet IHS dhe IOK dhe p\u00ebrfshin nj\u00eb s\u00ebr\u00eb aktivitetesh q\u00eb do t\u00eb zbatohen gjat\u00eb faz\u00ebs s\u00eb projektit.<\/span><\/p><p><span style=\"font-weight: 400;\">Q\u00ebllimi kryesor i MM-s\u00eb \u00ebsht\u00eb t\u00eb mb\u00ebshtes\u00eb dhe t\u00eb avancoj\u00eb zhvillimin institucional t\u00eb OIK-s\u00eb si organizat\u00eb profesionale. Fushat e fokusit t\u00eb partneritetit p\u00ebrfshijn\u00eb efikasitetin e qeverisjes dhe performanc\u00ebs operative p\u00ebrkitazi me sh\u00ebrbimet e OIK-s\u00eb, p\u00ebrpjekjet p\u00ebr t\u00eb avancuar m\u00eb tej kontributin e OIK-s\u00eb n\u00eb proceset legjislative dhe politik\u00ebb\u00ebr\u00ebse, si dhe avokimin p\u00ebr interesat e infermier\u00ebve dhe avancimin e politikave sh\u00ebndet\u00ebsore n\u00eb interes t\u00eb profesionit dhe kujdesit p\u00ebr pacient\u00ebt.<\/span><\/p><p><span style=\"font-weight: 400;\">MM-ja gjithashtu v\u00eb theksin n\u00eb programe edukative dhe trajnuese p\u00ebr infermier\u00ebt e OIK-s\u00eb, me q\u00ebllim t\u00eb avancimit t\u00eb shkatht\u00ebsive dhe njohurive profesionale, si dhe angazhimit n\u00eb hulumtime dhe publikime shkencore. MM-ja gjithashtu parasheh rrjet\u00ebzimin profesional t\u00eb OIK-s\u00eb me fokus t\u00eb zgjeruar n\u00eb rrjetet rajonale dhe nd\u00ebrkomb\u00ebtare, s\u00eb bashku me rritjen e vet\u00ebdij\u00ebsimit dhe t\u00eb kuptuarit t\u00eb rolit t\u00eb infermieris\u00eb n\u00eb kujdesin sh\u00ebndet\u00ebsor tek publiku i gjer\u00eb.<\/span><\/p>\t\t\t\t\t\t<\/div>\n\t\t\t\t<\/div>\n\t\t\t\t\t<\/div>\n\t\t\t\t<\/div>\n\t\t\t\t<\/div>","protected":false},"excerpt":{"rendered":"<p>Enhancing Institutional Growth Through Partnerships On 20 December 2023, the IHS project signed a memorandum of understanding (MOU) with the Chamber of Nurses, Midwives, and Other Healthcare Professionals in Kosovo (OIK). This MOU guides the institutional partnership between IHS and OIK, including a range of activites to be implemented through the project\u2019s phase. The main [&hellip;]<\/p>","protected":false},"author":1,"featured_media":0,"parent":0,"menu_order":0,"comment_status":"closed","ping_status":"closed","template":"","meta":[],"_links":{"self":[{"href":"https:\/\/ihsproject.org\/sq\/wp-json\/wp\/v2\/pages\/13026"}],"collection":[{"href":"https:\/\/ihsproject.org\/sq\/wp-json\/wp\/v2\/pages"}],"about":[{"href":"https:\/\/ihsproject.org\/sq\/wp-json\/wp\/v2\/types\/page"}],"author":[{"embeddable":true,"href":"https:\/\/ihsproject.org\/sq\/wp-json\/wp\/v2\/users\/1"}],"replies":[{"embeddable":true,"href":"https:\/\/ihsproject.org\/sq\/wp-json\/wp\/v2\/comments?post=13026"}],"version-history":[{"count":4,"href":"https:\/\/ihsproject.org\/sq\/wp-json\/wp\/v2\/pages\/13026\/revisions"}],"predecessor-version":[{"id":13033,"href":"https:\/\/ihsproject.org\/sq\/wp-json\/wp\/v2\/pages\/13026\/revisions\/13033"}],"wp:attachment":[{"href":"https:\/\/ihsproject.org\/sq\/wp-json\/wp\/v2\/media?parent=13026"}],"curies":[{"name":"wp","href":"https:\/\/api.w.org\/{rel}","templated":true}]}}