{"id":12970,"date":"2023-12-08T08:21:14","date_gmt":"2023-12-08T08:21:14","guid":{"rendered":"https:\/\/ihsproject.org\/?page_id=12970"},"modified":"2023-12-08T08:46:58","modified_gmt":"2023-12-08T08:46:58","slug":"december-8-2023","status":"publish","type":"page","link":"https:\/\/ihsproject.org\/sq\/december-8-2023\/","title":{"rendered":"Dhjetor\u00eb 8, 2023"},"content":{"rendered":"<div data-elementor-type=\"wp-page\" data-elementor-id=\"12970\" class=\"elementor elementor-12970\">\n\t\t\t\t<div class=\"elementor-element elementor-element-9620da4 e-flex e-con-boxed e-con e-parent\" data-id=\"9620da4\" data-element_type=\"container\" data-core-v316-plus=\"true\">\n\t\t\t\t\t<div class=\"e-con-inner\">\n\t\t\t\t<div class=\"elementor-element elementor-element-9e06b83 elementor-widget elementor-widget-heading\" data-id=\"9e06b83\" data-element_type=\"widget\" data-widget_type=\"heading.default\">\n\t\t\t\t<div class=\"elementor-widget-container\">\n\t\t\t<h2 class=\"elementor-heading-title elementor-size-default\">Nd\u00ebrgjegj\u00ebsimi p\u00ebr besimet e zakonshme kundrejt realitetit t\u00eb diabetit<\/h2>\t\t<\/div>\n\t\t\t\t<\/div>\n\t\t\t\t<div class=\"elementor-element elementor-element-542f2eb elementor-widget elementor-widget-image\" data-id=\"542f2eb\" data-element_type=\"widget\" data-widget_type=\"image.default\">\n\t\t\t\t<div class=\"elementor-widget-container\">\n\t\t\t\t\t\t\t\t\t\t\t\t\t<img fetchpriority=\"high\" decoding=\"async\" width=\"2560\" height=\"1309\" src=\"https:\/\/ihsproject.org\/wp-content\/uploads\/2023\/12\/20231207_141048-scaled.jpg\" class=\"attachment-full size-full wp-image-12977\" alt=\"\" srcset=\"https:\/\/ihsproject.org\/wp-content\/uploads\/2023\/12\/20231207_141048-scaled.jpg 2560w, https:\/\/ihsproject.org\/wp-content\/uploads\/2023\/12\/20231207_141048-300x153.jpg 300w, https:\/\/ihsproject.org\/wp-content\/uploads\/2023\/12\/20231207_141048-1024x524.jpg 1024w, https:\/\/ihsproject.org\/wp-content\/uploads\/2023\/12\/20231207_141048-768x393.jpg 768w, https:\/\/ihsproject.org\/wp-content\/uploads\/2023\/12\/20231207_141048-1536x785.jpg 1536w, https:\/\/ihsproject.org\/wp-content\/uploads\/2023\/12\/20231207_141048-2048x1047.jpg 2048w, https:\/\/ihsproject.org\/wp-content\/uploads\/2023\/12\/20231207_141048-18x9.jpg 18w\" sizes=\"(max-width: 2560px) 100vw, 2560px\" \/>\t\t\t\t\t\t\t\t\t\t\t\t\t<\/div>\n\t\t\t\t<\/div>\n\t\t\t\t\t<\/div>\n\t\t\t\t<\/div>\n\t\t<div class=\"elementor-element elementor-element-8e3e903 e-flex e-con-boxed e-con e-parent\" data-id=\"8e3e903\" data-element_type=\"container\" data-core-v316-plus=\"true\">\n\t\t\t\t\t<div class=\"e-con-inner\">\n\t\t\t\t<div class=\"elementor-element elementor-element-3461ebb elementor-widget elementor-widget-text-editor\" data-id=\"3461ebb\" data-element_type=\"widget\" data-widget_type=\"text-editor.default\">\n\t\t\t\t<div class=\"elementor-widget-container\">\n\t\t\t\t\t\t\t<p>P\u00ebr ta sh\u00ebnuar Dit\u00ebn Bot\u00ebrore t\u00eb Diabetit n\u00eb vitin 2023, projekti Sh\u00ebrbimet Sh\u00ebndet\u00ebsore t\u00eb Integruara (IHS) vendosi t\u2019i shfryt\u00ebzoj\u00eb z\u00ebrat e qytetar\u00ebve dhe mjek\u00ebve p\u00ebr t\u00eb hedhur drit\u00eb mbi nd\u00ebrgjegj\u00ebsimin p\u00ebr diabetin, p\u00ebr t\u2019i hedhur posht\u00eb mitet, p\u00ebr ta promovuar zbulimin e hersh\u00ebm dhe p\u00ebr t\u00eb frym\u00ebzuar ndryshime pozitive n\u00eb stilin e jetes\u00ebs.<\/p><p>Me kamera n\u00eb duar, fol\u00ebm me njer\u00ebz q\u00eb i takuam rast\u00ebsisht n\u00eb rrug\u00ebt e qyteteve t\u00eb Pej\u00ebs dhe Gjakov\u00ebs, duke i kapur n\u00eb ekran mendimet dhe perceptimet e tyre n\u00eb lidhje me diabetin. Me t\u00eb fituar kuptim m\u00eb t\u00eb mir\u00eb t\u00eb besimeve t\u00eb gabuara t\u00eb p\u00ebrhapura, ne lansuam nj\u00eb fushat\u00eb gjith\u00ebp\u00ebrfshir\u00ebse p\u00ebr ta rritur nd\u00ebrgjegj\u00ebsimin p\u00ebr diabetin.<\/p><p>Nj\u00eb seri videosh ishte n\u00eb qend\u00ebr t\u00eb k\u00ebsaj nisme, me shfaqjen e intervistave t\u00eb hapura me qytetar\u00ebt e Kosov\u00ebs duke diskutuar perceptimet e tyre p\u00ebr diabetin. M\u00eb pas, videot preknin tet\u00eb deklarata kritike publike n\u00eb lidhje me s\u00ebmundjen, ku dy mjek\u00eb iu p\u00ebrgjigj\u00ebn n\u00eb detaje \u00e7do deklarate, me synim kap\u00ebrcimin e hendekut midis realitetit dhe pritshm\u00ebris\u00eb.<\/p><p>Konceptet e vler\u00ebsuara p\u00ebrmes k\u00ebtij aktiviteti i p\u00ebrkisnin stilit t\u00eb jetes\u00ebs, duke p\u00ebrfaq\u00ebsuar ndryshime efikase t\u00eb sjelljes q\u00eb mund t\u00eb parandalojn\u00eb s\u00ebmundjen ose komplikimet q\u00eb rrjedhin prej saj.<\/p>\t\t\t\t\t\t<\/div>\n\t\t\t\t<\/div>\n\t\t\t\t\t<\/div>\n\t\t\t\t<\/div>\n\t\t<div class=\"elementor-element elementor-element-a08959c e-flex e-con-boxed e-con e-parent\" data-id=\"a08959c\" data-element_type=\"container\" data-core-v316-plus=\"true\">\n\t\t\t\t\t<div class=\"e-con-inner\">\n\t\t\t\t<div class=\"elementor-element elementor-element-c6e05ec elementor-widget elementor-widget-heading\" data-id=\"c6e05ec\" data-element_type=\"widget\" data-widget_type=\"heading.default\">\n\t\t\t\t<div class=\"elementor-widget-container\">\n\t\t\t<h2 class=\"elementor-heading-title elementor-size-default\">Besimet e gabuara t\u00eb nxjerra nga intervistat me njer\u00ebz t\u00eb rast\u00ebsish\u00ebm n\u00eb rrug\u00eb (Vox-Pop)<\/h2>\t\t<\/div>\n\t\t\t\t<\/div>\n\t\t\t\t<div class=\"elementor-element elementor-element-732aad8 elementor-widget elementor-widget-image\" data-id=\"732aad8\" data-element_type=\"widget\" data-widget_type=\"image.default\">\n\t\t\t\t<div class=\"elementor-widget-container\">\n\t\t\t\t\t\t\t\t\t\t\t\t\t<img decoding=\"async\" width=\"2560\" height=\"1624\" src=\"https:\/\/ihsproject.org\/wp-content\/uploads\/2023\/12\/20231207_140104-scaled.jpg\" class=\"attachment-full size-full wp-image-12975\" alt=\"\" srcset=\"https:\/\/ihsproject.org\/wp-content\/uploads\/2023\/12\/20231207_140104-scaled.jpg 2560w, https:\/\/ihsproject.org\/wp-content\/uploads\/2023\/12\/20231207_140104-300x190.jpg 300w, https:\/\/ihsproject.org\/wp-content\/uploads\/2023\/12\/20231207_140104-1024x650.jpg 1024w, https:\/\/ihsproject.org\/wp-content\/uploads\/2023\/12\/20231207_140104-768x487.jpg 768w, https:\/\/ihsproject.org\/wp-content\/uploads\/2023\/12\/20231207_140104-1536x974.jpg 1536w, https:\/\/ihsproject.org\/wp-content\/uploads\/2023\/12\/20231207_140104-2048x1299.jpg 2048w, https:\/\/ihsproject.org\/wp-content\/uploads\/2023\/12\/20231207_140104-18x12.jpg 18w\" sizes=\"(max-width: 2560px) 100vw, 2560px\" \/>\t\t\t\t\t\t\t\t\t\t\t\t\t<\/div>\n\t\t\t\t<\/div>\n\t\t\t\t\t<\/div>\n\t\t\t\t<\/div>\n\t\t<div class=\"elementor-element elementor-element-1474cd4 e-flex e-con-boxed e-con e-parent\" data-id=\"1474cd4\" data-element_type=\"container\" data-core-v316-plus=\"true\">\n\t\t\t\t\t<div class=\"e-con-inner\">\n\t\t\t\t<div class=\"elementor-element elementor-element-14badf6 elementor-widget elementor-widget-text-editor\" data-id=\"14badf6\" data-element_type=\"widget\" data-widget_type=\"text-editor.default\">\n\t\t\t\t<div class=\"elementor-widget-container\">\n\t\t\t\t\t\t\t<p>The <a href=\"https:\/\/www.youtube.com\/watch?v=SHvpgVF8rpI\">Intervistat vox-pop<\/a> that allowed us to learn about people\u2019s understanding of diabetes. Their honest responses provided a spectrum of beliefs and misconceptions surrounding this chronic disease. Such footage of genuine responses was a crucial resource in shaping the next steps.<\/p>\t\t\t\t\t\t<\/div>\n\t\t\t\t<\/div>\n\t\t\t\t\t<\/div>\n\t\t\t\t<\/div>\n\t\t<div class=\"elementor-element elementor-element-09b6b64 e-flex e-con-boxed e-con e-parent\" data-id=\"09b6b64\" data-element_type=\"container\" data-core-v316-plus=\"true\">\n\t\t\t\t\t<div class=\"e-con-inner\">\n\t\t\t\t<div class=\"elementor-element elementor-element-56f1fcf elementor-widget elementor-widget-heading\" data-id=\"56f1fcf\" data-element_type=\"widget\" data-widget_type=\"heading.default\">\n\t\t\t\t<div class=\"elementor-widget-container\">\n\t\t\t<h2 class=\"elementor-heading-title elementor-size-default\">Shpjegimi nga mjek\u00ebt<\/h2>\t\t<\/div>\n\t\t\t\t<\/div>\n\t\t\t\t<div class=\"elementor-element elementor-element-6cfed00 elementor-widget elementor-widget-image\" data-id=\"6cfed00\" data-element_type=\"widget\" data-widget_type=\"image.default\">\n\t\t\t\t<div class=\"elementor-widget-container\">\n\t\t\t\t\t\t\t\t\t\t\t\t\t<img decoding=\"async\" width=\"2560\" height=\"1920\" src=\"https:\/\/ihsproject.org\/wp-content\/uploads\/2023\/12\/20231207_141305-scaled.jpg\" class=\"attachment-full size-full wp-image-12974\" alt=\"\" srcset=\"https:\/\/ihsproject.org\/wp-content\/uploads\/2023\/12\/20231207_141305-scaled.jpg 2560w, https:\/\/ihsproject.org\/wp-content\/uploads\/2023\/12\/20231207_141305-300x225.jpg 300w, https:\/\/ihsproject.org\/wp-content\/uploads\/2023\/12\/20231207_141305-1024x768.jpg 1024w, https:\/\/ihsproject.org\/wp-content\/uploads\/2023\/12\/20231207_141305-768x576.jpg 768w, https:\/\/ihsproject.org\/wp-content\/uploads\/2023\/12\/20231207_141305-1536x1152.jpg 1536w, https:\/\/ihsproject.org\/wp-content\/uploads\/2023\/12\/20231207_141305-2048x1536.jpg 2048w, https:\/\/ihsproject.org\/wp-content\/uploads\/2023\/12\/20231207_141305-16x12.jpg 16w\" sizes=\"(max-width: 2560px) 100vw, 2560px\" \/>\t\t\t\t\t\t\t\t\t\t\t\t\t<\/div>\n\t\t\t\t<\/div>\n\t\t\t\t\t<\/div>\n\t\t\t\t<\/div>\n\t\t<div class=\"elementor-element elementor-element-04181de e-flex e-con-boxed e-con e-parent\" data-id=\"04181de\" data-element_type=\"container\" data-core-v316-plus=\"true\">\n\t\t\t\t\t<div class=\"e-con-inner\">\n\t\t\t\t<div class=\"elementor-element elementor-element-43aeb20 elementor-widget elementor-widget-text-editor\" data-id=\"43aeb20\" data-element_type=\"widget\" data-widget_type=\"text-editor.default\">\n\t\t\t\t<div class=\"elementor-widget-container\">\n\t\t\t\t\t\t\t<p>P\u00ebr t\u2019u futur m\u00eb thell\u00eb n\u00eb k\u00ebt\u00eb tem\u00eb, ne angazhuam profesionist\u00eb t\u00eb kujdesit sh\u00ebndet\u00ebsor n\u00eb Spitalet e P\u00ebrgjithshme t\u00eb Pej\u00ebs dhe Gjakov\u00ebs. <a href=\"https:\/\/www.youtube.com\/playlist?list=PLA-klFjsFBfZpw_CNwNVjdjiqUsGa79hC\">Secili mjek iu p\u00ebrgjigj kat\u00ebr pyetjeve kryesore<\/a>, duke trajtuar mitet e p\u00ebrhapura dhe duke ndar\u00eb informata thelb\u00ebsore n\u00eb nj\u00eb gjuh\u00eb e cila \u00ebsht\u00eb e leht\u00eb p\u00ebr t\u2019u kuptuar nga publiku. Perspektivat e tyre formuan shtyll\u00ebn e p\u00ebrpjekjes son\u00eb p\u00ebr t\u00eb ofruar njohuri t\u00eb sakta dhe t\u00eb besueshme p\u00ebr diabetin.<\/p>\t\t\t\t\t\t<\/div>\n\t\t\t\t<\/div>\n\t\t\t\t<div class=\"elementor-element elementor-element-7f1ceee elementor-widget elementor-widget-image\" data-id=\"7f1ceee\" data-element_type=\"widget\" data-widget_type=\"image.default\">\n\t\t\t\t<div class=\"elementor-widget-container\">\n\t\t\t\t\t\t\t\t\t\t\t\t\t<img loading=\"lazy\" decoding=\"async\" width=\"2560\" height=\"1560\" src=\"https:\/\/ihsproject.org\/wp-content\/uploads\/2023\/12\/20231207_141640-scaled.jpg\" class=\"attachment-full size-full wp-image-12976\" alt=\"\" srcset=\"https:\/\/ihsproject.org\/wp-content\/uploads\/2023\/12\/20231207_141640-scaled.jpg 2560w, https:\/\/ihsproject.org\/wp-content\/uploads\/2023\/12\/20231207_141640-300x183.jpg 300w, https:\/\/ihsproject.org\/wp-content\/uploads\/2023\/12\/20231207_141640-1024x624.jpg 1024w, https:\/\/ihsproject.org\/wp-content\/uploads\/2023\/12\/20231207_141640-768x468.jpg 768w, https:\/\/ihsproject.org\/wp-content\/uploads\/2023\/12\/20231207_141640-1536x936.jpg 1536w, https:\/\/ihsproject.org\/wp-content\/uploads\/2023\/12\/20231207_141640-2048x1248.jpg 2048w, https:\/\/ihsproject.org\/wp-content\/uploads\/2023\/12\/20231207_141640-18x12.jpg 18w\" sizes=\"(max-width: 2560px) 100vw, 2560px\" \/>\t\t\t\t\t\t\t\t\t\t\t\t\t<\/div>\n\t\t\t\t<\/div>\n\t\t\t\t\t<\/div>\n\t\t\t\t<\/div>\n\t\t<div class=\"elementor-element elementor-element-bdc12a3 e-flex e-con-boxed e-con e-parent\" data-id=\"bdc12a3\" data-element_type=\"container\" data-core-v316-plus=\"true\">\n\t\t\t\t\t<div class=\"e-con-inner\">\n\t\t\t\t<div class=\"elementor-element elementor-element-b6bb706 elementor-widget elementor-widget-heading\" data-id=\"b6bb706\" data-element_type=\"widget\" data-widget_type=\"heading.default\">\n\t\t\t\t<div class=\"elementor-widget-container\">\n\t\t\t<h2 class=\"elementor-heading-title elementor-size-default\">Krijimi i nj\u00eb blogu me pjes\u00ebt thelb\u00ebsore<\/h2>\t\t<\/div>\n\t\t\t\t<\/div>\n\t\t\t\t<div class=\"elementor-element elementor-element-bbcf162 elementor-widget elementor-widget-text-editor\" data-id=\"bbcf162\" data-element_type=\"widget\" data-widget_type=\"text-editor.default\">\n\t\t\t\t<div class=\"elementor-widget-container\">\n\t\t\t\t\t\t\t<p>Paralelisht, ne shp\u00ebrndam\u00eb <a href=\"https:\/\/ihsproject.org\/sq\/november-14-2023\/\">nj\u00eb blog informues<\/a>, duke dh\u00ebn\u00eb p\u00ebrgjigje p\u00ebr pyetjet m\u00eb t\u00eb shpeshta n\u00eb lidhje me diabetin. Blogu sh\u00ebrbeu si nj\u00eb burim i vlefsh\u00ebm p\u00ebr ata q\u00eb k\u00ebrkojn\u00eb informata t\u00eb thella rreth s\u00ebmundjes, duke mbuluar aspekte nga shkaqet e saj deri te zgjedhjet e stilit t\u00eb jetes\u00ebs p\u00ebr parandalim.<\/p>\t\t\t\t\t\t<\/div>\n\t\t\t\t<\/div>\n\t\t\t\t\t<\/div>\n\t\t\t\t<\/div>\n\t\t<div class=\"elementor-element elementor-element-7b50316 e-flex e-con-boxed e-con e-parent\" data-id=\"7b50316\" data-element_type=\"container\" data-core-v316-plus=\"true\">\n\t\t\t\t\t<div class=\"e-con-inner\">\n\t\t\t\t<div class=\"elementor-element elementor-element-1d63686 elementor-widget elementor-widget-heading\" data-id=\"1d63686\" data-element_type=\"widget\" data-widget_type=\"heading.default\">\n\t\t\t\t<div class=\"elementor-widget-container\">\n\t\t\t<h2 class=\"elementor-heading-title elementor-size-default\">Luftojm\u00eb p\u00ebr nj\u00eb t\u00eb ardhme m\u00eb t\u00eb sh\u00ebndetshme<\/h2>\t\t<\/div>\n\t\t\t\t<\/div>\n\t\t\t\t<div class=\"elementor-element elementor-element-d330958 elementor-widget elementor-widget-text-editor\" data-id=\"d330958\" data-element_type=\"widget\" data-widget_type=\"text-editor.default\">\n\t\t\t\t<div class=\"elementor-widget-container\">\n\t\t\t\t\t\t\t<p>Diabeti, nj\u00eb gjendje q\u00eb prek rreth 8% t\u00eb popullsis\u00eb n\u00eb Kosov\u00eb, shpesh mbetet nj\u00eb gjendje e v\u00ebshtir\u00eb p\u00ebr t\u2019u kuptuar. Fushata jon\u00eb u p\u00ebrpoq t&#039;i shpaloste besimet e gabuara, munges\u00ebn e informatave t\u00eb sakta, duke i pajisur qytetar\u00ebt e Kosov\u00ebs me njohurit\u00eb e nevojshme p\u00ebr t\u00eb marr\u00eb vendime t\u00eb bazuara n\u00eb informata p\u00ebr sh\u00ebndetin e tyre. N\u00ebp\u00ebrmjet k\u00ebsaj qasjeje video-dhe-blog, ne synojm\u00eb t\u00eb inkurajojm\u00eb ndryshime pozitive n\u00eb stilin e jetes\u00ebs, t&#039;i hedhim posht\u00eb mitet, t\u00eb kontribuojm\u00eb n\u00eb nj\u00eb komunitet m\u00eb t\u00eb sh\u00ebndetsh\u00ebm dhe m\u00eb t\u00eb informuar dhe t\u2019i rrisim rastet e zbulimit t\u00eb hersh\u00ebm t\u00eb diabetit, duke inkurajuar vet\u00ebbesimin e individ\u00ebve p\u00ebr ta menaxhuar s\u00ebmundjen.<\/p>\t\t\t\t\t\t<\/div>\n\t\t\t\t<\/div>\n\t\t\t\t\t<\/div>\n\t\t\t\t<\/div>\n\t\t\t\t<\/div>","protected":false},"excerpt":{"rendered":"<p>Common Beliefs Vs. the Reality of Diabetes Awareness To mark the World Diabetes Day in 2023, the Integrated Health Services (IHS) project decided to use the voices of citizens and doctors to shed light on diabetes awareness, dispel myths, promote early detection, and inspire positive lifestyle changes. With cameras in hand, we spoke to people [&hellip;]<\/p>","protected":false},"author":1,"featured_media":0,"parent":0,"menu_order":0,"comment_status":"closed","ping_status":"closed","template":"","meta":[],"_links":{"self":[{"href":"https:\/\/ihsproject.org\/sq\/wp-json\/wp\/v2\/pages\/12970"}],"collection":[{"href":"https:\/\/ihsproject.org\/sq\/wp-json\/wp\/v2\/pages"}],"about":[{"href":"https:\/\/ihsproject.org\/sq\/wp-json\/wp\/v2\/types\/page"}],"author":[{"embeddable":true,"href":"https:\/\/ihsproject.org\/sq\/wp-json\/wp\/v2\/users\/1"}],"replies":[{"embeddable":true,"href":"https:\/\/ihsproject.org\/sq\/wp-json\/wp\/v2\/comments?post=12970"}],"version-history":[{"count":4,"href":"https:\/\/ihsproject.org\/sq\/wp-json\/wp\/v2\/pages\/12970\/revisions"}],"predecessor-version":[{"id":12980,"href":"https:\/\/ihsproject.org\/sq\/wp-json\/wp\/v2\/pages\/12970\/revisions\/12980"}],"wp:attachment":[{"href":"https:\/\/ihsproject.org\/sq\/wp-json\/wp\/v2\/media?parent=12970"}],"curies":[{"name":"wp","href":"https:\/\/api.w.org\/{rel}","templated":true}]}}