{"id":12930,"date":"2023-11-30T11:20:29","date_gmt":"2023-11-30T11:20:29","guid":{"rendered":"https:\/\/ihsproject.org\/?page_id=12930"},"modified":"2023-11-30T11:30:20","modified_gmt":"2023-11-30T11:30:20","slug":"november-30-2023","status":"publish","type":"page","link":"https:\/\/ihsproject.org\/sq\/november-30-2023\/","title":{"rendered":"N\u00ebntor\u00eb 30, 2023"},"content":{"rendered":"<div data-elementor-type=\"wp-page\" data-elementor-id=\"12930\" class=\"elementor elementor-12930\">\n\t\t\t\t<div class=\"elementor-element elementor-element-17e9aa6 e-flex e-con-boxed e-con e-parent\" data-id=\"17e9aa6\" data-element_type=\"container\" data-core-v316-plus=\"true\">\n\t\t\t\t\t<div class=\"e-con-inner\">\n\t\t\t\t<div class=\"elementor-element elementor-element-968087c elementor-widget elementor-widget-image\" data-id=\"968087c\" data-element_type=\"widget\" data-widget_type=\"image.default\">\n\t\t\t\t<div class=\"elementor-widget-container\">\n\t\t\t\t\t\t\t\t\t\t\t\t\t<img fetchpriority=\"high\" decoding=\"async\" width=\"1600\" height=\"800\" src=\"https:\/\/ihsproject.org\/wp-content\/uploads\/2023\/11\/First_Year_Milestones_and_Next_Steps_for_IHS_Project.jpg\" class=\"attachment-full size-full wp-image-12936\" alt=\"\" srcset=\"https:\/\/ihsproject.org\/wp-content\/uploads\/2023\/11\/First_Year_Milestones_and_Next_Steps_for_IHS_Project.jpg 1600w, https:\/\/ihsproject.org\/wp-content\/uploads\/2023\/11\/First_Year_Milestones_and_Next_Steps_for_IHS_Project-300x150.jpg 300w, https:\/\/ihsproject.org\/wp-content\/uploads\/2023\/11\/First_Year_Milestones_and_Next_Steps_for_IHS_Project-1024x512.jpg 1024w, https:\/\/ihsproject.org\/wp-content\/uploads\/2023\/11\/First_Year_Milestones_and_Next_Steps_for_IHS_Project-768x384.jpg 768w, https:\/\/ihsproject.org\/wp-content\/uploads\/2023\/11\/First_Year_Milestones_and_Next_Steps_for_IHS_Project-1536x768.jpg 1536w, https:\/\/ihsproject.org\/wp-content\/uploads\/2023\/11\/First_Year_Milestones_and_Next_Steps_for_IHS_Project-18x9.jpg 18w\" sizes=\"(max-width: 1600px) 100vw, 1600px\" \/>\t\t\t\t\t\t\t\t\t\t\t\t\t<\/div>\n\t\t\t\t<\/div>\n\t\t\t\t\t<\/div>\n\t\t\t\t<\/div>\n\t\t<div class=\"elementor-element elementor-element-57c2b2d e-flex e-con-boxed e-con e-parent\" data-id=\"57c2b2d\" data-element_type=\"container\" data-core-v316-plus=\"true\">\n\t\t\t\t\t<div class=\"e-con-inner\">\n\t\t\t\t<div class=\"elementor-element elementor-element-31dfc7d elementor-widget elementor-widget-heading\" data-id=\"31dfc7d\" data-element_type=\"widget\" data-widget_type=\"heading.default\">\n\t\t\t\t<div class=\"elementor-widget-container\">\n\t\t\t<h2 class=\"elementor-heading-title elementor-size-default\">Arritjet kryesore t\u00eb vitit t\u00eb par\u00eb dhe hapat e ardhsh\u00ebm p\u00ebr projektin IHS<\/h2>\t\t<\/div>\n\t\t\t\t<\/div>\n\t\t\t\t<div class=\"elementor-element elementor-element-32ba4a6 elementor-widget elementor-widget-text-editor\" data-id=\"32ba4a6\" data-element_type=\"widget\" data-widget_type=\"text-editor.default\">\n\t\t\t\t<div class=\"elementor-widget-container\">\n\t\t\t\t\t\t\t<p>Jav\u00ebn e kaluar, Komiteti Drejtues i projektit Sh\u00ebrbimet Sh\u00ebndet\u00ebsore t\u00eb Integruara (IHS) u mblodh p\u00ebr t\u00eb diskutuar p\u00ebr vitin e par\u00eb t\u00eb projektit dhe hapat strategjik\u00eb p\u00ebr vitin e ardhsh\u00ebm.<\/p><p>Takimi filloi me nj\u00eb p\u00ebrmbledhje t\u00eb progresit t\u00eb deritanish\u00ebm dhe arritjeve kryesore, p\u00ebrfshir\u00eb krijimin e linjave kryesore t\u00eb pun\u00ebs s\u00eb projektit dhe kultivimit t\u00eb marr\u00ebdh\u00ebnieve me pal\u00ebt e interesit. Fokusi kryesor gjat\u00eb takimit ishte n\u00eb prezantimin e qasjes s\u00eb grupeve t\u00eb pun\u00ebs. Kjo qasje kontribuoi n\u00eb integrimin e mir\u00ebqen\u00eb t\u00eb projektit me prioritetet themelore t\u00eb sektorit sh\u00ebndet\u00ebsor t\u00eb Kosov\u00ebs. Prezantimet gjat\u00eb takimit vun\u00eb n\u00eb pah rezultatet dhe sfidat e k\u00ebtij modeli t\u00eb r\u00ebnd\u00ebsish\u00ebm t\u00eb pun\u00ebs.<\/p><p>Gjithashtu, Komiteti Drejtues p\u00ebrshkroi orientimet kryesore t\u00eb projektit IHS p\u00ebr vitin e ardhsh\u00ebm, duke p\u00ebrfshir\u00eb bashk\u00ebpunimet e parapara, zhvillimet e reja dhe avancimet e r\u00ebnd\u00ebsishme drejt objektivave t\u00eb p\u00ebrbashk\u00ebta brenda sektorit sh\u00ebndet\u00ebsor.<\/p><p>Projekti Sh\u00ebrbimet Sh\u00ebndet\u00ebsore t\u00eb Integruara (IHS) \u00ebsht\u00eb nism\u00eb e p\u00ebrbashk\u00ebt mes Ministris\u00eb s\u00eb Sh\u00ebndet\u00ebsis\u00eb t\u00eb Kosov\u00ebs dhe Agjencis\u00eb Zvicerane p\u00ebr Zhvillim dhe Bashk\u00ebpunim, q\u00eb fasilitohet nga Swiss TPH.<\/p>\t\t\t\t\t\t<\/div>\n\t\t\t\t<\/div>\n\t\t\t\t\t<\/div>\n\t\t\t\t<\/div>\n\t\t\t\t<\/div>","protected":false},"excerpt":{"rendered":"<p>First Year Milestones and Next Steps for IHS Project Last week, the Steering Committee of the Integrated Health Services (IHS) project met to discuss the project\u2019s first year and the strategic roadmap for the next year. The meeting started with a summary of the progress made so far and key achievements, including the setup of [&hellip;]<\/p>","protected":false},"author":1,"featured_media":0,"parent":0,"menu_order":0,"comment_status":"closed","ping_status":"closed","template":"","meta":[],"_links":{"self":[{"href":"https:\/\/ihsproject.org\/sq\/wp-json\/wp\/v2\/pages\/12930"}],"collection":[{"href":"https:\/\/ihsproject.org\/sq\/wp-json\/wp\/v2\/pages"}],"about":[{"href":"https:\/\/ihsproject.org\/sq\/wp-json\/wp\/v2\/types\/page"}],"author":[{"embeddable":true,"href":"https:\/\/ihsproject.org\/sq\/wp-json\/wp\/v2\/users\/1"}],"replies":[{"embeddable":true,"href":"https:\/\/ihsproject.org\/sq\/wp-json\/wp\/v2\/comments?post=12930"}],"version-history":[{"count":4,"href":"https:\/\/ihsproject.org\/sq\/wp-json\/wp\/v2\/pages\/12930\/revisions"}],"predecessor-version":[{"id":12939,"href":"https:\/\/ihsproject.org\/sq\/wp-json\/wp\/v2\/pages\/12930\/revisions\/12939"}],"wp:attachment":[{"href":"https:\/\/ihsproject.org\/sq\/wp-json\/wp\/v2\/media?parent=12930"}],"curies":[{"name":"wp","href":"https:\/\/api.w.org\/{rel}","templated":true}]}}