{"id":12855,"date":"2023-11-08T08:18:03","date_gmt":"2023-11-08T08:18:03","guid":{"rendered":"https:\/\/ihsproject.org\/?page_id=12855"},"modified":"2023-11-08T08:34:18","modified_gmt":"2023-11-08T08:34:18","slug":"november-8-2023","status":"publish","type":"page","link":"https:\/\/ihsproject.org\/sq\/november-8-2023\/","title":{"rendered":"N\u00ebntor\u00eb 8, 2023"},"content":{"rendered":"<div data-elementor-type=\"wp-page\" data-elementor-id=\"12855\" class=\"elementor elementor-12855\">\n\t\t\t\t<div class=\"elementor-element elementor-element-3ebb4b4 e-flex e-con-boxed e-con e-parent\" data-id=\"3ebb4b4\" data-element_type=\"container\" data-core-v316-plus=\"true\">\n\t\t\t\t\t<div class=\"e-con-inner\">\n\t\t\t\t<div class=\"elementor-element elementor-element-62b89f3 elementor-widget elementor-widget-image\" data-id=\"62b89f3\" data-element_type=\"widget\" data-widget_type=\"image.default\">\n\t\t\t\t<div class=\"elementor-widget-container\">\n\t\t\t\t\t\t\t\t\t\t\t\t\t<img fetchpriority=\"high\" decoding=\"async\" width=\"1600\" height=\"800\" src=\"https:\/\/ihsproject.org\/wp-content\/uploads\/2023\/11\/Enhancing_Health_Reporting_in_the_Media.jpg\" class=\"attachment-full size-full wp-image-12861\" alt=\"\" srcset=\"https:\/\/ihsproject.org\/wp-content\/uploads\/2023\/11\/Enhancing_Health_Reporting_in_the_Media.jpg 1600w, https:\/\/ihsproject.org\/wp-content\/uploads\/2023\/11\/Enhancing_Health_Reporting_in_the_Media-300x150.jpg 300w, https:\/\/ihsproject.org\/wp-content\/uploads\/2023\/11\/Enhancing_Health_Reporting_in_the_Media-1024x512.jpg 1024w, https:\/\/ihsproject.org\/wp-content\/uploads\/2023\/11\/Enhancing_Health_Reporting_in_the_Media-768x384.jpg 768w, https:\/\/ihsproject.org\/wp-content\/uploads\/2023\/11\/Enhancing_Health_Reporting_in_the_Media-1536x768.jpg 1536w, https:\/\/ihsproject.org\/wp-content\/uploads\/2023\/11\/Enhancing_Health_Reporting_in_the_Media-18x9.jpg 18w\" sizes=\"(max-width: 1600px) 100vw, 1600px\" \/>\t\t\t\t\t\t\t\t\t\t\t\t\t<\/div>\n\t\t\t\t<\/div>\n\t\t\t\t\t<\/div>\n\t\t\t\t<\/div>\n\t\t<div class=\"elementor-element elementor-element-ba01f97 e-flex e-con-boxed e-con e-parent\" data-id=\"ba01f97\" data-element_type=\"container\" data-core-v316-plus=\"true\">\n\t\t\t\t\t<div class=\"e-con-inner\">\n\t\t\t\t<div class=\"elementor-element elementor-element-76ee8bb elementor-widget elementor-widget-heading\" data-id=\"76ee8bb\" data-element_type=\"widget\" data-widget_type=\"heading.default\">\n\t\t\t\t<div class=\"elementor-widget-container\">\n\t\t\t<h2 class=\"elementor-heading-title elementor-size-default\">P\u00ebrmir\u00ebsimi i raportimit sh\u00ebndet\u00ebsor n\u00eb media<\/h2>\t\t<\/div>\n\t\t\t\t<\/div>\n\t\t\t\t<div class=\"elementor-element elementor-element-12d3e48 elementor-widget elementor-widget-text-editor\" data-id=\"12d3e48\" data-element_type=\"widget\" data-widget_type=\"text-editor.default\">\n\t\t\t\t<div class=\"elementor-widget-container\">\n\t\t\t\t\t\t\t<p>Nj\u00eb pun\u00ebtori mbi raportimin etik sh\u00ebndet\u00ebsor n\u00eb media, e mbajtur n\u00eb shtator 2023, vuri nj\u00eb theks t\u00eb ve\u00e7ant\u00eb n\u00eb edukimin sh\u00ebndet\u00ebsor p\u00ebr t\u00eb siguruar q\u00eb informatat n\u00eb lidhje me sh\u00ebndetin t\u00eb jen\u00eb t\u00eb qasshme dhe t\u00eb kuptueshme p\u00ebr publikun. Krahas k\u00ebsaj, pun\u00ebtoria u fokusua n\u00eb p\u00ebrmir\u00ebsimin e praktikave t\u00eb raportimit etik mes gazetar\u00ebve.<\/p><p>Pun\u00ebtoria u mbajt si pjes\u00eb e seris\u00eb s\u00eb ngjarjeve q\u00eb i paraprin\u00eb Simpoziumit Nd\u00ebrkomb\u00ebtar p\u00ebr S\u00ebmundjet Jongjit\u00ebse q\u00eb u mbajt n\u00eb Kosov\u00eb m\u00eb 27 \u2013 29 shtator 2023. Ajo mblodhi s\u00eb bashku gazetar\u00eb, redaktor\u00eb dhe ekspert\u00eb t\u00eb komunikimit p\u00ebr t\u00eb forcuar edukimin sh\u00ebndet\u00ebsor dhe raportimin etik.<\/p><p>Pun\u00ebtoria krijoi nj\u00eb mjedis p\u00ebr m\u00ebsim nd\u00ebrveprues dhe rrjet\u00ebzim, duke ua mund\u00ebsuar pjes\u00ebmarr\u00ebsve t\u00eb shk\u00ebmbejn\u00eb ide dhe p\u00ebrvoja me profesionist\u00eb t\u00eb tjer\u00eb n\u00eb k\u00ebt\u00eb fush\u00eb. Ajo gjithashtu ofroi nj\u00eb platform\u00eb p\u00ebr t'i diskutuar sfidat dhe mund\u00ebsit\u00eb n\u00eb raportimin sh\u00ebndet\u00ebsor, si dhe p\u00ebrgjegj\u00ebsit\u00eb etike t\u00eb gazetar\u00ebve kur p\u00ebr\u00e7ojn\u00eb informata n\u00eb lidhje me sh\u00ebndetin.<\/p><p>Pun\u00ebtoria u organizua nga projektet \"Sh\u00ebrbime Sh\u00ebndet\u00ebsore t\u00eb Integruara\" dhe \"Kujdesi Sh\u00ebndet\u00ebsor i Qassh\u00ebm dhe Cil\u00ebsor\", n\u00eb bashk\u00ebpunim me Asociacionin e Gazetar\u00ebve t\u00eb Kosov\u00ebs (AGK). N\u00eb k\u00ebt\u00eb link mund t\u00eb shkarkoni udh\u00ebzuesin q\u00eb \u00ebsht\u00eb prodhuar nga AGK si rezultat i pun\u00ebtoris\u00eb.<span class=\"Apple-converted-space\">\u00a0<\/span><\/p>\t\t\t\t\t\t<\/div>\n\t\t\t\t<\/div>\n\t\t\t\t<div class=\"elementor-element elementor-element-0c0e51f elementor-widget elementor-widget-text-editor\" data-id=\"0c0e51f\" data-element_type=\"widget\" data-widget_type=\"text-editor.default\">\n\t\t\t\t<div class=\"elementor-widget-container\">\n\t\t\t\t\t\t\t<p><a href=\"http:\/\/ihsproject.org\/wp-content\/uploads\/2023\/11\/2023-11-02-AGK-Health-Reporting-Guidelines-ALB.pdf\">2023\/11\/02 \u2013 AGK-Health Reporting Guidelines ALB.pdf<\/a><\/p><p>\u00a0<\/p>\t\t\t\t\t\t<\/div>\n\t\t\t\t<\/div>\n\t\t\t\t\t<\/div>\n\t\t\t\t<\/div>\n\t\t\t\t<\/div>","protected":false},"excerpt":{"rendered":"<p>Enhancing Health Reporting in the Media A workshop on ethical health reporting in the media held in September 2023 placed a special emphasis on health literacy to ensure that health-related information is accessible and understandable to the public. In addition, the workshop focused on enhancing ethical reporting practices among journalists. The workshop was held as [&hellip;]<\/p>","protected":false},"author":1,"featured_media":0,"parent":0,"menu_order":0,"comment_status":"closed","ping_status":"closed","template":"","meta":[],"_links":{"self":[{"href":"https:\/\/ihsproject.org\/sq\/wp-json\/wp\/v2\/pages\/12855"}],"collection":[{"href":"https:\/\/ihsproject.org\/sq\/wp-json\/wp\/v2\/pages"}],"about":[{"href":"https:\/\/ihsproject.org\/sq\/wp-json\/wp\/v2\/types\/page"}],"author":[{"embeddable":true,"href":"https:\/\/ihsproject.org\/sq\/wp-json\/wp\/v2\/users\/1"}],"replies":[{"embeddable":true,"href":"https:\/\/ihsproject.org\/sq\/wp-json\/wp\/v2\/comments?post=12855"}],"version-history":[{"count":5,"href":"https:\/\/ihsproject.org\/sq\/wp-json\/wp\/v2\/pages\/12855\/revisions"}],"predecessor-version":[{"id":12934,"href":"https:\/\/ihsproject.org\/sq\/wp-json\/wp\/v2\/pages\/12855\/revisions\/12934"}],"wp:attachment":[{"href":"https:\/\/ihsproject.org\/sq\/wp-json\/wp\/v2\/media?parent=12855"}],"curies":[{"name":"wp","href":"https:\/\/api.w.org\/{rel}","templated":true}]}}