{"id":12794,"date":"2023-10-23T10:28:15","date_gmt":"2023-10-23T10:28:15","guid":{"rendered":"https:\/\/ihsproject.org\/?page_id=12794"},"modified":"2023-10-23T10:35:11","modified_gmt":"2023-10-23T10:35:11","slug":"october-23-2023","status":"publish","type":"page","link":"https:\/\/ihsproject.org\/sq\/october-23-2023\/","title":{"rendered":"Tetor 23, 2023"},"content":{"rendered":"<div data-elementor-type=\"wp-page\" data-elementor-id=\"12794\" class=\"elementor elementor-12794\">\n\t\t\t\t<div class=\"elementor-element elementor-element-2f672a2 e-flex e-con-boxed e-con e-parent\" data-id=\"2f672a2\" data-element_type=\"container\" data-core-v316-plus=\"true\">\n\t\t\t\t\t<div class=\"e-con-inner\">\n\t\t\t\t<div class=\"elementor-element elementor-element-7da3328 elementor-widget elementor-widget-image\" data-id=\"7da3328\" data-element_type=\"widget\" data-widget_type=\"image.default\">\n\t\t\t\t<div class=\"elementor-widget-container\">\n\t\t\t\t\t\t\t\t\t\t\t\t\t<img fetchpriority=\"high\" decoding=\"async\" width=\"1600\" height=\"800\" src=\"https:\/\/ihsproject.org\/wp-content\/uploads\/2023\/10\/Enhancing_Patient_Care_by_Streamlining_Healthcare_Services.jpg\" class=\"attachment-full size-full wp-image-12798\" alt=\"\" srcset=\"https:\/\/ihsproject.org\/wp-content\/uploads\/2023\/10\/Enhancing_Patient_Care_by_Streamlining_Healthcare_Services.jpg 1600w, https:\/\/ihsproject.org\/wp-content\/uploads\/2023\/10\/Enhancing_Patient_Care_by_Streamlining_Healthcare_Services-300x150.jpg 300w, https:\/\/ihsproject.org\/wp-content\/uploads\/2023\/10\/Enhancing_Patient_Care_by_Streamlining_Healthcare_Services-1024x512.jpg 1024w, https:\/\/ihsproject.org\/wp-content\/uploads\/2023\/10\/Enhancing_Patient_Care_by_Streamlining_Healthcare_Services-768x384.jpg 768w, https:\/\/ihsproject.org\/wp-content\/uploads\/2023\/10\/Enhancing_Patient_Care_by_Streamlining_Healthcare_Services-1536x768.jpg 1536w, https:\/\/ihsproject.org\/wp-content\/uploads\/2023\/10\/Enhancing_Patient_Care_by_Streamlining_Healthcare_Services-18x9.jpg 18w\" sizes=\"(max-width: 1600px) 100vw, 1600px\" \/>\t\t\t\t\t\t\t\t\t\t\t\t\t<\/div>\n\t\t\t\t<\/div>\n\t\t\t\t\t<\/div>\n\t\t\t\t<\/div>\n\t\t<div class=\"elementor-element elementor-element-def8bd1 e-flex e-con-boxed e-con e-parent\" data-id=\"def8bd1\" data-element_type=\"container\" data-core-v316-plus=\"true\">\n\t\t\t\t\t<div class=\"e-con-inner\">\n\t\t\t\t<div class=\"elementor-element elementor-element-0ad14c3 elementor-widget elementor-widget-heading\" data-id=\"0ad14c3\" data-element_type=\"widget\" data-widget_type=\"heading.default\">\n\t\t\t\t<div class=\"elementor-widget-container\">\n\t\t\t<h2 class=\"elementor-heading-title elementor-size-default\">P\u00ebrmir\u00ebsimi i kujdesit ndaj pacient\u00ebve p\u00ebrmes integrimit t\u00eb sh\u00ebrbimeve sh\u00ebndet\u00ebsore<\/h2>\t\t<\/div>\n\t\t\t\t<\/div>\n\t\t\t\t<div class=\"elementor-element elementor-element-7a90d77 elementor-widget elementor-widget-text-editor\" data-id=\"7a90d77\" data-element_type=\"widget\" data-widget_type=\"text-editor.default\">\n\t\t\t\t<div class=\"elementor-widget-container\">\n\t\t\t\t\t\t\t<p>\u201cMinistria e Sh\u00ebndet\u00ebsis\u00eb ka miratuar Raportin e Fizibilitetit p\u00ebr Sistemin Informativ Sh\u00ebndet\u00ebsor. Ky plan synon t\u00eb drejtoj\u00eb konsolidimin afatgjat\u00eb t\u00eb SISH dhe \u00ebsht\u00eb nj\u00eb referenc\u00eb e r\u00ebnd\u00ebsishme p\u00ebr k\u00ebt\u00eb dimension pilotues,\u201d tha Dr. Besa Balidemaj-Llolluni, Kryetare e Grupit Punues p\u00ebr Sistemin e Referimit midis niveleve t\u00eb kujdesit par\u00ebsor dhe dyt\u00ebsor.<\/p><p>N\u00eb sesionin p\u00ebrmbyll\u00ebs t\u00eb grupit punues, u b\u00eb p\u00ebrmbledhja e angazhimit dhe kontributit t\u00eb an\u00ebtar\u00ebve n\u00eb vendosjen e bazave solide p\u00ebr transformimin e ofrimit t\u00eb kujdesit sh\u00ebndet\u00ebsor. Ministria e Sh\u00ebndet\u00ebsis\u00eb e ka v\u00ebn\u00eb n\u00eb dukje nevoj\u00ebn p\u00ebr nj\u00eb sistem t\u00eb fuqish\u00ebm referimi p\u00ebr t\u00eb p\u00ebrmir\u00ebsuar kujdesin ndaj pacient\u00ebve dhe p\u00ebr t\u00eb p\u00ebrmir\u00ebsuar sh\u00ebrbimet e kujdesit sh\u00ebndet\u00ebsor. Duke p\u00ebrdorur si qendra pilotimi qendr\u00ebn kryesore t\u00eb mjek\u00ebsis\u00eb familjare n\u00eb Istog dhe Spitalin e P\u00ebrgjithsh\u00ebm t\u00eb Pej\u00ebs, grupi punues ka elaboruar k\u00ebt\u00eb projekt thelb\u00ebsor, duke u fokusuar n\u00eb hart\u00ebzimin e sistemeve ekzistuese t\u00eb referimit p\u00ebr t\u00eb identifikuar boshll\u00ebqet, rishikimin dhe p\u00ebrmir\u00ebsimin e aranzhimeve t\u00eb referimit, vler\u00ebsimin e sistemit t\u00eb SISH p\u00ebr p\u00ebrmir\u00ebsime teknike, eksplorimin e integrimit n\u00eb platform\u00ebn E-Kosova, hartimin e nj\u00eb plani gjith\u00ebp\u00ebrfshir\u00ebs t\u00eb pun\u00ebs p\u00ebr vitin 1 dhe mb\u00ebshtetjen e MSH-s\u00eb n\u00eb krijimin e nj\u00eb Komuniteti t\u00eb Praktik\u00ebs.<\/p><p>Grupi punues p\u00ebrb\u00ebhet nga p\u00ebrfaq\u00ebsues t\u00eb ministris\u00eb, ekspert\u00eb t\u00eb sh\u00ebndet\u00ebsis\u00eb dhe profesionist\u00eb teknik\u00eb.<\/p>\t\t\t\t\t\t<\/div>\n\t\t\t\t<\/div>\n\t\t\t\t\t<\/div>\n\t\t\t\t<\/div>\n\t\t\t\t<\/div>","protected":false},"excerpt":{"rendered":"<p>Enhancing Patient Care by Streamlining Healthcare Services \u201cThe Ministry of Health approved the Feasibility Report on Health Information System. This plan aims to guide the long-term consolidation of HIS and is an important reference for this piloting dimension,\u201d said Dr. Besa Balidemaj-Llolluni, Chair of the Working Group on the Referral System between the Primary and [&hellip;]<\/p>","protected":false},"author":1,"featured_media":0,"parent":0,"menu_order":0,"comment_status":"closed","ping_status":"closed","template":"","meta":[],"_links":{"self":[{"href":"https:\/\/ihsproject.org\/sq\/wp-json\/wp\/v2\/pages\/12794"}],"collection":[{"href":"https:\/\/ihsproject.org\/sq\/wp-json\/wp\/v2\/pages"}],"about":[{"href":"https:\/\/ihsproject.org\/sq\/wp-json\/wp\/v2\/types\/page"}],"author":[{"embeddable":true,"href":"https:\/\/ihsproject.org\/sq\/wp-json\/wp\/v2\/users\/1"}],"replies":[{"embeddable":true,"href":"https:\/\/ihsproject.org\/sq\/wp-json\/wp\/v2\/comments?post=12794"}],"version-history":[{"count":7,"href":"https:\/\/ihsproject.org\/sq\/wp-json\/wp\/v2\/pages\/12794\/revisions"}],"predecessor-version":[{"id":12810,"href":"https:\/\/ihsproject.org\/sq\/wp-json\/wp\/v2\/pages\/12794\/revisions\/12810"}],"wp:attachment":[{"href":"https:\/\/ihsproject.org\/sq\/wp-json\/wp\/v2\/media?parent=12794"}],"curies":[{"name":"wp","href":"https:\/\/api.w.org\/{rel}","templated":true}]}}