{"id":12774,"date":"2023-10-16T09:23:44","date_gmt":"2023-10-16T09:23:44","guid":{"rendered":"https:\/\/ihsproject.org\/?page_id=12774"},"modified":"2023-10-16T09:25:07","modified_gmt":"2023-10-16T09:25:07","slug":"october-16-2023","status":"publish","type":"page","link":"https:\/\/ihsproject.org\/sq\/october-16-2023\/","title":{"rendered":"Tetor 16, 2023"},"content":{"rendered":"<div data-elementor-type=\"wp-page\" data-elementor-id=\"12774\" class=\"elementor elementor-12774\">\n\t\t\t\t<div class=\"elementor-element elementor-element-ab217f7 e-flex e-con-boxed e-con e-parent\" data-id=\"ab217f7\" data-element_type=\"container\" data-core-v316-plus=\"true\">\n\t\t\t\t\t<div class=\"e-con-inner\">\n\t\t\t\t<div class=\"elementor-element elementor-element-7bfd948 elementor-widget elementor-widget-image\" data-id=\"7bfd948\" data-element_type=\"widget\" data-widget_type=\"image.default\">\n\t\t\t\t<div class=\"elementor-widget-container\">\n\t\t\t\t\t\t\t\t\t\t\t\t\t<img fetchpriority=\"high\" decoding=\"async\" width=\"1600\" height=\"800\" src=\"https:\/\/ihsproject.org\/wp-content\/uploads\/2023\/10\/Exploring_Patient-Centric_Approaches_to_Diabetes_Patient_Care.jpg\" class=\"attachment-full size-full wp-image-12778\" alt=\"\" srcset=\"https:\/\/ihsproject.org\/wp-content\/uploads\/2023\/10\/Exploring_Patient-Centric_Approaches_to_Diabetes_Patient_Care.jpg 1600w, https:\/\/ihsproject.org\/wp-content\/uploads\/2023\/10\/Exploring_Patient-Centric_Approaches_to_Diabetes_Patient_Care-300x150.jpg 300w, https:\/\/ihsproject.org\/wp-content\/uploads\/2023\/10\/Exploring_Patient-Centric_Approaches_to_Diabetes_Patient_Care-1024x512.jpg 1024w, https:\/\/ihsproject.org\/wp-content\/uploads\/2023\/10\/Exploring_Patient-Centric_Approaches_to_Diabetes_Patient_Care-768x384.jpg 768w, https:\/\/ihsproject.org\/wp-content\/uploads\/2023\/10\/Exploring_Patient-Centric_Approaches_to_Diabetes_Patient_Care-1536x768.jpg 1536w, https:\/\/ihsproject.org\/wp-content\/uploads\/2023\/10\/Exploring_Patient-Centric_Approaches_to_Diabetes_Patient_Care-18x9.jpg 18w\" sizes=\"(max-width: 1600px) 100vw, 1600px\" \/>\t\t\t\t\t\t\t\t\t\t\t\t\t<\/div>\n\t\t\t\t<\/div>\n\t\t\t\t\t<\/div>\n\t\t\t\t<\/div>\n\t\t<div class=\"elementor-element elementor-element-fd4b74f e-flex e-con-boxed e-con e-parent\" data-id=\"fd4b74f\" data-element_type=\"container\" data-core-v316-plus=\"true\">\n\t\t\t\t\t<div class=\"e-con-inner\">\n\t\t\t\t<div class=\"elementor-element elementor-element-8468492 elementor-widget elementor-widget-heading\" data-id=\"8468492\" data-element_type=\"widget\" data-widget_type=\"heading.default\">\n\t\t\t\t<div class=\"elementor-widget-container\">\n\t\t\t<h2 class=\"elementor-heading-title elementor-size-default\">Hulumtimi i qasjeve me pacientin n\u00eb qend\u00ebr p\u00ebr kujdesin ndaj pacient\u00ebve me diabet<\/h2>\t\t<\/div>\n\t\t\t\t<\/div>\n\t\t\t\t<div class=\"elementor-element elementor-element-0b0ac5d elementor-widget elementor-widget-text-editor\" data-id=\"0b0ac5d\" data-element_type=\"widget\" data-widget_type=\"text-editor.default\">\n\t\t\t\t<div class=\"elementor-widget-container\">\n\t\t\t\t\t\t\t<p>Hartimi i nj\u00eb plani gjith\u00ebp\u00ebrfshir\u00ebs q\u00eb fuqizon pacient\u00ebt p\u00ebr t\u00eb menaxhuar vet\u00eb diabetin ose hipertensionin e tyre p\u00ebrmes edukimit sh\u00ebndet\u00ebsor, mjeteve t\u00eb specializuara dhe aplikacioneve t\u00eb p\u00ebrshtatura \u00ebsht\u00eb nj\u00eb m\u00ebnyr\u00eb p\u00ebr t\u00eb reduktuar shtrimet n\u00eb spital dhe p\u00ebr t\u00eb p\u00ebrmir\u00ebsuar cil\u00ebsin\u00eb e kujdesit p\u00ebr pacient\u00ebt.\u00a0<\/p><p>N\u00eb nj\u00eb qasje proaktive p\u00ebr t\u00eb mb\u00ebshtetur pacient\u00ebt me burime dhe njohuri p\u00ebr t\u00eb kontrolluar gjendjen e tyre sh\u00ebndet\u00ebsore, grupi i profesionist\u00ebve t\u00eb kujdesit sh\u00ebndet\u00ebsor nga Spitalet e P\u00ebrgjithshme t\u00eb Gjakov\u00ebs dhe Pej\u00ebs vizituan Qendr\u00ebn Kryesore t\u00eb Mjek\u00ebsis\u00eb Familjare n\u00eb Lipjan, e cila kishte pilotuar monitorimin n\u00eb distanc\u00eb t\u00eb pacient\u00ebve me diabet dhe programin e vet\u00eb-menaxhimit. Q\u00ebllimi i vizit\u00ebs ishte njohja me ndikimin dhe sfidat e k\u00ebtij sistemi, ashtu q\u00eb n\u00eb t\u00eb ardhmen t\u00eb mund t\u00eb p\u00ebrshtatet p\u00ebr p\u00ebrdorim nga spitalet.<\/p><p>Vizita u organizua nga projekti i Sh\u00ebrbimeve Sh\u00ebndet\u00ebsore\u00a0 t\u00eb Integruara (IHS), i cili punon me nivelin sekondar n\u00eb Kosov\u00eb p\u00ebr t\u00eb ofruar sh\u00ebrbime sh\u00ebndet\u00ebsore cil\u00ebsore dhe me kosto efektive dhe p\u00ebr t\u00eb fuqizuar komunitetin e pacient\u00ebve p\u00ebr t\u00eb menaxhuar m\u00eb mir\u00eb sh\u00ebndetin e tyre. Vendi i vizit\u00ebs \u00ebsht\u00eb nj\u00eb aktivitet pilot i projektit t\u00eb Kujdesit sh\u00ebndet\u00ebsor t\u00eb qassh\u00ebm dhe cil\u00ebsor (AQH) p\u00ebr t\u00eb ofruar kujdes m\u00eb t\u00eb personalizuar p\u00ebr pacient\u00ebt.<\/p><p>Nj\u00eb program me pacientin n\u00eb qend\u00ebr n\u00eb nivel spitalor mund t\u00eb kontribuoj\u00eb drejt nj\u00eb vet\u00eb-menaxhimi t\u00eb p\u00ebrmir\u00ebsuar t\u00eb diabetit dhe hipertensionit dhe t\u00eb transformoj\u00eb sh\u00ebrbimet e integruara n\u00eb mbar\u00eb Kosov\u00ebn.<\/p>\t\t\t\t\t\t<\/div>\n\t\t\t\t<\/div>\n\t\t\t\t\t<\/div>\n\t\t\t\t<\/div>\n\t\t\t\t<\/div>","protected":false},"excerpt":{"rendered":"<p>Exploring Patient-Centric Approaches to Diabetes Patient Care Designing a comprehensive plan that empowers patients to self-manage their diabetes or hypertension through health education, specialized tools, and tailored applications is one way of reducing hospitalizations and enhancing the quality of care for patients.\u00a0 In a proactive approach to support patients with resources and knowledge to control [&hellip;]<\/p>","protected":false},"author":1,"featured_media":0,"parent":0,"menu_order":0,"comment_status":"closed","ping_status":"closed","template":"","meta":[],"_links":{"self":[{"href":"https:\/\/ihsproject.org\/sq\/wp-json\/wp\/v2\/pages\/12774"}],"collection":[{"href":"https:\/\/ihsproject.org\/sq\/wp-json\/wp\/v2\/pages"}],"about":[{"href":"https:\/\/ihsproject.org\/sq\/wp-json\/wp\/v2\/types\/page"}],"author":[{"embeddable":true,"href":"https:\/\/ihsproject.org\/sq\/wp-json\/wp\/v2\/users\/1"}],"replies":[{"embeddable":true,"href":"https:\/\/ihsproject.org\/sq\/wp-json\/wp\/v2\/comments?post=12774"}],"version-history":[{"count":4,"href":"https:\/\/ihsproject.org\/sq\/wp-json\/wp\/v2\/pages\/12774\/revisions"}],"predecessor-version":[{"id":12781,"href":"https:\/\/ihsproject.org\/sq\/wp-json\/wp\/v2\/pages\/12774\/revisions\/12781"}],"wp:attachment":[{"href":"https:\/\/ihsproject.org\/sq\/wp-json\/wp\/v2\/media?parent=12774"}],"curies":[{"name":"wp","href":"https:\/\/api.w.org\/{rel}","templated":true}]}}