{"id":12741,"date":"2023-10-09T13:11:49","date_gmt":"2023-10-09T13:11:49","guid":{"rendered":"https:\/\/ihsproject.org\/?page_id=12741"},"modified":"2023-10-09T13:13:17","modified_gmt":"2023-10-09T13:13:17","slug":"october-9-2023","status":"publish","type":"page","link":"https:\/\/ihsproject.org\/sq\/october-9-2023\/","title":{"rendered":"Tetor 9, 2023"},"content":{"rendered":"<div data-elementor-type=\"wp-page\" data-elementor-id=\"12741\" class=\"elementor elementor-12741\">\n\t\t\t\t<div class=\"elementor-element elementor-element-24ffa634 e-flex e-con-boxed e-con e-parent\" data-id=\"24ffa634\" data-element_type=\"container\" data-core-v316-plus=\"true\">\n\t\t\t\t\t<div class=\"e-con-inner\">\n\t\t\t\t<div class=\"elementor-element elementor-element-6b070d9 elementor-widget elementor-widget-image\" data-id=\"6b070d9\" data-element_type=\"widget\" data-widget_type=\"image.default\">\n\t\t\t\t<div class=\"elementor-widget-container\">\n\t\t\t\t\t\t\t\t\t\t\t\t\t<img fetchpriority=\"high\" decoding=\"async\" width=\"1600\" height=\"900\" src=\"https:\/\/ihsproject.org\/wp-content\/uploads\/2023\/10\/IMG-9fdee7153b3a1b4be4a5f94a01dad9a5-V.jpeg\" class=\"attachment-full size-full wp-image-12744\" alt=\"\" srcset=\"https:\/\/ihsproject.org\/wp-content\/uploads\/2023\/10\/IMG-9fdee7153b3a1b4be4a5f94a01dad9a5-V.jpeg 1600w, https:\/\/ihsproject.org\/wp-content\/uploads\/2023\/10\/IMG-9fdee7153b3a1b4be4a5f94a01dad9a5-V-300x169.jpeg 300w, https:\/\/ihsproject.org\/wp-content\/uploads\/2023\/10\/IMG-9fdee7153b3a1b4be4a5f94a01dad9a5-V-1024x576.jpeg 1024w, https:\/\/ihsproject.org\/wp-content\/uploads\/2023\/10\/IMG-9fdee7153b3a1b4be4a5f94a01dad9a5-V-768x432.jpeg 768w, https:\/\/ihsproject.org\/wp-content\/uploads\/2023\/10\/IMG-9fdee7153b3a1b4be4a5f94a01dad9a5-V-1536x864.jpeg 1536w, https:\/\/ihsproject.org\/wp-content\/uploads\/2023\/10\/IMG-9fdee7153b3a1b4be4a5f94a01dad9a5-V-18x10.jpeg 18w\" sizes=\"(max-width: 1600px) 100vw, 1600px\" \/>\t\t\t\t\t\t\t\t\t\t\t\t\t<\/div>\n\t\t\t\t<\/div>\n\t\t\t\t\t<\/div>\n\t\t\t\t<\/div>\n\t\t<div class=\"elementor-element elementor-element-7e227fb9 e-flex e-con-boxed e-con e-parent\" data-id=\"7e227fb9\" data-element_type=\"container\" data-core-v316-plus=\"true\">\n\t\t\t\t\t<div class=\"e-con-inner\">\n\t\t\t\t<div class=\"elementor-element elementor-element-55b870ca elementor-widget elementor-widget-heading\" data-id=\"55b870ca\" data-element_type=\"widget\" data-widget_type=\"heading.default\">\n\t\t\t\t<div class=\"elementor-widget-container\">\n\t\t\t<h2 class=\"elementor-heading-title elementor-size-default\">Progresi p\u00ebrmes bashk\u00ebpunimit p\u00ebr t\u00eb p\u00ebrmir\u00ebsuar ofrimin e kujdesit sh\u00ebndet\u00ebsor  <\/h2>\t\t<\/div>\n\t\t\t\t<\/div>\n\t\t\t\t<div class=\"elementor-element elementor-element-1a72af38 elementor-widget elementor-widget-text-editor\" data-id=\"1a72af38\" data-element_type=\"widget\" data-widget_type=\"text-editor.default\">\n\t\t\t\t<div class=\"elementor-widget-container\">\n\t\t\t\t\t\t\t<p>Jav\u00ebn e kaluar, ekipi i projektit Sh\u00ebrbimet Sh\u00ebndet\u00ebsore t\u00eb Integruara u takua me Mr.Ph. Hilmi Shala, U.d. Drejtor i Spitalit t\u00eb P\u00ebrgjithsh\u00ebm t\u00eb Gjakov\u00ebs dhe me ekipin e spitalit q\u00eb punon ngusht\u00eb me IHS-n\u00eb. \u00a0<\/p><p>Dr. Fabian Cenko nga Projekti IHS prezantoi pun\u00ebn q\u00eb po kryhet drejt objektivit ton\u00eb t\u00eb p\u00ebrbashk\u00ebt: p\u00ebr ofrimin e sh\u00ebrbimeve sh\u00ebndet\u00ebsore cil\u00ebsore, p\u00ebr p\u00ebrmbushjen e nevojave sh\u00ebndet\u00ebsore t\u00eb pacient\u00ebve t\u00eb prekur nga s\u00ebmundjet kronike jo-ngjit\u00ebse, pr fuqizimin e komunitetit t pacient\u00ebve n\u00eb rolin e tyre p\u00ebr nj\u00eb menaxhim m\u00eb t\u00eb mir\u00eb t\u00eb sh\u00ebndetit t\u00eb vet.\u00a0<\/p><p>U diskutuan arritjet e deritanishme, fal\u00eb p\u00ebrpjekjeve t\u00eb p\u00ebrbashk\u00ebta t\u00eb t\u00eb gjith\u00ebve q\u00eb jan\u00eb t\u00eb p\u00ebrfshir\u00eb me fokus n\u00eb p\u00ebrmir\u00ebsimin e kujdesit ndaj pacientit.\u00a0<\/p>\t\t\t\t\t\t<\/div>\n\t\t\t\t<\/div>\n\t\t\t\t\t<\/div>\n\t\t\t\t<\/div>\n\t\t\t\t<\/div>","protected":false},"excerpt":{"rendered":"<p>Collaborative Progress to Enhance Healthcare Delivery Last week, the Integrated Health Services project team met with Mr. Ph. Hilmi Shala, Acting Director of the General Hospital Gjakova and the hospital team working closely with IHS. \u00a0 Dr. Fabian Cenko of IHS Project introduced the work being carried out towards our shared objective: deliver qualitative health [&hellip;]<\/p>","protected":false},"author":1,"featured_media":0,"parent":0,"menu_order":0,"comment_status":"closed","ping_status":"closed","template":"","meta":[],"_links":{"self":[{"href":"https:\/\/ihsproject.org\/sq\/wp-json\/wp\/v2\/pages\/12741"}],"collection":[{"href":"https:\/\/ihsproject.org\/sq\/wp-json\/wp\/v2\/pages"}],"about":[{"href":"https:\/\/ihsproject.org\/sq\/wp-json\/wp\/v2\/types\/page"}],"author":[{"embeddable":true,"href":"https:\/\/ihsproject.org\/sq\/wp-json\/wp\/v2\/users\/1"}],"replies":[{"embeddable":true,"href":"https:\/\/ihsproject.org\/sq\/wp-json\/wp\/v2\/comments?post=12741"}],"version-history":[{"count":4,"href":"https:\/\/ihsproject.org\/sq\/wp-json\/wp\/v2\/pages\/12741\/revisions"}],"predecessor-version":[{"id":12748,"href":"https:\/\/ihsproject.org\/sq\/wp-json\/wp\/v2\/pages\/12741\/revisions\/12748"}],"wp:attachment":[{"href":"https:\/\/ihsproject.org\/sq\/wp-json\/wp\/v2\/media?parent=12741"}],"curies":[{"name":"wp","href":"https:\/\/api.w.org\/{rel}","templated":true}]}}