{"id":12684,"date":"2023-09-29T11:15:38","date_gmt":"2023-09-29T11:15:38","guid":{"rendered":"https:\/\/ihsproject.org\/?page_id=12684"},"modified":"2023-09-29T11:17:17","modified_gmt":"2023-09-29T11:17:17","slug":"september-29-2023","status":"publish","type":"page","link":"https:\/\/ihsproject.org\/sq\/september-29-2023\/","title":{"rendered":"Shtator 29, 2023"},"content":{"rendered":"<div data-elementor-type=\"wp-page\" data-elementor-id=\"12684\" class=\"elementor elementor-12684\">\n\t\t\t\t<div class=\"elementor-element elementor-element-2b79d70 e-flex e-con-boxed e-con e-parent\" data-id=\"2b79d70\" data-element_type=\"container\" data-core-v316-plus=\"true\">\n\t\t\t\t\t<div class=\"e-con-inner\">\n\t\t\t\t<div class=\"elementor-element elementor-element-bedccfd elementor-widget elementor-widget-image\" data-id=\"bedccfd\" data-element_type=\"widget\" data-widget_type=\"image.default\">\n\t\t\t\t<div class=\"elementor-widget-container\">\n\t\t\t\t\t\t\t\t\t\t\t\t\t<img fetchpriority=\"high\" decoding=\"async\" width=\"1600\" height=\"800\" src=\"https:\/\/ihsproject.org\/wp-content\/uploads\/2023\/09\/Committed-to-Help-Slow_Down_the_Global_Burden_of_NCDs.jpg\" class=\"attachment-full size-full wp-image-12681\" alt=\"\" srcset=\"https:\/\/ihsproject.org\/wp-content\/uploads\/2023\/09\/Committed-to-Help-Slow_Down_the_Global_Burden_of_NCDs.jpg 1600w, https:\/\/ihsproject.org\/wp-content\/uploads\/2023\/09\/Committed-to-Help-Slow_Down_the_Global_Burden_of_NCDs-300x150.jpg 300w, https:\/\/ihsproject.org\/wp-content\/uploads\/2023\/09\/Committed-to-Help-Slow_Down_the_Global_Burden_of_NCDs-1024x512.jpg 1024w, https:\/\/ihsproject.org\/wp-content\/uploads\/2023\/09\/Committed-to-Help-Slow_Down_the_Global_Burden_of_NCDs-768x384.jpg 768w, https:\/\/ihsproject.org\/wp-content\/uploads\/2023\/09\/Committed-to-Help-Slow_Down_the_Global_Burden_of_NCDs-1536x768.jpg 1536w, https:\/\/ihsproject.org\/wp-content\/uploads\/2023\/09\/Committed-to-Help-Slow_Down_the_Global_Burden_of_NCDs-18x9.jpg 18w\" sizes=\"(max-width: 1600px) 100vw, 1600px\" \/>\t\t\t\t\t\t\t\t\t\t\t\t\t<\/div>\n\t\t\t\t<\/div>\n\t\t\t\t\t<\/div>\n\t\t\t\t<\/div>\n\t\t<div class=\"elementor-element elementor-element-79b9a37 e-flex e-con-boxed e-con e-parent\" data-id=\"79b9a37\" data-element_type=\"container\" data-core-v316-plus=\"true\">\n\t\t\t\t\t<div class=\"e-con-inner\">\n\t\t\t\t<div class=\"elementor-element elementor-element-687cb82 elementor-widget elementor-widget-heading\" data-id=\"687cb82\" data-element_type=\"widget\" data-widget_type=\"heading.default\">\n\t\t\t\t<div class=\"elementor-widget-container\">\n\t\t\t<h2 class=\"elementor-heading-title elementor-size-default\">T\u00eb p\u00ebrkushtuar p\u00ebr t\u00eb ndihmuar n\u00eb ngadal\u00ebsimin e barr\u00ebs globale t\u00eb SJN-ve<\/h2>\t\t<\/div>\n\t\t\t\t<\/div>\n\t\t\t\t<div class=\"elementor-element elementor-element-a726e9b elementor-widget elementor-widget-text-editor\" data-id=\"a726e9b\" data-element_type=\"widget\" data-widget_type=\"text-editor.default\">\n\t\t\t\t<div class=\"elementor-widget-container\">\n\t\t\t\t\t\t\t<p>M\u00eb 28 shtator 2023, dita e dyt\u00eb e Simpoziumit Nd\u00ebrkomb\u00ebtar p\u00ebr S\u00ebmundjet Kronike Jo-ngjit\u00ebse, n\u00eb sesionin mbi arritjet rajonale n\u00eb adresimin e SJN-ve, Prof. Kaspar Wyss nga Swiss TPH foli p\u00ebr kontrollin e SJN-ve n\u00eb sh\u00ebndetin global nga perspektiva e sh\u00ebndetit publik dhe qasjeve n\u00eb fuqizimin e sistemeve sh\u00ebndet\u00ebse.<span class=\"Apple-converted-space\">\u00a0<\/span><\/p><p>Swiss TPH punon n\u00eb shkall\u00eb globale p\u00ebr t\u00eb kuptuar m\u00eb mir\u00eb SJN-t\u00eb dhe ndikimin e faktor\u00ebve mjedisore dhe t\u00eb stilit t\u00eb jetes\u00ebs tek k\u00ebto s\u00ebmundje. Aktivitetet tona p\u00ebrqendrohen n\u00eb m\u00ebnyrat m\u00eb t\u00eb mira t\u00eb p\u00ebrshtatura p\u00ebr secalin vend p\u00ebr parandalimin, menaxhimin dhe trajtimin e SJN-ve. Ne jemi t\u00eb p\u00ebrkushtuar q\u00eb bashk\u00ebrisht t\u2019i koordinohemi p\u00ebr t\u00eb ngadal\u00ebsuar barr\u00ebn globale t\u00eb SJN-ve.<\/p><p>Dr. Besim Nuri, nga projekti Health for All n\u00eb Shqip\u00ebri, prezantoi p\u00ebrmir\u00ebsimin e cil\u00ebsis\u00eb dhe qasjes s\u00eb kujdesit par\u00ebsor sh\u00ebndet\u00ebs. Nicu Fota, MPH, nga projekti Accessible and Quality Healthcare n\u00eb Kosov\u00eb prezantoi p\u00ebr intervenimet kryesore t\u00eb s\u00ebmundjeve kronike jo-ngjit\u00ebse n\u00eb kujdesin par\u00ebsor sh\u00ebndet\u00ebsor. Dr. Fabian Cenko, nga projekti Integrated Health Services n\u00eb Kosov\u00eb foli p\u00ebr fuqizimin e spitaleve p\u00ebrmes integrimit t\u00eb promovimit dhe edukimit sh\u00ebndet\u00ebsor rreth SJN-ve. P\u00ebr t\u00eb folur p\u00ebr jet\u00ebn e sh\u00ebndetshme dhe grupet e vet\u00ebndihm\u00ebs n\u00eb kujdesin sh\u00ebndet\u00ebsor afatgjat\u00eb kishim Dr. Ala Curteanu, e cila prezantoi projektin Healthy Life n\u00eb Moldavi. Konsulentja e OBSH-s\u00eb, Dr. Anastasiya Dumcheva, ndau me audienc\u00ebn informata nga Ukraina dhe arritjet kryesore n\u00eb adresimin e SJN-ve gjat\u00eb sfidave nga lufta. Sekretari i P\u00ebrgjithsh\u00ebm i Ministris\u00eb s\u00eb Sh\u00ebndet\u00ebsis\u00eb, Dr. Naim Bardiqi, shprehu fal\u00ebnderimin p\u00ebr angazhimin e p\u00ebrbashk\u00ebt p\u00ebr t\u2019u p\u00ebrballur me SJN-t\u00eb.<\/p><p>Me 27 \u2013 29 shtator 2023 u mbajt n\u00eb Kosov\u00eb Simpoziumi Nd\u00ebrkomb\u00ebtar 3-ditor p\u00ebr S\u00ebmundjet Kronike Jo-Ngjit\u00ebse (SJN). Nikoqir\u00eb t\u00eb k\u00ebsaj ngjarjeje ishin Ministria e Sh\u00ebndet\u00ebsis\u00eb n\u00eb Kosov\u00eb, n\u00eb bashk\u00ebpunim me Agjencin\u00eb Zvicerane p\u00ebr Zhvillim dhe Bashk\u00ebpunim (SDC), q\u00eb t\u00eb shk\u00ebmbehen praktikat m\u00eb t\u00eb mira, t\u00eb p\u00ebrfshihen informata n\u00eb Planin e Kosov\u00ebs p\u00ebr SJN-t\u00eb dhe t\u00eb gjenerohen veprime dhe rekomandime t\u00eb q\u00ebndrueshme p\u00ebr trajtimin e sfidave t\u00eb SJN-ve.<\/p>\t\t\t\t\t\t<\/div>\n\t\t\t\t<\/div>\n\t\t\t\t\t<\/div>\n\t\t\t\t<\/div>\n\t\t\t\t<\/div>","protected":false},"excerpt":{"rendered":"<p>Committed to Help Slow Down the Global Burden of NCDs On 28 September 2023, day two of the International Symposium on Non-Communicable Diseases, at the session on regional achievements on tackling NCDs, Prof. Kaspar Wyss from Swiss TPH presented on NCD control in a global health perspective, from the perspective of public health and health [&hellip;]<\/p>","protected":false},"author":1,"featured_media":0,"parent":0,"menu_order":0,"comment_status":"closed","ping_status":"closed","template":"","meta":[],"_links":{"self":[{"href":"https:\/\/ihsproject.org\/sq\/wp-json\/wp\/v2\/pages\/12684"}],"collection":[{"href":"https:\/\/ihsproject.org\/sq\/wp-json\/wp\/v2\/pages"}],"about":[{"href":"https:\/\/ihsproject.org\/sq\/wp-json\/wp\/v2\/types\/page"}],"author":[{"embeddable":true,"href":"https:\/\/ihsproject.org\/sq\/wp-json\/wp\/v2\/users\/1"}],"replies":[{"embeddable":true,"href":"https:\/\/ihsproject.org\/sq\/wp-json\/wp\/v2\/comments?post=12684"}],"version-history":[{"count":4,"href":"https:\/\/ihsproject.org\/sq\/wp-json\/wp\/v2\/pages\/12684\/revisions"}],"predecessor-version":[{"id":12689,"href":"https:\/\/ihsproject.org\/sq\/wp-json\/wp\/v2\/pages\/12684\/revisions\/12689"}],"wp:attachment":[{"href":"https:\/\/ihsproject.org\/sq\/wp-json\/wp\/v2\/media?parent=12684"}],"curies":[{"name":"wp","href":"https:\/\/api.w.org\/{rel}","templated":true}]}}