{"id":12657,"date":"2023-09-22T17:57:22","date_gmt":"2023-09-22T17:57:22","guid":{"rendered":"https:\/\/ihsproject.org\/?page_id=12657"},"modified":"2023-09-22T17:58:49","modified_gmt":"2023-09-22T17:58:49","slug":"september-22-2023","status":"publish","type":"page","link":"https:\/\/ihsproject.org\/sq\/september-22-2023\/","title":{"rendered":"Shtator 22, 2023"},"content":{"rendered":"<div data-elementor-type=\"wp-page\" data-elementor-id=\"12657\" class=\"elementor elementor-12657\">\n\t\t\t\t<div class=\"elementor-element elementor-element-2c72dd52 e-flex e-con-boxed e-con e-parent\" data-id=\"2c72dd52\" data-element_type=\"container\" data-core-v316-plus=\"true\">\n\t\t\t\t\t<div class=\"e-con-inner\">\n\t\t\t\t<div class=\"elementor-element elementor-element-54f213ec elementor-widget elementor-widget-image\" data-id=\"54f213ec\" data-element_type=\"widget\" data-widget_type=\"image.default\">\n\t\t\t\t<div class=\"elementor-widget-container\">\n\t\t\t\t\t\t\t\t\t\t\t\t\t<img fetchpriority=\"high\" decoding=\"async\" width=\"1280\" height=\"960\" src=\"https:\/\/ihsproject.org\/wp-content\/uploads\/2023\/09\/22092023.jpg\" class=\"attachment-full size-full wp-image-12659\" alt=\"\" srcset=\"https:\/\/ihsproject.org\/wp-content\/uploads\/2023\/09\/22092023.jpg 1280w, https:\/\/ihsproject.org\/wp-content\/uploads\/2023\/09\/22092023-300x225.jpg 300w, https:\/\/ihsproject.org\/wp-content\/uploads\/2023\/09\/22092023-1024x768.jpg 1024w, https:\/\/ihsproject.org\/wp-content\/uploads\/2023\/09\/22092023-768x576.jpg 768w, https:\/\/ihsproject.org\/wp-content\/uploads\/2023\/09\/22092023-16x12.jpg 16w\" sizes=\"(max-width: 1280px) 100vw, 1280px\" \/>\t\t\t\t\t\t\t\t\t\t\t\t\t<\/div>\n\t\t\t\t<\/div>\n\t\t\t\t\t<\/div>\n\t\t\t\t<\/div>\n\t\t<div class=\"elementor-element elementor-element-1f4dadfd e-flex e-con-boxed e-con e-parent\" data-id=\"1f4dadfd\" data-element_type=\"container\" data-core-v316-plus=\"true\">\n\t\t\t\t\t<div class=\"e-con-inner\">\n\t\t\t\t<div class=\"elementor-element elementor-element-330bb3e8 elementor-widget elementor-widget-heading\" data-id=\"330bb3e8\" data-element_type=\"widget\" data-widget_type=\"heading.default\">\n\t\t\t\t<div class=\"elementor-widget-container\">\n\t\t\t<h2 class=\"elementor-heading-title elementor-size-default\">Kosova thekson n\u00eb sken\u00ebn nd\u00ebrkomb\u00ebtare p\u00ebrkushtimin e vet ndaj spitaleve promovuese t\u00eb sh\u00ebndetit  <\/h2>\t\t<\/div>\n\t\t\t\t<\/div>\n\t\t\t\t<div class=\"elementor-element elementor-element-10ba8ee1 elementor-widget elementor-widget-text-editor\" data-id=\"10ba8ee1\" data-element_type=\"widget\" data-widget_type=\"text-editor.default\">\n\t\t\t\t<div class=\"elementor-widget-container\">\n\t\t\t\t\t\t\t<p>Rrug\u00ebtimi i Kosov\u00ebs drejt standardeve t\u00eb spitaleve promovuese t\u00eb sh\u00ebndetit u prezantua n\u00eb Konferenc\u00ebn e 29-t\u00eb Nd\u00ebrkomb\u00ebtare p\u00ebr Spitalet Promovuese t\u00eb Sh\u00ebndetit dhe Sh\u00ebrbimet Sh\u00ebndet\u00ebsore, t\u00eb mbajtur n\u00eb Austri m\u00eb 20 \u2013 22 shtator 2023. Prezantimi nga ekipi i Kosov\u00ebs tregoi p\u00ebrkushtimin e institucioneve n\u00eb p\u00ebrmir\u00ebsimin e kujdesit sh\u00ebndet\u00ebsor duke u fokusuar n\u00eb rolin edukativ sh\u00ebndet\u00ebsor t\u00eb institucioneve spitalore.<\/p><p>Spitalet promovuese t\u00eb sh\u00ebndetit jan\u00eb nj\u00eb rrjet i r\u00ebnd\u00ebsish\u00ebm i udh\u00ebhequr nga OBSH-ja q\u00eb paraqet nj\u00eb standard t\u00eb lart\u00eb n\u00eb fush\u00ebn e edukimit sh\u00ebndet\u00ebsor dhe t\u00eb promovimit sh\u00ebndet\u00ebsor.<\/p><p>Prezantimi nga Fekrije Hasani, Eksperte e Lart\u00eb sh\u00ebndet\u00ebsore n\u00eb projektin e Sh\u00ebrbimeve t\u00eb Integruara Sh\u00ebndet\u00ebsore (IHS) theksoi iniciativat kryesore, sfidat me t\u00eb cilat ballafaqohen dhe ndikimin transformues q\u00eb standardet e spitaleve promovuese t\u00eb sh\u00ebndetit do t\u00eb ken\u00eb n\u00eb kujdesin sh\u00ebndet\u00ebsor n\u00eb Kosov\u00eb. Ajo theksoi gjithashtu r\u00ebnd\u00ebsin\u00eb e bashk\u00ebpunimit nd\u00ebrkomb\u00ebtar n\u00eb arritjen e rezultateve t\u00eb q\u00ebndrueshme.<\/p><p>Edhe Dr. Fazli Shala, Drejtor Ekzekutiv i Spitalit t\u00eb P\u00ebrgjithsh\u00ebm n\u00eb Pej\u00eb, ka p\u00ebrfaq\u00ebsuar Kosov\u00ebn n\u00eb Konferenc\u00ebn e 29-t\u00eb Nd\u00ebrkomb\u00ebtare p\u00ebr Spitalet Promovuese t\u00eb Sh\u00ebndetit dhe Sh\u00ebrbimet Sh\u00ebndet\u00ebsore, duke ritheksuar mb\u00ebshtetjen institucionale p\u00ebr k\u00ebt\u00eb reform\u00eb. Procesi i zbatimit t\u00eb k\u00ebtyre standardeve leht\u00ebsohet p\u00ebrmes IHS, i cili \u00ebsht\u00eb projekt i Agjencis\u00eb Zvicerane p\u00ebr Zhvillim dhe Bashk\u00ebpunim n\u00eb Kosov\u00eb n\u00eb partneritet me Ministrin\u00eb e Sh\u00ebndet\u00ebsis\u00eb.\u00a0<\/p><p>Kjo nism\u00eb synon t\u00eb mb\u00ebshtes\u00eb dy Spitalet e P\u00ebrgjithshme n\u00eb vend n\u00eb p\u00ebrmbushjen e standardeve t\u00eb Spitaleve promovuese t\u00eb sh\u00ebndetit, duke e b\u00ebr\u00eb Kosov\u00ebn kampione n\u00eb k\u00ebt\u00eb fush\u00eb.<\/p>\t\t\t\t\t\t<\/div>\n\t\t\t\t<\/div>\n\t\t\t\t\t<\/div>\n\t\t\t\t<\/div>\n\t\t\t\t<\/div>","protected":false},"excerpt":{"rendered":"<p>Kosovo Highlights Internationally Its Commitment to Health Promoting Hospitals Kosovo\u2019s journey towards health promoting hospitals standards was introduced at the 29th International Conference on Health Promoting Hospitals and Health Services, held in Austria on 20 \u2013 22 September 2023. The presentation by the Kosovo team showcased the dedication of institutions to improving healthcare by focusing [&hellip;]<\/p>","protected":false},"author":1,"featured_media":0,"parent":0,"menu_order":0,"comment_status":"closed","ping_status":"closed","template":"","meta":[],"_links":{"self":[{"href":"https:\/\/ihsproject.org\/sq\/wp-json\/wp\/v2\/pages\/12657"}],"collection":[{"href":"https:\/\/ihsproject.org\/sq\/wp-json\/wp\/v2\/pages"}],"about":[{"href":"https:\/\/ihsproject.org\/sq\/wp-json\/wp\/v2\/types\/page"}],"author":[{"embeddable":true,"href":"https:\/\/ihsproject.org\/sq\/wp-json\/wp\/v2\/users\/1"}],"replies":[{"embeddable":true,"href":"https:\/\/ihsproject.org\/sq\/wp-json\/wp\/v2\/comments?post=12657"}],"version-history":[{"count":4,"href":"https:\/\/ihsproject.org\/sq\/wp-json\/wp\/v2\/pages\/12657\/revisions"}],"predecessor-version":[{"id":12663,"href":"https:\/\/ihsproject.org\/sq\/wp-json\/wp\/v2\/pages\/12657\/revisions\/12663"}],"wp:attachment":[{"href":"https:\/\/ihsproject.org\/sq\/wp-json\/wp\/v2\/media?parent=12657"}],"curies":[{"name":"wp","href":"https:\/\/api.w.org\/{rel}","templated":true}]}}