{"id":12647,"date":"2023-09-22T15:42:36","date_gmt":"2023-09-22T15:42:36","guid":{"rendered":"https:\/\/ihsproject.org\/?page_id=12647"},"modified":"2023-09-22T15:48:54","modified_gmt":"2023-09-22T15:48:54","slug":"ncd-symposium","status":"publish","type":"page","link":"https:\/\/ihsproject.org\/sq\/ncd-symposium\/","title":{"rendered":"Simpoziumi i SJN-ve"},"content":{"rendered":"<div data-elementor-type=\"wp-page\" data-elementor-id=\"12647\" class=\"elementor elementor-12647\">\n\t\t\t\t<div class=\"elementor-element elementor-element-4de0c16 e-flex e-con-boxed e-con e-parent\" data-id=\"4de0c16\" data-element_type=\"container\" data-core-v316-plus=\"true\">\n\t\t\t\t\t<div class=\"e-con-inner\">\n\t\t\t\t<div class=\"elementor-element elementor-element-4dd139f elementor-widget elementor-widget-image\" data-id=\"4dd139f\" data-element_type=\"widget\" data-widget_type=\"image.default\">\n\t\t\t\t<div class=\"elementor-widget-container\">\n\t\t\t\t\t\t\t\t\t\t\t\t\t\t<a href=\"http:\/\/www.ncdsymposiumkosovo.org\">\n\t\t\t\t\t\t\t<img fetchpriority=\"high\" decoding=\"async\" width=\"2000\" height=\"865\" src=\"https:\/\/ihsproject.org\/wp-content\/uploads\/2023\/09\/NCD-Symposium.jpg\" class=\"attachment-full size-full wp-image-12650\" alt=\"\" srcset=\"https:\/\/ihsproject.org\/wp-content\/uploads\/2023\/09\/NCD-Symposium.jpg 2000w, https:\/\/ihsproject.org\/wp-content\/uploads\/2023\/09\/NCD-Symposium-300x130.jpg 300w, https:\/\/ihsproject.org\/wp-content\/uploads\/2023\/09\/NCD-Symposium-1024x443.jpg 1024w, https:\/\/ihsproject.org\/wp-content\/uploads\/2023\/09\/NCD-Symposium-768x332.jpg 768w, https:\/\/ihsproject.org\/wp-content\/uploads\/2023\/09\/NCD-Symposium-1536x664.jpg 1536w, https:\/\/ihsproject.org\/wp-content\/uploads\/2023\/09\/NCD-Symposium-18x8.jpg 18w\" sizes=\"(max-width: 2000px) 100vw, 2000px\" \/>\t\t\t\t\t\t\t\t<\/a>\n\t\t\t\t\t\t\t\t\t\t\t\t\t<\/div>\n\t\t\t\t<\/div>\n\t\t\t\t<div class=\"elementor-element elementor-element-ddf1357 elementor-widget elementor-widget-heading\" data-id=\"ddf1357\" data-element_type=\"widget\" data-widget_type=\"heading.default\">\n\t\t\t\t<div class=\"elementor-widget-container\">\n\t\t\t<h2 class=\"elementor-heading-title elementor-size-default\"><a href=\"http:\/\/www.ncdsymposiumkosovo.org\">Simpoziumi i SJN-ve<\/a><\/h2>\t\t<\/div>\n\t\t\t\t<\/div>\n\t\t\t\t<div class=\"elementor-element elementor-element-b40ee74 elementor-widget elementor-widget-text-editor\" data-id=\"b40ee74\" data-element_type=\"widget\" data-widget_type=\"text-editor.default\">\n\t\t\t\t<div class=\"elementor-widget-container\">\n\t\t\t\t\t\t\t<p>Me 27 \u2013 29 shtator 2023 n\u00eb Kosov\u00eb u mbajt Simpoziumi Nd\u00ebrkomb\u00ebtar 3-ditor p\u00ebr S\u00ebmundjet Kronike Jo-Ngjit\u00ebse (SJN). Nikoqir\u00eb t\u00eb k\u00ebsaj ngjarjeje ishin Ministria e Sh\u00ebndet\u00ebsis\u00eb n\u00eb Kosov\u00eb, n\u00eb bashk\u00ebpunim me Agjencin\u00eb Zvicerane p\u00ebr Zhvillim dhe Bashk\u00ebpunim (SDC). Q\u00ebllimi: t\u00eb shk\u00ebmbehen praktikat m\u00eb t\u00eb mira, t\u00eb p\u00ebrfshihen informata n\u00eb Planin e Kosov\u00ebs p\u00ebr SJN-t\u00eb dhe t\u00eb gjenerohen veprime dhe rekomandime t\u00eb q\u00ebndrueshme p\u00ebr trajtimin e sfidave t\u00eb SJN-ve. Simpoziumi \u00ebsht\u00eb i akredituar nga Oda e Mjek\u00ebve dhe Oda e Infermier\u00ebve n\u00eb Kosov\u00eb.<\/p>\t\t\t\t\t\t<\/div>\n\t\t\t\t<\/div>\n\t\t\t\t\t<\/div>\n\t\t\t\t<\/div>\n\t\t\t\t<\/div>","protected":false},"excerpt":{"rendered":"<p>NCD Symposium A 3-day International Symposium on Non-Communicable Diseases (NCDs) hosted in Kosovo from 27-29 September 2023 by the Ministry of Health of Kosovo, in collaboration with the Swiss Agency for Development and Cooperation (SDC). Purpose: to exchange best practices, inspire the Kosovo NCDs Plan, and generate sustainable actions and recommendations to tackle NCD challenges. [&hellip;]<\/p>","protected":false},"author":1,"featured_media":0,"parent":0,"menu_order":0,"comment_status":"closed","ping_status":"closed","template":"","meta":[],"_links":{"self":[{"href":"https:\/\/ihsproject.org\/sq\/wp-json\/wp\/v2\/pages\/12647"}],"collection":[{"href":"https:\/\/ihsproject.org\/sq\/wp-json\/wp\/v2\/pages"}],"about":[{"href":"https:\/\/ihsproject.org\/sq\/wp-json\/wp\/v2\/types\/page"}],"author":[{"embeddable":true,"href":"https:\/\/ihsproject.org\/sq\/wp-json\/wp\/v2\/users\/1"}],"replies":[{"embeddable":true,"href":"https:\/\/ihsproject.org\/sq\/wp-json\/wp\/v2\/comments?post=12647"}],"version-history":[{"count":7,"href":"https:\/\/ihsproject.org\/sq\/wp-json\/wp\/v2\/pages\/12647\/revisions"}],"predecessor-version":[{"id":12656,"href":"https:\/\/ihsproject.org\/sq\/wp-json\/wp\/v2\/pages\/12647\/revisions\/12656"}],"wp:attachment":[{"href":"https:\/\/ihsproject.org\/sq\/wp-json\/wp\/v2\/media?parent=12647"}],"curies":[{"name":"wp","href":"https:\/\/api.w.org\/{rel}","templated":true}]}}