{"id":12624,"date":"2023-09-19T10:46:43","date_gmt":"2023-09-19T10:46:43","guid":{"rendered":"https:\/\/ihsproject.org\/?page_id=12624"},"modified":"2023-09-19T10:48:44","modified_gmt":"2023-09-19T10:48:44","slug":"september-19-2023","status":"publish","type":"page","link":"https:\/\/ihsproject.org\/sq\/september-19-2023\/","title":{"rendered":"Shtator 19, 2023"},"content":{"rendered":"<div data-elementor-type=\"wp-page\" data-elementor-id=\"12624\" class=\"elementor elementor-12624\">\n\t\t\t\t<div class=\"elementor-element elementor-element-af8f643 e-flex e-con-boxed e-con e-parent\" data-id=\"af8f643\" data-element_type=\"container\" data-core-v316-plus=\"true\">\n\t\t\t\t\t<div class=\"e-con-inner\">\n\t\t\t\t<div class=\"elementor-element elementor-element-16280f2 elementor-widget elementor-widget-image\" data-id=\"16280f2\" data-element_type=\"widget\" data-widget_type=\"image.default\">\n\t\t\t\t<div class=\"elementor-widget-container\">\n\t\t\t\t\t\t\t\t\t\t\t\t\t<img fetchpriority=\"high\" decoding=\"async\" width=\"1600\" height=\"900\" src=\"https:\/\/ihsproject.org\/wp-content\/uploads\/2023\/09\/Tangible_Progress_in_Kosovos_Health_Promoting_Hospitals_Initiative.jpg\" class=\"attachment-full size-full wp-image-12623\" alt=\"\" srcset=\"https:\/\/ihsproject.org\/wp-content\/uploads\/2023\/09\/Tangible_Progress_in_Kosovos_Health_Promoting_Hospitals_Initiative.jpg 1600w, https:\/\/ihsproject.org\/wp-content\/uploads\/2023\/09\/Tangible_Progress_in_Kosovos_Health_Promoting_Hospitals_Initiative-300x169.jpg 300w, https:\/\/ihsproject.org\/wp-content\/uploads\/2023\/09\/Tangible_Progress_in_Kosovos_Health_Promoting_Hospitals_Initiative-1024x576.jpg 1024w, https:\/\/ihsproject.org\/wp-content\/uploads\/2023\/09\/Tangible_Progress_in_Kosovos_Health_Promoting_Hospitals_Initiative-768x432.jpg 768w, https:\/\/ihsproject.org\/wp-content\/uploads\/2023\/09\/Tangible_Progress_in_Kosovos_Health_Promoting_Hospitals_Initiative-1536x864.jpg 1536w, https:\/\/ihsproject.org\/wp-content\/uploads\/2023\/09\/Tangible_Progress_in_Kosovos_Health_Promoting_Hospitals_Initiative-18x10.jpg 18w\" sizes=\"(max-width: 1600px) 100vw, 1600px\" \/>\t\t\t\t\t\t\t\t\t\t\t\t\t<\/div>\n\t\t\t\t<\/div>\n\t\t\t\t\t<\/div>\n\t\t\t\t<\/div>\n\t\t<div class=\"elementor-element elementor-element-fc0958c e-flex e-con-boxed e-con e-parent\" data-id=\"fc0958c\" data-element_type=\"container\" data-core-v316-plus=\"true\">\n\t\t\t\t\t<div class=\"e-con-inner\">\n\t\t\t\t<div class=\"elementor-element elementor-element-9d4f382 elementor-widget elementor-widget-heading\" data-id=\"9d4f382\" data-element_type=\"widget\" data-widget_type=\"heading.default\">\n\t\t\t\t<div class=\"elementor-widget-container\">\n\t\t\t<h2 class=\"elementor-heading-title elementor-size-default\">Progres i duksh\u00ebm me nism\u00ebn e spitaleve p\u00ebr promovimin sh\u00ebndet\u00ebsor n\u00eb Kosov\u00eb<\/h2>\t\t<\/div>\n\t\t\t\t<\/div>\n\t\t\t\t<div class=\"elementor-element elementor-element-3c40a41 elementor-widget elementor-widget-text-editor\" data-id=\"3c40a41\" data-element_type=\"widget\" data-widget_type=\"text-editor.default\">\n\t\t\t\t<div class=\"elementor-widget-container\">\n\t\t\t\t\t\t\t<p>M\u00eb 18 shtator 2023, profesionist\u00eb nga Spitalet e P\u00ebrgjithshme t\u00eb Pej\u00ebs dhe t\u00eb Gjakov\u00ebs, nga Instituti Komb\u00ebtar i Sh\u00ebndetit Publik dhe nga Ministria e Sh\u00ebndet\u00ebsis\u00eb u takuan p\u00ebr t\u00eb vler\u00ebsuar progresin n\u00eb lidhje me nismat p\u00ebr promovimin sh\u00ebndet\u00ebsor n\u00eb nivel spitalor.<\/p><p>Ky takim kishte p\u00ebr q\u00ebllim prezantimin e raporteve t\u00eb vet\u00ebvler\u00ebsimit t\u00eb p\u00ebrgatitura nga Spitali i P\u00ebrgjithsh\u00ebm i Pej\u00ebs dhe i Gjakov\u00ebs. K\u00ebto raporte kan\u00eb vler\u00ebsuar me kujdes respektimin nga spitalet t\u00eb standardeve t\u00eb vitit 2020 t\u00eb vendosura p\u00ebr promovimin sh\u00ebndet\u00ebsor nga spitalet (HPH). Takimi sh\u00ebnon nj\u00eb moment me r\u00ebnd\u00ebsi n\u00eb zbatimin e qasjes HPH, pasi u procedua me nj\u00eb raport t\u00eb unifikuar bazuar n\u00eb rezultatet e k\u00ebtij ushtrimi fillestar t\u00eb vet\u00ebvler\u00ebsimit.<\/p><p>Gjat\u00eb takimit, p\u00ebrfaq\u00ebsuesit e spitalit ndan\u00eb njohurit\u00eb e tyre t\u00eb fituara nga aktivitetet e vet\u00ebvler\u00ebsimit. Ata shpreh\u00ebn gjithashtu p\u00ebrkushtimin dhe motivimin e tyre p\u00ebr k\u00ebt\u00eb pun\u00eb grupore, \u201cKemi pasur nj\u00eb bashk\u00ebpunim t\u00eb shk\u00eblqyer dhe jemi t\u00eb p\u00ebrkushtuar p\u00ebr t\u00eb arritur standardet m\u00eb t\u00eb larta t\u00eb sh\u00ebrbimeve sh\u00ebndet\u00ebsore. \u00cbsht\u00eb nj\u00eb p\u00ebrvoj\u00eb e mrekullueshme t\u00eb punosh n\u00eb grup\u201d, deklaruan ata.<\/p><p>Grupi i pun\u00ebs p\u00ebr hartimin e planit p\u00ebr promovimin sh\u00ebndet\u00ebsor kryesohet nga Prof. Merita Berisha, nga Instituti Komb\u00ebtar i Sh\u00ebndetit Publik. Ekspertiza e saj \u00ebsht\u00eb e r\u00ebnd\u00ebsishme n\u00eb pasqyrimin e vizionit m\u00eb t\u00eb gjer\u00eb t\u00eb qasjes p\u00ebr promovimin sh\u00ebndet\u00ebsor nga spitalet n\u00eb Kosov\u00eb.<\/p>\t\t\t\t\t\t<\/div>\n\t\t\t\t<\/div>\n\t\t\t\t\t<\/div>\n\t\t\t\t<\/div>\n\t\t\t\t<\/div>","protected":false},"excerpt":{"rendered":"<p>Tangible Progress in Kosovo\u2019s Health Promoting Hospitals Initiative On 18 September 2023, professionals from the General Hospitals of Peja and Gjakova, the National Institute of Public Health, and the Ministry of Health met to assess the progress with the health promotion initiatives at the hospital level. The purpose of the meeting was to present the [&hellip;]<\/p>","protected":false},"author":1,"featured_media":0,"parent":0,"menu_order":0,"comment_status":"closed","ping_status":"closed","template":"","meta":[],"_links":{"self":[{"href":"https:\/\/ihsproject.org\/sq\/wp-json\/wp\/v2\/pages\/12624"}],"collection":[{"href":"https:\/\/ihsproject.org\/sq\/wp-json\/wp\/v2\/pages"}],"about":[{"href":"https:\/\/ihsproject.org\/sq\/wp-json\/wp\/v2\/types\/page"}],"author":[{"embeddable":true,"href":"https:\/\/ihsproject.org\/sq\/wp-json\/wp\/v2\/users\/1"}],"replies":[{"embeddable":true,"href":"https:\/\/ihsproject.org\/sq\/wp-json\/wp\/v2\/comments?post=12624"}],"version-history":[{"count":4,"href":"https:\/\/ihsproject.org\/sq\/wp-json\/wp\/v2\/pages\/12624\/revisions"}],"predecessor-version":[{"id":12629,"href":"https:\/\/ihsproject.org\/sq\/wp-json\/wp\/v2\/pages\/12624\/revisions\/12629"}],"wp:attachment":[{"href":"https:\/\/ihsproject.org\/sq\/wp-json\/wp\/v2\/media?parent=12624"}],"curies":[{"name":"wp","href":"https:\/\/api.w.org\/{rel}","templated":true}]}}