{"id":12508,"date":"2023-08-16T12:13:56","date_gmt":"2023-08-16T12:13:56","guid":{"rendered":"https:\/\/ihsproject.org\/?page_id=12508"},"modified":"2023-08-16T12:15:58","modified_gmt":"2023-08-16T12:15:58","slug":"august-16-2023","status":"publish","type":"page","link":"https:\/\/ihsproject.org\/sq\/august-16-2023\/","title":{"rendered":"Gusht 16, 2023"},"content":{"rendered":"<div data-elementor-type=\"wp-page\" data-elementor-id=\"12508\" class=\"elementor elementor-12508\">\n\t\t\t\t<div class=\"elementor-element elementor-element-4390db0b e-flex e-con-boxed e-con e-parent\" data-id=\"4390db0b\" data-element_type=\"container\" data-core-v316-plus=\"true\">\n\t\t\t\t\t<div class=\"e-con-inner\">\n\t\t\t\t<div class=\"elementor-element elementor-element-2694e947 elementor-widget elementor-widget-image\" data-id=\"2694e947\" data-element_type=\"widget\" data-widget_type=\"image.default\">\n\t\t\t\t<div class=\"elementor-widget-container\">\n\t\t\t\t\t\t\t\t\t\t\t\t\t<img fetchpriority=\"high\" decoding=\"async\" width=\"1600\" height=\"900\" src=\"https:\/\/ihsproject.org\/wp-content\/uploads\/2023\/08\/20230816-First-WG-Meeting-Referral-System-1.jpg\" class=\"attachment-full size-full wp-image-12509\" alt=\"\" srcset=\"https:\/\/ihsproject.org\/wp-content\/uploads\/2023\/08\/20230816-First-WG-Meeting-Referral-System-1.jpg 1600w, https:\/\/ihsproject.org\/wp-content\/uploads\/2023\/08\/20230816-First-WG-Meeting-Referral-System-1-300x169.jpg 300w, https:\/\/ihsproject.org\/wp-content\/uploads\/2023\/08\/20230816-First-WG-Meeting-Referral-System-1-1024x576.jpg 1024w, https:\/\/ihsproject.org\/wp-content\/uploads\/2023\/08\/20230816-First-WG-Meeting-Referral-System-1-768x432.jpg 768w, https:\/\/ihsproject.org\/wp-content\/uploads\/2023\/08\/20230816-First-WG-Meeting-Referral-System-1-1536x864.jpg 1536w, https:\/\/ihsproject.org\/wp-content\/uploads\/2023\/08\/20230816-First-WG-Meeting-Referral-System-1-18x10.jpg 18w\" sizes=\"(max-width: 1600px) 100vw, 1600px\" \/>\t\t\t\t\t\t\t\t\t\t\t\t\t<\/div>\n\t\t\t\t<\/div>\n\t\t\t\t\t<\/div>\n\t\t\t\t<\/div>\n\t\t<div class=\"elementor-element elementor-element-684d498f e-flex e-con-boxed e-con e-parent\" data-id=\"684d498f\" data-element_type=\"container\" data-core-v316-plus=\"true\">\n\t\t\t\t\t<div class=\"e-con-inner\">\n\t\t\t\t<div class=\"elementor-element elementor-element-2324e82d elementor-widget elementor-widget-heading\" data-id=\"2324e82d\" data-element_type=\"widget\" data-widget_type=\"heading.default\">\n\t\t\t\t<div class=\"elementor-widget-container\">\n\t\t\t<h2 class=\"elementor-heading-title elementor-size-default\">Hapa proaktiv\u00eb drejt sistemit t\u00eb referimit p\u00ebr ofrim efektiv t\u00eb kujdesit sh\u00ebndet\u00ebsor<\/h2>\t\t<\/div>\n\t\t\t\t<\/div>\n\t\t\t\t<div class=\"elementor-element elementor-element-2f71a4a6 elementor-widget elementor-widget-text-editor\" data-id=\"2f71a4a6\" data-element_type=\"widget\" data-widget_type=\"text-editor.default\">\n\t\t\t\t<div class=\"elementor-widget-container\">\n\t\t\t\t\t\t\t<p class=\"p1\">Nj\u00eb sistem referimi dhe referimi kthyes i mir\u00ebprojektuar nd\u00ebrmjet kujdesit sh\u00ebndet\u00ebsor par\u00ebsor dhe atij dyt\u00ebsor \u00ebsht\u00eb thelb\u00ebsor p\u00ebr ofrimin e duhur t\u00eb kujdesit sh\u00ebndet\u00ebsor. Duke pasur parasysh p\u00ebrpjekjet e zonimit t\u00eb Ministris\u00eb s\u00eb Sh\u00ebndet\u00ebsis\u00eb p\u00ebr p\u00ebrcaktimin e kritereve p\u00ebr regjistrimin e banor\u00ebve dhe p\u00ebrzgjedhjen e mjekut familjar n\u00eb komun\u00ebn ku jetojn\u00eb, k\u00ebtij sistemi i shtohet r\u00ebnd\u00ebsia.<\/p><p class=\"p1\">\u201cNj\u00eb sistem funksional referimi p\u00ebrfshin procesin e transferimit t\u00eb pacient\u00ebve nga ofruesit e kujdesit par\u00ebsor, si mjek\u00ebsia familjare, tek ofruesit e specializuar t\u00eb kujdesit dyt\u00ebsor, si specialist\u00ebt apo spitalet, p\u00ebr hapa t\u00eb m\u00ebtejsh\u00ebm\u201d, thot\u00eb Dr. Besa Balidemaj, Kryesuese e Grupit Punues p\u00ebr Sistemin e Referimit. \u201cKy sistem luan rol vendimtar p\u00ebr t'u siguruar q\u00eb pacient\u00ebt marrin sh\u00ebrbime t\u00eb kujdesit sh\u00ebndet\u00ebsor t\u00eb cilat jan\u00eb t\u00eb p\u00ebrshtatshme dhe ofrohen n\u00eb koh\u00eb, si dhe p\u00ebr ta promovuar p\u00ebrdorimin efikas t\u00eb burimeve brenda sistemit t\u00eb kujdesit sh\u00ebndet\u00ebsor\u201d.<\/p><p class=\"p1\">Pas nj\u00eb qasjeje gjith\u00ebp\u00ebrfshir\u00ebse p\u00ebr ta adresuar \u00e7\u00ebshtjen e sistemit t\u00eb referimit (dhe referimit kthyes), Ministria e Sh\u00ebndet\u00ebsis\u00eb krijoi nj\u00eb Grup Punues me pal\u00ebt p\u00ebrkat\u00ebse t\u00eb interesit p\u00ebr t'i rishikuar aranzhimet ekzistuese t\u00eb referimit nd\u00ebrmjet niveleve t\u00eb ndryshme t\u00eb sektorit sh\u00ebndet\u00ebsor dhe p\u00ebr t\u00eb krijuar nj\u00eb platform\u00eb planifikimi dhe koordinimi nd\u00ebrsektorial.<\/p><p class=\"p1\">N\u00eb takimin e par\u00eb t\u00eb mbajtur m\u00eb 16 gusht 2023, grupi punues fillimisht diskutoi termat e referenc\u00ebs, hartoi dhe rishikoi sistemin ekzistues t\u00eb referimit dhe hulumtoi rrug\u00eb t\u00eb ndryshme p\u00ebr ta kontekstualizuar sistemin e referimit. Aktivitetet e grupit punues leht\u00ebsohen nga projekti i Sh\u00ebrbimeve t\u00eb Integruara Sh\u00ebndet\u00ebsore.<\/p>\t\t\t\t\t\t<\/div>\n\t\t\t\t<\/div>\n\t\t\t\t\t<\/div>\n\t\t\t\t<\/div>\n\t\t\t\t<\/div>","protected":false},"excerpt":{"rendered":"<p>Proactive Steps towards A Referral System for Effective Healthcare Delivery A well-designed referral (and back referral) system between primary and secondary healthcare is crucial for proper healthcare delivery. Having in mind the zoning efforts of the Ministry of Health to determine the criteria for the registration of residents and selection of the family doctor in [&hellip;]<\/p>","protected":false},"author":1,"featured_media":0,"parent":0,"menu_order":0,"comment_status":"closed","ping_status":"closed","template":"","meta":[],"_links":{"self":[{"href":"https:\/\/ihsproject.org\/sq\/wp-json\/wp\/v2\/pages\/12508"}],"collection":[{"href":"https:\/\/ihsproject.org\/sq\/wp-json\/wp\/v2\/pages"}],"about":[{"href":"https:\/\/ihsproject.org\/sq\/wp-json\/wp\/v2\/types\/page"}],"author":[{"embeddable":true,"href":"https:\/\/ihsproject.org\/sq\/wp-json\/wp\/v2\/users\/1"}],"replies":[{"embeddable":true,"href":"https:\/\/ihsproject.org\/sq\/wp-json\/wp\/v2\/comments?post=12508"}],"version-history":[{"count":3,"href":"https:\/\/ihsproject.org\/sq\/wp-json\/wp\/v2\/pages\/12508\/revisions"}],"predecessor-version":[{"id":12514,"href":"https:\/\/ihsproject.org\/sq\/wp-json\/wp\/v2\/pages\/12508\/revisions\/12514"}],"wp:attachment":[{"href":"https:\/\/ihsproject.org\/sq\/wp-json\/wp\/v2\/media?parent=12508"}],"curies":[{"name":"wp","href":"https:\/\/api.w.org\/{rel}","templated":true}]}}