{"id":12493,"date":"2023-08-15T10:19:20","date_gmt":"2023-08-15T10:19:20","guid":{"rendered":"https:\/\/ihsproject.org\/?page_id=12493"},"modified":"2023-11-14T10:55:30","modified_gmt":"2023-11-14T10:55:30","slug":"august-15-2023","status":"publish","type":"page","link":"https:\/\/ihsproject.org\/sq\/august-15-2023\/","title":{"rendered":"Gusht 15, 2023"},"content":{"rendered":"<div data-elementor-type=\"wp-page\" data-elementor-id=\"12493\" class=\"elementor elementor-12493\">\n\t\t\t\t<div class=\"elementor-element elementor-element-80591c2 e-flex e-con-boxed e-con e-parent\" data-id=\"80591c2\" data-element_type=\"container\" data-core-v316-plus=\"true\">\n\t\t\t\t\t<div class=\"e-con-inner\">\n\t\t\t\t<div class=\"elementor-element elementor-element-2deb18f elementor-widget elementor-widget-image\" data-id=\"2deb18f\" data-element_type=\"widget\" data-widget_type=\"image.default\">\n\t\t\t\t<div class=\"elementor-widget-container\">\n\t\t\t\t\t\t\t\t\t\t\t\t\t<img fetchpriority=\"high\" decoding=\"async\" width=\"1600\" height=\"900\" src=\"https:\/\/ihsproject.org\/wp-content\/uploads\/2023\/08\/Effective_Communication_for_Better_Patient_Engagement.jpg\" class=\"attachment-full size-full wp-image-12498\" alt=\"\" srcset=\"https:\/\/ihsproject.org\/wp-content\/uploads\/2023\/08\/Effective_Communication_for_Better_Patient_Engagement.jpg 1600w, https:\/\/ihsproject.org\/wp-content\/uploads\/2023\/08\/Effective_Communication_for_Better_Patient_Engagement-300x169.jpg 300w, https:\/\/ihsproject.org\/wp-content\/uploads\/2023\/08\/Effective_Communication_for_Better_Patient_Engagement-1024x576.jpg 1024w, https:\/\/ihsproject.org\/wp-content\/uploads\/2023\/08\/Effective_Communication_for_Better_Patient_Engagement-768x432.jpg 768w, https:\/\/ihsproject.org\/wp-content\/uploads\/2023\/08\/Effective_Communication_for_Better_Patient_Engagement-1536x864.jpg 1536w, https:\/\/ihsproject.org\/wp-content\/uploads\/2023\/08\/Effective_Communication_for_Better_Patient_Engagement-18x10.jpg 18w\" sizes=\"(max-width: 1600px) 100vw, 1600px\" \/>\t\t\t\t\t\t\t\t\t\t\t\t\t<\/div>\n\t\t\t\t<\/div>\n\t\t\t\t\t<\/div>\n\t\t\t\t<\/div>\n\t\t<div class=\"elementor-element elementor-element-a731b8e e-flex e-con-boxed e-con e-parent\" data-id=\"a731b8e\" data-element_type=\"container\" data-core-v316-plus=\"true\">\n\t\t\t\t\t<div class=\"e-con-inner\">\n\t\t\t\t<div class=\"elementor-element elementor-element-3924fee elementor-widget elementor-widget-heading\" data-id=\"3924fee\" data-element_type=\"widget\" data-widget_type=\"heading.default\">\n\t\t\t\t<div class=\"elementor-widget-container\">\n\t\t\t<h2 class=\"elementor-heading-title elementor-size-default\">Komunikim efektiv p\u00ebr p\u00ebrfshirje m\u00eb t\u00eb mir\u00eb t\u00eb pacient\u00ebve<\/h2>\t\t<\/div>\n\t\t\t\t<\/div>\n\t\t\t\t<div class=\"elementor-element elementor-element-1d05042 elementor-widget elementor-widget-text-editor\" data-id=\"1d05042\" data-element_type=\"widget\" data-widget_type=\"text-editor.default\">\n\t\t\t\t<div class=\"elementor-widget-container\">\n\t\t\t\t\t\t\t<p>Komunikimi publik i avancuar b\u00ebn q\u00eb pacient\u00ebt t\u00eb jen\u00eb t\u00eb mir\u00ebinformuar, t\u00eb p\u00ebrfshir\u00eb dhe pjes\u00ebmarr\u00ebs aktiv\u00eb n\u00eb rrug\u00ebtimin e tyre t\u00eb kujdesit sh\u00ebndet\u00ebsor. Ai kontribuon edhe n\u00eb rezultate m\u00eb t\u00eb mira t\u00eb kujdesit sh\u00ebndet\u00ebsor, p\u00ebrmir\u00ebsim t\u00eb k\u00ebnaq\u00ebshm\u00ebris\u00eb s\u00eb pacient\u00ebve dhe p\u00ebr nj\u00eb popullat\u00eb m\u00eb t\u00eb informuar p\u00ebr sh\u00ebndetin.<\/p><p>Komunikimi me publikun \u00ebsht\u00eb nj\u00eb aspekt thelb\u00ebsor n\u00eb aktivitetet e p\u00ebrditshme t\u00eb Spitalit t\u00eb P\u00ebrgjithsh\u00ebm n\u00eb Pej\u00eb. Projekti Sh\u00ebrbime Sh\u00ebndet\u00ebsore t\u00eb Integruara (IHS) u takua k\u00ebto dit\u00eb me drejtorin Dr. Fazli Shala dhe ekipin p\u00ebrgjegj\u00ebs p\u00ebr komunikimin publik dhe menaxhimin e uebfaqes, Naim Sahiti dhe Besfort Gashi, p\u00ebr t\u00eb diskutuar rreth strategjive t\u00eb tyre q\u00eb sigurojn\u00eb shp\u00ebrndarjen e sakt\u00eb dhe n\u00eb koh\u00eb t\u00eb informacionit me mediat dhe me publikun e gjer\u00eb.<\/p><p>Zyra p\u00ebr informim publik luan nj\u00eb rol t\u00eb r\u00ebnd\u00ebsish\u00ebm n\u00eb mbylljen e hendekut mes profesionist\u00ebve mjek\u00ebsor\u00eb, institucionit dhe komunitetit. Projekti IHS \u00ebsht\u00eb i p\u00ebrkushtuar p\u00ebr harmonizimin e objektivave t\u00eb avokimit dhe edukimit publik me spitalet tona partnere n\u00eb Pej\u00eb dhe Gjakov\u00eb p\u00ebr t\u00eb nxitur nj\u00eb komunikim t\u00eb fuqish\u00ebm sh\u00ebndet\u00ebsor dhe p\u00ebr t\u00eb promovuar praktikat m\u00eb t\u00eb mira p\u00ebr nd\u00ebrveprim me mediat dhe komunitetin n\u00eb p\u00ebrgjith\u00ebsi.<\/p>\t\t\t\t\t\t<\/div>\n\t\t\t\t<\/div>\n\t\t\t\t\t<\/div>\n\t\t\t\t<\/div>\n\t\t\t\t<\/div>","protected":false},"excerpt":{"rendered":"<p>Effective Communication for Better Patient Engagement Enhanced public communication ensures that patients are well-informed, engaged, and active participants in their healthcare journey. It also contributes to better healthcare outcomes, improved patient satisfaction, and a more health-literate population. Communicating with the public is a crucial aspect in the day-to-day activities of the General Hospital in Peja. [&hellip;]<\/p>","protected":false},"author":1,"featured_media":0,"parent":0,"menu_order":0,"comment_status":"closed","ping_status":"closed","template":"","meta":[],"_links":{"self":[{"href":"https:\/\/ihsproject.org\/sq\/wp-json\/wp\/v2\/pages\/12493"}],"collection":[{"href":"https:\/\/ihsproject.org\/sq\/wp-json\/wp\/v2\/pages"}],"about":[{"href":"https:\/\/ihsproject.org\/sq\/wp-json\/wp\/v2\/types\/page"}],"author":[{"embeddable":true,"href":"https:\/\/ihsproject.org\/sq\/wp-json\/wp\/v2\/users\/1"}],"replies":[{"embeddable":true,"href":"https:\/\/ihsproject.org\/sq\/wp-json\/wp\/v2\/comments?post=12493"}],"version-history":[{"count":16,"href":"https:\/\/ihsproject.org\/sq\/wp-json\/wp\/v2\/pages\/12493\/revisions"}],"predecessor-version":[{"id":12907,"href":"https:\/\/ihsproject.org\/sq\/wp-json\/wp\/v2\/pages\/12493\/revisions\/12907"}],"wp:attachment":[{"href":"https:\/\/ihsproject.org\/sq\/wp-json\/wp\/v2\/media?parent=12493"}],"curies":[{"name":"wp","href":"https:\/\/api.w.org\/{rel}","templated":true}]}}