{"id":12466,"date":"2023-08-09T16:58:53","date_gmt":"2023-08-09T16:58:53","guid":{"rendered":"https:\/\/ihsproject.org\/?page_id=12466"},"modified":"2023-08-09T17:01:29","modified_gmt":"2023-08-09T17:01:29","slug":"august-9-2023","status":"publish","type":"page","link":"https:\/\/ihsproject.org\/sq\/august-9-2023\/","title":{"rendered":"Gusht 9, 2023"},"content":{"rendered":"<div data-elementor-type=\"wp-page\" data-elementor-id=\"12466\" class=\"elementor elementor-12466\">\n\t\t\t\t<div class=\"elementor-element elementor-element-ea6a6ef e-flex e-con-boxed e-con e-parent\" data-id=\"ea6a6ef\" data-element_type=\"container\" data-core-v316-plus=\"true\">\n\t\t\t\t\t<div class=\"e-con-inner\">\n\t\t\t\t<div class=\"elementor-element elementor-element-3d22cc7 elementor-widget elementor-widget-image\" data-id=\"3d22cc7\" data-element_type=\"widget\" data-widget_type=\"image.default\">\n\t\t\t\t<div class=\"elementor-widget-container\">\n\t\t\t\t\t\t\t\t\t\t\t\t\t<img fetchpriority=\"high\" decoding=\"async\" width=\"1600\" height=\"900\" src=\"https:\/\/ihsproject.org\/wp-content\/uploads\/2023\/08\/First_Meeting_of_WG_for_QMS_Design_at_Hospital_Level.jpg\" class=\"attachment-full size-full wp-image-12470\" alt=\"\" srcset=\"https:\/\/ihsproject.org\/wp-content\/uploads\/2023\/08\/First_Meeting_of_WG_for_QMS_Design_at_Hospital_Level.jpg 1600w, https:\/\/ihsproject.org\/wp-content\/uploads\/2023\/08\/First_Meeting_of_WG_for_QMS_Design_at_Hospital_Level-300x169.jpg 300w, https:\/\/ihsproject.org\/wp-content\/uploads\/2023\/08\/First_Meeting_of_WG_for_QMS_Design_at_Hospital_Level-1024x576.jpg 1024w, https:\/\/ihsproject.org\/wp-content\/uploads\/2023\/08\/First_Meeting_of_WG_for_QMS_Design_at_Hospital_Level-768x432.jpg 768w, https:\/\/ihsproject.org\/wp-content\/uploads\/2023\/08\/First_Meeting_of_WG_for_QMS_Design_at_Hospital_Level-1536x864.jpg 1536w, https:\/\/ihsproject.org\/wp-content\/uploads\/2023\/08\/First_Meeting_of_WG_for_QMS_Design_at_Hospital_Level-18x10.jpg 18w\" sizes=\"(max-width: 1600px) 100vw, 1600px\" \/>\t\t\t\t\t\t\t\t\t\t\t\t\t<\/div>\n\t\t\t\t<\/div>\n\t\t\t\t\t<\/div>\n\t\t\t\t<\/div>\n\t\t<div class=\"elementor-element elementor-element-5e72a9c e-flex e-con-boxed e-con e-parent\" data-id=\"5e72a9c\" data-element_type=\"container\" data-core-v316-plus=\"true\">\n\t\t\t\t\t<div class=\"e-con-inner\">\n\t\t\t\t<div class=\"elementor-element elementor-element-80a500d elementor-widget elementor-widget-heading\" data-id=\"80a500d\" data-element_type=\"widget\" data-widget_type=\"heading.default\">\n\t\t\t\t<div class=\"elementor-widget-container\">\n\t\t\t<h2 class=\"elementor-heading-title elementor-size-default\">Nis puna p\u00ebr hartimin e Sistemeve t\u00eb Menaxhimit t\u00eb Cil\u00ebsis\u00eb p\u00ebr spitale<\/h2>\t\t<\/div>\n\t\t\t\t<\/div>\n\t\t\t\t<div class=\"elementor-element elementor-element-c43c0fa elementor-widget elementor-widget-text-editor\" data-id=\"c43c0fa\" data-element_type=\"widget\" data-widget_type=\"text-editor.default\">\n\t\t\t\t<div class=\"elementor-widget-container\">\n\t\t\t\t\t\t\t<p>Kujdesi cil\u00ebsor dhe i sigurt ndaj pacient\u00ebve arrihet p\u00ebrmes bashk\u00ebpunimit midis pacient\u00ebve dhe ofruesve t\u00eb kujdesit sh\u00ebndet\u00ebsor n\u00eb nj\u00eb mjedis mb\u00ebshtet\u00ebs. P\u00ebrmes Sistemit t\u00eb Menaxhimit t\u00eb Cil\u00ebsis\u00eb (SMC), spitalet mund ta sigurojn\u00eb at\u00eb kujdes ndaj pacient\u00ebve, t\u2019i reduktojn\u00eb gabimet dhe aksidentet si dhe ta optimizojn\u00eb shp\u00ebrndarjen e burimeve.<\/p><p>Ministria e Sh\u00ebndet\u00ebsis\u00eb e Kosov\u00ebs ka em\u00ebruar grupin punues p\u00ebr hartimin e standardeve t\u00eb SMC-s\u00eb n\u00eb nivel spitalor, t\u00eb kryesuar nga Dr. Niman Bardhi. N\u00eb mbledhjen e par\u00eb t\u00eb mbajtur m\u00eb 9 gusht 2023, an\u00ebtar\u00ebt diskutuan planin e veprimit p\u00ebr zbatimin e SMC-ve, termat e referenc\u00ebs p\u00ebr pun\u00ebn e grupit n\u00eb vazhdim dhe caktuan p\u00ebrgjegj\u00ebsit\u00eb p\u00ebr mbledhjen e radh\u00ebs.<\/p><p>\u201cPrezantuam nismat e deritanishme lidhur me menaxhimin e cil\u00ebsis\u00eb n\u00eb nivel vendor dhe rezultatet e studimit t\u00eb analiz\u00ebs s\u00eb boshll\u00ebqeve p\u00ebr SMC-t\u00eb t\u00eb realizuar nga projekti Sh\u00ebrbime Sh\u00ebndet\u00ebsore t\u00eb Integruara (IHS)\u201d, tha Dr. Ilir Mecini, z\u00ebvend\u00ebsudh\u00ebheq\u00ebs i ekipit n\u00eb projektinIHS, q\u00eb fasiliton aktivitetet e grupit punues.<\/p><p>Grupi Punues p\u00ebr Hartimin e SMC-ve n\u00eb nivel spitalor p\u00ebrb\u00ebhet nga p\u00ebrfaq\u00ebsues nga Ministria e Sh\u00ebndet\u00ebsis\u00eb, Sh\u00ebrbimi Spitalor dhe Klinik Universitar i Kosov\u00ebs, Qendra Klinike Universitare e Kosov\u00ebs dhe Spitalet e P\u00ebrgjithshme t\u00eb Pej\u00ebs dhe Gjakov\u00ebs.<\/p>\t\t\t\t\t\t<\/div>\n\t\t\t\t<\/div>\n\t\t\t\t\t<\/div>\n\t\t\t\t<\/div>\n\t\t\t\t<\/div>","protected":false},"excerpt":{"rendered":"<p>Initiating Quality Management Systems for Hospital Settings High-quality and safe patient care is achieved through cooperation between patients and healthcare providers in a supportive environment. With a Quality Management System (QMS) in place, hospitals can ensure such patient care, reduce errors and accidents, and optimize resource allocation. The Ministry of Health of Kosovo has appointed [&hellip;]<\/p>","protected":false},"author":1,"featured_media":0,"parent":0,"menu_order":0,"comment_status":"closed","ping_status":"closed","template":"","meta":[],"_links":{"self":[{"href":"https:\/\/ihsproject.org\/sq\/wp-json\/wp\/v2\/pages\/12466"}],"collection":[{"href":"https:\/\/ihsproject.org\/sq\/wp-json\/wp\/v2\/pages"}],"about":[{"href":"https:\/\/ihsproject.org\/sq\/wp-json\/wp\/v2\/types\/page"}],"author":[{"embeddable":true,"href":"https:\/\/ihsproject.org\/sq\/wp-json\/wp\/v2\/users\/1"}],"replies":[{"embeddable":true,"href":"https:\/\/ihsproject.org\/sq\/wp-json\/wp\/v2\/comments?post=12466"}],"version-history":[{"count":4,"href":"https:\/\/ihsproject.org\/sq\/wp-json\/wp\/v2\/pages\/12466\/revisions"}],"predecessor-version":[{"id":12473,"href":"https:\/\/ihsproject.org\/sq\/wp-json\/wp\/v2\/pages\/12466\/revisions\/12473"}],"wp:attachment":[{"href":"https:\/\/ihsproject.org\/sq\/wp-json\/wp\/v2\/media?parent=12466"}],"curies":[{"name":"wp","href":"https:\/\/api.w.org\/{rel}","templated":true}]}}