{"id":12403,"date":"2023-08-07T17:04:33","date_gmt":"2023-08-07T17:04:33","guid":{"rendered":"https:\/\/ihsproject.org\/?page_id=12403"},"modified":"2023-08-07T17:45:16","modified_gmt":"2023-08-07T17:45:16","slug":"august-7-2023","status":"publish","type":"page","link":"https:\/\/ihsproject.org\/sq\/august-7-2023\/","title":{"rendered":"Gusht 7, 2023"},"content":{"rendered":"<div data-elementor-type=\"wp-page\" data-elementor-id=\"12403\" class=\"elementor elementor-12403\">\n\t\t\t\t<div class=\"elementor-element elementor-element-de7a255 e-flex e-con-boxed e-con e-parent\" data-id=\"de7a255\" data-element_type=\"container\" data-core-v316-plus=\"true\">\n\t\t\t\t\t<div class=\"e-con-inner\">\n\t\t\t\t<div class=\"elementor-element elementor-element-f8b7e93 elementor-widget elementor-widget-image\" data-id=\"f8b7e93\" data-element_type=\"widget\" data-widget_type=\"image.default\">\n\t\t\t\t<div class=\"elementor-widget-container\">\n\t\t\t\t\t\t\t\t\t\t\t\t\t<img fetchpriority=\"high\" decoding=\"async\" width=\"1600\" height=\"900\" src=\"https:\/\/ihsproject.org\/wp-content\/uploads\/2023\/08\/Self_management_second_meeting_peja_21.jpg\" class=\"attachment-full size-full wp-image-12410\" alt=\"\" srcset=\"https:\/\/ihsproject.org\/wp-content\/uploads\/2023\/08\/Self_management_second_meeting_peja_21.jpg 1600w, https:\/\/ihsproject.org\/wp-content\/uploads\/2023\/08\/Self_management_second_meeting_peja_21-300x169.jpg 300w, https:\/\/ihsproject.org\/wp-content\/uploads\/2023\/08\/Self_management_second_meeting_peja_21-1024x576.jpg 1024w, https:\/\/ihsproject.org\/wp-content\/uploads\/2023\/08\/Self_management_second_meeting_peja_21-768x432.jpg 768w, https:\/\/ihsproject.org\/wp-content\/uploads\/2023\/08\/Self_management_second_meeting_peja_21-1536x864.jpg 1536w, https:\/\/ihsproject.org\/wp-content\/uploads\/2023\/08\/Self_management_second_meeting_peja_21-18x10.jpg 18w\" sizes=\"(max-width: 1600px) 100vw, 1600px\" \/>\t\t\t\t\t\t\t\t\t\t\t\t\t<\/div>\n\t\t\t\t<\/div>\n\t\t\t\t\t<\/div>\n\t\t\t\t<\/div>\n\t\t<div class=\"elementor-element elementor-element-d0319d4 e-flex e-con-boxed e-con e-parent\" data-id=\"d0319d4\" data-element_type=\"container\" data-core-v316-plus=\"true\">\n\t\t\t\t\t<div class=\"e-con-inner\">\n\t\t\t\t<div class=\"elementor-element elementor-element-c41a1c3 elementor-widget elementor-widget-heading\" data-id=\"c41a1c3\" data-element_type=\"widget\" data-widget_type=\"heading.default\">\n\t\t\t\t<div class=\"elementor-widget-container\">\n\t\t\t<h2 class=\"elementor-heading-title elementor-size-default\">Avancon puna me Programin e Vet\u00ebmenaxhimit t\u00eb Pacient\u00ebve p\u00ebr Diabetin dhe Hipertensionin<\/h2>\t\t<\/div>\n\t\t\t\t<\/div>\n\t\t\t\t<div class=\"elementor-element elementor-element-10ad14d elementor-widget elementor-widget-text-editor\" data-id=\"10ad14d\" data-element_type=\"widget\" data-widget_type=\"text-editor.default\">\n\t\t\t\t<div class=\"elementor-widget-container\">\n\t\t\t\t\t\t\t<p>Kriteret p\u00ebr kategorit\u00eb e pacient\u00ebve q\u00eb do t\u00eb p\u00ebrfshihen n\u00eb programin e vet\u00ebmenaxhimit p\u00ebr diabetin dhe hipertensionin u p\u00ebrcaktuan n\u00eb mbledhjen e dyt\u00eb t\u00eb grupit punues p\u00ebr k\u00ebt\u00eb program, q\u00eb u mbajt m\u00eb 1-2 gusht 2023.<\/p><p>Grupi punues shtjelloi edhe aspekte t\u00eb tjera t\u00eb programit t\u00eb vet\u00ebmenaxhimit, si p.sh. opsioni p\u00ebr t\u00eb p\u00ebrdorur mjetin digjital dhe funksionet e k\u00ebtij instrumenti p\u00ebr t&#039;i ndihmuar pacient\u00ebt ta vet\u00ebmenaxhojn\u00eb diabetin, burimet njer\u00ebzore q\u00eb do t\u00eb caktohen nga ato ekzistuese p\u00ebr ta zbatuar programin, dhe nevoja p\u00ebr t\u00eb siguruar materiale edukative-promovuese p\u00ebr t&#039;i monitoruar dhe edukuar si pacient\u00ebt, ashtu edhe familjar\u00ebt e tyre.<\/p><p>Ky program synon ta p\u00ebrmir\u00ebsoj\u00eb qasjen p\u00ebr m\u00eb shum\u00eb pacient\u00eb q\u00eb kan\u00eb nevoj\u00eb p\u00ebr mb\u00ebshtetje t\u00eb p\u00ebrmir\u00ebsuar dhe ta monitoroj\u00eb gjendjen e tyre gjat\u00eb vizitave n\u00eb spital si dhe t&#039;i mb\u00ebshtes\u00eb pacient\u00ebt e tjer\u00eb t\u00eb cil\u00ebve, p\u00ebrmes mb\u00ebshtetjes minimale, mund t&#039;u mund\u00ebsohet ta vet\u00ebmenaxhojn\u00eb gjendjen e tyre, duke reduktuar k\u00ebshtu numrin e rihospitalizimeve.<\/p><p>Grupi punues kryesohet nga dr. Niman Bardhi, Ministria e Sh\u00ebndet\u00ebsis\u00eb, dhe p\u00ebrb\u00ebhet nga p\u00ebrfaq\u00ebsues nga Spitalet e P\u00ebrgjithshme t\u00eb Gjakov\u00ebs dhe Pej\u00ebs, Qendrat Kryesore t\u00eb Mjek\u00ebsis\u00eb Familjare n\u00eb Gjakov\u00eb dhe Pej\u00eb, Shoqata e Diabetik\u00ebve dhe Shoqata e t\u00eb Drejtave t\u00eb Pacient\u00ebve n\u00eb Kosov\u00eb.<\/p>\t\t\t\t\t\t<\/div>\n\t\t\t\t<\/div>\n\t\t\t\t\t<\/div>\n\t\t\t\t<\/div>\n\t\t\t\t<\/div>","protected":false},"excerpt":{"rendered":"<p>Progress with the Patient Self-Management Program for Diabetes and Hypertension The criteria for the categories of patients to be included in the self-management program for diabetes and hypertension were determined at the second meeting of the working group for this program that took place on 1-2 August 2023. Additionally, the working group elaborated other aspects [&hellip;]<\/p>","protected":false},"author":1,"featured_media":0,"parent":0,"menu_order":0,"comment_status":"closed","ping_status":"closed","template":"","meta":[],"_links":{"self":[{"href":"https:\/\/ihsproject.org\/sq\/wp-json\/wp\/v2\/pages\/12403"}],"collection":[{"href":"https:\/\/ihsproject.org\/sq\/wp-json\/wp\/v2\/pages"}],"about":[{"href":"https:\/\/ihsproject.org\/sq\/wp-json\/wp\/v2\/types\/page"}],"author":[{"embeddable":true,"href":"https:\/\/ihsproject.org\/sq\/wp-json\/wp\/v2\/users\/1"}],"replies":[{"embeddable":true,"href":"https:\/\/ihsproject.org\/sq\/wp-json\/wp\/v2\/comments?post=12403"}],"version-history":[{"count":10,"href":"https:\/\/ihsproject.org\/sq\/wp-json\/wp\/v2\/pages\/12403\/revisions"}],"predecessor-version":[{"id":12441,"href":"https:\/\/ihsproject.org\/sq\/wp-json\/wp\/v2\/pages\/12403\/revisions\/12441"}],"wp:attachment":[{"href":"https:\/\/ihsproject.org\/sq\/wp-json\/wp\/v2\/media?parent=12403"}],"curies":[{"name":"wp","href":"https:\/\/api.w.org\/{rel}","templated":true}]}}