{"id":12335,"date":"2023-07-21T18:25:19","date_gmt":"2023-07-21T18:25:19","guid":{"rendered":"https:\/\/ihsproject.org\/?page_id=12335"},"modified":"2023-07-21T18:31:18","modified_gmt":"2023-07-21T18:31:18","slug":"july-21-2023","status":"publish","type":"page","link":"https:\/\/ihsproject.org\/sq\/july-21-2023\/","title":{"rendered":"Korrik 21, 2023"},"content":{"rendered":"<div data-elementor-type=\"wp-page\" data-elementor-id=\"12335\" class=\"elementor elementor-12335\">\n\t\t\t\t<div class=\"elementor-element elementor-element-f36bb0b e-flex e-con-boxed e-con e-parent\" data-id=\"f36bb0b\" data-element_type=\"container\" data-core-v316-plus=\"true\">\n\t\t\t\t\t<div class=\"e-con-inner\">\n\t\t\t\t<div class=\"elementor-element elementor-element-4c1ca07 elementor-widget elementor-widget-image\" data-id=\"4c1ca07\" data-element_type=\"widget\" data-widget_type=\"image.default\">\n\t\t\t\t<div class=\"elementor-widget-container\">\n\t\t\t\t\t\t\t\t\t\t\t\t\t<img fetchpriority=\"high\" decoding=\"async\" width=\"1600\" height=\"1200\" src=\"https:\/\/ihsproject.org\/wp-content\/uploads\/2023\/07\/First-Meeting-of-the-Working-Group-on-Health-Education-and-Promotion.jpg\" class=\"attachment-full size-full wp-image-12339\" alt=\"\" srcset=\"https:\/\/ihsproject.org\/wp-content\/uploads\/2023\/07\/First-Meeting-of-the-Working-Group-on-Health-Education-and-Promotion.jpg 1600w, https:\/\/ihsproject.org\/wp-content\/uploads\/2023\/07\/First-Meeting-of-the-Working-Group-on-Health-Education-and-Promotion-300x225.jpg 300w, https:\/\/ihsproject.org\/wp-content\/uploads\/2023\/07\/First-Meeting-of-the-Working-Group-on-Health-Education-and-Promotion-1024x768.jpg 1024w, https:\/\/ihsproject.org\/wp-content\/uploads\/2023\/07\/First-Meeting-of-the-Working-Group-on-Health-Education-and-Promotion-768x576.jpg 768w, https:\/\/ihsproject.org\/wp-content\/uploads\/2023\/07\/First-Meeting-of-the-Working-Group-on-Health-Education-and-Promotion-1536x1152.jpg 1536w, https:\/\/ihsproject.org\/wp-content\/uploads\/2023\/07\/First-Meeting-of-the-Working-Group-on-Health-Education-and-Promotion-16x12.jpg 16w\" sizes=\"(max-width: 1600px) 100vw, 1600px\" \/>\t\t\t\t\t\t\t\t\t\t\t\t\t<\/div>\n\t\t\t\t<\/div>\n\t\t\t\t\t<\/div>\n\t\t\t\t<\/div>\n\t\t<div class=\"elementor-element elementor-element-a46ce12 e-flex e-con-boxed e-con e-parent\" data-id=\"a46ce12\" data-element_type=\"container\" data-core-v316-plus=\"true\">\n\t\t\t\t\t<div class=\"e-con-inner\">\n\t\t\t\t<div class=\"elementor-element elementor-element-3339fe6 elementor-widget elementor-widget-heading\" data-id=\"3339fe6\" data-element_type=\"widget\" data-widget_type=\"heading.default\">\n\t\t\t\t<div class=\"elementor-widget-container\">\n\t\t\t<h2 class=\"elementor-heading-title elementor-size-default\">Takimi i Grupit Punues p\u00ebr Hartimin e Planit t\u00eb Veprimit p\u00ebr Promovim dhe Edukim Sh\u00ebndet\u00ebsor<\/h2>\t\t<\/div>\n\t\t\t\t<\/div>\n\t\t\t\t<div class=\"elementor-element elementor-element-a13ca24 elementor-widget elementor-widget-text-editor\" data-id=\"a13ca24\" data-element_type=\"widget\" data-widget_type=\"text-editor.default\">\n\t\t\t\t<div class=\"elementor-widget-container\">\n\t\t\t\t\t\t\t<p>Gjat\u00eb k\u00ebsaj jave, pal\u00ebt e interesit u takuan p\u00ebr mbledhjen konstituive t\u00eb Grupit Punues p\u00ebr hartimin e planit t\u00eb veprimit p\u00ebr zhvillimin e promovimit dhe edukimit sh\u00ebndet\u00ebsor n\u00eb nivel spitalor, p\u00ebrfshir\u00eb edhe p\u00ebr s\u00ebmundjet jongjit\u00ebse. Kjo \u00ebsht\u00eb n\u00eb p\u00ebrputhje edhe me Planin Komb\u00ebtar p\u00ebr Promovim dhe Edukim Sh\u00ebndet\u00ebsor.<\/p><p>Grupi punues kryesohet nga Prof. Merita Berisha nga Instituti Komb\u00ebtar i Sh\u00ebndetit Publik dhe p\u00ebrb\u00ebhet nga p\u00ebrfaq\u00ebsues t\u00eb spitaleve t\u00eb p\u00ebrgjithshme dhe p\u00ebrfaq\u00ebsues t\u00eb nivelit t\u00eb kujdesit par\u00ebsor nga Peja dhe Gjakova, Ministria e Sh\u00ebndet\u00ebsis\u00eb dhe projektet \u201cSh\u00ebrbimet Sh\u00ebndet\u00ebsore t\u00eb Integruara\u201d dhe \u201cKujdesi Sh\u00ebndet\u00ebsor i Qassh\u00ebm dhe Cil\u00ebsor\u201d t\u00eb Agjencis\u00eb Zvicerane p\u00ebr Zhvillim dhe Bashk\u00ebpunim n\u00eb Kosov\u00eb.<\/p><p>Aktivitetet e projektit \u201cSh\u00ebrbimet Sh\u00ebndet\u00ebsore t\u00eb Integruara\u201d rreth promovimit dhe edukimit sh\u00ebndet\u00ebsor fokusohen n\u00eb promovimin e stileve t\u00eb sh\u00ebndetshme t\u00eb jetes\u00ebs si dhe n\u00eb parandalimin dhe kontrollin e s\u00ebmundjeve kronike, n\u00eb p\u00ebrputhje me Strategjin\u00eb Komb\u00ebtare t\u00eb Sektorit Sh\u00ebndet\u00ebsor t\u00eb zbatueshme n\u00eb t\u00eb gjith\u00eb sistemin e kujdesit sh\u00ebndet\u00ebsor.<\/p>\t\t\t\t\t\t<\/div>\n\t\t\t\t<\/div>\n\t\t\t\t\t<\/div>\n\t\t\t\t<\/div>\n\t\t\t\t<\/div>","protected":false},"excerpt":{"rendered":"<p>First Meeting of the Working Group on Health Education and Promotion This week, stakeholders met for the constitutive meeting of the Working Group that works on drafting the action plan to develop health promotion and education, including for non-communicable diseases at hospital level. This work is in alignment with the National Plan on Health Promotion [&hellip;]<\/p>","protected":false},"author":1,"featured_media":0,"parent":0,"menu_order":0,"comment_status":"closed","ping_status":"closed","template":"","meta":[],"_links":{"self":[{"href":"https:\/\/ihsproject.org\/sq\/wp-json\/wp\/v2\/pages\/12335"}],"collection":[{"href":"https:\/\/ihsproject.org\/sq\/wp-json\/wp\/v2\/pages"}],"about":[{"href":"https:\/\/ihsproject.org\/sq\/wp-json\/wp\/v2\/types\/page"}],"author":[{"embeddable":true,"href":"https:\/\/ihsproject.org\/sq\/wp-json\/wp\/v2\/users\/1"}],"replies":[{"embeddable":true,"href":"https:\/\/ihsproject.org\/sq\/wp-json\/wp\/v2\/comments?post=12335"}],"version-history":[{"count":5,"href":"https:\/\/ihsproject.org\/sq\/wp-json\/wp\/v2\/pages\/12335\/revisions"}],"predecessor-version":[{"id":12344,"href":"https:\/\/ihsproject.org\/sq\/wp-json\/wp\/v2\/pages\/12335\/revisions\/12344"}],"wp:attachment":[{"href":"https:\/\/ihsproject.org\/sq\/wp-json\/wp\/v2\/media?parent=12335"}],"curies":[{"name":"wp","href":"https:\/\/api.w.org\/{rel}","templated":true}]}}