{"id":12319,"date":"2023-07-19T07:35:28","date_gmt":"2023-07-19T07:35:28","guid":{"rendered":"https:\/\/ihsproject.org\/?page_id=12319"},"modified":"2023-07-19T07:35:59","modified_gmt":"2023-07-19T07:35:59","slug":"july-18-2023","status":"publish","type":"page","link":"https:\/\/ihsproject.org\/sq\/july-18-2023\/","title":{"rendered":"Korrik 18, 2023"},"content":{"rendered":"<div data-elementor-type=\"wp-page\" data-elementor-id=\"12319\" class=\"elementor elementor-12319\">\n\t\t\t\t<div class=\"elementor-element elementor-element-9073e45 e-flex e-con-boxed e-con e-parent\" data-id=\"9073e45\" data-element_type=\"container\" data-core-v316-plus=\"true\">\n\t\t\t\t\t<div class=\"e-con-inner\">\n\t\t\t\t<div class=\"elementor-element elementor-element-6fc10a9 elementor-widget elementor-widget-image\" data-id=\"6fc10a9\" data-element_type=\"widget\" data-widget_type=\"image.default\">\n\t\t\t\t<div class=\"elementor-widget-container\">\n\t\t\t\t\t\t\t\t\t\t\t\t\t<img fetchpriority=\"high\" decoding=\"async\" width=\"1800\" height=\"1013\" src=\"https:\/\/ihsproject.org\/wp-content\/uploads\/2023\/07\/A-Diabetes-Self-Management-Program-to-Improve-Patient-Care.jpg\" class=\"attachment-full size-full wp-image-12313\" alt=\"\" srcset=\"https:\/\/ihsproject.org\/wp-content\/uploads\/2023\/07\/A-Diabetes-Self-Management-Program-to-Improve-Patient-Care.jpg 1800w, https:\/\/ihsproject.org\/wp-content\/uploads\/2023\/07\/A-Diabetes-Self-Management-Program-to-Improve-Patient-Care-300x169.jpg 300w, https:\/\/ihsproject.org\/wp-content\/uploads\/2023\/07\/A-Diabetes-Self-Management-Program-to-Improve-Patient-Care-1024x576.jpg 1024w, https:\/\/ihsproject.org\/wp-content\/uploads\/2023\/07\/A-Diabetes-Self-Management-Program-to-Improve-Patient-Care-768x432.jpg 768w, https:\/\/ihsproject.org\/wp-content\/uploads\/2023\/07\/A-Diabetes-Self-Management-Program-to-Improve-Patient-Care-1536x864.jpg 1536w, https:\/\/ihsproject.org\/wp-content\/uploads\/2023\/07\/A-Diabetes-Self-Management-Program-to-Improve-Patient-Care-18x10.jpg 18w\" sizes=\"(max-width: 1800px) 100vw, 1800px\" \/>\t\t\t\t\t\t\t\t\t\t\t\t\t<\/div>\n\t\t\t\t<\/div>\n\t\t\t\t\t<\/div>\n\t\t\t\t<\/div>\n\t\t<div class=\"elementor-element elementor-element-310257b e-flex e-con-boxed e-con e-parent\" data-id=\"310257b\" data-element_type=\"container\" data-core-v316-plus=\"true\">\n\t\t\t\t\t<div class=\"e-con-inner\">\n\t\t\t\t<div class=\"elementor-element elementor-element-32c098a elementor-widget elementor-widget-heading\" data-id=\"32c098a\" data-element_type=\"widget\" data-widget_type=\"heading.default\">\n\t\t\t\t<div class=\"elementor-widget-container\">\n\t\t\t<h2 class=\"elementor-heading-title elementor-size-default\">Programi p\u00ebr vet\u00ebmenaxhimin e diabetit p\u00ebr t\u00eb p\u00ebrmir\u00ebsuar kujdesin ndaj pacientit<\/h2>\t\t<\/div>\n\t\t\t\t<\/div>\n\t\t\t\t<div class=\"elementor-element elementor-element-c31f6c9 elementor-widget elementor-widget-text-editor\" data-id=\"c31f6c9\" data-element_type=\"widget\" data-widget_type=\"text-editor.default\">\n\t\t\t\t<div class=\"elementor-widget-container\">\n\t\t\t\t\t\t\t<p>N\u00eb p\u00ebrpjekje p\u00ebr t\u00eb trajtuar sfidat e informacionit p\u00ebr pacient\u00ebt me diabet dhe p\u00ebr t\u00eb p\u00ebrmir\u00ebsuar kujdesin e p\u00ebrgjithsh\u00ebm ndaj tyre, Projekti IHS po fasiliton procesin p\u00ebr lansimin e nj\u00eb Programi t\u00eb Vet\u00ebmenaxhimit t\u00eb Diabetit. Kjo qasje gjith\u00ebp\u00ebrfshir\u00ebse synon t\u00eb edukoj\u00eb pacient\u00ebt, t\u00eb promovoj\u00eb stile t\u00eb sh\u00ebndetshme jetese dhe t\u00eb p\u00ebrmir\u00ebsoj\u00eb bashk\u00ebpunimin mes niveleve t\u00eb kujdesit sh\u00ebndet\u00ebsor par\u00ebsor dhe dyt\u00ebsor. Ky program \u00ebsht\u00eb pjes\u00eb e aktiviteteve t\u00eb Projektit IHS q\u00eb t\u00eb punoj\u00eb me Ministrin\u00eb e Sh\u00ebndet\u00ebsis\u00eb s\u00eb Kosov\u00ebs dhe ofruesit e kujdesit sh\u00ebndet\u00ebsor p\u00ebr t\u00eb zhvilluar dhe zbatuar nismat e vet\u00ebmenaxhimit p\u00ebr pacient\u00ebt me hipertension dhe diabet.<\/p><p>Jav\u00ebn e kaluar u mbajt takimi i par\u00eb i Grupit Punues p\u00ebr Programin e Vet\u00ebmenaxhimit t\u00eb Diabetit, i kryesuar nga z. Niman Bardhi, Ministria e Sh\u00ebndet\u00ebsis\u00eb. Grupi p\u00ebrb\u00ebhet prej p\u00ebrfaq\u00ebsuesve nga Spitalet e P\u00ebrgjithshme t\u00eb Gjakov\u00ebs dhe Pej\u00ebs, Qendra Kryesore e Mjek\u00ebsis\u00eb Familjare t\u00eb Gjakov\u00ebs si dhe Shoqata e Pacient\u00ebve me Diabet.<\/p><p>Grupi punues p\u00ebrgatiti n\u00eb detaje planin p\u00ebr aktivitetet e ardhshme deri n\u00eb p\u00ebrfundimin e programit. An\u00ebtar\u00ebve t\u00eb grupit u \u00ebsht\u00eb caktuar detyra e r\u00ebnd\u00ebsishme q\u00eb t\u00eb propozojn\u00eb detaje specifike n\u00eb lidhje me programin e vet\u00ebmenaxhimit, p\u00ebrfshir\u00eb aspektet e r\u00ebnd\u00ebsishme si diagnostikimi i pacient\u00ebve, p\u00ebrcaktimi i metodave optimale t\u00eb ofrimit t\u00eb sh\u00ebrbimit, zhvillimi i mjeteve efektive t\u00eb raportimit dhe monitorimit si dhe p\u00ebrcaktimi i kritereve p\u00ebr identifikimin \u201ce pacient\u00ebve n\u00eb gjendje kritike.\u201d<\/p><p>Zbatimi i programeve t\u00eb vet\u00ebmenaxhimit p\u00ebr pacient\u00ebt me diabet \u00ebsht\u00eb esencial q\u00eb individ\u00ebt t\u00eb fuqizohen t\u00eb marrin n\u00eb kontroll sh\u00ebndetin e tyre dhe t\u00eb menaxhojn\u00eb n\u00eb m\u00ebnyr\u00eb efektive gjendjen e tyre. Duke ofruar edukim, mb\u00ebshtetje dhe mjete praktike, k\u00ebto programe i pajisin pacient\u00ebt me njohuri dhe burime p\u00ebr t\u00eb marr\u00eb vendime t\u00eb informuara, adoptuar stile m\u00eb t\u00eb sh\u00ebndetshme t\u00eb jetes\u00ebs dhe p\u00ebrfundimisht p\u00ebr t\u00eb arritur rezultate t\u00eb p\u00ebrmir\u00ebsuara sh\u00ebndet\u00ebsore.<\/p>\t\t\t\t\t\t<\/div>\n\t\t\t\t<\/div>\n\t\t\t\t\t<\/div>\n\t\t\t\t<\/div>\n\t\t\t\t<\/div>","protected":false},"excerpt":{"rendered":"<p>A Diabetes Self-Management Program to Improve Patient Care In an effort to tackle information challenges among diabetic patients and enhance their overall care, the IHS Project is facilitating the process to launch a Diabetes Self-Management Program. This comprehensive approach aims to educate patients, promote healthy lifestyles, and enhance collaboration between primary and secondary healthcare levels. [&hellip;]<\/p>","protected":false},"author":1,"featured_media":0,"parent":0,"menu_order":0,"comment_status":"closed","ping_status":"closed","template":"","meta":[],"_links":{"self":[{"href":"https:\/\/ihsproject.org\/sq\/wp-json\/wp\/v2\/pages\/12319"}],"collection":[{"href":"https:\/\/ihsproject.org\/sq\/wp-json\/wp\/v2\/pages"}],"about":[{"href":"https:\/\/ihsproject.org\/sq\/wp-json\/wp\/v2\/types\/page"}],"author":[{"embeddable":true,"href":"https:\/\/ihsproject.org\/sq\/wp-json\/wp\/v2\/users\/1"}],"replies":[{"embeddable":true,"href":"https:\/\/ihsproject.org\/sq\/wp-json\/wp\/v2\/comments?post=12319"}],"version-history":[{"count":4,"href":"https:\/\/ihsproject.org\/sq\/wp-json\/wp\/v2\/pages\/12319\/revisions"}],"predecessor-version":[{"id":12325,"href":"https:\/\/ihsproject.org\/sq\/wp-json\/wp\/v2\/pages\/12319\/revisions\/12325"}],"wp:attachment":[{"href":"https:\/\/ihsproject.org\/sq\/wp-json\/wp\/v2\/media?parent=12319"}],"curies":[{"name":"wp","href":"https:\/\/api.w.org\/{rel}","templated":true}]}}