{"id":12297,"date":"2023-07-18T15:18:50","date_gmt":"2023-07-18T15:18:50","guid":{"rendered":"https:\/\/ihsproject.org\/?page_id=12297"},"modified":"2023-07-18T15:20:34","modified_gmt":"2023-07-18T15:20:34","slug":"july-17-2023","status":"publish","type":"page","link":"https:\/\/ihsproject.org\/sq\/july-17-2023\/","title":{"rendered":"Korrik 17, 2023"},"content":{"rendered":"<div data-elementor-type=\"wp-page\" data-elementor-id=\"12297\" class=\"elementor elementor-12297\">\n\t\t\t\t<div class=\"elementor-element elementor-element-35e84ee9 e-flex e-con-boxed e-con e-parent\" data-id=\"35e84ee9\" data-element_type=\"container\" data-core-v316-plus=\"true\">\n\t\t\t\t\t<div class=\"e-con-inner\">\n\t\t\t\t<div class=\"elementor-element elementor-element-2aa20d7 elementor-widget elementor-widget-image\" data-id=\"2aa20d7\" data-element_type=\"widget\" data-widget_type=\"image.default\">\n\t\t\t\t<div class=\"elementor-widget-container\">\n\t\t\t\t\t\t\t\t\t\t\t\t\t<img fetchpriority=\"high\" decoding=\"async\" width=\"1600\" height=\"900\" src=\"https:\/\/ihsproject.org\/wp-content\/uploads\/2023\/07\/20230714-SOP-Nursing-Meeting-Istog-10.jpeg\" class=\"attachment-full size-full wp-image-12299\" alt=\"\" srcset=\"https:\/\/ihsproject.org\/wp-content\/uploads\/2023\/07\/20230714-SOP-Nursing-Meeting-Istog-10.jpeg 1600w, https:\/\/ihsproject.org\/wp-content\/uploads\/2023\/07\/20230714-SOP-Nursing-Meeting-Istog-10-300x169.jpeg 300w, https:\/\/ihsproject.org\/wp-content\/uploads\/2023\/07\/20230714-SOP-Nursing-Meeting-Istog-10-1024x576.jpeg 1024w, https:\/\/ihsproject.org\/wp-content\/uploads\/2023\/07\/20230714-SOP-Nursing-Meeting-Istog-10-768x432.jpeg 768w, https:\/\/ihsproject.org\/wp-content\/uploads\/2023\/07\/20230714-SOP-Nursing-Meeting-Istog-10-1536x864.jpeg 1536w, https:\/\/ihsproject.org\/wp-content\/uploads\/2023\/07\/20230714-SOP-Nursing-Meeting-Istog-10-18x10.jpeg 18w\" sizes=\"(max-width: 1600px) 100vw, 1600px\" \/>\t\t\t\t\t\t\t\t\t\t\t\t\t<\/div>\n\t\t\t\t<\/div>\n\t\t\t\t\t<\/div>\n\t\t\t\t<\/div>\n\t\t<div class=\"elementor-element elementor-element-61563f22 e-flex e-con-boxed e-con e-parent\" data-id=\"61563f22\" data-element_type=\"container\" data-core-v316-plus=\"true\">\n\t\t\t\t\t<div class=\"e-con-inner\">\n\t\t\t\t<div class=\"elementor-element elementor-element-794d9949 elementor-widget elementor-widget-heading\" data-id=\"794d9949\" data-element_type=\"widget\" data-widget_type=\"heading.default\">\n\t\t\t\t<div class=\"elementor-widget-container\">\n\t\t\t<h2 class=\"elementor-heading-title elementor-size-default\">Avancimi i sh\u00ebrbimit t\u00eb infermieris\u00eb p\u00ebrmes procedurave standarde t\u00eb veprimit<\/h2>\t\t<\/div>\n\t\t\t\t<\/div>\n\t\t\t\t<div class=\"elementor-element elementor-element-23584627 elementor-widget elementor-widget-text-editor\" data-id=\"23584627\" data-element_type=\"widget\" data-widget_type=\"text-editor.default\">\n\t\t\t\t<div class=\"elementor-widget-container\">\n\t\t\t\t\t\t\t<p class=\"p1\">Puna n\u00eb lidhje me p\u00ebrgatitjen e doracakut t\u00eb par\u00eb mbi Procedurat Standarde Veprimit p\u00ebr Kujdesin Sh\u00ebndet\u00ebsor Dyt\u00ebsor dhe Tret\u00ebsor n\u00eb infermieri po ec\u00ebn mir\u00eb. N\u00eb takimin e mbajtur jav\u00ebn e kaluar n\u00eb Istog, pjes\u00ebtar\u00ebt e grupit punues kan\u00eb kontribuar n\u00eb k\u00ebt\u00eb korniz\u00eb gjith\u00ebp\u00ebrfshir\u00ebse mbi praktikat e standardizuara t\u00eb infermieris\u00eb.<\/p><p class=\"p1\">Pjes\u00ebtar\u00eb t\u00eb grupit punues t\u00eb krijuar nga Ministria e Sh\u00ebndet\u00ebsis\u00eb s\u00eb Kosov\u00ebs jan\u00eb mjek\u00eb, infermier\u00eb, avokat\u00eb, p\u00ebrfaq\u00ebsues nga Oda e Infermier\u00ebve dhe shoq\u00ebria civile, nd\u00ebrsa synimi i k\u00ebtij grupi \u00ebsht\u00eb zhvillimi i nj\u00eb kornize konsistente dhe t\u00eb besueshme q\u00eb do t\u00eb p\u00ebrmbaj\u00eb standardet m\u00eb t\u00eb larta t\u00eb kujdesit n\u00eb mbar\u00eb sistemin e kujdesit sh\u00ebndet\u00ebsor. Ky seminar shtyn p\u00ebrpara pun\u00ebn q\u00eb po b\u00ebhet n\u00eb avancimin e standardeve t\u00eb infermieris\u00eb, q\u00eb do t\u00eb udh\u00ebzojn\u00eb profesionist\u00ebt e kujdesit sh\u00ebndet\u00ebsor gjat\u00eb pun\u00ebs s\u00eb tyre dhe do t\u00eb promovojn\u00eb ofrimin e kujdesit t\u00eb sigurt dhe efektiv.<\/p><p class=\"p1\">Projekti IHS ofron mb\u00ebshtetje fasilituese n\u00eb k\u00ebt\u00eb proces, n\u00eb p\u00ebrputhje me objektivin e vet p\u00ebr t\u00eb p\u00ebrmir\u00ebsuar funksionalizimin e linjave t\u00eb kujdesit p\u00ebr s\u00ebmundjet jo-ngjit\u00ebse nd\u00ebrmjet Spitaleve t\u00eb P\u00ebrgjithshme t\u00eb p\u00ebrzgjedhura dhe qendrave t\u00eb Kujdesit Sh\u00ebndet\u00ebsor Par\u00ebsor.<\/p>\t\t\t\t\t\t<\/div>\n\t\t\t\t<\/div>\n\t\t\t\t\t<\/div>\n\t\t\t\t<\/div>\n\t\t\t\t<\/div>","protected":false},"excerpt":{"rendered":"<p>Advancing Nursing Service Through Standard Operating Procedures Work on the first manual on Standard Operating Procedures for Secondary and Tertiary Care in nursing continues at full speed. At the meeting held last week in Istog, the working group members contributed towards this comprehensive framework for standardized nursing practices. The members of the working group brought [&hellip;]<\/p>","protected":false},"author":1,"featured_media":0,"parent":0,"menu_order":0,"comment_status":"closed","ping_status":"closed","template":"","meta":[],"_links":{"self":[{"href":"https:\/\/ihsproject.org\/sq\/wp-json\/wp\/v2\/pages\/12297"}],"collection":[{"href":"https:\/\/ihsproject.org\/sq\/wp-json\/wp\/v2\/pages"}],"about":[{"href":"https:\/\/ihsproject.org\/sq\/wp-json\/wp\/v2\/types\/page"}],"author":[{"embeddable":true,"href":"https:\/\/ihsproject.org\/sq\/wp-json\/wp\/v2\/users\/1"}],"replies":[{"embeddable":true,"href":"https:\/\/ihsproject.org\/sq\/wp-json\/wp\/v2\/comments?post=12297"}],"version-history":[{"count":4,"href":"https:\/\/ihsproject.org\/sq\/wp-json\/wp\/v2\/pages\/12297\/revisions"}],"predecessor-version":[{"id":12303,"href":"https:\/\/ihsproject.org\/sq\/wp-json\/wp\/v2\/pages\/12297\/revisions\/12303"}],"wp:attachment":[{"href":"https:\/\/ihsproject.org\/sq\/wp-json\/wp\/v2\/media?parent=12297"}],"curies":[{"name":"wp","href":"https:\/\/api.w.org\/{rel}","templated":true}]}}