{"id":12138,"date":"2023-07-06T09:17:53","date_gmt":"2023-07-06T09:17:53","guid":{"rendered":"https:\/\/ihsproject.org\/?page_id=12138"},"modified":"2023-07-06T09:31:00","modified_gmt":"2023-07-06T09:31:00","slug":"july-5-2023","status":"publish","type":"page","link":"https:\/\/ihsproject.org\/sq\/july-5-2023\/","title":{"rendered":"Korrik 5, 2023"},"content":{"rendered":"<div data-elementor-type=\"wp-page\" data-elementor-id=\"12138\" class=\"elementor elementor-12138\">\n\t\t\t\t<div class=\"elementor-element elementor-element-e61ac87 e-flex e-con-boxed e-con e-parent\" data-id=\"e61ac87\" data-element_type=\"container\" data-core-v316-plus=\"true\">\n\t\t\t\t\t<div class=\"e-con-inner\">\n\t\t\t\t<div class=\"elementor-element elementor-element-7dceb02 elementor-widget elementor-widget-image\" data-id=\"7dceb02\" data-element_type=\"widget\" data-widget_type=\"image.default\">\n\t\t\t\t<div class=\"elementor-widget-container\">\n\t\t\t\t\t\t\t\t\t\t\t\t\t<img fetchpriority=\"high\" decoding=\"async\" width=\"1800\" height=\"1000\" src=\"https:\/\/ihsproject.org\/wp-content\/uploads\/2023\/07\/IHS-Quality-Management-Workshop-to-Enhance-Patient-Care-and-Service-Efficiency.jpg\" class=\"attachment-full size-full wp-image-12143\" alt=\"\" srcset=\"https:\/\/ihsproject.org\/wp-content\/uploads\/2023\/07\/IHS-Quality-Management-Workshop-to-Enhance-Patient-Care-and-Service-Efficiency.jpg 1800w, https:\/\/ihsproject.org\/wp-content\/uploads\/2023\/07\/IHS-Quality-Management-Workshop-to-Enhance-Patient-Care-and-Service-Efficiency-300x167.jpg 300w, https:\/\/ihsproject.org\/wp-content\/uploads\/2023\/07\/IHS-Quality-Management-Workshop-to-Enhance-Patient-Care-and-Service-Efficiency-1024x569.jpg 1024w, https:\/\/ihsproject.org\/wp-content\/uploads\/2023\/07\/IHS-Quality-Management-Workshop-to-Enhance-Patient-Care-and-Service-Efficiency-768x427.jpg 768w, https:\/\/ihsproject.org\/wp-content\/uploads\/2023\/07\/IHS-Quality-Management-Workshop-to-Enhance-Patient-Care-and-Service-Efficiency-1536x853.jpg 1536w, https:\/\/ihsproject.org\/wp-content\/uploads\/2023\/07\/IHS-Quality-Management-Workshop-to-Enhance-Patient-Care-and-Service-Efficiency-18x10.jpg 18w\" sizes=\"(max-width: 1800px) 100vw, 1800px\" \/>\t\t\t\t\t\t\t\t\t\t\t\t\t<\/div>\n\t\t\t\t<\/div>\n\t\t\t\t\t<\/div>\n\t\t\t\t<\/div>\n\t\t<div class=\"elementor-element elementor-element-d9e9bfc e-flex e-con-boxed e-con e-parent\" data-id=\"d9e9bfc\" data-element_type=\"container\" data-core-v316-plus=\"true\">\n\t\t\t\t\t<div class=\"e-con-inner\">\n\t\t\t\t<div class=\"elementor-element elementor-element-498b08c elementor-widget elementor-widget-heading\" data-id=\"498b08c\" data-element_type=\"widget\" data-widget_type=\"heading.default\">\n\t\t\t\t<div class=\"elementor-widget-container\">\n\t\t\t<h2 class=\"elementor-heading-title elementor-size-default\">Pun\u00ebtori mbi menaxhimin e cil\u00ebsis\u00eb p\u00ebr p\u00ebrmir\u00ebsimin e kujdesit ndaj pacientit dhe efikasitetin e sh\u00ebrbimit<\/h2>\t\t<\/div>\n\t\t\t\t<\/div>\n\t\t\t\t<div class=\"elementor-element elementor-element-4aba4f2 elementor-widget elementor-widget-text-editor\" data-id=\"4aba4f2\" data-element_type=\"widget\" data-widget_type=\"text-editor.default\">\n\t\t\t\t<div class=\"elementor-widget-container\">\n\t\t\t\t\t\t\t<p>N\u00eb qershor, projekti Sh\u00ebrbimet Sh\u00ebndet\u00ebsore t\u00eb Integruara (IHS), organizoi nj\u00eb pun\u00ebtori gjith\u00ebp\u00ebrfshir\u00ebse p\u00ebr menaxhimin e cil\u00ebsis\u00eb mbi standardet e ofrimit t\u00eb kujdesit sh\u00ebndet\u00ebsor n\u00eb kushte spitalore. Ky aktivitet u dizajnua posa\u00e7\u00ebrisht p\u00ebr t\u00eb inkurajuar bashk\u00ebpunimin dhe t\u00eb m\u00ebsuarit nd\u00ebrveprues midis menaxher\u00ebve, profesionist\u00ebve sh\u00ebndet\u00ebsor\u00eb dhe p\u00ebrfaq\u00ebsuesve t\u00eb pacient\u00ebve p\u00ebr t\u00eb nxitur nisma p\u00ebr p\u00ebrmir\u00ebsimin e cil\u00ebsis\u00eb.<\/p><p>P\u00ebrmes nj\u00eb s\u00ebr\u00eb sesionesh nd\u00ebrvepruese dhe aktivitetesh bashk\u00ebpunuese, pjes\u00ebmarr\u00ebsit u pajis\u00ebn me njohurit\u00eb dhe aft\u00ebsit\u00eb thelb\u00ebsore p\u00ebr t\u00eb optimizuar proceset, p\u00ebr t\u00eb thjesht\u00ebzuar operacionet dhe p\u00ebr t\u00eb p\u00ebrmir\u00ebsuar rezultatet p\u00ebr pacient\u00eb p\u00ebrmes menaxhimit efektiv t\u00eb cil\u00ebsis\u00eb.<\/p><p>Besart Gashi, nga Spitali i P\u00ebrgjithsh\u00ebm n\u00eb Gjakov\u00eb, ka shprehur entuziazmin e tij p\u00ebr pun\u00ebtorin\u00eb, duke th\u00ebn\u00eb: \u201c\u00cbsht\u00eb shum\u00eb inkurajuese t\u00eb shoh\u00ebsh se ka njer\u00ebz q\u00eb jan\u00eb t\u00eb vendosur p\u00ebr t\u00eb p\u00ebrmir\u00ebsuar kujdesin sh\u00ebndet\u00ebsor n\u00eb vendin ton\u00eb\u201d. Ai vler\u00ebsoi kontributin e \u00e7muar t\u00eb dh\u00ebn\u00eb nga fasilituesit Manfred Zahorka dhe Sofi Uang dhe projekti IHS, duke v\u00ebn\u00eb n\u00eb dukje potencialin p\u00ebr t\u00eb ndikuar pozitivisht n\u00eb efikasitetin dhe efektivitetin e kujdesit sh\u00ebndet\u00ebsor, ku n\u00eb m\u00ebnyr\u00eb t\u00eb nj\u00ebjt\u00eb p\u00ebrfitojn\u00eb pacient\u00ebt dhe profesionist\u00ebt sh\u00ebndet\u00ebsor\u00eb.<\/p><p>Nol Bekqeli, nga Spitali i P\u00ebrgjithsh\u00ebm n\u00eb Pej\u00eb, ndau njohurit\u00eb e tij p\u00ebr pun\u00ebtorin\u00eb, duke th\u00ebn\u00eb: \u201cPun\u00ebtoria ishte e fokusuar. Me metodat e p\u00ebrdorura, bashk\u00eb me koleg\u00ebt kemi biseduar p\u00ebr planifikimin p\u00ebr p\u00ebrmir\u00ebsimin e cil\u00ebsis\u00eb s\u00eb sh\u00ebrbimeve sh\u00ebndet\u00ebsore t\u00eb ofruara, gjithmon\u00eb duke u mb\u00ebshtetur n\u00eb stafin q\u00eb kemi n\u00eb dispozicion\u201d.<\/p><p>Pun\u00ebtoria mbi menaxhimin e cil\u00ebsis\u00eb trajtoi element\u00ebt kryesor\u00eb t\u00eb menaxhimit t\u00eb cil\u00ebsis\u00eb, duke u\nmund\u00ebsuar pjes\u00ebmarr\u00ebsve t\u00eb masin rezultatet dhe p\u00ebrfundimet cil\u00ebsore, duke promovuar nj\u00ebkoh\u00ebsisht p\u00ebrmir\u00ebsim t\u00eb vazhduesh\u00ebm. Nj\u00eb tjet\u00ebr arritje e r\u00ebnd\u00ebsishme e pun\u00ebtoris\u00eb ishte se pjes\u00ebmarr\u00ebsit identifikuan dy probleme me t\u00eb cilat po p\u00ebrballen aktualisht n\u00eb drejtim t\u00eb menaxhimit t\u00eb cil\u00ebsis\u00eb dhe treguan se si t\u00eb fillohet me pun\u00eb n\u00eb projekte p\u00ebr p\u00ebrmir\u00ebsimin e cil\u00ebsis\u00eb q\u00eb ndihmojn\u00eb n\u00eb zgjidhjen e problemeve t\u00eb identifikuara.<\/p>\t\t\t\t\t\t<\/div>\n\t\t\t\t<\/div>\n\t\t\t\t\t<\/div>\n\t\t\t\t<\/div>\n\t\t\t\t<\/div>","protected":false},"excerpt":{"rendered":"<p>Quality Management Workshop to Enhance Patient Care and Service Efficiency In June, the Integrated Health Services (IHS) project organized a comprehensive Quality\u00a0Management Workshop standards of healthcare provision in hospital settings. It was specifically\u00a0designed to foster collaboration and interactive learning between managers, healthcare\u00a0professionals, and patient representatives, to drive quality improvement initiatives. Through a series of interactive [&hellip;]<\/p>","protected":false},"author":1,"featured_media":0,"parent":0,"menu_order":0,"comment_status":"closed","ping_status":"closed","template":"","meta":[],"_links":{"self":[{"href":"https:\/\/ihsproject.org\/sq\/wp-json\/wp\/v2\/pages\/12138"}],"collection":[{"href":"https:\/\/ihsproject.org\/sq\/wp-json\/wp\/v2\/pages"}],"about":[{"href":"https:\/\/ihsproject.org\/sq\/wp-json\/wp\/v2\/types\/page"}],"author":[{"embeddable":true,"href":"https:\/\/ihsproject.org\/sq\/wp-json\/wp\/v2\/users\/1"}],"replies":[{"embeddable":true,"href":"https:\/\/ihsproject.org\/sq\/wp-json\/wp\/v2\/comments?post=12138"}],"version-history":[{"count":4,"href":"https:\/\/ihsproject.org\/sq\/wp-json\/wp\/v2\/pages\/12138\/revisions"}],"predecessor-version":[{"id":12146,"href":"https:\/\/ihsproject.org\/sq\/wp-json\/wp\/v2\/pages\/12138\/revisions\/12146"}],"wp:attachment":[{"href":"https:\/\/ihsproject.org\/sq\/wp-json\/wp\/v2\/media?parent=12138"}],"curies":[{"name":"wp","href":"https:\/\/api.w.org\/{rel}","templated":true}]}}