{"id":12098,"date":"2023-06-30T22:54:22","date_gmt":"2023-06-30T22:54:22","guid":{"rendered":"https:\/\/ihsproject.org\/?page_id=12098"},"modified":"2023-06-30T23:16:41","modified_gmt":"2023-06-30T23:16:41","slug":"june-30-2023","status":"publish","type":"page","link":"https:\/\/ihsproject.org\/sq\/june-30-2023\/","title":{"rendered":"Qershor 30, 2023"},"content":{"rendered":"<div data-elementor-type=\"wp-page\" data-elementor-id=\"12098\" class=\"elementor elementor-12098\">\n\t\t\t\t<div class=\"elementor-element elementor-element-c68ece8 e-flex e-con-boxed e-con e-parent\" data-id=\"c68ece8\" data-element_type=\"container\" data-core-v316-plus=\"true\">\n\t\t\t\t\t<div class=\"e-con-inner\">\n\t\t<div class=\"elementor-element elementor-element-d105185 e-flex e-con-boxed e-con e-parent\" data-id=\"d105185\" data-element_type=\"container\" data-core-v316-plus=\"true\">\n\t\t\t\t\t<div class=\"e-con-inner\">\n\t\t\t\t<div class=\"elementor-element elementor-element-658730e elementor-widget elementor-widget-image\" data-id=\"658730e\" data-element_type=\"widget\" data-widget_type=\"image.default\">\n\t\t\t\t<div class=\"elementor-widget-container\">\n\t\t\t\t\t\t\t\t\t\t\t\t\t<img fetchpriority=\"high\" decoding=\"async\" width=\"1800\" height=\"1013\" src=\"https:\/\/ihsproject.org\/wp-content\/uploads\/2023\/06\/20230629-First-Steering-Committee-4.jpg\" class=\"attachment-full size-full wp-image-12104\" alt=\"\" srcset=\"https:\/\/ihsproject.org\/wp-content\/uploads\/2023\/06\/20230629-First-Steering-Committee-4.jpg 1800w, https:\/\/ihsproject.org\/wp-content\/uploads\/2023\/06\/20230629-First-Steering-Committee-4-300x169.jpg 300w, https:\/\/ihsproject.org\/wp-content\/uploads\/2023\/06\/20230629-First-Steering-Committee-4-1024x576.jpg 1024w, https:\/\/ihsproject.org\/wp-content\/uploads\/2023\/06\/20230629-First-Steering-Committee-4-768x432.jpg 768w, https:\/\/ihsproject.org\/wp-content\/uploads\/2023\/06\/20230629-First-Steering-Committee-4-1536x864.jpg 1536w, https:\/\/ihsproject.org\/wp-content\/uploads\/2023\/06\/20230629-First-Steering-Committee-4-18x10.jpg 18w\" sizes=\"(max-width: 1800px) 100vw, 1800px\" \/>\t\t\t\t\t\t\t\t\t\t\t\t\t<\/div>\n\t\t\t\t<\/div>\n\t\t\t\t\t<\/div>\n\t\t\t\t<\/div>\n\t\t<div class=\"elementor-element elementor-element-b06e960 e-flex e-con-boxed e-con e-parent\" data-id=\"b06e960\" data-element_type=\"container\" data-core-v316-plus=\"true\">\n\t\t\t\t\t<div class=\"e-con-inner\">\n\t\t\t\t<div class=\"elementor-element elementor-element-9a82da9 elementor-widget elementor-widget-heading\" data-id=\"9a82da9\" data-element_type=\"widget\" data-widget_type=\"heading.default\">\n\t\t\t\t<div class=\"elementor-widget-container\">\n\t\t\t<h2 class=\"elementor-heading-title elementor-size-default\">Projekti IHS mban takimin e par\u00eb t\u00eb Komitetit Drejtues<\/h2>\t\t<\/div>\n\t\t\t\t<\/div>\n\t\t\t\t<div class=\"elementor-element elementor-element-b464813 elementor-widget elementor-widget-text-editor\" data-id=\"b464813\" data-element_type=\"widget\" data-widget_type=\"text-editor.default\">\n\t\t\t\t<div class=\"elementor-widget-container\">\n\t\t\t\t\t\t\t<p>M\u00eb 29 qershor 2023, projekti Sh\u00ebrbimet Sh\u00ebndet\u00ebsore t\u00eb Integruara i Agjencis\u00eb Zvicerane p\u00ebr Zhvillim dhe Bashk\u00ebpunim mbajti takimin e par\u00eb t\u00eb Komitetit Drejtues p\u00ebr t'i shqyrtuar aktivitetet e planifikuara t\u00eb projektit p\u00ebr vitin e par\u00eb, n\u00eb p\u00ebrputhje me prioritetet q\u00eb lidhen me kujdesin sh\u00ebndet\u00ebsor dyt\u00ebsor.\n\nTakimi u fokusua n\u00eb integrimin e sh\u00ebrbimeve sh\u00ebndet\u00ebsore dhe planifikimin e tyre me pacientin n\u00eb qend\u00ebr, q\u00eb \u00ebsht\u00eb nj\u00eb objektiv q\u00eb k\u00ebrkon koordinim m\u00eb t\u00eb gjer\u00eb me aktor\u00ebt vendor\u00eb dhe nd\u00ebrkomb\u00ebtar\u00eb, si dhe nevoj\u00ebn p\u00ebr zhvillimin institucional t\u00eb pjes\u00ebve t\u00eb projektit p\u00ebr t\u00eb mb\u00ebshtetur m\u00eb tej q\u00ebndrueshm\u00ebrin\u00eb e rezultateve t\u00eb pritura.<\/p><p>Takimi u bashk\u00ebkryesua nga Sekretari i Par\u00eb i Ambasad\u00ebs s\u00eb Zvicr\u00ebs n\u00eb Kosov\u00eb, Laurent Torche dhe Sekretari i P\u00ebrgjithsh\u00ebm i Ministris\u00eb s\u00eb Sh\u00ebndet\u00ebsis\u00eb s\u00eb Kosov\u00ebs, Naim Bardiqi. An\u00ebtar\u00ebt e tjer\u00eb t\u00eb Komitetit Drejtues p\u00ebrfaq\u00ebsojn\u00eb Sh\u00ebrbimin Spitalor dhe Klinik Universitar t\u00eb Kosov\u00ebs, spitalet rajonale t\u00eb Pej\u00ebs dhe Gjakov\u00ebs, Od\u00ebn e Infermier\u00ebve t\u00eb Kosov\u00ebs dhe Shoqat\u00ebn p\u00ebr t\u00eb Drejtat e Pacient\u00ebve n\u00eb Kosov\u00eb. Komiteti Drejtues udh\u00ebzon, mbik\u00ebqyr dhe mb\u00ebshtet projektin IHS gjat\u00eb gjith\u00eb koh\u00ebzgjatjes s\u00eb tij.<\/p>\t\t\t\t\t\t<\/div>\n\t\t\t\t<\/div>\n\t\t\t\t\t<\/div>\n\t\t\t\t<\/div>\n\t\t\t\t\t<\/div>\n\t\t\t\t<\/div>\n\t\t\t\t<\/div>","protected":false},"excerpt":{"rendered":"<p>IHS Project Hosts First Steering Committee On 29 June 2023, the Swiss Agency for Development and Cooperation project Integrated Health Services hosted the first Steering Committee meeting to review the project\u2019s first year planned activities in alignment with the priorities related to the secondary healthcare. The meeting focused on integration of health services and their [&hellip;]<\/p>","protected":false},"author":1,"featured_media":0,"parent":0,"menu_order":0,"comment_status":"closed","ping_status":"closed","template":"","meta":[],"_links":{"self":[{"href":"https:\/\/ihsproject.org\/sq\/wp-json\/wp\/v2\/pages\/12098"}],"collection":[{"href":"https:\/\/ihsproject.org\/sq\/wp-json\/wp\/v2\/pages"}],"about":[{"href":"https:\/\/ihsproject.org\/sq\/wp-json\/wp\/v2\/types\/page"}],"author":[{"embeddable":true,"href":"https:\/\/ihsproject.org\/sq\/wp-json\/wp\/v2\/users\/1"}],"replies":[{"embeddable":true,"href":"https:\/\/ihsproject.org\/sq\/wp-json\/wp\/v2\/comments?post=12098"}],"version-history":[{"count":14,"href":"https:\/\/ihsproject.org\/sq\/wp-json\/wp\/v2\/pages\/12098\/revisions"}],"predecessor-version":[{"id":12126,"href":"https:\/\/ihsproject.org\/sq\/wp-json\/wp\/v2\/pages\/12098\/revisions\/12126"}],"wp:attachment":[{"href":"https:\/\/ihsproject.org\/sq\/wp-json\/wp\/v2\/media?parent=12098"}],"curies":[{"name":"wp","href":"https:\/\/api.w.org\/{rel}","templated":true}]}}