{"id":11778,"date":"2023-06-21T15:22:58","date_gmt":"2023-06-21T15:22:58","guid":{"rendered":"https:\/\/ihsproject.org\/?page_id=11778"},"modified":"2023-06-21T15:23:47","modified_gmt":"2023-06-21T15:23:47","slug":"june-21-2023","status":"publish","type":"page","link":"https:\/\/ihsproject.org\/sq\/june-21-2023\/","title":{"rendered":"Qershor 21, 2023"},"content":{"rendered":"<div data-elementor-type=\"wp-page\" data-elementor-id=\"11778\" class=\"elementor elementor-11778\">\n\t\t\t\t<div class=\"elementor-element elementor-element-6927fb65 e-flex e-con-boxed e-con e-parent\" data-id=\"6927fb65\" data-element_type=\"container\" data-core-v316-plus=\"true\">\n\t\t\t\t\t<div class=\"e-con-inner\">\n\t\t\t\t<div class=\"elementor-element elementor-element-70e3a2f4 elementor-widget elementor-widget-image\" data-id=\"70e3a2f4\" data-element_type=\"widget\" data-widget_type=\"image.default\">\n\t\t\t\t<div class=\"elementor-widget-container\">\n\t\t\t\t\t\t\t\t\t\t\t\t\t<img fetchpriority=\"high\" decoding=\"async\" width=\"2560\" height=\"1707\" src=\"https:\/\/ihsproject.org\/wp-content\/uploads\/2023\/06\/2023-06-21-gender-round-table-scaled.jpg\" class=\"attachment-full size-full wp-image-11780\" alt=\"\" srcset=\"https:\/\/ihsproject.org\/wp-content\/uploads\/2023\/06\/2023-06-21-gender-round-table-scaled.jpg 2560w, https:\/\/ihsproject.org\/wp-content\/uploads\/2023\/06\/2023-06-21-gender-round-table-300x200.jpg 300w, https:\/\/ihsproject.org\/wp-content\/uploads\/2023\/06\/2023-06-21-gender-round-table-1024x683.jpg 1024w, https:\/\/ihsproject.org\/wp-content\/uploads\/2023\/06\/2023-06-21-gender-round-table-768x512.jpg 768w, https:\/\/ihsproject.org\/wp-content\/uploads\/2023\/06\/2023-06-21-gender-round-table-1536x1024.jpg 1536w, https:\/\/ihsproject.org\/wp-content\/uploads\/2023\/06\/2023-06-21-gender-round-table-2048x1365.jpg 2048w, https:\/\/ihsproject.org\/wp-content\/uploads\/2023\/06\/2023-06-21-gender-round-table-18x12.jpg 18w\" sizes=\"(max-width: 2560px) 100vw, 2560px\" \/>\t\t\t\t\t\t\t\t\t\t\t\t\t<\/div>\n\t\t\t\t<\/div>\n\t\t\t\t\t<\/div>\n\t\t\t\t<\/div>\n\t\t<div class=\"elementor-element elementor-element-12ba277 e-flex e-con-boxed e-con e-parent\" data-id=\"12ba277\" data-element_type=\"container\" data-core-v316-plus=\"true\">\n\t\t\t\t\t<div class=\"e-con-inner\">\n\t\t\t\t<div class=\"elementor-element elementor-element-59b5f03a elementor-widget elementor-widget-heading\" data-id=\"59b5f03a\" data-element_type=\"widget\" data-widget_type=\"heading.default\">\n\t\t\t\t<div class=\"elementor-widget-container\">\n\t\t\t<h2 class=\"elementor-heading-title elementor-size-default\">Adresimi i perspektiv\u00ebs gjinore n\u00eb ofrimin e sh\u00ebrbimeve sh\u00ebndet\u00ebsore <\/h2>\t\t<\/div>\n\t\t\t\t<\/div>\n\t\t\t\t<div class=\"elementor-element elementor-element-468d8845 elementor-widget elementor-widget-text-editor\" data-id=\"468d8845\" data-element_type=\"widget\" data-widget_type=\"text-editor.default\">\n\t\t\t\t<div class=\"elementor-widget-container\">\n\t\t\t\t\t\t\t<p>Prishtin\u00eb, 21 qershor 2023 \u2013 Pabarazit\u00eb me baz\u00eb gjinore kan\u00eb nj\u00eb ndikim t\u00eb konsideruesh\u00ebm n\u00eb\nsh\u00ebndetin e grave n\u00eb t\u00eb gjitha fazat e jet\u00ebs s\u00eb tyre. Ky ishte nj\u00eb nga mesazhet kryesore t\u00eb diskutuara n\u00eb nj\u00eb tryez\u00eb t\u00eb rrumbullak\u00ebt t\u00eb organizuar n\u00eb Prishtin\u00eb m\u00eb 21 qershor 2023 p\u00ebr t\u00eb trajtuar tematik\u00ebn e paragjykimit gjinor n\u00eb ofrimin e sh\u00ebrbimeve sh\u00ebndet\u00ebsore. Tryeza e organizuar nga Projekti \u201cKujdesi Sh\u00ebndet\u00ebsor i Qassh\u00ebm dhe Cil\u00ebsor\u201d dhe Projekti \u201cSh\u00ebrbimet e Integruara Sh\u00ebndet\u00ebsore\u201d, t\u00eb dyja k\u00ebto projekte t\u00eb Agjencis\u00eb Zvicerane p\u00ebr Zhvillim dhe Bashk\u00ebpunim n\u00eb Kosov\u00eb, mblodhi pal\u00ebt kryesore t\u00eb interesit nga sh\u00ebndet\u00ebsia dhe sektor\u00ebt e tjer\u00eb.<\/p><p>P\u00ebrmes trajtimit t\u00eb k\u00ebsaj teme nga k\u00ebndv\u00ebshtrimi i identifikimit t\u00eb sfidave, eksplorimit t\u00eb strategjive p\u00ebr t\u00eb p\u00ebrmir\u00ebsuar perspektiv\u00ebn gjinore n\u00eb kujdesin sh\u00ebndet\u00ebsor dhe vet\u00ebdij\u00ebsimit t\u00eb t\u00eb gjith\u00eb pal\u00ebve, tryeza u shnd\u00ebrrua n\u00eb forum ku pjes\u00ebmarr\u00ebsit identifikuan edhe nevojat p\u00ebr trajnim t\u00eb stafit sh\u00ebndet\u00ebsor q\u00eb paragjykimet gjinore t\u00eb trajtohen n\u00eb m\u00ebnyr\u00eb m\u00eb efektive edhe n\u00eb vijim\u00ebsi.<\/p><p>Pjes\u00ebmarr\u00ebs n\u00eb tryez\u00ebn e rrumbullak\u00ebt ishin Komisioni i Kuvendit t\u00eb Kosov\u00ebs p\u00ebr Sh\u00ebndet\u00ebsi,\nMinistria e Sh\u00ebndet\u00ebsis\u00eb, spitalet e p\u00ebrgjithshme, qendrat e mjek\u00ebsis\u00eb familjare, komunat dhe\nshoq\u00ebria civile. Duke b\u00ebr\u00eb s\u00eb bashku njohurit\u00eb dhe p\u00ebrvojat e tyre, informatat e nxjerra nga ekspertiza e pjes\u00ebmarr\u00ebsve kontribuojn\u00eb n\u00eb zhvillimin e planeve t\u00eb m\u00ebtejshme p\u00ebr rritjen e t\u00eb kuptuarit t\u00eb perspektiv\u00ebs gjinore n\u00eb ofrimin e sh\u00ebrbimeve sh\u00ebndet\u00ebsore, gjenerimin e ideve novatore dhe zhvillimin e nj\u00eb plani p\u00ebr trajnimin e stafin sh\u00ebndet\u00ebsor.<\/p><p>Informatat jan\u00eb t\u00eb dobishme edhe p\u00ebr Simpoziumin e ardhsh\u00ebm Nd\u00ebrkomb\u00ebtar p\u00ebr s\u00ebmundjet jo-ngjit\u00ebse (SJN) q\u00eb do t\u00eb mbahet n\u00eb Kosov\u00eb m\u00eb 27 \u2013 29 shtator 2023, ku nj\u00eb nga panelet fokusohet n\u00eb aspektin gjinor n\u00eb ofrimin e sh\u00ebrbimeve t\u00eb SJN. Q\u00ebllimi p\u00ebrfundimtar \u00ebsht\u00eb sigurimi i kujdesit sh\u00ebndet\u00ebsor t\u00eb barabart\u00eb dhe gjith\u00ebp\u00ebrfshir\u00ebs p\u00ebr t\u00eb gjith\u00eb.<\/p><p>Projektet \u201cKujdesi Sh\u00ebndet\u00ebsor i Qassh\u00ebm dhe Cil\u00ebsor\u201d dhe \u201cSh\u00ebrbimet e Integruara Sh\u00ebndet\u00ebsore\u201d jan\u00eb nisma t\u00eb p\u00ebrbashk\u00ebta nd\u00ebrmjet Ministris\u00eb s\u00eb Sh\u00ebndet\u00ebsis\u00eb s\u00eb Kosov\u00ebs dhe Qeveris\u00eb Zvicerane, q\u00eb synojn\u00eb t\u00eb promovojn\u00eb cil\u00ebsin\u00eb dhe qasjen n\u00eb sh\u00ebrbimet e kujdesit sh\u00ebndet\u00ebsor dhe t\u00eb leht\u00ebsojn\u00eb mb\u00ebshtetjen e m\u00ebtejshme t\u00eb kapaciteteve komb\u00ebtare n\u00eb sektorin sh\u00ebndet\u00ebsor p\u00ebrmes nj\u00eb procesi pjes\u00ebmarr\u00ebs n\u00eb harmoni me politikat komb\u00ebtare sh\u00ebndet\u00ebsore. T\u00eb dy projektet zbatohen nga Swiss Tropical and Public Health Institute.<\/p>\t\t\t\t\t\t<\/div>\n\t\t\t\t<\/div>\n\t\t\t\t\t<\/div>\n\t\t\t\t<\/div>\n\t\t\t\t<\/div>","protected":false},"excerpt":{"rendered":"<p>Addressing Gender Perspective in Health Service Prishtina, 21 June 2023 \u2013 Gender-based inequalities have a significant impact on women&#8217;s health across all stages of their lives. This was among the key messages discussed at a round table organized in Prishtina on 21 June 2023 to tackle the pressing issue of gender bias in health service [&hellip;]<\/p>","protected":false},"author":1,"featured_media":0,"parent":0,"menu_order":0,"comment_status":"closed","ping_status":"closed","template":"","meta":[],"_links":{"self":[{"href":"https:\/\/ihsproject.org\/sq\/wp-json\/wp\/v2\/pages\/11778"}],"collection":[{"href":"https:\/\/ihsproject.org\/sq\/wp-json\/wp\/v2\/pages"}],"about":[{"href":"https:\/\/ihsproject.org\/sq\/wp-json\/wp\/v2\/types\/page"}],"author":[{"embeddable":true,"href":"https:\/\/ihsproject.org\/sq\/wp-json\/wp\/v2\/users\/1"}],"replies":[{"embeddable":true,"href":"https:\/\/ihsproject.org\/sq\/wp-json\/wp\/v2\/comments?post=11778"}],"version-history":[{"count":4,"href":"https:\/\/ihsproject.org\/sq\/wp-json\/wp\/v2\/pages\/11778\/revisions"}],"predecessor-version":[{"id":11786,"href":"https:\/\/ihsproject.org\/sq\/wp-json\/wp\/v2\/pages\/11778\/revisions\/11786"}],"wp:attachment":[{"href":"https:\/\/ihsproject.org\/sq\/wp-json\/wp\/v2\/media?parent=11778"}],"curies":[{"name":"wp","href":"https:\/\/api.w.org\/{rel}","templated":true}]}}