{"id":11718,"date":"2023-06-19T23:09:21","date_gmt":"2023-06-19T23:09:21","guid":{"rendered":"https:\/\/ihsproject.org\/?page_id=11718"},"modified":"2023-06-30T23:05:02","modified_gmt":"2023-06-30T23:05:02","slug":"april-18-2023","status":"publish","type":"page","link":"https:\/\/ihsproject.org\/sq\/april-18-2023\/","title":{"rendered":"Prill 18, 2023"},"content":{"rendered":"<div data-elementor-type=\"wp-page\" data-elementor-id=\"11718\" class=\"elementor elementor-11718\">\n\t\t\t\t<div class=\"elementor-element elementor-element-38a3b188 e-flex e-con-boxed e-con e-parent\" data-id=\"38a3b188\" data-element_type=\"container\" data-core-v316-plus=\"true\">\n\t\t\t\t\t<div class=\"e-con-inner\">\n\t\t\t\t<div class=\"elementor-element elementor-element-66ee9bd4 elementor-widget elementor-widget-image\" data-id=\"66ee9bd4\" data-element_type=\"widget\" data-widget_type=\"image.default\">\n\t\t\t\t<div class=\"elementor-widget-container\">\n\t\t\t\t\t\t\t\t\t\t\t\t\t<img fetchpriority=\"high\" decoding=\"async\" width=\"940\" height=\"788\" src=\"https:\/\/ihsproject.org\/wp-content\/uploads\/2023\/06\/18042023.jpg\" class=\"attachment-full size-full wp-image-11720\" alt=\"\" srcset=\"https:\/\/ihsproject.org\/wp-content\/uploads\/2023\/06\/18042023.jpg 940w, https:\/\/ihsproject.org\/wp-content\/uploads\/2023\/06\/18042023-300x251.jpg 300w, https:\/\/ihsproject.org\/wp-content\/uploads\/2023\/06\/18042023-768x644.jpg 768w, https:\/\/ihsproject.org\/wp-content\/uploads\/2023\/06\/18042023-14x12.jpg 14w\" sizes=\"(max-width: 940px) 100vw, 940px\" \/>\t\t\t\t\t\t\t\t\t\t\t\t\t<\/div>\n\t\t\t\t<\/div>\n\t\t\t\t\t<\/div>\n\t\t\t\t<\/div>\n\t\t<div class=\"elementor-element elementor-element-70641066 e-flex e-con-boxed e-con e-parent\" data-id=\"70641066\" data-element_type=\"container\" data-core-v316-plus=\"true\">\n\t\t\t\t\t<div class=\"e-con-inner\">\n\t\t\t\t<div class=\"elementor-element elementor-element-7cb40ba8 elementor-widget elementor-widget-heading\" data-id=\"7cb40ba8\" data-element_type=\"widget\" data-widget_type=\"heading.default\">\n\t\t\t\t<div class=\"elementor-widget-container\">\n\t\t\t<h2 class=\"elementor-heading-title elementor-size-default\">Pun\u00ebtori p\u00ebr vler\u00ebsimin e nevojave p\u00ebr punonj\u00ebsit sh\u00ebndet\u00ebsor\u00eb n\u00eb nivel spitalor<\/h2>\t\t<\/div>\n\t\t\t\t<\/div>\n\t\t\t\t<div class=\"elementor-element elementor-element-1d745434 elementor-widget elementor-widget-text-editor\" data-id=\"1d745434\" data-element_type=\"widget\" data-widget_type=\"text-editor.default\">\n\t\t\t\t<div class=\"elementor-widget-container\">\n\t\t\t\t\t\t\t<p>Cil\u00ebsia e kujdesit \u00ebsht\u00eb synimi kryesor p\u00ebr \u00e7do institucion sh\u00ebndet\u00ebsor dhe n\u00eb nivel spitali b\u00ebhet\nedhe m\u00eb i r\u00ebnd\u00ebsish\u00ebm p\u00ebr shkak t\u00eb gjendjes s\u00eb r\u00ebnd\u00eb sh\u00ebndet\u00ebsore t\u00eb individ\u00ebve dhe pajisjeve dhe procedurave mjek\u00ebsore q\u00eb zbatohen. nd\u00ebrhyrjeje p\u00ebr t\u00eb zhvilluar shkatht\u00ebsit\u00eb klinike dhe menaxheriale t\u00eb punonj\u00ebsve sh\u00ebndet\u00ebsor\u00eb.<\/p><p>Nj\u00eb qasje e shpejt\u00eb dhe sistmatike \u00ebsht\u00eb t\u00eb analizohen nevojat e trajnimit t\u00eb stafit n\u00eb p\u00ebrputhje\nme (i) sh\u00ebrbimet sh\u00ebndet\u00ebsore aktuale; (ii) standardet e d\u00ebshiruara t\u00eb cil\u00ebsis\u00eb; (iii) perceptimin\nindividual t\u00eb nevojave p\u00ebr zhvillim profesional. P\u00ebr t\u00eb fasilituar procesin, projekti IHS organizoi nj\u00eb takim me an\u00ebtar\u00ebt e Grupit Punues q\u00eb p\u00ebrfaq\u00ebsojn\u00eb pal\u00ebt m\u00eb t\u00eb r\u00ebnd\u00ebsishme t\u00eb interesit p\u00ebr k\u00ebt\u00eb objektiv: Ministrin\u00eb e Sh\u00ebndet\u00ebsis\u00eb, Spitalet e P\u00ebrgjithshme, Od\u00ebn e Mjek\u00ebve dhe Od\u00ebn e Infermier\u00ebve. Pjes\u00ebmarr\u00ebsit u njoh\u00ebn me nj\u00eb pyet\u00ebsor t\u00eb hartuar si instrumenti kryesor i vler\u00ebsimit t\u00eb nevojave. Kontributet e tyre ndihmuan n\u00eb plot\u00ebsimin dhe p\u00ebrshtatjen e instrumentit t\u00eb mbledhjes s\u00eb t\u00eb dh\u00ebnave n\u00eb p\u00ebrputhje me fokusin e vler\u00ebsimit t\u00eb s\u00ebmundjeve jongjit\u00ebse, menaxhimin dhe vendimmarrjen klinike, si dhe p\u00ebr t\u00eb p\u00ebrmir\u00ebsuar detajet shtes\u00eb metodologjike t\u00eb k\u00ebtij studimi.<\/p><p>Projekti IHS \u00ebsht\u00eb nj\u00eb nism\u00eb e p\u00ebrbashk\u00ebt e Agjencis\u00eb Zvicerane p\u00ebr Zhvillim dhe Bashk\u00ebpunim\ndhe Ministris\u00eb s\u00eb Sh\u00ebndet\u00ebsis\u00eb s\u00eb Kosov\u00ebs, q\u00eb implementohet nga Swiss TPH.<\/p>\t\t\t\t\t\t<\/div>\n\t\t\t\t<\/div>\n\t\t\t\t\t<\/div>\n\t\t\t\t<\/div>\n\t\t\t\t<\/div>","protected":false},"excerpt":{"rendered":"<p>Workshop on Need Assessment for Health Workers at Hospital Level Quality of care is the upmost goal for each health facility, and at hospital level it becomes even more critical due to the severe individuals\u2019 health conditions and complex medical equipment and procedures applied. There are many intervention levels, to which we have currently privileged [&hellip;]<\/p>","protected":false},"author":1,"featured_media":0,"parent":0,"menu_order":0,"comment_status":"closed","ping_status":"closed","template":"","meta":[],"_links":{"self":[{"href":"https:\/\/ihsproject.org\/sq\/wp-json\/wp\/v2\/pages\/11718"}],"collection":[{"href":"https:\/\/ihsproject.org\/sq\/wp-json\/wp\/v2\/pages"}],"about":[{"href":"https:\/\/ihsproject.org\/sq\/wp-json\/wp\/v2\/types\/page"}],"author":[{"embeddable":true,"href":"https:\/\/ihsproject.org\/sq\/wp-json\/wp\/v2\/users\/1"}],"replies":[{"embeddable":true,"href":"https:\/\/ihsproject.org\/sq\/wp-json\/wp\/v2\/comments?post=11718"}],"version-history":[{"count":10,"href":"https:\/\/ihsproject.org\/sq\/wp-json\/wp\/v2\/pages\/11718\/revisions"}],"predecessor-version":[{"id":12110,"href":"https:\/\/ihsproject.org\/sq\/wp-json\/wp\/v2\/pages\/11718\/revisions\/12110"}],"wp:attachment":[{"href":"https:\/\/ihsproject.org\/sq\/wp-json\/wp\/v2\/media?parent=11718"}],"curies":[{"name":"wp","href":"https:\/\/api.w.org\/{rel}","templated":true}]}}