{"id":11700,"date":"2023-06-19T23:01:46","date_gmt":"2023-06-19T23:01:46","guid":{"rendered":"https:\/\/ihsproject.org\/?page_id=11700"},"modified":"2023-06-24T14:18:37","modified_gmt":"2023-06-24T14:18:37","slug":"march-24-2023","status":"publish","type":"page","link":"https:\/\/ihsproject.org\/sq\/march-24-2023\/","title":{"rendered":"Mars 24, 2023"},"content":{"rendered":"<div data-elementor-type=\"wp-page\" data-elementor-id=\"11700\" class=\"elementor elementor-11700\">\n\t\t\t\t<div class=\"elementor-element elementor-element-78a3abdb e-flex e-con-boxed e-con e-parent\" data-id=\"78a3abdb\" data-element_type=\"container\" data-core-v316-plus=\"true\">\n\t\t\t\t\t<div class=\"e-con-inner\">\n\t\t\t\t<div class=\"elementor-element elementor-element-613a2b34 elementor-widget elementor-widget-image\" data-id=\"613a2b34\" data-element_type=\"widget\" data-widget_type=\"image.default\">\n\t\t\t\t<div class=\"elementor-widget-container\">\n\t\t\t\t\t\t\t\t\t\t\t\t\t<img fetchpriority=\"high\" decoding=\"async\" width=\"2560\" height=\"1707\" src=\"https:\/\/ihsproject.org\/wp-content\/uploads\/2023\/06\/ihs-emerald-073-scaled.jpg\" class=\"attachment-full size-full wp-image-11708\" alt=\"\" srcset=\"https:\/\/ihsproject.org\/wp-content\/uploads\/2023\/06\/ihs-emerald-073-scaled.jpg 2560w, https:\/\/ihsproject.org\/wp-content\/uploads\/2023\/06\/ihs-emerald-073-300x200.jpg 300w, https:\/\/ihsproject.org\/wp-content\/uploads\/2023\/06\/ihs-emerald-073-1024x683.jpg 1024w, https:\/\/ihsproject.org\/wp-content\/uploads\/2023\/06\/ihs-emerald-073-768x512.jpg 768w, https:\/\/ihsproject.org\/wp-content\/uploads\/2023\/06\/ihs-emerald-073-1536x1024.jpg 1536w, https:\/\/ihsproject.org\/wp-content\/uploads\/2023\/06\/ihs-emerald-073-2048x1365.jpg 2048w, https:\/\/ihsproject.org\/wp-content\/uploads\/2023\/06\/ihs-emerald-073-18x12.jpg 18w\" sizes=\"(max-width: 2560px) 100vw, 2560px\" \/>\t\t\t\t\t\t\t\t\t\t\t\t\t<\/div>\n\t\t\t\t<\/div>\n\t\t\t\t\t<\/div>\n\t\t\t\t<\/div>\n\t\t<div class=\"elementor-element elementor-element-e676586 e-flex e-con-boxed e-con e-parent\" data-id=\"e676586\" data-element_type=\"container\" data-core-v316-plus=\"true\">\n\t\t\t\t\t<div class=\"e-con-inner\">\n\t\t\t\t<div class=\"elementor-element elementor-element-4d1b3987 elementor-widget elementor-widget-heading\" data-id=\"4d1b3987\" data-element_type=\"widget\" data-widget_type=\"heading.default\">\n\t\t\t\t<div class=\"elementor-widget-container\">\n\t\t\t<h3 class=\"elementor-heading-title elementor-size-default\">Bashk\u00ebpunim i ri Kosov\u00eb-Zvic\u00ebr q\u00eb rrit integrimin e sh\u00ebrbimeve sh\u00ebndet\u00ebsore n\u00eb vend<\/h3>\t\t<\/div>\n\t\t\t\t<\/div>\n\t\t\t\t<div class=\"elementor-element elementor-element-4bafb2da elementor-widget elementor-widget-text-editor\" data-id=\"4bafb2da\" data-element_type=\"widget\" data-widget_type=\"text-editor.default\">\n\t\t\t\t<div class=\"elementor-widget-container\">\n\t\t\t\t\t\t\t<p><strong>Ministria e Sh\u00ebndet\u00ebsis\u00eb dhe Ambasada e Zvicr\u00ebs bashkojn\u00eb forcat p\u00ebr t\u00eb p\u00ebrmir\u00ebsuar cil\u00ebsin\u00eb e kujdesit p\u00ebr pacient\u00ebt me s\u00ebmundje jongjit\u00ebse n\u00eb Spitalet e P\u00ebrgjithshme t\u00eb Gjakov\u00ebs dhe t\u00eb Pej\u00ebs. <\/strong><\/p><p>M\u00eb 24 mars 2023, Ministri i Sh\u00ebndet\u00ebsis\u00eb Arben Vitia dhe Ambasadori i Zvicr\u00ebs n\u00eb Kosov\u00eb Thomas Kolly n\u00ebnshkruan marr\u00ebveshjen q\u00eb zyrtarisht lanson k\u00ebt\u00eb bashk\u00ebpunim t\u00eb ri n\u00eb sektorin e sh\u00ebndet\u00ebsis\u00eb.<\/p><p>Projekti Sh\u00ebrbimet Sh\u00ebndet\u00ebsore t\u00eb Integruara (IHS) synon t\u00eb kontribuoj\u00eb n\u00eb zhvillimin e sistemit t\u00eb q\u00ebndruesh\u00ebm t\u00eb kujdesit sh\u00ebndet\u00ebsor n\u00eb Kosov\u00eb q\u00eb ofron kujdes cil\u00ebsor, t\u00eb p\u00ebrballuesh\u00ebm dhe t\u00eb integruar n\u00eb nivelin dyt\u00ebsor p\u00ebr pacient\u00ebt me s\u00ebmundje jongjit\u00ebse.<\/p><p>Gjat\u00eb ceremonis\u00eb s\u00eb lansimit, Ministria Vitia tha, \u201cP\u00ebrmes projektit \u2018Sh\u00ebrbimet Sh\u00ebndet\u00ebsore t\u00eb Integruara\u2019 (IHS) si nisma m\u00eb e re mes Ministris\u00eb s\u00eb Sh\u00ebndet\u00ebsis\u00eb s\u00eb Kosov\u00ebs dhe Qeveris\u00eb s\u00eb Zvicr\u00ebs, synohet zhvillimi i m\u00ebtutjesh\u00ebm i zhvillimit t\u00eb\nkapaciteteve sh\u00ebndet\u00ebsore q\u00eb do t\u00eb koncentrohet tek S\u00ebmundjet Jo-Ngjit\u00ebse q\u00eb p\u00ebrb\u00ebjn\u00eb nj\u00eb problem mbar\u00ebbot\u00ebror\u201d.<\/p><p>Projekti IHS \u00ebsht\u00eb nj\u00eb tjet\u00ebr arritje n\u00eb bashk\u00ebpunimin e zgjeruar n\u00eb sektorin sh\u00ebndet\u00ebsor nd\u00ebrmjet dy vendeve. Ambasadori i Zvicr\u00ebs n\u00eb Kosov\u00eb Thomas Kolly n\u00ebnvizoi p\u00ebrkushtimin p\u00ebr t\u00eb kontribuar n\u00eb fuqizimin e sistemit, q\u00eb siguron qasje t\u00eb barabart\u00eb n\u00eb\nsh\u00ebrbime sh\u00ebndet\u00ebsore cil\u00ebsore p\u00ebr popullsin\u00eb, sidomos p\u00ebr grupet m\u00eb t\u00eb c\u00ebnueshme.<\/p><p>Projekti IHS fokusohet n\u00eb p\u00ebrmir\u00ebsimin e disponueshm\u00ebris\u00eb, cil\u00ebsis\u00eb dhe vazhdim\u00ebsis\u00eb\ns\u00eb kujdesit p\u00ebr pacient\u00ebt me s\u00ebmundje jongjit\u00ebse (SJN) duke fuqizuar proceset e nd\u00ebrlidhura klinike, menaxheriale dhe qeveris\u00ebse n\u00eb Spitalet e P\u00ebrgjithshme (SP) t\u00eb Gjakov\u00ebs dhe t\u00eb Pej\u00ebs. IHS fuqizon koordinimin dhe referimin nd\u00ebrmjet niveleve\npar\u00ebsore dhe dyt\u00ebsore t\u00eb kujdesit dhe n\u00eb nivel vendor, mb\u00ebshtet pal\u00ebt e interesit p\u00ebr t\u00eb zhvilluar dhe implementuar korniz\u00ebn e politikave q\u00eb fuqizon kujdesin e integruar me pacientin n\u00eb qend\u00ebr.<\/p><p>I financuar nga Zvicra me CHF 5.5 milion\u00eb p\u00ebr periudh\u00ebn 2023-2026, projekti do t\u00eb implementohet nga institucionet vendore dhe rajonale me mb\u00ebshtetjen e Swiss Tropical and Public Health Institute.<\/p>\t\t\t\t\t\t<\/div>\n\t\t\t\t<\/div>\n\t\t\t\t\t<\/div>\n\t\t\t\t<\/div>\n\t\t\t\t<\/div>","protected":false},"excerpt":{"rendered":"<p>New Kosovo-Swiss Cooperation to Increase Integration of Health Services in the Country The Ministry of Health and Embassy of Switzerland join forces to improve the quality of care for patients with Non-Communicable Disease conditions in the General Hospitals of Gjakova and Peja. On 24 March 2023, the Minister of Health Arben Vitia and the Ambassador [&hellip;]<\/p>","protected":false},"author":1,"featured_media":0,"parent":0,"menu_order":0,"comment_status":"closed","ping_status":"closed","template":"","meta":[],"_links":{"self":[{"href":"https:\/\/ihsproject.org\/sq\/wp-json\/wp\/v2\/pages\/11700"}],"collection":[{"href":"https:\/\/ihsproject.org\/sq\/wp-json\/wp\/v2\/pages"}],"about":[{"href":"https:\/\/ihsproject.org\/sq\/wp-json\/wp\/v2\/types\/page"}],"author":[{"embeddable":true,"href":"https:\/\/ihsproject.org\/sq\/wp-json\/wp\/v2\/users\/1"}],"replies":[{"embeddable":true,"href":"https:\/\/ihsproject.org\/sq\/wp-json\/wp\/v2\/comments?post=11700"}],"version-history":[{"count":14,"href":"https:\/\/ihsproject.org\/sq\/wp-json\/wp\/v2\/pages\/11700\/revisions"}],"predecessor-version":[{"id":11849,"href":"https:\/\/ihsproject.org\/sq\/wp-json\/wp\/v2\/pages\/11700\/revisions\/11849"}],"wp:attachment":[{"href":"https:\/\/ihsproject.org\/sq\/wp-json\/wp\/v2\/media?parent=11700"}],"curies":[{"name":"wp","href":"https:\/\/api.w.org\/{rel}","templated":true}]}}