{"id":11355,"date":"2023-05-30T22:21:33","date_gmt":"2023-05-30T22:21:33","guid":{"rendered":"https:\/\/ihsproject.org\/?page_id=11355"},"modified":"2023-06-24T14:41:11","modified_gmt":"2023-06-24T14:41:11","slug":"standardizing-nursing-operational-procedures","status":"publish","type":"page","link":"https:\/\/ihsproject.org\/sq\/standardizing-nursing-operational-procedures\/","title":{"rendered":"Maj 30, 2023"},"content":{"rendered":"<div data-elementor-type=\"wp-page\" data-elementor-id=\"11355\" class=\"elementor elementor-11355\">\n\t\t\t\t<div class=\"elementor-element elementor-element-37ad351 e-flex e-con-boxed e-con e-parent\" data-id=\"37ad351\" data-element_type=\"container\" data-core-v316-plus=\"true\">\n\t\t\t\t\t<div class=\"e-con-inner\">\n\t\t\t\t<div class=\"elementor-element elementor-element-acfdd30 elementor-widget elementor-widget-image\" data-id=\"acfdd30\" data-element_type=\"widget\" data-widget_type=\"image.default\">\n\t\t\t\t<div class=\"elementor-widget-container\">\n\t\t\t\t\t\t\t\t\t\t\t\t\t<img fetchpriority=\"high\" decoding=\"async\" width=\"1461\" height=\"803\" src=\"https:\/\/ihsproject.org\/wp-content\/uploads\/2023\/05\/IMG_5121.jpg\" class=\"attachment-full size-full wp-image-11341\" alt=\"Standardizing Nursing Operational Procedures\" srcset=\"https:\/\/ihsproject.org\/wp-content\/uploads\/2023\/05\/IMG_5121.jpg 1461w, https:\/\/ihsproject.org\/wp-content\/uploads\/2023\/05\/IMG_5121-300x165.jpg 300w, https:\/\/ihsproject.org\/wp-content\/uploads\/2023\/05\/IMG_5121-1024x563.jpg 1024w, https:\/\/ihsproject.org\/wp-content\/uploads\/2023\/05\/IMG_5121-768x422.jpg 768w, https:\/\/ihsproject.org\/wp-content\/uploads\/2023\/05\/IMG_5121-18x10.jpg 18w\" sizes=\"(max-width: 1461px) 100vw, 1461px\" \/>\t\t\t\t\t\t\t\t\t\t\t\t\t<\/div>\n\t\t\t\t<\/div>\n\t\t\t\t\t<\/div>\n\t\t\t\t<\/div>\n\t\t<div class=\"elementor-element elementor-element-405b7d8 e-flex e-con-boxed e-con e-parent\" data-id=\"405b7d8\" data-element_type=\"container\" data-core-v316-plus=\"true\">\n\t\t\t\t\t<div class=\"e-con-inner\">\n\t\t\t\t<div class=\"elementor-element elementor-element-74ae821 elementor-widget elementor-widget-heading\" data-id=\"74ae821\" data-element_type=\"widget\" data-widget_type=\"heading.default\">\n\t\t\t\t<div class=\"elementor-widget-container\">\n\t\t\t<h3 class=\"elementor-heading-title elementor-size-default\">Standardizimi i Procedurave Operative t\u00eb infermieris\u00eb<\/h3>\t\t<\/div>\n\t\t\t\t<\/div>\n\t\t\t\t<div class=\"elementor-element elementor-element-19a53e8 elementor-widget elementor-widget-text-editor\" data-id=\"19a53e8\" data-element_type=\"widget\" data-widget_type=\"text-editor.default\">\n\t\t\t\t<div class=\"elementor-widget-container\">\n\t\t\t\t\t\t\t<p>Mb\u00ebshtetja p\u00ebr zhvillimin e m\u00ebtejsh\u00ebm t\u00eb kompetencave t\u00eb infermieris\u00eb p\u00ebr promovimin e sh\u00ebndetit dhe p\u00ebrmir\u00ebsimin e cil\u00ebsis\u00eb dhe siguris\u00eb s\u00eb kujdesit \u00ebsht\u00eb ky\u00e7e p\u00ebr p\u00ebrmbushjen e standardeve t\u00eb kujdesit sh\u00ebndet\u00ebsor p\u00ebr qytetar\u00ebt e Kosov\u00ebs.<\/p><p>P\u00ebr t\u00eb kontribuar n\u00eb k\u00ebt\u00eb objektiv, Ministria e Sh\u00ebndet\u00ebsis\u00eb e Kosov\u00ebs organizoi nj\u00eb pun\u00ebtori dyditore p\u00ebr hartimin e manualit t\u00eb par\u00eb mbi Procedurat Standarde Operative p\u00ebr Kujdesin Dyt\u00ebsor dhe Tret\u00ebsor n\u00eb Infermieri. Pun\u00ebtoria q\u00eb u mbajt m\u00eb 24-25 maj 2023 n\u00eb Gjakov\u00eb, ishte e para n\u00eb nj\u00eb seri t\u00eb pun\u00ebtorive dhe t\u00eb aktiviteteve t\u00eb tjera q\u00eb do t\u00eb rezultojn\u00eb n\u00eb hartimin e manualit p\u00ebr procedurat standarde operative p\u00ebr infermierin\u00eb. Rreth 18 pjes\u00ebmarr\u059d\u00ebsit n\u00eb pun\u00ebtori ishin mjek\u00eb, infermier\u00eb, jurist\u00eb, p\u00ebrfaq\u00ebsues t\u00eb Od\u00ebs s\u00eb Infermier\u00ebve dhe shoq\u00ebris\u00eb civile. Misioni i k\u00ebtij grupi pune t\u00eb em\u00ebruar nga MSH-ja \u00ebsht\u00eb t\u00eb vazhdoj\u00eb forcimin dhe standardizimin e praktik\u00ebs s\u00eb infermieris\u00eb.<\/p><p>Projekti i Sh\u00ebrbimeve Sh\u00ebndet\u00ebsore t\u00eb Integruara i Agjencis\u00eb Zvicerane p\u00ebr Zhvillim dhe Bashk\u00ebpunim e mb\u00ebshteti organizimin e k\u00ebsaj pun\u00ebtorie, n\u00eb kuad\u00ebr t\u00eb pun\u00ebs s\u00eb vet n\u00eb p\u00ebrmir\u00ebsimin e funksionalizimit t\u00eb rrug\u00ebve t\u00eb kujdesit p\u00ebr s\u00ebmundjet jongjit\u00ebse nd\u00ebrmjet Spitaleve t\u00eb P\u00ebrgjithshme t\u00eb p\u00ebrzgjedhura dhe Kujdesit Sh\u00ebndet\u00ebsor Par\u00ebsor.<\/p>\t\t\t\t\t\t<\/div>\n\t\t\t\t<\/div>\n\t\t\t\t\t<\/div>\n\t\t\t\t<\/div>\n\t\t\t\t<\/div>","protected":false},"excerpt":{"rendered":"<p>Standardizing Nursing Operational Procedures Supporting further development of nursing competences to promote health and improve quality and safety of care is key to meeting healthcare standards for the citizens of Kosovo. To contribute to this objective, the Ministry of Health of Kosovo organized a two-day workshop on drafting the first manual on Standard Operating Procedures [&hellip;]<\/p>","protected":false},"author":1,"featured_media":0,"parent":0,"menu_order":0,"comment_status":"closed","ping_status":"closed","template":"","meta":[],"_links":{"self":[{"href":"https:\/\/ihsproject.org\/sq\/wp-json\/wp\/v2\/pages\/11355"}],"collection":[{"href":"https:\/\/ihsproject.org\/sq\/wp-json\/wp\/v2\/pages"}],"about":[{"href":"https:\/\/ihsproject.org\/sq\/wp-json\/wp\/v2\/types\/page"}],"author":[{"embeddable":true,"href":"https:\/\/ihsproject.org\/sq\/wp-json\/wp\/v2\/users\/1"}],"replies":[{"embeddable":true,"href":"https:\/\/ihsproject.org\/sq\/wp-json\/wp\/v2\/comments?post=11355"}],"version-history":[{"count":23,"href":"https:\/\/ihsproject.org\/sq\/wp-json\/wp\/v2\/pages\/11355\/revisions"}],"predecessor-version":[{"id":11858,"href":"https:\/\/ihsproject.org\/sq\/wp-json\/wp\/v2\/pages\/11355\/revisions\/11858"}],"wp:attachment":[{"href":"https:\/\/ihsproject.org\/sq\/wp-json\/wp\/v2\/media?parent=11355"}],"curies":[{"name":"wp","href":"https:\/\/api.w.org\/{rel}","templated":true}]}}