{"id":11326,"date":"2023-05-22T22:11:24","date_gmt":"2023-05-22T22:11:24","guid":{"rendered":"https:\/\/ihsproject.org\/?page_id=11326"},"modified":"2023-06-24T14:34:31","modified_gmt":"2023-06-24T14:34:31","slug":"kosovo-represented-at-the-10th-global-patients-congress","status":"publish","type":"page","link":"https:\/\/ihsproject.org\/sq\/kosovo-represented-at-the-10th-global-patients-congress\/","title":{"rendered":"Maj 22, 2023"},"content":{"rendered":"<div data-elementor-type=\"wp-page\" data-elementor-id=\"11326\" class=\"elementor elementor-11326\">\n\t\t\t\t<div class=\"elementor-element elementor-element-b445b92 e-flex e-con-boxed e-con e-parent\" data-id=\"b445b92\" data-element_type=\"container\" data-core-v316-plus=\"true\">\n\t\t\t\t\t<div class=\"e-con-inner\">\n\t\t\t\t<div class=\"elementor-element elementor-element-a6f76b0 elementor-widget elementor-widget-image\" data-id=\"a6f76b0\" data-element_type=\"widget\" data-widget_type=\"image.default\">\n\t\t\t\t<div class=\"elementor-widget-container\">\n\t\t\t\t\t\t\t\t\t\t\t\t\t<img fetchpriority=\"high\" decoding=\"async\" width=\"2048\" height=\"1153\" src=\"https:\/\/ihsproject.org\/wp-content\/uploads\/2023\/05\/PRAK-Geneva.jpg\" class=\"attachment-full size-full wp-image-11317\" alt=\"\" srcset=\"https:\/\/ihsproject.org\/wp-content\/uploads\/2023\/05\/PRAK-Geneva.jpg 2048w, https:\/\/ihsproject.org\/wp-content\/uploads\/2023\/05\/PRAK-Geneva-300x169.jpg 300w, https:\/\/ihsproject.org\/wp-content\/uploads\/2023\/05\/PRAK-Geneva-1024x577.jpg 1024w, https:\/\/ihsproject.org\/wp-content\/uploads\/2023\/05\/PRAK-Geneva-768x432.jpg 768w, https:\/\/ihsproject.org\/wp-content\/uploads\/2023\/05\/PRAK-Geneva-1536x865.jpg 1536w, https:\/\/ihsproject.org\/wp-content\/uploads\/2023\/05\/PRAK-Geneva-18x10.jpg 18w\" sizes=\"(max-width: 2048px) 100vw, 2048px\" \/>\t\t\t\t\t\t\t\t\t\t\t\t\t<\/div>\n\t\t\t\t<\/div>\n\t\t\t\t\t<\/div>\n\t\t\t\t<\/div>\n\t\t<div class=\"elementor-element elementor-element-551fbdd e-flex e-con-boxed e-con e-parent\" data-id=\"551fbdd\" data-element_type=\"container\" data-core-v316-plus=\"true\">\n\t\t\t\t\t<div class=\"e-con-inner\">\n\t\t\t\t<div class=\"elementor-element elementor-element-d9f78f6 elementor-widget elementor-widget-heading\" data-id=\"d9f78f6\" data-element_type=\"widget\" data-widget_type=\"heading.default\">\n\t\t\t\t<div class=\"elementor-widget-container\">\n\t\t\t<h3 class=\"elementor-heading-title elementor-size-default\">Kosova p\u00ebrfaq\u00ebsohet n\u00eb Kongresin e 10-t\u00eb Global p\u00ebr Pacient\u00ebt<\/h3>\t\t<\/div>\n\t\t\t\t<\/div>\n\t\t\t\t<div class=\"elementor-element elementor-element-227c869 elementor-widget elementor-widget-text-editor\" data-id=\"227c869\" data-element_type=\"widget\" data-widget_type=\"text-editor.default\">\n\t\t\t\t<div class=\"elementor-widget-container\">\n\t\t\t\t\t\t\t<p>Me 19-20 maj 2023, Shoqata e t\u00eb Drejtave t\u00eb Pacient\u00ebve t\u00eb Kosov\u00ebs (PRAK) mori pjes\u00eb n\u00eb\nKongresin e 10-t\u00eb Global t\u00eb Pacient\u00ebve q\u00eb u mbajt n\u00eb Gjenev\u00eb, Zvic\u00ebr, organizuar nga Aleanca\nNd\u00ebrkomb\u00ebtare e Organizatave t\u00eb Pacient\u00ebve (IAPO). Kjo ngjarje u organizua fundjav\u00ebn para Asambles\u00eb s\u00eb 76-t\u00eb<br \/>Bot\u00ebrore p\u00ebr Sh\u00ebndetin duke patur si tem\u00eb kryesore partneritetet inovative me pacient\u00eb si thelbi i avancimit global t\u00eb sh\u00ebndet\u00ebsis\u00eb.\u00a0<\/p><p>Agron Byty\u00e7i, Kryetar i Bordit t\u00eb PRAK-ut ishte nj\u00ebri nd\u00ebr fol\u00ebsit n\u00eb panelin me titull rifuqizimi i\npartneritetit shtet-qytetar\u00eb. Prezantimi i tij u fokusua tek themelimi i k\u00ebshillave t\u00eb pacient\u00ebve n\u00eb\nkomunat Rahovec dhe Lipjan dhe roli i tyre n\u00eb angazhimin e qytetar\u00ebve n\u00eb kujdesin\nsh\u00ebndet\u00ebsor dhe bashk\u00ebpunimi me institutcione n\u00eb p\u00ebrmir\u00ebsimin e cil\u00ebsis\u00eb s\u00eb sh\u00ebrbimeve.<\/p><p>Ngjarja sh\u00ebrbeu edhe si nj\u00eb platform\u00eb p\u00ebr krijim t\u00eb rrjetit m\u00eb t\u00eb gjer\u00eb rajonal dhe global p\u00ebr\norganizatat q\u00eb merren me t\u00eb drejtat e pacient\u00ebve, q\u00eb \u00ebsht\u00eb dhe n\u00eb fokus t\u00eb strategjis\u00eb s\u00eb\nPRAK-ut p\u00ebr zhvillim t\u00eb m\u00ebtejsh\u00ebm. N\u00eb k\u00ebt\u00eb drejtim, PRAK ka filluar bashk\u00ebpunimin me\nprojektin Sh\u00ebrbime Sh\u00ebndet\u00ebsore t\u00eb Integruara (IHS). Ky projekt \u00ebsht\u00eb nism\u00eb e Agjencis\u00eb\nZvicerane p\u00ebr Zhvillim dhe Bashk\u00ebpunim dhe Ministris\u00eb s\u00eb Sh\u00ebndet\u00ebsis\u00eb dhe implementohet\nnga Swiss TPH.<\/p>\t\t\t\t\t\t<\/div>\n\t\t\t\t<\/div>\n\t\t\t\t\t<\/div>\n\t\t\t\t<\/div>\n\t\t\t\t<\/div>","protected":false},"excerpt":{"rendered":"<p>Kosovo represented at the 10th Global Patients Congress On 19-20 May 2023, the Patients\u2019 Rights Association of Kosovo (PRAK) participated at the 10th\u00a0Global Patients Congress that took place in Geneva, Switzerland, organized by the International\u00a0Alliance of Patients Organizations (IAPO). The event was organized on the weekend before the76th World Assembly for Health, with the main [&hellip;]<\/p>","protected":false},"author":1,"featured_media":0,"parent":0,"menu_order":0,"comment_status":"closed","ping_status":"closed","template":"","meta":[],"_links":{"self":[{"href":"https:\/\/ihsproject.org\/sq\/wp-json\/wp\/v2\/pages\/11326"}],"collection":[{"href":"https:\/\/ihsproject.org\/sq\/wp-json\/wp\/v2\/pages"}],"about":[{"href":"https:\/\/ihsproject.org\/sq\/wp-json\/wp\/v2\/types\/page"}],"author":[{"embeddable":true,"href":"https:\/\/ihsproject.org\/sq\/wp-json\/wp\/v2\/users\/1"}],"replies":[{"embeddable":true,"href":"https:\/\/ihsproject.org\/sq\/wp-json\/wp\/v2\/comments?post=11326"}],"version-history":[{"count":22,"href":"https:\/\/ihsproject.org\/sq\/wp-json\/wp\/v2\/pages\/11326\/revisions"}],"predecessor-version":[{"id":11852,"href":"https:\/\/ihsproject.org\/sq\/wp-json\/wp\/v2\/pages\/11326\/revisions\/11852"}],"wp:attachment":[{"href":"https:\/\/ihsproject.org\/sq\/wp-json\/wp\/v2\/media?parent=11326"}],"curies":[{"name":"wp","href":"https:\/\/api.w.org\/{rel}","templated":true}]}}