{"id":11222,"date":"2023-04-21T22:00:08","date_gmt":"2023-04-21T22:00:08","guid":{"rendered":"https:\/\/ihsproject.org\/?page_id=11222"},"modified":"2023-06-28T16:45:39","modified_gmt":"2023-06-28T16:45:39","slug":"activities","status":"publish","type":"page","link":"https:\/\/ihsproject.org\/sq\/activities\/","title":{"rendered":"Aktivitetet"},"content":{"rendered":"<div data-elementor-type=\"wp-page\" data-elementor-id=\"11222\" class=\"elementor elementor-11222\">\n\t\t\t\t<div class=\"elementor-element elementor-element-ff4f4d7 e-flex e-con-boxed e-con e-parent\" data-id=\"ff4f4d7\" data-element_type=\"container\" data-core-v316-plus=\"true\">\n\t\t\t\t\t<div class=\"e-con-inner\">\n\t\t<div class=\"elementor-element elementor-element-b295f2d e-con-full e-flex e-con e-parent\" data-id=\"b295f2d\" data-element_type=\"container\" data-core-v316-plus=\"true\">\n\t\t\t\t<div class=\"elementor-element elementor-element-57f1b52 elementor-widget elementor-widget-text-editor\" data-id=\"57f1b52\" data-element_type=\"widget\" data-widget_type=\"text-editor.default\">\n\t\t\t\t<div class=\"elementor-widget-container\">\n\t\t\t\t\t\t\t<p>Programet e vet\u00eb-menaxhimit p\u00ebr pacient\u00eb t\u00eb\np\u00ebrzgjedhur me hipertension dhe diabet jan\u00eb zhvilluar dhe funksionalizuar<\/p>\t\t\t\t\t\t<\/div>\n\t\t\t\t<\/div>\n\t\t\t\t<\/div>\n\t\t<div class=\"elementor-element elementor-element-6b58c6b e-con-full e-flex e-con e-parent\" data-id=\"6b58c6b\" data-element_type=\"container\" data-core-v316-plus=\"true\">\n\t\t\t\t<div class=\"elementor-element elementor-element-1dd8bd0 elementor-widget elementor-widget-text-editor\" data-id=\"1dd8bd0\" data-element_type=\"widget\" data-widget_type=\"text-editor.default\">\n\t\t\t\t<div class=\"elementor-widget-container\">\n\t\t\t\t\t\t\t<p>Sistemi i Menaxhimit t\u00eb Cil\u00ebsis\u00eb i p\u00ebrafruar me standardet e BE-s\u00eb \u00ebsht\u00eb funksionalizuar n\u00eb Spitalet e P\u00ebrgjithshme n\u00eb fokus t\u00eb projektit<\/p>\t\t\t\t\t\t<\/div>\n\t\t\t\t<\/div>\n\t\t\t\t<\/div>\n\t\t<div class=\"elementor-element elementor-element-ba40dde e-con-full e-flex e-con e-parent\" data-id=\"ba40dde\" data-element_type=\"container\" data-core-v316-plus=\"true\">\n\t\t\t\t<div class=\"elementor-element elementor-element-5c82c0d elementor-widget elementor-widget-text-editor\" data-id=\"5c82c0d\" data-element_type=\"widget\" data-widget_type=\"text-editor.default\">\n\t\t\t\t<div class=\"elementor-widget-container\">\n\t\t\t\t\t\t\t<p>Zhvillimi profesional i stafit klinik p\u00ebr menaxhimin e s\u00ebmundjeve jongjit\u00ebse \u00ebsht\u00eb fuqizuar<\/p>\t\t\t\t\t\t<\/div>\n\t\t\t\t<\/div>\n\t\t\t\t<\/div>\n\t\t<div class=\"elementor-element elementor-element-35e44c7 e-con-full e-flex e-con e-parent\" data-id=\"35e44c7\" data-element_type=\"container\" data-core-v316-plus=\"true\">\n\t\t\t\t<div class=\"elementor-element elementor-element-0251801 elementor-widget elementor-widget-text-editor\" data-id=\"0251801\" data-element_type=\"widget\" data-widget_type=\"text-editor.default\">\n\t\t\t\t<div class=\"elementor-widget-container\">\n\t\t\t\t\t\t\t<p>Sistemi funksional i referimit par\u00ebsor \u2013 dyt\u00ebsor \u00ebsht\u00eb\nfunksionalizuar n\u00eb ambulancat specialistike n\u00eb Spitalet e P\u00ebrgjithshme n\u00eb fokus t\u00eb projektit<\/p>\t\t\t\t\t\t<\/div>\n\t\t\t\t<\/div>\n\t\t\t\t<\/div>\n\t\t\t\t\t<\/div>\n\t\t\t\t<\/div>\n\t\t<div class=\"elementor-element elementor-element-246bed3 e-flex e-con-boxed e-con e-parent\" data-id=\"246bed3\" data-element_type=\"container\" data-core-v316-plus=\"true\">\n\t\t\t\t\t<div class=\"e-con-inner\">\n\t\t<div class=\"elementor-element elementor-element-7c18816 e-con-full e-flex e-con e-parent\" data-id=\"7c18816\" data-element_type=\"container\" data-core-v316-plus=\"true\">\n\t\t\t\t<div class=\"elementor-element elementor-element-7c52a07 elementor-widget elementor-widget-text-editor\" data-id=\"7c52a07\" data-element_type=\"widget\" data-widget_type=\"text-editor.default\">\n\t\t\t\t<div class=\"elementor-widget-container\">\n\t\t\t\t\t\t\t<p>Linjat e kujdesit p\u00ebr s\u00ebmundjet jongjit\u00ebse nd\u00ebrmjet\nSpitaleve t\u00eb P\u00ebrgjithshme n\u00eb fokus t\u00eb projektit dhe\nKujdesit Sh\u00ebndet\u00ebsor Par\u00ebsor jan\u00eb funksionale<\/p>\t\t\t\t\t\t<\/div>\n\t\t\t\t<\/div>\n\t\t\t\t<\/div>\n\t\t<div class=\"elementor-element elementor-element-c123ab3 e-con-full e-flex e-con e-parent\" data-id=\"c123ab3\" data-element_type=\"container\" data-core-v316-plus=\"true\">\n\t\t\t\t<div class=\"elementor-element elementor-element-cb2ebd2 elementor-widget elementor-widget-text-editor\" data-id=\"cb2ebd2\" data-element_type=\"widget\" data-widget_type=\"text-editor.default\">\n\t\t\t\t<div class=\"elementor-widget-container\">\n\t\t\t\t\t\t\tEdukimi sh\u00ebndet\u00ebsor p\u00ebr s\u00ebmundjet jongjit\u00ebse zbatohet n\u00eb Spitalet e P\u00ebrgjithshme n\u00eb fokus t\u00eb projektit\t\t\t\t\t\t<\/div>\n\t\t\t\t<\/div>\n\t\t\t\t<\/div>\n\t\t<div class=\"elementor-element elementor-element-5fbcbdc e-con-full e-flex e-con e-parent\" data-id=\"5fbcbdc\" data-element_type=\"container\" data-core-v316-plus=\"true\">\n\t\t\t\t<div class=\"elementor-element elementor-element-033ef0b elementor-widget elementor-widget-text-editor\" data-id=\"033ef0b\" data-element_type=\"widget\" data-widget_type=\"text-editor.default\">\n\t\t\t\t<div class=\"elementor-widget-container\">\n\t\t\t\t\t\t\tPacient\u00ebt jan\u00eb n\u00eb gjendje t\u00eb angazhohen n\u00eb mekanizmat e llogaridh\u00ebnies sociale\t\t\t\t\t\t<\/div>\n\t\t\t\t<\/div>\n\t\t\t\t<\/div>\n\t\t<div class=\"elementor-element elementor-element-5775079 e-con-full e-flex e-con e-parent\" data-id=\"5775079\" data-element_type=\"container\" data-core-v316-plus=\"true\">\n\t\t\t\t<div class=\"elementor-element elementor-element-71ff1fa elementor-widget elementor-widget-text-editor\" data-id=\"71ff1fa\" data-element_type=\"widget\" data-widget_type=\"text-editor.default\">\n\t\t\t\t<div class=\"elementor-widget-container\">\n\t\t\t\t\t\t\t<p>\u00cbsht\u00eb krijuar korniza e politikave p\u00ebr t\u00eb mb\u00ebshtetur\nkujdesin e integruar p\u00ebr s\u00ebmundjet jongjit\u00ebse me\npacientin n\u00eb qend\u00ebr<\/p>\t\t\t\t\t\t<\/div>\n\t\t\t\t<\/div>\n\t\t\t\t<\/div>\n\t\t\t\t\t<\/div>\n\t\t\t\t<\/div>\n\t\t\t\t<\/div>","protected":false},"excerpt":{"rendered":"<p>Self-management programmes for selected patients with hypertension and diabetes are developed and operationalized A Quality Management system, aligned to EU standards, operationalized in selected General Hospitals Professional development of clinical staff for the management of Non-Communicable Diseases is strengthened Functional primary\u2013secondary referral system operationalized in the outpatient departments in selected General Hospitals Non-Communicable Diseases care [&hellip;]<\/p>","protected":false},"author":1,"featured_media":0,"parent":0,"menu_order":0,"comment_status":"closed","ping_status":"closed","template":"","meta":[],"_links":{"self":[{"href":"https:\/\/ihsproject.org\/sq\/wp-json\/wp\/v2\/pages\/11222"}],"collection":[{"href":"https:\/\/ihsproject.org\/sq\/wp-json\/wp\/v2\/pages"}],"about":[{"href":"https:\/\/ihsproject.org\/sq\/wp-json\/wp\/v2\/types\/page"}],"author":[{"embeddable":true,"href":"https:\/\/ihsproject.org\/sq\/wp-json\/wp\/v2\/users\/1"}],"replies":[{"embeddable":true,"href":"https:\/\/ihsproject.org\/sq\/wp-json\/wp\/v2\/comments?post=11222"}],"version-history":[{"count":24,"href":"https:\/\/ihsproject.org\/sq\/wp-json\/wp\/v2\/pages\/11222\/revisions"}],"predecessor-version":[{"id":11932,"href":"https:\/\/ihsproject.org\/sq\/wp-json\/wp\/v2\/pages\/11222\/revisions\/11932"}],"wp:attachment":[{"href":"https:\/\/ihsproject.org\/sq\/wp-json\/wp\/v2\/media?parent=11222"}],"curies":[{"name":"wp","href":"https:\/\/api.w.org\/{rel}","templated":true}]}}